{"id":24,"date":"2019-05-14T17:02:52","date_gmt":"2019-05-14T20:02:52","guid":{"rendered":"https:\/\/www.ufsm.br\/template-laboratprio\/?page_id=24"},"modified":"2025-06-11T06:42:12","modified_gmt":"2025-06-11T09:42:12","slug":"infraestrutura","status":"publish","type":"page","link":"https:\/\/www.ufsm.br\/laboratorios\/lacria\/infraestrutura","title":{"rendered":"Infraestrutura do Laborat\u00f3rio"},"content":{"rendered":"\t\t<div data-elementor-type=\"wp-page\" data-elementor-id=\"24\" class=\"elementor elementor-24\">\n\t\t\t\t\t\t<section class=\"elementor-section elementor-top-section elementor-element elementor-element-08a12ee elementor-section-boxed elementor-section-height-default elementor-section-height-default\" data-id=\"08a12ee\" data-element_type=\"section\">\n\t\t\t\t\t\t<div class=\"elementor-container elementor-column-gap-default\">\n\t\t\t\t\t<div class=\"elementor-column elementor-col-100 elementor-top-column elementor-element elementor-element-996ca14\" data-id=\"996ca14\" data-element_type=\"column\">\n\t\t\t<div class=\"elementor-widget-wrap elementor-element-populated\">\n\t\t\t\t\t\t<div class=\"elementor-element elementor-element-88e03f3 elementor-widget elementor-widget-text-editor\" data-id=\"88e03f3\" data-element_type=\"widget\" data-widget_type=\"text-editor.default\">\n\t\t\t\t<div class=\"elementor-widget-container\">\n\t\t\t\t\t\t\t<p><span style=\"font-weight: 400\">Possui um acervo f\u00edsico de cerca de 300 livros e dvd\u00b4s nas \u00e1reas de Artes, Artes Visuais, Arte\/Educa\u00e7\u00e3o, Educa\u00e7\u00e3o e Psicologia. Como equipamentos, disp\u00f5e de lousa branca, telas aramadas e rolantes para exposi\u00e7\u00e3o e produ\u00e7\u00e3o de media\u00e7\u00e3o, TV, dvd, uma mesa para 10 lugares, 25 cadeiras com apoio remov\u00edvel, tela de proje\u00e7\u00e3o, cinco bancos, quatro cadeiras sem bra\u00e7o, arm\u00e1rio para guarda de dvd\u00b4s, 2 estantes para guarda de livros, arm\u00e1rio com materiais art\u00edsticos, balc\u00e3o de pesquisa e vidraria de laborat\u00f3rio.<\/span><\/p>\t\t\t\t\t\t<\/div>\n\t\t\t\t<\/div>\n\t\t\t\t\t<\/div>\n\t\t<\/div>\n\t\t\t\t\t<\/div>\n\t\t<\/section>\n\t\t\t\t<section class=\"elementor-section elementor-top-section elementor-element elementor-element-d4851dd elementor-section-boxed elementor-section-height-default elementor-section-height-default\" data-id=\"d4851dd\" data-element_type=\"section\">\n\t\t\t\t\t\t<div class=\"elementor-container elementor-column-gap-default\">\n\t\t\t\t\t<div class=\"elementor-column elementor-col-100 elementor-top-column elementor-element elementor-element-92a9e2e\" data-id=\"92a9e2e\" data-element_type=\"column\">\n\t\t\t<div class=\"elementor-widget-wrap elementor-element-populated\">\n\t\t\t\t\t\t<div class=\"elementor-element elementor-element-e3cd595 elementor-widget elementor-widget-heading\" data-id=\"e3cd595\" data-element_type=\"widget\" data-widget_type=\"heading.default\">\n\t\t\t\t<div class=\"elementor-widget-container\">\n\t\t\t<h5 class=\"elementor-heading-title elementor-size-default\">Imagens<\/h5>\t\t<\/div>\n\t\t\t\t<\/div>\n\t\t\t\t<div class=\"elementor-element elementor-element-162cd5e elementor-arrows-position-inside elementor-widget elementor-widget-image-carousel\" data-id=\"162cd5e\" data-element_type=\"widget\" data-settings=\"{&quot;slides_to_show&quot;:&quot;1&quot;,&quot;navigation&quot;:&quot;arrows&quot;,&quot;autoplay&quot;:&quot;yes&quot;,&quot;pause_on_hover&quot;:&quot;yes&quot;,&quot;pause_on_interaction&quot;:&quot;yes&quot;,&quot;autoplay_speed&quot;:5000,&quot;infinite&quot;:&quot;yes&quot;,&quot;effect&quot;:&quot;slide&quot;,&quot;speed&quot;:500}\" data-widget_type=\"image-carousel.default\">\n\t\t\t\t<div class=\"elementor-widget-container\">\n\t\t\t\t\t<div class=\"elementor-image-carousel-wrapper swiper\" dir=\"ltr\">\n\t\t\t<div class=\"elementor-image-carousel swiper-wrapper\" aria-live=\"off\">\n\t\t\t\t\t\t\t\t<div class=\"swiper-slide\" role=\"group\" aria-roledescription=\"slide\" aria-label=\"1 of 6\"><figure class=\"swiper-slide-inner\"><img decoding=\"async\" class=\"swiper-slide-image\" src=\"https:\/\/www.ufsm.br\/app\/uploads\/sites\/966\/2025\/06\/panoramica-sala-1024x576.jpeg\" alt=\"panoramica-sala\" \/><figcaption class=\"elementor-image-carousel-caption\">Vis\u00e3o panor\u00e2mica do espa\u00e7o do LACRIA, que combina funcionalidade e criatividade em um ambiente inspirador para produ\u00e7\u00e3o, media\u00e7\u00e3o e aprendizado art\u00edstico.<\/figcaption><\/figure><\/div><div class=\"swiper-slide\" role=\"group\" aria-roledescription=\"slide\" aria-label=\"2 of 6\"><figure class=\"swiper-slide-inner\"><img decoding=\"async\" class=\"swiper-slide-image\" src=\"https:\/\/www.ufsm.br\/app\/uploads\/sites\/966\/2025\/06\/visao-cinedebate-1024x576.jpeg\" alt=\"visao-cinedebate\" \/><figcaption class=\"elementor-image-carousel-caption\">Espa\u00e7o multifuncional para cine-debates e palestras, tanto presenciais quanto online, promovendo di\u00e1logos interdisciplinares e reflex\u00f5es cr\u00edticas.<\/figcaption><\/figure><\/div><div class=\"swiper-slide\" role=\"group\" aria-roledescription=\"slide\" aria-label=\"3 of 6\"><figure class=\"swiper-slide-inner\"><img decoding=\"async\" class=\"swiper-slide-image\" src=\"https:\/\/www.ufsm.br\/app\/uploads\/sites\/966\/2025\/06\/mesa-atividades2-1024x576.jpeg\" alt=\"mesa-atividades2\" \/><figcaption class=\"elementor-image-carousel-caption\">\u00c1rea colaborativa para oficinas e produ\u00e7\u00e3o art\u00edstica, proporcionando um ambiente acolhedor para a intera\u00e7\u00e3o entre participantes de diferentes idades e forma\u00e7\u00f5es.<\/figcaption><\/figure><\/div><div class=\"swiper-slide\" role=\"group\" aria-roledescription=\"slide\" aria-label=\"4 of 6\"><figure class=\"swiper-slide-inner\"><img decoding=\"async\" class=\"swiper-slide-image\" src=\"https:\/\/www.ufsm.br\/app\/uploads\/sites\/966\/2025\/06\/exposicao-cartazes-1024x576.jpeg\" alt=\"exposicao-cartazes\" \/><figcaption class=\"elementor-image-carousel-caption\">Mostra das cria\u00e7\u00f5es realizadas no LACRIA, apresentando desenhos, pinturas e esculturas que destacam a diversidade de express\u00f5es art\u00edsticas exploradas durante as atividades extensionistas.<\/figcaption><\/figure><\/div><div class=\"swiper-slide\" role=\"group\" aria-roledescription=\"slide\" aria-label=\"5 of 6\"><figure class=\"swiper-slide-inner\"><img decoding=\"async\" class=\"swiper-slide-image\" src=\"https:\/\/www.ufsm.br\/app\/uploads\/sites\/966\/2025\/06\/acervo-livros-1024x576.jpeg\" alt=\"acervo-livros\" \/><figcaption class=\"elementor-image-carousel-caption\">O acervo de livros do LACRIA \u00e9 um espa\u00e7o para consulta e pesquisa, apoiando a forma\u00e7\u00e3o te\u00f3rica e pr\u00e1tica em Artes Visuais e Arte\/Educa\u00e7\u00e3o Ambiental.<\/figcaption><\/figure><\/div><div class=\"swiper-slide\" role=\"group\" aria-roledescription=\"slide\" aria-label=\"6 of 6\"><figure class=\"swiper-slide-inner\"><img decoding=\"async\" class=\"swiper-slide-image\" src=\"https:\/\/www.ufsm.br\/app\/uploads\/sites\/966\/2025\/06\/paranoramica-dos-bancos-1024x576.jpeg\" alt=\"paranoramica-dos-bancos\" \/><\/figure><\/div>\t\t\t<\/div>\n\t\t\t\t\t\t\t\t\t\t\t\t<div class=\"elementor-swiper-button elementor-swiper-button-prev\" role=\"button\" tabindex=\"0\">\n\t\t\t\t\t\t<i aria-hidden=\"true\" class=\"eicon-chevron-left\"><\/i>\t\t\t\t\t<\/div>\n\t\t\t\t\t<div class=\"elementor-swiper-button elementor-swiper-button-next\" role=\"button\" tabindex=\"0\">\n\t\t\t\t\t\t<i aria-hidden=\"true\" class=\"eicon-chevron-right\"><\/i>\t\t\t\t\t<\/div>\n\t\t\t\t\n\t\t\t\t\t\t\t\t\t<\/div>\n\t\t\t\t<\/div>\n\t\t\t\t<\/div>\n\t\t\t\t\t<\/div>\n\t\t<\/div>\n\t\t\t\t\t<\/div>\n\t\t<\/section>\n\t\t\t\t<section class=\"elementor-section elementor-top-section elementor-element elementor-element-366ca06 elementor-section-boxed elementor-section-height-default elementor-section-height-default\" data-id=\"366ca06\" data-element_type=\"section\">\n\t\t\t\t\t\t<div class=\"elementor-container elementor-column-gap-default\">\n\t\t\t\t\t<div class=\"elementor-column elementor-col-100 elementor-top-column elementor-element elementor-element-9fd5d8e\" data-id=\"9fd5d8e\" data-element_type=\"column\">\n\t\t\t<div class=\"elementor-widget-wrap elementor-element-populated\">\n\t\t\t\t\t\t<div class=\"elementor-element elementor-element-19b1da5 elementor-widget elementor-widget-heading\" data-id=\"19b1da5\" data-element_type=\"widget\" data-widget_type=\"heading.default\">\n\t\t\t\t<div class=\"elementor-widget-container\">\n\t\t\t<h5 class=\"elementor-heading-title elementor-size-default\">Regras do laborat\u00f3rio<\/h5>\t\t<\/div>\n\t\t\t\t<\/div>\n\t\t\t\t<div class=\"elementor-element elementor-element-0b933f9 elementor-widget elementor-widget-text-editor\" data-id=\"0b933f9\" data-element_type=\"widget\" data-widget_type=\"text-editor.default\">\n\t\t\t\t<div class=\"elementor-widget-container\">\n\t\t\t\t\t\t\t<p>O LACRIA funciona por meio de hor\u00e1rios para aulas, orienta\u00e7\u00f5es, pesquisa e eventos de extens\u00e3o, dialogando de modo ativo, colaborativo e coletivo com a comunidade cient\u00edfica e em geral. A forma de ingresso se d\u00e1 pela participa\u00e7\u00e3o no Grupo de Pesquisa AVEC e em projetos de ensino, pesquisa e extens\u00e3o como bolsista ou volunt\u00e1rio.<\/p><p>Para que todas as atividades sejam realizadas com seguran\u00e7a e mantendo o espa\u00e7o organizado, \u00e9 nescess\u00e1rio que se sigam algumas regras em rela\u00e7\u00e3o a utiliza\u00e7\u00e3o do laborat\u00f3rio:<\/p>\t\t\t\t\t\t<\/div>\n\t\t\t\t<\/div>\n\t\t\t\t<div class=\"elementor-element elementor-element-f62eecf elementor-align-center elementor-widget elementor-widget-button\" data-id=\"f62eecf\" data-element_type=\"widget\" data-widget_type=\"button.default\">\n\t\t\t\t<div class=\"elementor-widget-container\">\n\t\t\t\t\t\t\t<div class=\"elementor-button-wrapper\">\n\t\t\t\t\t<a class=\"elementor-button elementor-button-link elementor-size-sm\" href=\"https:\/\/drive.google.com\/file\/d\/1uflaX8p21CEYNp3vjZP-gjZCFzsTerk5\/view?usp=sharing\">\n\t\t\t\t\t\t<span class=\"elementor-button-content-wrapper\">\n\t\t\t\t\t\t\t\t\t<span class=\"elementor-button-text\">Ascessar as regras do laborat\u00f3rio<\/span>\n\t\t\t\t\t<\/span>\n\t\t\t\t\t<\/a>\n\t\t\t\t<\/div>\n\t\t\t\t\t\t<\/div>\n\t\t\t\t<\/div>\n\t\t\t\t\t<\/div>\n\t\t<\/div>\n\t\t\t\t\t<\/div>\n\t\t<\/section>\n\t\t\t\t<\/div>\n\t\t","protected":false},"excerpt":{"rendered":"<p>Possui um acervo f\u00edsico de cerca de 300 livros e dvd\u00b4s nas \u00e1reas de Artes, Artes Visuais, Arte\/Educa\u00e7\u00e3o, Educa\u00e7\u00e3o e Psicologia. Como equipamentos, disp\u00f5e de lousa branca, telas aramadas e rolantes para exposi\u00e7\u00e3o e produ\u00e7\u00e3o de media\u00e7\u00e3o, TV, dvd, uma mesa para 10 lugares, 25 cadeiras com apoio remov\u00edvel, tela de proje\u00e7\u00e3o, cinco bancos, quatro [&hellip;]<\/p>\n","protected":false},"author":124,"featured_media":0,"parent":0,"menu_order":0,"comment_status":"closed","ping_status":"closed","template":"","meta":{"footnotes":""},"categories":[],"tags":[],"class_list":["post-24","page","type-page","status-publish","hentry"],"acf":[],"_links":{"self":[{"href":"https:\/\/www.ufsm.br\/laboratorios\/lacria\/wp-json\/wp\/v2\/pages\/24","targetHints":{"allow":["GET"]}}],"collection":[{"href":"https:\/\/www.ufsm.br\/laboratorios\/lacria\/wp-json\/wp\/v2\/pages"}],"about":[{"href":"https:\/\/www.ufsm.br\/laboratorios\/lacria\/wp-json\/wp\/v2\/types\/page"}],"author":[{"embeddable":true,"href":"https:\/\/www.ufsm.br\/laboratorios\/lacria\/wp-json\/wp\/v2\/users\/124"}],"replies":[{"embeddable":true,"href":"https:\/\/www.ufsm.br\/laboratorios\/lacria\/wp-json\/wp\/v2\/comments?post=24"}],"version-history":[{"count":0,"href":"https:\/\/www.ufsm.br\/laboratorios\/lacria\/wp-json\/wp\/v2\/pages\/24\/revisions"}],"wp:attachment":[{"href":"https:\/\/www.ufsm.br\/laboratorios\/lacria\/wp-json\/wp\/v2\/media?parent=24"}],"wp:term":[{"taxonomy":"category","embeddable":true,"href":"https:\/\/www.ufsm.br\/laboratorios\/lacria\/wp-json\/wp\/v2\/categories?post=24"},{"taxonomy":"post_tag","embeddable":true,"href":"https:\/\/www.ufsm.br\/laboratorios\/lacria\/wp-json\/wp\/v2\/tags?post=24"}],"curies":[{"name":"wp","href":"https:\/\/api.w.org\/{rel}","templated":true}]}}