{"id":2,"date":"2019-05-14T15:59:30","date_gmt":"2019-05-14T18:59:30","guid":{"rendered":"https:\/\/www.ufsm.br\/laboratorios-larp\/?page_id=2"},"modified":"2020-11-26T18:39:43","modified_gmt":"2020-11-26T21:39:43","slug":"pagina-inicial","status":"publish","type":"page","link":"https:\/\/www.ufsm.br\/laboratorios\/ladopar\/","title":{"rendered":"P\u00e1gina inicial"},"content":{"rendered":"\t\t<div data-elementor-type=\"wp-post\" data-elementor-id=\"2\" class=\"elementor elementor-2\">\n\t\t\t\t\t\t<section class=\"elementor-section elementor-top-section elementor-element elementor-element-31fda3f1 elementor-section-boxed elementor-section-height-default elementor-section-height-default\" data-id=\"31fda3f1\" data-element_type=\"section\">\n\t\t\t\t\t\t<div class=\"elementor-container elementor-column-gap-default\">\n\t\t\t\t\t<div class=\"elementor-column elementor-col-100 elementor-top-column elementor-element elementor-element-7c1b024\" data-id=\"7c1b024\" data-element_type=\"column\">\n\t\t\t<div class=\"elementor-widget-wrap elementor-element-populated\">\n\t\t\t\t\t\t<div class=\"elementor-element elementor-element-8d9b83a elementor-widget elementor-widget-heading\" data-id=\"8d9b83a\" data-element_type=\"widget\" data-widget_type=\"heading.default\">\n\t\t\t\t<div class=\"elementor-widget-container\">\n\t\t\t<h5 class=\"elementor-heading-title elementor-size-default\">Apresenta\u00e7\u00e3o<\/h5>\t\t<\/div>\n\t\t\t\t<\/div>\n\t\t\t\t<div class=\"elementor-element elementor-element-c8da605 elementor-widget elementor-widget-text-editor\" data-id=\"c8da605\" data-element_type=\"widget\" data-widget_type=\"text-editor.default\">\n\t\t\t\t<div class=\"elementor-widget-container\">\n\t\t\t\t\t\t\t<p>O Laborat\u00f3rio de Doen\u00e7as Parasit\u00e1rias da UFSM realiza trabalhos de diagn\u00f3stico, pesquisa e extens\u00e3o.<\/p>\t\t\t\t\t\t<\/div>\n\t\t\t\t<\/div>\n\t\t\t\t\t<\/div>\n\t\t<\/div>\n\t\t\t\t\t<\/div>\n\t\t<\/section>\n\t\t\t\t<section class=\"elementor-section elementor-top-section elementor-element elementor-element-9fa0a8b elementor-section-boxed elementor-section-height-default elementor-section-height-default\" data-id=\"9fa0a8b\" data-element_type=\"section\">\n\t\t\t\t\t\t<div class=\"elementor-container elementor-column-gap-default\">\n\t\t\t\t\t<div class=\"elementor-column elementor-col-100 elementor-top-column elementor-element elementor-element-552d53d\" data-id=\"552d53d\" data-element_type=\"column\">\n\t\t\t<div class=\"elementor-widget-wrap elementor-element-populated\">\n\t\t\t\t\t\t<div class=\"elementor-element elementor-element-47f5c1a elementor-widget elementor-widget-wp-widget-ufsm_utilidades\" data-id=\"47f5c1a\" data-element_type=\"widget\" data-widget_type=\"wp-widget-ufsm_utilidades.default\">\n\t\t\t\t<div class=\"elementor-widget-container\">\n\t\t\t\t\t<h5 class=\"card-title titulo-conteudos\">Utilidades<\/h5>\n\t\t\t\t\n\t\t<div class=\"row d-flex justify-content-around\">\n\t\t\t\t\t\t\t<div class=\"col-12 col-sm-6 col-md-2 mt-4 text-center\">\n\t\t\t\t\t\t\t\t\t\t\t<a href=\"https:\/\/www.ufsm.br\/laboratorios\/ladopar\/equipe\" class=\"item-utilidades d-block\">\n\t\t\t\t\t\t\t\t\t\t<i class=\"fa fa-group animation-pulse\" aria-hidden=\"true\"><\/i><b>Equipe<\/b><\/a>\n\t\t\t\t<\/div>\n\t\t\t\t\t\t\t<div class=\"col-12 col-sm-6 col-md-2 mt-4 text-center\">\n\t\t\t\t\t\t\t\t\t\t\t<a href=\"https:\/\/www.ufsm.br\/laboratorios\/ladopar\/servicos\" class=\"item-utilidades d-block\">\n\t\t\t\t\t\t\t\t\t\t<i class=\"ufsm ufsm-servicos-cpd animation-pulse\" aria-hidden=\"true\"><\/i><b>Servi\u00e7os<\/b><\/a>\n\t\t\t\t<\/div>\n\t\t\t\t\t<\/div>\n\t\t\t\t<\/div>\n\t\t\t\t<\/div>\n\t\t\t\t<div class=\"elementor-element elementor-element-45e8f71 elementor-widget elementor-widget-wp-widget-ufsm_noticias_widget\" data-id=\"45e8f71\" data-element_type=\"widget\" data-widget_type=\"wp-widget-ufsm_noticias_widget.default\">\n\t\t\t\t<div class=\"elementor-widget-container\">\n\t\t\t<h5 class='titulo-conteudos'>Not\u00edcias<\/h5><div class='widget-noticias-inside'>\n                        <div class=\"row\">\n                                    <div class=\"col-12 col-lg-12 pb-4\">\n                                        \n                                        \n                    \n                    <a class=\"noticias-widget-title d-block \"  title=\"Laborat\u00f3rio de Doen\u00e7as Parasit\u00e1rias da UFSM est\u00e1 selecionando bolsistas\" href=\"https:\/\/www.ufsm.br\/laboratorios\/ladopar\/2021\/08\/06\/laboratorio-de-doencas-parasitarias-da-ufsm-esta-selecionando-bolsistas\">\n                                                Laborat\u00f3rio de Doen\u00e7as Parasit\u00e1rias da UFSM est\u00e1 selecionando bolsistas                    <\/a>\n                    \n                                            <div class=\"noticias-widget-introtext\">\n                            O Laborat\u00f3rio de Doen\u00e7as Parasit\u00e1rias da UFSM est\u00e1 selecionando bolsistas de Inicia\u00e7\u00e3o Cient\u00edfica, tanto alunos de Ensino M\u00e9dio quanto alunos de cursos de Gradua\u00e7\u00e3o do Centro de Ci\u00eancias Rurais e da Sa\u00fade. Venha participar!                        <\/div>\n                    \n                                        \n                                        \n                                            \n                                                    <div title=\"Publicado em 06\/08\/2021 \" class=\"data-publicacao-widget\">\n                                <i  class=\"far fa-clock\"><\/i>\n                                06\/08\/2021                             <\/div>\n                                                                <\/div>\n                            <\/div>\n                    <div class=\"row\">\n                                    <div class=\"col-12 col-lg-12 pb-4\">\n                                        \n                                        \n                    \n                    <a class=\"noticias-widget-title d-block \"  title=\"Novo endere\u00e7o do Laborat\u00f3rio de Doen\u00e7as Parasit\u00e1rias (LADOPAR)\" href=\"https:\/\/www.ufsm.br\/laboratorios\/ladopar\/2019\/11\/25\/novo-endereco-do-ladopar\">\n                                                Novo endere\u00e7o do Laborat\u00f3rio de Doen\u00e7as Parasit\u00e1rias (LADOPAR)                    <\/a>\n                    \n                                            <div class=\"noticias-widget-introtext\">\n                            Prezados (as) Clientes! \u00a0 Viemos informar que o LABORAT\u00d3RIO DE DOEN\u00c7AS PARASIT\u00c1RIAS (LADOPAR) estar\u00e1 em\u00a0novo\u00a0endere\u00e7o\u00a0(junto ao Parque de Exposi\u00e7\u00f5es da UFSM \u2013 Centro de Eventos) a partir do m\u00eas de\u00a0dezembro. \u00a0 \u00a0 \u00a0 \u00a0 \u00a0Devido a mudan\u00e7a, comunicamos que N\u00c3O&hellip;                        <\/div>\n                    \n                                        \n                                        \n                                            \n                                                    <div title=\"Publicado em 25\/11\/2019 \" class=\"data-publicacao-widget\">\n                                <i  class=\"far fa-clock\"><\/i>\n                                25\/11\/2019                             <\/div>\n                                                                <\/div>\n                            <\/div>\n                    <div class=\"row\">\n                                    <div class=\"col-12 col-lg-12 pb-4\">\n                                        \n                                        \n                    \n                    <a class=\"noticias-widget-title d-block \"  title=\"Aplicativo \u00e9 criado para ajudar no combate \u00e0 Leishmaniose\" href=\"https:\/\/www.ufsm.br\/laboratorios\/ladopar\/2018\/03\/08\/aplicativo-e-criado-para-ajudar-no-combate-a-leishmaniose\">\n                                                Aplicativo \u00e9 criado para ajudar no combate \u00e0 Leishmaniose                    <\/a>\n                    \n                                            <div class=\"noticias-widget-introtext\">\n                            A ideia \u00e9 uma parceria entre o Laborat\u00f3rio de Doen\u00e7as Parasit\u00e1rias (Ladopar) e o Laborat\u00f3rio de Geom\u00e1tica da UFSM \u00a0 \u00a0Foto: Charles Guerra (Di\u00e1rio) A ferramenta que est\u00e1 sendo desenvolvida pelos estudantes da UFSM deve ficar pronta no 1\u00ba semestre&hellip;                        <\/div>\n                    \n                                        \n                                        \n                                            \n                                                    <div title=\"Publicado em 08\/03\/2018 \" class=\"data-publicacao-widget\">\n                                <i  class=\"far fa-clock\"><\/i>\n                                08\/03\/2018                             <\/div>\n                                                                <\/div>\n                            <\/div>\n                    <div class=\"row\">\n                                    <div class=\"col-12 col-lg-12 pb-4\">\n                                        \n                                        \n                    \n                    <a class=\"noticias-widget-title d-block \"  title=\"Prefeitura monitora dezessete casos suspeitos de Leishmaniose Visceral Canina em Santa Maria\" href=\"https:\/\/www.ufsm.br\/laboratorios\/ladopar\/2017\/08\/01\/prefeitura-monitora-dezessete-casos-suspeitos-de-leishmaniose-visceral-canina-em-santa-maria\">\n                                                Prefeitura monitora dezessete casos suspeitos de Leishmaniose Visceral Canina em Santa Maria                    <\/a>\n                    \n                                            <div class=\"noticias-widget-introtext\">\n                            A Prefeitura de Santa Maria est\u00e1 monitorando casos suspeitos de Leishmaniose Visceral Canina registrados no Munic\u00edpio em 2017. De acordo com a Superintend\u00eancia de Vigil\u00e2ncia em Sa\u00fade da Secretaria de Sa\u00fade, at\u00e9 o momento, foram realizadas 96 coletas em 43&hellip;                        <\/div>\n                    \n                                        \n                                        \n                                            \n                                                    <div title=\"Publicado em 01\/08\/2017 \" class=\"data-publicacao-widget\">\n                                <i  class=\"far fa-clock\"><\/i>\n                                01\/08\/2017                             <\/div>\n                                                                <\/div>\n                            <\/div>\n            <\/div>\n\t\t<\/div>\n\t\t\t\t<\/div>\n\t\t\t\t\t<\/div>\n\t\t<\/div>\n\t\t\t\t\t<\/div>\n\t\t<\/section>\n\t\t\t\t<section class=\"elementor-section elementor-top-section elementor-element elementor-element-2a07671 elementor-section-boxed elementor-section-height-default elementor-section-height-default\" data-id=\"2a07671\" data-element_type=\"section\">\n\t\t\t\t\t\t<div class=\"elementor-container elementor-column-gap-default\">\n\t\t\t\t\t<div class=\"elementor-column elementor-col-100 elementor-top-column elementor-element elementor-element-4d44879\" data-id=\"4d44879\" data-element_type=\"column\">\n\t\t\t<div class=\"elementor-widget-wrap elementor-element-populated\">\n\t\t\t\t\t\t<div class=\"elementor-element elementor-element-a4763d8 elementor-arrows-position-inside elementor-pagination-position-outside elementor-widget elementor-widget-image-carousel\" data-id=\"a4763d8\" data-element_type=\"widget\" data-settings=\"{&quot;navigation&quot;:&quot;both&quot;,&quot;autoplay&quot;:&quot;yes&quot;,&quot;pause_on_hover&quot;:&quot;yes&quot;,&quot;pause_on_interaction&quot;:&quot;yes&quot;,&quot;autoplay_speed&quot;:5000,&quot;infinite&quot;:&quot;yes&quot;,&quot;speed&quot;:500}\" data-widget_type=\"image-carousel.default\">\n\t\t\t\t<div class=\"elementor-widget-container\">\n\t\t\t\t\t<div class=\"elementor-image-carousel-wrapper swiper\" dir=\"ltr\">\n\t\t\t<div class=\"elementor-image-carousel swiper-wrapper\" aria-live=\"off\">\n\t\t\t\t\t\t\t\t<div class=\"swiper-slide\" role=\"group\" aria-roledescription=\"slide\" aria-label=\"1 of 4\"><figure class=\"swiper-slide-inner\"><img decoding=\"async\" class=\"swiper-slide-image\" src=\"https:\/\/www.ufsm.br\/app\/uploads\/sites\/686\/2020\/08\/6386e965-ec5c-4cc3-9fbe-f6cea5e59911-1-300x225.jpg\" alt=\"6386e965-ec5c-4cc3-9fbe-f6cea5e59911-1\" \/><\/figure><\/div><div class=\"swiper-slide\" role=\"group\" aria-roledescription=\"slide\" aria-label=\"2 of 4\"><figure class=\"swiper-slide-inner\"><img decoding=\"async\" class=\"swiper-slide-image\" src=\"https:\/\/www.ufsm.br\/app\/uploads\/sites\/686\/2020\/08\/b145361c-7603-44d8-b5c0-a1b790091b94-1-300x225.jpg\" alt=\"b145361c-7603-44d8-b5c0-a1b790091b94-1\" \/><\/figure><\/div><div class=\"swiper-slide\" role=\"group\" aria-roledescription=\"slide\" aria-label=\"3 of 4\"><figure class=\"swiper-slide-inner\"><img decoding=\"async\" class=\"swiper-slide-image\" src=\"https:\/\/www.ufsm.br\/app\/uploads\/sites\/686\/2020\/08\/788a8920-fca5-4a15-b962-332c5d0266ac-1-300x225.jpg\" alt=\"788a8920-fca5-4a15-b962-332c5d0266ac-1\" \/><\/figure><\/div><div class=\"swiper-slide\" role=\"group\" aria-roledescription=\"slide\" aria-label=\"4 of 4\"><figure class=\"swiper-slide-inner\"><img decoding=\"async\" class=\"swiper-slide-image\" src=\"https:\/\/www.ufsm.br\/app\/uploads\/sites\/686\/2020\/08\/53c2013c-f070-422b-9534-9e31d44d626c-1-300x225.jpg\" alt=\"53c2013c-f070-422b-9534-9e31d44d626c-1\" \/><\/figure><\/div>\t\t\t<\/div>\n\t\t\t\t\t\t\t\t\t\t\t\t<div class=\"elementor-swiper-button elementor-swiper-button-prev\" role=\"button\" tabindex=\"0\">\n\t\t\t\t\t\t<i aria-hidden=\"true\" class=\"eicon-chevron-left\"><\/i>\t\t\t\t\t<\/div>\n\t\t\t\t\t<div class=\"elementor-swiper-button elementor-swiper-button-next\" role=\"button\" tabindex=\"0\">\n\t\t\t\t\t\t<i aria-hidden=\"true\" class=\"eicon-chevron-right\"><\/i>\t\t\t\t\t<\/div>\n\t\t\t\t\n\t\t\t\t\t\t\t\t\t<div class=\"swiper-pagination\"><\/div>\n\t\t\t\t\t\t\t\t\t<\/div>\n\t\t\t\t<\/div>\n\t\t\t\t<\/div>\n\t\t\t\t\t<\/div>\n\t\t<\/div>\n\t\t\t\t\t<\/div>\n\t\t<\/section>\n\t\t\t\t<section class=\"elementor-section elementor-top-section elementor-element elementor-element-bb2c9ee elementor-section-boxed elementor-section-height-default elementor-section-height-default\" data-id=\"bb2c9ee\" data-element_type=\"section\">\n\t\t\t\t\t\t<div class=\"elementor-container elementor-column-gap-default\">\n\t\t\t\t\t<div class=\"elementor-column elementor-col-100 elementor-top-column elementor-element elementor-element-1f8de10\" data-id=\"1f8de10\" data-element_type=\"column\">\n\t\t\t<div class=\"elementor-widget-wrap elementor-element-populated\">\n\t\t\t\t\t\t<div class=\"elementor-element elementor-element-72f19ba elementor-widget elementor-widget-google_maps\" data-id=\"72f19ba\" data-element_type=\"widget\" data-widget_type=\"google_maps.default\">\n\t\t\t\t<div class=\"elementor-widget-container\">\n\t\t\t\t\t<div class=\"elementor-custom-embed\">\n\t\t\t<iframe loading=\"lazy\"\n\t\t\t\t\tsrc=\"https:\/\/maps.google.com\/maps?q=Pr%C3%A9dio%2063C%2C%20Centro%20de%20Eventos%20da%20UFSM%2C%20Av.%20Roraima%2C%20n%C2%B01000%20-%20Camobi%2C%20Santa%20Maria%20-%20RS%2C%2097105-900%2C%20Brasil&#038;t=m&#038;z=15&#038;output=embed&#038;iwloc=near\"\n\t\t\t\t\ttitle=\"Pr\u00e9dio 63C, Centro de Eventos da UFSM, Av. Roraima, n\u00b01000 - Camobi, Santa Maria - RS, 97105-900, Brasil\"\n\t\t\t\t\taria-label=\"Pr\u00e9dio 63C, Centro de Eventos da UFSM, Av. Roraima, n\u00b01000 - Camobi, Santa Maria - RS, 97105-900, Brasil\"\n\t\t\t><\/iframe>\n\t\t<\/div>\n\t\t\t\t<\/div>\n\t\t\t\t<\/div>\n\t\t\t\t\t<\/div>\n\t\t<\/div>\n\t\t\t\t\t<\/div>\n\t\t<\/section>\n\t\t\t\t<\/div>\n\t\t","protected":false},"excerpt":{"rendered":"<p>Apresenta\u00e7\u00e3o O Laborat\u00f3rio de Doen\u00e7as Parasit\u00e1rias da UFSM realiza trabalhos de diagn\u00f3stico, pesquisa e extens\u00e3o. Anterior Pr\u00f3ximo<\/p>\n","protected":false},"author":26,"featured_media":128,"parent":0,"menu_order":0,"comment_status":"closed","ping_status":"open","template":"","meta":{"footnotes":""},"categories":[],"tags":[],"class_list":["post-2","page","type-page","status-publish","has-post-thumbnail","hentry"],"acf":[],"_links":{"self":[{"href":"https:\/\/www.ufsm.br\/laboratorios\/ladopar\/wp-json\/wp\/v2\/pages\/2","targetHints":{"allow":["GET"]}}],"collection":[{"href":"https:\/\/www.ufsm.br\/laboratorios\/ladopar\/wp-json\/wp\/v2\/pages"}],"about":[{"href":"https:\/\/www.ufsm.br\/laboratorios\/ladopar\/wp-json\/wp\/v2\/types\/page"}],"author":[{"embeddable":true,"href":"https:\/\/www.ufsm.br\/laboratorios\/ladopar\/wp-json\/wp\/v2\/users\/26"}],"replies":[{"embeddable":true,"href":"https:\/\/www.ufsm.br\/laboratorios\/ladopar\/wp-json\/wp\/v2\/comments?post=2"}],"version-history":[{"count":0,"href":"https:\/\/www.ufsm.br\/laboratorios\/ladopar\/wp-json\/wp\/v2\/pages\/2\/revisions"}],"wp:featuredmedia":[{"embeddable":true,"href":"https:\/\/www.ufsm.br\/laboratorios\/ladopar\/wp-json\/wp\/v2\/media\/128"}],"wp:attachment":[{"href":"https:\/\/www.ufsm.br\/laboratorios\/ladopar\/wp-json\/wp\/v2\/media?parent=2"}],"wp:term":[{"taxonomy":"category","embeddable":true,"href":"https:\/\/www.ufsm.br\/laboratorios\/ladopar\/wp-json\/wp\/v2\/categories?post=2"},{"taxonomy":"post_tag","embeddable":true,"href":"https:\/\/www.ufsm.br\/laboratorios\/ladopar\/wp-json\/wp\/v2\/tags?post=2"}],"curies":[{"name":"wp","href":"https:\/\/api.w.org\/{rel}","templated":true}]}}