{"id":45,"date":"2019-07-17T11:28:05","date_gmt":"2019-07-17T14:28:05","guid":{"rendered":"https:\/\/www.ufsm.br\/laboratorios\/ladopar\/?page_id=45"},"modified":"2025-01-17T16:54:51","modified_gmt":"2025-01-17T19:54:51","slug":"linhas-de-pesquisa","status":"publish","type":"page","link":"https:\/\/www.ufsm.br\/laboratorios\/ladopar\/linhas-de-pesquisa","title":{"rendered":"Linhas de Pesquisa"},"content":{"rendered":"\n<p><em>Neospora caninum<\/em>: epidemiologia, detec\u00e7\u00e3o e\/ou caracteriza\u00e7\u00e3o molecular<br><em>Toxoplasma gondii<\/em>: epidemiologia, detec\u00e7\u00e3o e\/ou caracteriza\u00e7\u00e3o molecular<br><em>Sarcocystis<\/em> spp.: epidemiologia, detec\u00e7\u00e3o e\/ou caracteriza\u00e7\u00e3o molecular<br><em>Trypanossoma<\/em> spp.: epidemiologia, detec\u00e7\u00e3o e\/ou caracteriza\u00e7\u00e3o molecular<br><em>Leishmania<\/em> spp.: epidemiologia, detec\u00e7\u00e3o e\/ou caracteriza\u00e7\u00e3o molecular<br>Resist\u00eancia parasit\u00e1ria e alternativas de controle parasitol\u00f3gico em ruminantes e equinos<br>Resist\u00eancia parasit\u00e1ria e alternativas de controle parasitol\u00f3gico em c\u00e3es e gatos<br>Resist\u00eancia parasit\u00e1ria e alternativas de controle parasitol\u00f3gico em <em>Riphicephalus microplus<\/em><\/p>\n","protected":false},"excerpt":{"rendered":"<p>Neospora caninum: epidemiologia, detec\u00e7\u00e3o e\/ou caracteriza\u00e7\u00e3o molecularToxoplasma gondii: epidemiologia, detec\u00e7\u00e3o e\/ou caracteriza\u00e7\u00e3o molecularSarcocystis spp.: epidemiologia, detec\u00e7\u00e3o e\/ou caracteriza\u00e7\u00e3o molecularTrypanossoma spp.: epidemiologia, detec\u00e7\u00e3o e\/ou caracteriza\u00e7\u00e3o molecularLeishmania spp.: epidemiologia, detec\u00e7\u00e3o e\/ou caracteriza\u00e7\u00e3o molecularResist\u00eancia parasit\u00e1ria e alternativas de controle parasitol\u00f3gico em ruminantes e equinosResist\u00eancia parasit\u00e1ria e alternativas de controle parasitol\u00f3gico em c\u00e3es e gatosResist\u00eancia parasit\u00e1ria e alternativas de [&hellip;]<\/p>\n","protected":false},"author":115,"featured_media":0,"parent":0,"menu_order":0,"comment_status":"closed","ping_status":"closed","template":"","meta":{"footnotes":""},"categories":[],"tags":[],"class_list":["post-45","page","type-page","status-publish","hentry"],"acf":[],"_links":{"self":[{"href":"https:\/\/www.ufsm.br\/laboratorios\/ladopar\/wp-json\/wp\/v2\/pages\/45","targetHints":{"allow":["GET"]}}],"collection":[{"href":"https:\/\/www.ufsm.br\/laboratorios\/ladopar\/wp-json\/wp\/v2\/pages"}],"about":[{"href":"https:\/\/www.ufsm.br\/laboratorios\/ladopar\/wp-json\/wp\/v2\/types\/page"}],"author":[{"embeddable":true,"href":"https:\/\/www.ufsm.br\/laboratorios\/ladopar\/wp-json\/wp\/v2\/users\/115"}],"replies":[{"embeddable":true,"href":"https:\/\/www.ufsm.br\/laboratorios\/ladopar\/wp-json\/wp\/v2\/comments?post=45"}],"version-history":[{"count":0,"href":"https:\/\/www.ufsm.br\/laboratorios\/ladopar\/wp-json\/wp\/v2\/pages\/45\/revisions"}],"wp:attachment":[{"href":"https:\/\/www.ufsm.br\/laboratorios\/ladopar\/wp-json\/wp\/v2\/media?parent=45"}],"wp:term":[{"taxonomy":"category","embeddable":true,"href":"https:\/\/www.ufsm.br\/laboratorios\/ladopar\/wp-json\/wp\/v2\/categories?post=45"},{"taxonomy":"post_tag","embeddable":true,"href":"https:\/\/www.ufsm.br\/laboratorios\/ladopar\/wp-json\/wp\/v2\/tags?post=45"}],"curies":[{"name":"wp","href":"https:\/\/api.w.org\/{rel}","templated":true}]}}