{"id":117,"date":"2019-08-07T15:53:44","date_gmt":"2019-08-07T18:53:44","guid":{"rendered":"https:\/\/www.ufsm.br\/laboratorios\/laequi\/?page_id=117"},"modified":"2019-08-07T15:53:46","modified_gmt":"2019-08-07T18:53:46","slug":"doutores","status":"publish","type":"page","link":"https:\/\/www.ufsm.br\/laboratorios\/laequi\/doutores","title":{"rendered":"Doutores"},"content":{"rendered":"\n<p>Defesas de DOUTORADO conclu\u00eddas pelo nosso grupo de pesquisa:<\/p>\n<p>\u201cTransi\u00e7\u00e3o Progressiva dos modelos explicativos de estudantes de n\u00edvel m\u00e9dio sobre for\u00e7as intermoleculares\u201d<\/p>\n<p>Ana Carolina Gomes Miranda- 12\/12\/2018<\/p>\n<p>\u201cM\u00f3dulo Tem\u00e1tico: Contribui\u00e7\u00e3o para forma\u00e7\u00e3o continuada de professores de Ci\u00eancia\u201d<\/p>\n<p>Thais Rios da Rocha- 10\/12\/2018<\/p>\n<p>\u00a0&#8220;Liga\u00e7\u00f5es Qu\u00edmicas: Investiga\u00e7\u00e3o da constru\u00e7\u00e3o do Conhecimento no Ensino M\u00e9dio\u201d.<\/p>\n<p>Maur\u00edcius Selvero Pazinato \u2013 15\/07\/2016<\/p>\n<p><img fetchpriority=\"high\" decoding=\"async\" class=\"alignnone wp-image-118\" src=\"https:\/\/www.ufsm.br\/laboratorios\/laequi\/wp-content\/uploads\/sites\/688\/2019\/08\/thais-300x300.jpg\" alt=\"\" width=\"400\" height=\"400\" srcset=\"https:\/\/www.ufsm.br\/app\/uploads\/sites\/688\/2019\/08\/thais-300x300.jpg 300w, https:\/\/www.ufsm.br\/app\/uploads\/sites\/688\/2019\/08\/thais-150x150.jpg 150w, https:\/\/www.ufsm.br\/app\/uploads\/sites\/688\/2019\/08\/thais-768x768.jpg 768w, https:\/\/www.ufsm.br\/app\/uploads\/sites\/688\/2019\/08\/thais.jpg 960w\" sizes=\"(max-width: 400px) 100vw, 400px\" \/><\/p>\n<figure id=\"attachment_119\" aria-describedby=\"caption-attachment-119\" style=\"width: 300px\" class=\"wp-caption aligncenter\"><img decoding=\"async\" class=\"size-medium wp-image-119\" src=\"https:\/\/www.ufsm.br\/laboratorios\/laequi\/wp-content\/uploads\/sites\/688\/2019\/08\/13697173_1113078988730414_1686613310267757911_n-300x225.jpg\" alt=\"\" width=\"300\" height=\"225\" srcset=\"https:\/\/www.ufsm.br\/app\/uploads\/sites\/688\/2019\/08\/13697173_1113078988730414_1686613310267757911_n-300x225.jpg 300w, https:\/\/www.ufsm.br\/app\/uploads\/sites\/688\/2019\/08\/13697173_1113078988730414_1686613310267757911_n-768x576.jpg 768w, https:\/\/www.ufsm.br\/app\/uploads\/sites\/688\/2019\/08\/13697173_1113078988730414_1686613310267757911_n.jpg 960w\" sizes=\"(max-width: 300px) 100vw, 300px\" \/><figcaption id=\"caption-attachment-119\" class=\"wp-caption-text\"><strong>Maur\u00edcius e colegas de grupo<\/strong><\/figcaption><\/figure>\n<figure id=\"attachment_120\" aria-describedby=\"caption-attachment-120\" style=\"width: 300px\" class=\"wp-caption alignnone\"><img decoding=\"async\" class=\"size-medium wp-image-120\" src=\"https:\/\/www.ufsm.br\/laboratorios\/laequi\/wp-content\/uploads\/sites\/688\/2019\/08\/image1-300x300.jpg\" alt=\"\" width=\"300\" height=\"300\" srcset=\"https:\/\/www.ufsm.br\/app\/uploads\/sites\/688\/2019\/08\/image1-300x300.jpg 300w, https:\/\/www.ufsm.br\/app\/uploads\/sites\/688\/2019\/08\/image1-150x150.jpg 150w, https:\/\/www.ufsm.br\/app\/uploads\/sites\/688\/2019\/08\/image1-768x768.jpg 768w, https:\/\/www.ufsm.br\/app\/uploads\/sites\/688\/2019\/08\/image1-1024x1024.jpg 1024w, https:\/\/www.ufsm.br\/app\/uploads\/sites\/688\/2019\/08\/image1.jpg 1920w\" sizes=\"(max-width: 300px) 100vw, 300px\" \/><figcaption id=\"caption-attachment-120\" class=\"wp-caption-text\"><strong>Maur\u00edcius e a banca examinadora<\/strong><\/figcaption><\/figure>\n<figure id=\"attachment_121\" aria-describedby=\"caption-attachment-121\" style=\"width: 300px\" class=\"wp-caption alignnone\"><img loading=\"lazy\" decoding=\"async\" class=\"wp-image-121 size-medium\" src=\"https:\/\/www.ufsm.br\/laboratorios\/laequi\/wp-content\/uploads\/sites\/688\/2019\/08\/13872659_1122963067742006_292066627813428367_n-300x300.jpg\" alt=\"\" width=\"300\" height=\"300\" srcset=\"https:\/\/www.ufsm.br\/app\/uploads\/sites\/688\/2019\/08\/13872659_1122963067742006_292066627813428367_n-300x300.jpg 300w, https:\/\/www.ufsm.br\/app\/uploads\/sites\/688\/2019\/08\/13872659_1122963067742006_292066627813428367_n-150x150.jpg 150w, https:\/\/www.ufsm.br\/app\/uploads\/sites\/688\/2019\/08\/13872659_1122963067742006_292066627813428367_n-768x768.jpg 768w, https:\/\/www.ufsm.br\/app\/uploads\/sites\/688\/2019\/08\/13872659_1122963067742006_292066627813428367_n.jpg 960w\" sizes=\"(max-width: 300px) 100vw, 300px\" \/><figcaption id=\"caption-attachment-121\" class=\"wp-caption-text\"><strong>Prof\u00aa Mara e Maur\u00edcius<\/strong><\/figcaption><\/figure>\n","protected":false},"excerpt":{"rendered":"<p>Defesas de DOUTORADO conclu\u00eddas pelo nosso grupo de pesquisa: \u201cTransi\u00e7\u00e3o Progressiva dos modelos explicativos de estudantes de n\u00edvel m\u00e9dio sobre for\u00e7as intermoleculares\u201d Ana Carolina Gomes Miranda- 12\/12\/2018 \u201cM\u00f3dulo Tem\u00e1tico: Contribui\u00e7\u00e3o para forma\u00e7\u00e3o continuada de professores de Ci\u00eancia\u201d Thais Rios da Rocha- 10\/12\/2018 \u00a0&#8220;Liga\u00e7\u00f5es Qu\u00edmicas: Investiga\u00e7\u00e3o da constru\u00e7\u00e3o do Conhecimento no Ensino M\u00e9dio\u201d. Maur\u00edcius Selvero Pazinato [&hellip;]<\/p>\n","protected":false},"author":115,"featured_media":0,"parent":0,"menu_order":0,"comment_status":"closed","ping_status":"closed","template":"","meta":{"footnotes":""},"categories":[],"tags":[],"class_list":["post-117","page","type-page","status-publish","hentry"],"acf":[],"_links":{"self":[{"href":"https:\/\/www.ufsm.br\/laboratorios\/laequi\/wp-json\/wp\/v2\/pages\/117","targetHints":{"allow":["GET"]}}],"collection":[{"href":"https:\/\/www.ufsm.br\/laboratorios\/laequi\/wp-json\/wp\/v2\/pages"}],"about":[{"href":"https:\/\/www.ufsm.br\/laboratorios\/laequi\/wp-json\/wp\/v2\/types\/page"}],"author":[{"embeddable":true,"href":"https:\/\/www.ufsm.br\/laboratorios\/laequi\/wp-json\/wp\/v2\/users\/115"}],"replies":[{"embeddable":true,"href":"https:\/\/www.ufsm.br\/laboratorios\/laequi\/wp-json\/wp\/v2\/comments?post=117"}],"version-history":[{"count":0,"href":"https:\/\/www.ufsm.br\/laboratorios\/laequi\/wp-json\/wp\/v2\/pages\/117\/revisions"}],"wp:attachment":[{"href":"https:\/\/www.ufsm.br\/laboratorios\/laequi\/wp-json\/wp\/v2\/media?parent=117"}],"wp:term":[{"taxonomy":"category","embeddable":true,"href":"https:\/\/www.ufsm.br\/laboratorios\/laequi\/wp-json\/wp\/v2\/categories?post=117"},{"taxonomy":"post_tag","embeddable":true,"href":"https:\/\/www.ufsm.br\/laboratorios\/laequi\/wp-json\/wp\/v2\/tags?post=117"}],"curies":[{"name":"wp","href":"https:\/\/api.w.org\/{rel}","templated":true}]}}