{"id":123,"date":"2019-08-07T16:14:19","date_gmt":"2019-08-07T19:14:19","guid":{"rendered":"https:\/\/www.ufsm.br\/laboratorios\/laequi\/?page_id=123"},"modified":"2019-08-07T16:14:22","modified_gmt":"2019-08-07T19:14:22","slug":"eventos-2","status":"publish","type":"page","link":"https:\/\/www.ufsm.br\/laboratorios\/laequi\/eventos-2","title":{"rendered":"Eventos"},"content":{"rendered":"\n<p>Nosso grupo tem participado de diversos eventos, como semanas acad\u00eamicas, congressos. Veja algumas das nossas participa\u00e7\u00f5es divulgando nosso trabalho.<\/p>\n<p><strong>39\u00aa Reuni\u00e3o Anual da SBQ \u2013 Goi\u00e2nia, 2016.<\/strong><\/p>\n<figure id=\"attachment_124\" aria-describedby=\"caption-attachment-124\" style=\"width: 225px\" class=\"wp-caption alignnone\"><img fetchpriority=\"high\" decoding=\"async\" class=\"wp-image-124 size-medium\" src=\"https:\/\/www.ufsm.br\/laboratorios\/laequi\/wp-content\/uploads\/sites\/688\/2019\/08\/13325641_1083569245014722_406428262103363588_n-225x300-225x300.jpg\" alt=\"\" width=\"225\" height=\"300\" \/><figcaption id=\"caption-attachment-124\" class=\"wp-caption-text\">Apresenta\u00e7\u00e3o de trabalho.<\/figcaption><\/figure>\n<p><strong><em>35\u00ba Encontro de Debates sobre o Ensino de Qu\u00edmica<\/em><\/strong><\/p>\n<figure id=\"attachment_125\" aria-describedby=\"caption-attachment-125\" style=\"width: 300px\" class=\"wp-caption alignnone\"><img decoding=\"async\" class=\"size-medium wp-image-125\" src=\"https:\/\/www.ufsm.br\/laboratorios\/laequi\/wp-content\/uploads\/sites\/688\/2019\/08\/12113285_951190681585913_1570207253565663829_o-300x223-300x223.jpg\" alt=\"\" width=\"300\" height=\"223\" \/><figcaption id=\"caption-attachment-125\" class=\"wp-caption-text\">Grupo LAEQUI.<\/figcaption><\/figure>\n<p><strong><em>X Encontro Nacional de Pesquisas em Educa\u00e7\u00e3o em Ci\u00eancias \u2013 Novembro de 2015.<\/em><\/strong><\/p>\n<figure id=\"attachment_126\" aria-describedby=\"caption-attachment-126\" style=\"width: 300px\" class=\"wp-caption alignnone\"><img decoding=\"async\" class=\"size-medium wp-image-126\" src=\"https:\/\/www.ufsm.br\/laboratorios\/laequi\/wp-content\/uploads\/sites\/688\/2019\/08\/12249927_716762688424012_6595394120353564750_n-1-300x225-300x225.jpg\" alt=\"\" width=\"300\" height=\"225\" \/><figcaption id=\"caption-attachment-126\" class=\"wp-caption-text\">Participa\u00e7\u00e3o do grupo LAEQUI no evento<\/figcaption><\/figure>\n<p><strong><em>38\u00aa Reuni\u00e3o Anual da SBQ- 2015. \u00a0\u00c1guas de Lind\u00f3ia, S\u00e3o Paulo.<\/em><\/strong><\/p>\n<figure id=\"attachment_127\" aria-describedby=\"caption-attachment-127\" style=\"width: 300px\" class=\"wp-caption alignnone\"><img loading=\"lazy\" decoding=\"async\" class=\"size-medium wp-image-127\" src=\"https:\/\/www.ufsm.br\/laboratorios\/laequi\/wp-content\/uploads\/sites\/688\/2019\/08\/11052406_883243458380636_2297292293111170259_n-300x224-300x224.jpg\" alt=\"\" width=\"300\" height=\"224\" \/><figcaption id=\"caption-attachment-127\" class=\"wp-caption-text\">Lan\u00e7amento do livro &#8211; Qu\u00edmica Org\u00e2nica: uma ci\u00eancia experimental.<\/figcaption><\/figure>\n<p><strong><em>SBQ Sul 2015 \u2013 Joinville, SC. Novembro de 2015.<\/em><\/strong><\/p>\n<figure id=\"attachment_128\" aria-describedby=\"caption-attachment-128\" style=\"width: 225px\" class=\"wp-caption alignnone\"><img loading=\"lazy\" decoding=\"async\" class=\"size-medium wp-image-128\" src=\"https:\/\/www.ufsm.br\/laboratorios\/laequi\/wp-content\/uploads\/sites\/688\/2019\/08\/12241730_962424557129192_1128014713230784069_n-225x300-225x300.jpg\" alt=\"\" width=\"225\" height=\"300\" \/><figcaption id=\"caption-attachment-128\" class=\"wp-caption-text\">Prof\u00aa Mara e Prof Hugo com o presidente da SBQ.<\/figcaption><\/figure>\n<figure id=\"attachment_129\" aria-describedby=\"caption-attachment-129\" style=\"width: 300px\" class=\"wp-caption alignnone\"><img loading=\"lazy\" decoding=\"async\" class=\"size-medium wp-image-129\" src=\"https:\/\/www.ufsm.br\/laboratorios\/laequi\/wp-content\/uploads\/sites\/688\/2019\/08\/12239419_962529747118673_6019680128918859799_o-300x225-300x225.jpg\" alt=\"\" width=\"300\" height=\"225\" \/><figcaption id=\"caption-attachment-129\" class=\"wp-caption-text\">Participa\u00e7\u00e3o do LAEQUI.<\/figcaption><\/figure>\n<p>37a \u00a0Reuni\u00e3o Anual Sociedade Brasileira de Qu\u00edmica \u2013 RASBQ 2014<\/p>\n<p><em><strong>35a Reuni\u00e3o Anual Sociedade Brasileira de Qu\u00edmica \u2013 RASBQ 2012<\/strong><\/em><\/p>\n<p>http:\/\/www.sbq.org.br\/35ra\/<\/p>\n<figure id=\"attachment_130\" aria-describedby=\"caption-attachment-130\" style=\"width: 300px\" class=\"wp-caption alignnone\"><img loading=\"lazy\" decoding=\"async\" class=\"size-medium wp-image-130\" src=\"https:\/\/www.ufsm.br\/laboratorios\/laequi\/wp-content\/uploads\/sites\/688\/2019\/08\/DSC00913-1024x768-300x225.jpg\" alt=\"\" width=\"300\" height=\"225\" srcset=\"https:\/\/www.ufsm.br\/app\/uploads\/sites\/688\/2019\/08\/DSC00913-1024x768-300x225.jpg 300w, https:\/\/www.ufsm.br\/app\/uploads\/sites\/688\/2019\/08\/DSC00913-1024x768-768x576.jpg 768w, https:\/\/www.ufsm.br\/app\/uploads\/sites\/688\/2019\/08\/DSC00913-1024x768.jpg 1024w\" sizes=\"(max-width: 300px) 100vw, 300px\" \/><figcaption id=\"caption-attachment-130\" class=\"wp-caption-text\">LAEQUI com o presidente da IUPAC Kazuyuki Tatsumi Maio\/2012<\/figcaption><\/figure>\n<p><strong><em>31 Encontro de Debates sobre o Ensino de Qu\u00edmica \u2013 EDEQ 2011<br \/><\/em><\/strong>Rodas de forma\u00e7\u00e3o de Professores no Ano Internacional da Qu\u00edmica<\/p>\n<p><a href=\"http:\/\/www.edeq.furg.br\/site\/index.php\">http:\/\/www.edeq.furg.br\/site\/index.php<\/a><\/p>\n<p><img loading=\"lazy\" decoding=\"async\" class=\"alignnone size-medium wp-image-132\" src=\"https:\/\/www.ufsm.br\/laboratorios\/laequi\/wp-content\/uploads\/sites\/688\/2019\/08\/turmaLaequi1-1024x768-300x225.jpg\" alt=\"\" width=\"300\" height=\"225\" srcset=\"https:\/\/www.ufsm.br\/app\/uploads\/sites\/688\/2019\/08\/turmaLaequi1-1024x768-300x225.jpg 300w, https:\/\/www.ufsm.br\/app\/uploads\/sites\/688\/2019\/08\/turmaLaequi1-1024x768-768x576.jpg 768w, https:\/\/www.ufsm.br\/app\/uploads\/sites\/688\/2019\/08\/turmaLaequi1-1024x768.jpg 1024w\" sizes=\"(max-width: 300px) 100vw, 300px\" \/><\/p>\n<p><strong><em>Mostra de Qu\u00edmica no AIQ 2011 \u2013 Ci\u00eancia Viva<\/em><\/strong><\/p>\n<figure id=\"attachment_133\" aria-describedby=\"caption-attachment-133\" style=\"width: 300px\" class=\"wp-caption alignnone\"><img loading=\"lazy\" decoding=\"async\" class=\"size-medium wp-image-133\" src=\"https:\/\/www.ufsm.br\/laboratorios\/laequi\/wp-content\/uploads\/sites\/688\/2019\/08\/Mostra-de-Qu\u00edmica-300x211.jpg\" alt=\"\" width=\"300\" height=\"211\" srcset=\"https:\/\/www.ufsm.br\/app\/uploads\/sites\/688\/2019\/08\/Mostra-de-Qu\u00edmica-300x211.jpg 300w, https:\/\/www.ufsm.br\/app\/uploads\/sites\/688\/2019\/08\/Mostra-de-Qu\u00edmica-768x541.jpg 768w, https:\/\/www.ufsm.br\/app\/uploads\/sites\/688\/2019\/08\/Mostra-de-Qu\u00edmica-1024x722.jpg 1024w, https:\/\/www.ufsm.br\/app\/uploads\/sites\/688\/2019\/08\/Mostra-de-Qu\u00edmica.jpg 1582w\" sizes=\"(max-width: 300px) 100vw, 300px\" \/><figcaption id=\"caption-attachment-133\" class=\"wp-caption-text\">Mostra de Qu\u00edmica no AIQ 2011<\/figcaption><\/figure>\n<p><strong>Semana acad\u00eamica do Instituto Federal Farroupilha \u2013 Campus Panambi \u2013 2011<\/strong><\/p>\n<figure id=\"attachment_134\" aria-describedby=\"caption-attachment-134\" style=\"width: 300px\" class=\"wp-caption alignnone\"><img loading=\"lazy\" decoding=\"async\" class=\"size-medium wp-image-134\" src=\"https:\/\/www.ufsm.br\/laboratorios\/laequi\/wp-content\/uploads\/sites\/688\/2019\/08\/retro-300x225-300x225.jpg\" alt=\"\" width=\"300\" height=\"225\" \/><figcaption id=\"caption-attachment-134\" class=\"wp-caption-text\">I Semana acad\u00eamica dos cursos superiores do IFF &#8211; campus Pananbi RS<\/figcaption><\/figure>\n<p><em><strong>Exposi\u00e7\u00e3o comemorativa ao AIQ 2011 \u2013 Royal Plaza Shopping<\/strong><\/em><\/p>\n<p><a href=\"https:\/\/www.ufsm.br\/laboratorios\/laequi\/wp-content\/uploads\/sites\/688\/2019\/08\/Reportagem-Quimica.pdf\">Reportagem Quimica \u2013 A Raz\u00e3o<\/a><\/p>\n<p><img loading=\"lazy\" decoding=\"async\" class=\"alignnone size-medium wp-image-136\" src=\"https:\/\/www.ufsm.br\/laboratorios\/laequi\/wp-content\/uploads\/sites\/688\/2019\/08\/foto-aiq1-300x262.jpg\" alt=\"\" width=\"300\" height=\"262\" srcset=\"https:\/\/www.ufsm.br\/app\/uploads\/sites\/688\/2019\/08\/foto-aiq1-300x262.jpg 300w, https:\/\/www.ufsm.br\/app\/uploads\/sites\/688\/2019\/08\/foto-aiq1.jpg 619w\" sizes=\"(max-width: 300px) 100vw, 300px\" \/><\/p>\n<p><strong><em>Lan\u00e7amento do livro Retroprojetor como Bancada de Laborat\u00f3rio de Qu\u00edmica<\/em><\/strong><\/p>\n<p><img loading=\"lazy\" decoding=\"async\" class=\"alignnone size-medium wp-image-137\" src=\"https:\/\/www.ufsm.br\/laboratorios\/laequi\/wp-content\/uploads\/sites\/688\/2019\/08\/livro1-291x300.jpg\" alt=\"\" width=\"291\" height=\"300\" srcset=\"https:\/\/www.ufsm.br\/app\/uploads\/sites\/688\/2019\/08\/livro1-291x300.jpg 291w, https:\/\/www.ufsm.br\/app\/uploads\/sites\/688\/2019\/08\/livro1.jpg 768w\" sizes=\"(max-width: 291px) 100vw, 291px\" \/><\/p>\n","protected":false},"excerpt":{"rendered":"<p>Nosso grupo tem participado de diversos eventos, como semanas acad\u00eamicas, congressos. Veja algumas das nossas participa\u00e7\u00f5es divulgando nosso trabalho. 39\u00aa Reuni\u00e3o Anual da SBQ \u2013 Goi\u00e2nia, 2016. 35\u00ba Encontro de Debates sobre o Ensino de Qu\u00edmica X Encontro Nacional de Pesquisas em Educa\u00e7\u00e3o em Ci\u00eancias \u2013 Novembro de 2015. 38\u00aa Reuni\u00e3o Anual da SBQ- 2015. [&hellip;]<\/p>\n","protected":false},"author":115,"featured_media":0,"parent":0,"menu_order":0,"comment_status":"closed","ping_status":"closed","template":"","meta":{"footnotes":""},"categories":[],"tags":[],"class_list":["post-123","page","type-page","status-publish","hentry"],"acf":[],"_links":{"self":[{"href":"https:\/\/www.ufsm.br\/laboratorios\/laequi\/wp-json\/wp\/v2\/pages\/123","targetHints":{"allow":["GET"]}}],"collection":[{"href":"https:\/\/www.ufsm.br\/laboratorios\/laequi\/wp-json\/wp\/v2\/pages"}],"about":[{"href":"https:\/\/www.ufsm.br\/laboratorios\/laequi\/wp-json\/wp\/v2\/types\/page"}],"author":[{"embeddable":true,"href":"https:\/\/www.ufsm.br\/laboratorios\/laequi\/wp-json\/wp\/v2\/users\/115"}],"replies":[{"embeddable":true,"href":"https:\/\/www.ufsm.br\/laboratorios\/laequi\/wp-json\/wp\/v2\/comments?post=123"}],"version-history":[{"count":0,"href":"https:\/\/www.ufsm.br\/laboratorios\/laequi\/wp-json\/wp\/v2\/pages\/123\/revisions"}],"wp:attachment":[{"href":"https:\/\/www.ufsm.br\/laboratorios\/laequi\/wp-json\/wp\/v2\/media?parent=123"}],"wp:term":[{"taxonomy":"category","embeddable":true,"href":"https:\/\/www.ufsm.br\/laboratorios\/laequi\/wp-json\/wp\/v2\/categories?post=123"},{"taxonomy":"post_tag","embeddable":true,"href":"https:\/\/www.ufsm.br\/laboratorios\/laequi\/wp-json\/wp\/v2\/tags?post=123"}],"curies":[{"name":"wp","href":"https:\/\/api.w.org\/{rel}","templated":true}]}}