{"id":149,"date":"2019-08-07T16:43:05","date_gmt":"2019-08-07T19:43:05","guid":{"rendered":"https:\/\/www.ufsm.br\/laboratorios\/laequi\/?page_id=149"},"modified":"2019-08-07T16:43:07","modified_gmt":"2019-08-07T19:43:07","slug":"tarefas-quimica-licenciatura","status":"publish","type":"page","link":"https:\/\/www.ufsm.br\/laboratorios\/laequi\/tarefas-quimica-licenciatura","title":{"rendered":"Tarefas Qu\u00edmica Licenciatura"},"content":{"rendered":"\n<p><strong>Qu\u00edmica Anal\u00edtica Qualitativa Experimental<br \/><\/strong><\/p>\n<p>As listas de exerc\u00edcios est\u00e3o classificadas por assunto, clicando no assunto voc\u00ea ter\u00e1 a lista correspondente, poder\u00e1 imprimi-las e resolv\u00ea-las.<\/p>\n<p><a href=\"https:\/\/www.ufsm.br\/laboratorios\/laequi\/wp-content\/uploads\/sites\/688\/2019\/08\/Lista-1-prepara\u00e7\u00e3o-de-solu\u00e7\u00f5es-gabarito.pdf\">Lista 1 prepara\u00e7\u00e3o de solu\u00e7\u00f5es\u00a0Respostas \u2013 Lista 1<\/a><\/p>\n<p><a href=\"https:\/\/www.ufsm.br\/laboratorios\/laequi\/wp-content\/uploads\/sites\/688\/2019\/08\/Lista-2-Exerc\u00edcios-de-c\u00e1tions.pdf\">Lista 2 \u2013 Exerc\u00edcios de c\u00e1tions<\/a><\/p>\n<p><a href=\"https:\/\/www.ufsm.br\/laboratorios\/laequi\/wp-content\/uploads\/sites\/688\/2019\/08\/Lista-3-Exerc\u00edcios-de-oxirredu\u00e7\u00e3o.pdf\">Lista 3 \u2013 Exerc\u00edcios de oxirredu\u00e7\u00e3o<\/a><\/p>\n<p><a href=\"https:\/\/www.ufsm.br\/laboratorios\/laequi\/wp-content\/uploads\/sites\/688\/2019\/08\/Pr\u00e1tica-Educativa.pdf\">Pr\u00e1tica Educativa<\/a><\/p>\n<p><strong>Qu\u00edmica Anal\u00edtica Quantitativa Experimental<\/strong><\/p>\n<p>As listas de exerc\u00edcios est\u00e3o classificadas por assunto, clicando no assunto voc\u00ea ter\u00e1 a lista correspondente, poder\u00e1 imprimi-las e resolv\u00ea-las.\u00a0Em constru\u00e7\u00e3o<\/p>\n","protected":false},"excerpt":{"rendered":"<p>Qu\u00edmica Anal\u00edtica Qualitativa Experimental As listas de exerc\u00edcios est\u00e3o classificadas por assunto, clicando no assunto voc\u00ea ter\u00e1 a lista correspondente, poder\u00e1 imprimi-las e resolv\u00ea-las. Lista 1 prepara\u00e7\u00e3o de solu\u00e7\u00f5es\u00a0Respostas \u2013 Lista 1 Lista 2 \u2013 Exerc\u00edcios de c\u00e1tions Lista 3 \u2013 Exerc\u00edcios de oxirredu\u00e7\u00e3o Pr\u00e1tica Educativa Qu\u00edmica Anal\u00edtica Quantitativa Experimental As listas de exerc\u00edcios est\u00e3o [&hellip;]<\/p>\n","protected":false},"author":115,"featured_media":0,"parent":0,"menu_order":0,"comment_status":"closed","ping_status":"closed","template":"","meta":{"footnotes":""},"categories":[],"tags":[],"class_list":["post-149","page","type-page","status-publish","hentry"],"acf":[],"_links":{"self":[{"href":"https:\/\/www.ufsm.br\/laboratorios\/laequi\/wp-json\/wp\/v2\/pages\/149","targetHints":{"allow":["GET"]}}],"collection":[{"href":"https:\/\/www.ufsm.br\/laboratorios\/laequi\/wp-json\/wp\/v2\/pages"}],"about":[{"href":"https:\/\/www.ufsm.br\/laboratorios\/laequi\/wp-json\/wp\/v2\/types\/page"}],"author":[{"embeddable":true,"href":"https:\/\/www.ufsm.br\/laboratorios\/laequi\/wp-json\/wp\/v2\/users\/115"}],"replies":[{"embeddable":true,"href":"https:\/\/www.ufsm.br\/laboratorios\/laequi\/wp-json\/wp\/v2\/comments?post=149"}],"version-history":[{"count":0,"href":"https:\/\/www.ufsm.br\/laboratorios\/laequi\/wp-json\/wp\/v2\/pages\/149\/revisions"}],"wp:attachment":[{"href":"https:\/\/www.ufsm.br\/laboratorios\/laequi\/wp-json\/wp\/v2\/media?parent=149"}],"wp:term":[{"taxonomy":"category","embeddable":true,"href":"https:\/\/www.ufsm.br\/laboratorios\/laequi\/wp-json\/wp\/v2\/categories?post=149"},{"taxonomy":"post_tag","embeddable":true,"href":"https:\/\/www.ufsm.br\/laboratorios\/laequi\/wp-json\/wp\/v2\/tags?post=149"}],"curies":[{"name":"wp","href":"https:\/\/api.w.org\/{rel}","templated":true}]}}