{"id":152,"date":"2019-08-20T12:05:54","date_gmt":"2019-08-20T15:05:54","guid":{"rendered":"https:\/\/www.ufsm.br\/laboratorios\/laequi\/?page_id=152"},"modified":"2019-08-20T12:05:57","modified_gmt":"2019-08-20T15:05:57","slug":"links","status":"publish","type":"page","link":"https:\/\/www.ufsm.br\/laboratorios\/laequi\/links","title":{"rendered":"Links"},"content":{"rendered":"\n<ul class=\"xoxo blogroll\">\n<li><a href=\"http:\/\/quimica2011.org.br\/\">2011 \u2013 Ano Internacional da Qu\u00edmica<\/a><\/li>\n<li><a href=\"http:\/\/w3.ufsm.br\/jai\/\">32\u00aa Jornada Acad\u00eamica Integrada<\/a><\/li>\n<li><a title=\"Este site reune informa\u00e7\u00f5es sobre a rela\u00e7\u00e3o entre a Qu\u00edmica e o lixo eletr\u00f4nico e suas possibilidades para o Ensino de Qu\u00edmica \" href=\"http:\/\/www.sites.google.com\/site\/quimicaelixoeletronico\">A Qu\u00edmica e o lixo eletr\u00f4nico<\/a><\/li>\n<li><a href=\"http:\/\/w3.ufsm.br\/ccne\/\">CCNE<\/a><\/li>\n<li><a href=\"http:\/\/w3.ufsm.br\/quimica\/\">Dept\u00ba de Qu\u00edmica<\/a><\/li>\n<li><a href=\"https:\/\/www.facebook.com\/pibidquimicaufsm\/\">PIBID Qu\u00edmica UFSM<\/a><\/li>\n<li><a href=\"http:\/\/www.ufsm.br\/\">Portal da UFSM<\/a><\/li>\n<li><a href=\"http:\/\/www.ufsm.br\/posquimica\">P\u00f3s-Gradua\u00e7\u00e3o em Qu\u00edmica<\/a><\/li>\n<li><a href=\"http:\/\/w3.ufsm.br\/ppgecqv\/\">Programa de P\u00f3s-Gradua\u00e7\u00e3o em Educa\u00e7\u00e3o em Ci\u00eancias: Qu\u00edmica da Vida e Sa\u00fade<\/a><\/li>\n<li><a href=\"http:\/\/www.youtube.com\/watch?v=T_1xSKrvcUA\">QuiWebOrg<\/a><\/li>\n<li><a title=\"Tem como objetivo atender a demanda de produ\u00e7\u00e3o cient\u00edfica vinculada a todos os cursos\/programas da UFSM e de outras IES que trabalhem com a tem\u00e1tica educa\u00e7\u00e3o ambiental.\" href=\"http:\/\/cascavel.ufsm.br\/revistas\/ojs-2.2.2\/index.php\/remoa\">Revista &#8220;Monografias Ambientais \u2013 REMOA\/UFSM&#8221;<\/a><\/li>\n<li><a href=\"http:\/\/www.sbq.org.br\/\">SBQ<\/a><\/li>\n<li><a href=\"http:\/\/www.sbqsul2017.com.br\/\">XXIV Encontro de Qu\u00edmica da Regi\u00e3o Sul, SBQ-SUL A Qu\u00edmica na Interface<\/a><\/li>\n<\/ul>\n","protected":false},"excerpt":{"rendered":"<p>2011 \u2013 Ano Internacional da Qu\u00edmica 32\u00aa Jornada Acad\u00eamica Integrada A Qu\u00edmica e o lixo eletr\u00f4nico CCNE Dept\u00ba de Qu\u00edmica PIBID Qu\u00edmica UFSM Portal da UFSM P\u00f3s-Gradua\u00e7\u00e3o em Qu\u00edmica Programa de P\u00f3s-Gradua\u00e7\u00e3o em Educa\u00e7\u00e3o em Ci\u00eancias: Qu\u00edmica da Vida e Sa\u00fade QuiWebOrg Revista &#8220;Monografias Ambientais \u2013 REMOA\/UFSM&#8221; SBQ XXIV Encontro de Qu\u00edmica da Regi\u00e3o Sul, [&hellip;]<\/p>\n","protected":false},"author":115,"featured_media":0,"parent":0,"menu_order":0,"comment_status":"closed","ping_status":"closed","template":"","meta":{"footnotes":""},"categories":[],"tags":[],"class_list":["post-152","page","type-page","status-publish","hentry"],"acf":[],"_links":{"self":[{"href":"https:\/\/www.ufsm.br\/laboratorios\/laequi\/wp-json\/wp\/v2\/pages\/152","targetHints":{"allow":["GET"]}}],"collection":[{"href":"https:\/\/www.ufsm.br\/laboratorios\/laequi\/wp-json\/wp\/v2\/pages"}],"about":[{"href":"https:\/\/www.ufsm.br\/laboratorios\/laequi\/wp-json\/wp\/v2\/types\/page"}],"author":[{"embeddable":true,"href":"https:\/\/www.ufsm.br\/laboratorios\/laequi\/wp-json\/wp\/v2\/users\/115"}],"replies":[{"embeddable":true,"href":"https:\/\/www.ufsm.br\/laboratorios\/laequi\/wp-json\/wp\/v2\/comments?post=152"}],"version-history":[{"count":0,"href":"https:\/\/www.ufsm.br\/laboratorios\/laequi\/wp-json\/wp\/v2\/pages\/152\/revisions"}],"wp:attachment":[{"href":"https:\/\/www.ufsm.br\/laboratorios\/laequi\/wp-json\/wp\/v2\/media?parent=152"}],"wp:term":[{"taxonomy":"category","embeddable":true,"href":"https:\/\/www.ufsm.br\/laboratorios\/laequi\/wp-json\/wp\/v2\/categories?post=152"},{"taxonomy":"post_tag","embeddable":true,"href":"https:\/\/www.ufsm.br\/laboratorios\/laequi\/wp-json\/wp\/v2\/tags?post=152"}],"curies":[{"name":"wp","href":"https:\/\/api.w.org\/{rel}","templated":true}]}}