{"id":32,"date":"2019-05-24T15:38:39","date_gmt":"2019-05-24T18:38:39","guid":{"rendered":"https:\/\/www.ufsm.br\/template-laboratprio\/?page_id=32"},"modified":"2019-07-19T12:41:57","modified_gmt":"2019-07-19T15:41:57","slug":"projetos","status":"publish","type":"page","link":"https:\/\/www.ufsm.br\/laboratorios\/laequi\/projetos","title":{"rendered":"Projetos"},"content":{"rendered":"\n<p class=\"title\">Ci\u00eancia Viva-UFSM, Consolida\u00e7\u00e3o como Polo Difusor de Ci\u00eancia \u2013 CNPq- processo 553434\/2006-3<\/p>\n<div class=\"entry\">\n<p><em><strong>Livro Retroprojetor como bancada de laborat\u00f3rio de Qu\u00edmica<\/strong><\/em><\/p>\n<img fetchpriority=\"high\" decoding=\"async\" class=\"alignleft\" src=\"https:\/\/www.ufsm.br\/laboratorios\/laequi\/wp-content\/uploads\/sites\/688\/2019\/07\/Capa.jpg\" width=\"304\" height=\"471\" \/><br \/>\n<p><strong>Informa\u00e7\u00f5es<\/strong>: A proposta do livro \u00e9 trazer para uma visualiza\u00e7\u00e3o macrosc\u00f3pica determinadas rea\u00e7\u00f5es qu\u00edmicas e conceitos, para isso usa-se como ferramenta o retroprojetor, transformando em uma bancada de laborat\u00f3rio.<\/p>\n<p><strong>Editora<\/strong>: Pallotti.<\/p>\n<p><strong>Autores<\/strong>: Hugo T. S. Braibante, Mara E. F. Braibante, Marcele C. Trevisan, Maur\u00edcius S. Pazinato.<\/p>\n<p><strong>ISBN<\/strong>: 978-85-912672-0-0<\/p>\n<p><strong>Ano<\/strong>: 2010<\/p>\n<p><strong>Edi\u00e7\u00e3o<\/strong>: 1<\/p>\n<p><strong>N\u00famero de p\u00e1ginas<\/strong>: 80<\/p>\n<p><strong>Aquisi\u00e7\u00e3o<\/strong>:<br \/>Entrar em contato pelo telefone: (55) 3220-8762 ou pelos seguintes e-mails: maraefb@gmail.com e mauriciuspazinato@gmail.com<br \/><br \/><\/p>\n<p><em><strong>Agenda comemorativa ao Ano Internacional da Qu\u00edmica \u2013 AIQ 2011<\/strong><\/em><\/p>\n<img decoding=\"async\" class=\"alignright\" src=\"https:\/\/www.ufsm.br\/laboratorios\/laequi\/wp-content\/uploads\/sites\/688\/2019\/07\/agenda_Frente1-688x1024.jpg\" width=\"330\" height=\"491\" \/><br \/>\n<p><strong>Informa\u00e7\u00f5es<\/strong>: Esta \u00e9 uma agenda tem\u00e1tica, comemorativa ao Ano Internacional da Qu\u00edmica, 2011, e foi elaborada com o objetivo de divulgar a ci\u00eancia em todos os n\u00edveis da sociedade, por isto no in\u00edcio de cada m\u00eas h\u00e1 um pouco de Qu\u00edmica que faz parte do nosso dia a dia.<\/p>\n<p><strong>Editora<\/strong>: Pallotti.<\/p>\n<p><strong>Realiza\u00e7\u00e3o<\/strong>: Hugo T. S. Braibante, Mara E. F. Braibante.<\/p>\n<p><strong>Textos<\/strong>: Denise da Silva, Hugo T.S. Braibante, Mara E. F. Braibante, Marcele C. Trevisan, Martha B. Adaime, Maur\u00edcius S. Pazinato.<\/p>\n<p><strong>Ano<\/strong>: 2011<\/p>\n<p><strong>N\u00famero de p\u00e1ginas<\/strong>: 408<\/p>\n<h2>\u00a0<\/h2>\n<h2>PIBID-Qu\u00edmica UFSM 2009-2011<\/h2>\n<\/div>\n","protected":false},"excerpt":{"rendered":"<p>Ci\u00eancia Viva-UFSM, Consolida\u00e7\u00e3o como Polo Difusor de Ci\u00eancia \u2013 CNPq- processo 553434\/2006-3 Livro Retroprojetor como bancada de laborat\u00f3rio de Qu\u00edmica Informa\u00e7\u00f5es: A proposta do livro \u00e9 trazer para uma visualiza\u00e7\u00e3o macrosc\u00f3pica determinadas rea\u00e7\u00f5es qu\u00edmicas e conceitos, para isso usa-se como ferramenta o retroprojetor, transformando em uma bancada de laborat\u00f3rio. Editora: Pallotti. Autores: Hugo T. S. [&hellip;]<\/p>\n","protected":false},"author":25,"featured_media":0,"parent":0,"menu_order":0,"comment_status":"closed","ping_status":"closed","template":"","meta":{"footnotes":""},"categories":[],"tags":[],"class_list":["post-32","page","type-page","status-publish","hentry"],"acf":[],"_links":{"self":[{"href":"https:\/\/www.ufsm.br\/laboratorios\/laequi\/wp-json\/wp\/v2\/pages\/32","targetHints":{"allow":["GET"]}}],"collection":[{"href":"https:\/\/www.ufsm.br\/laboratorios\/laequi\/wp-json\/wp\/v2\/pages"}],"about":[{"href":"https:\/\/www.ufsm.br\/laboratorios\/laequi\/wp-json\/wp\/v2\/types\/page"}],"author":[{"embeddable":true,"href":"https:\/\/www.ufsm.br\/laboratorios\/laequi\/wp-json\/wp\/v2\/users\/25"}],"replies":[{"embeddable":true,"href":"https:\/\/www.ufsm.br\/laboratorios\/laequi\/wp-json\/wp\/v2\/comments?post=32"}],"version-history":[{"count":0,"href":"https:\/\/www.ufsm.br\/laboratorios\/laequi\/wp-json\/wp\/v2\/pages\/32\/revisions"}],"wp:attachment":[{"href":"https:\/\/www.ufsm.br\/laboratorios\/laequi\/wp-json\/wp\/v2\/media?parent=32"}],"wp:term":[{"taxonomy":"category","embeddable":true,"href":"https:\/\/www.ufsm.br\/laboratorios\/laequi\/wp-json\/wp\/v2\/categories?post=32"},{"taxonomy":"post_tag","embeddable":true,"href":"https:\/\/www.ufsm.br\/laboratorios\/laequi\/wp-json\/wp\/v2\/tags?post=32"}],"curies":[{"name":"wp","href":"https:\/\/api.w.org\/{rel}","templated":true}]}}