{"id":66,"date":"2019-07-19T13:54:53","date_gmt":"2019-07-19T16:54:53","guid":{"rendered":"https:\/\/www.ufsm.br\/laboratorios\/laequi\/?page_id=66"},"modified":"2019-07-19T15:59:49","modified_gmt":"2019-07-19T18:59:49","slug":"mestres","status":"publish","type":"page","link":"https:\/\/www.ufsm.br\/laboratorios\/laequi\/mestres","title":{"rendered":"Mestres"},"content":{"rendered":"\t\t<div data-elementor-type=\"wp-post\" data-elementor-id=\"66\" class=\"elementor elementor-66\">\n\t\t\t\t\t\t<section class=\"elementor-section elementor-top-section elementor-element elementor-element-66ba0e26 elementor-section-boxed elementor-section-height-default elementor-section-height-default\" data-id=\"66ba0e26\" data-element_type=\"section\">\n\t\t\t\t\t\t<div class=\"elementor-container elementor-column-gap-default\">\n\t\t\t\t\t<div class=\"elementor-column elementor-col-100 elementor-top-column elementor-element elementor-element-17f3e9a0\" data-id=\"17f3e9a0\" data-element_type=\"column\">\n\t\t\t<div class=\"elementor-widget-wrap elementor-element-populated\">\n\t\t\t\t\t\t<div class=\"elementor-element elementor-element-428f4bc1 elementor-widget elementor-widget-text-editor\" data-id=\"428f4bc1\" data-element_type=\"widget\" data-widget_type=\"text-editor.default\">\n\t\t\t\t<div class=\"elementor-widget-container\">\n\t\t\t\t\t\t\t<!-- wp:tadv\/classic-paragraph -->\n<div class=\"mceTemp mceIEcenter\">\n<div class=\"mceTemp\">\n<div class=\"mceTemp\">\n<p><strong>Defesas conclu\u00eddas pelo nosso grupo de pesquisa:<\/strong><\/p>\n<p><strong>\u201cO ensino de Qu\u00edmica e Arte por meio de uma abordagem interdisciplinar com a tem\u00e1tica \u201cTintas\u201d\u201d<\/strong><\/p>\n<p>Disserta\u00e7\u00e3o de mestrado da aluna: Michele Tamara Reis \u2013 05\/02\/18<\/p>\n<div id=\"attachment_2132\" class=\"wp-caption aligncenter\"><a href=\"http:\/\/w3.ufsm.br\/laequi\/wp-content\/uploads\/2011\/03\/defesa-michele-1.jpg\"><img fetchpriority=\"high\" decoding=\"async\" class=\"size-medium wp-image-2132\" title=\"Michele e professores colaboradores\" src=\"http:\/\/w3.ufsm.br\/laequi\/wp-content\/uploads\/2011\/03\/defesa-michele-1-300x300.jpg\" alt=\"Michele e professores colaboradores\" width=\"300\" height=\"300\" data-wp-editing=\"1\" \/><\/a>\n<p class=\"wp-caption-text\">Michele e professores colaboradores<\/p>\n<\/div>\n<div id=\"attachment_2133\" class=\"wp-caption aligncenter\"><a href=\"http:\/\/w3.ufsm.br\/laequi\/wp-content\/uploads\/2011\/03\/defesa-michele-2.jpg\"><img decoding=\"async\" class=\"size-medium wp-image-2133\" title=\"Grupo LAEQUI\" src=\"http:\/\/w3.ufsm.br\/laequi\/wp-content\/uploads\/2011\/03\/defesa-michele-2-300x165.jpg\" alt=\"\" width=\"300\" height=\"165\" \/><\/a>\n<p class=\"wp-caption-text\">Grupo LAEQUI<\/p>\n<\/div>\n<p><strong>\u201cO uso do conhecimento tecnol\u00f3gico e pedag\u00f3gico de conte\u00fado integrado a Taxonomia digital de Bloom para o ensino de qu\u00edmica\u201d<\/strong><\/p>\n<p>Disserta\u00e7\u00e3o de mestrado da aluna:\u00a0<strong>Fabiane Almeida Wentz<\/strong>\u00a0\u2013 01\/02-18<\/p>\n<div id=\"attachment_2138\" class=\"wp-caption aligncenter\"><a href=\"http:\/\/w3.ufsm.br\/laequi\/wp-content\/uploads\/2011\/03\/banca-fabi.jpg\"><img decoding=\"async\" class=\"size-medium wp-image-2138\" title=\"banca fabi\" src=\"http:\/\/w3.ufsm.br\/laequi\/wp-content\/uploads\/2011\/03\/banca-fabi-300x191.jpg\" alt=\"Fabiane e banca examinadora\" width=\"300\" height=\"191\" \/><\/a>\n<p class=\"wp-caption-text\">Fabiane e banca examinadora<\/p>\n<\/div>\n<p>\u201cEnsino e aprendizagem de Qu\u00edmica a partir da tem\u00e1tica \u201ctintas para tatuagem\u201d<\/p>\n<p>Disserta\u00e7\u00e3o de mestrado da aluna:<strong>\u00a0Arlete Pierina Calderan \u2013\u00a0<\/strong>05\/06\/17<\/p>\n<div id=\"attachment_2140\" class=\"wp-caption aligncenter\"><a href=\"http:\/\/w3.ufsm.br\/laequi\/wp-content\/uploads\/2011\/03\/arlete-e-banca.jpg\"><img loading=\"lazy\" decoding=\"async\" class=\"size-medium wp-image-2140\" title=\"arlete e banca\" src=\"http:\/\/w3.ufsm.br\/laequi\/wp-content\/uploads\/2011\/03\/arlete-e-banca-224x300.jpg\" alt=\"\" width=\"224\" height=\"300\" \/><\/a>\n<p class=\"wp-caption-text\">Arlete e banca examinadora<\/p>\n<\/div>\n<p><strong>\u201cTecidos T\u00eaxteis: Uma tem\u00e1tica para o ensino e aprendizagem de Qu\u00edmica.\u201d<\/strong><\/p>\n<p>Disserta\u00e7\u00e3o de mestrado da aluna:\u00a0<strong>Valesca Vargas Vieira<\/strong>\u00a0\u2013 03\/03\/2017<\/p>\n<div id=\"attachment_1952\" class=\"wp-caption aligncenter\"><a href=\"http:\/\/w3.ufsm.br\/laequi\/wp-content\/uploads\/2011\/03\/17098394_1337823149589329_8534691815039102051_n.jpg\"><img loading=\"lazy\" decoding=\"async\" class=\"size-medium wp-image-1952\" title=\"17098394_1337823149589329_8534691815039102051_n\" src=\"http:\/\/w3.ufsm.br\/laequi\/wp-content\/uploads\/2011\/03\/17098394_1337823149589329_8534691815039102051_n-300x225.jpg\" alt=\"\" width=\"300\" height=\"225\" \/><\/a>\n<p class=\"wp-caption-text\">Valesca e banca examinadora<\/p>\n<\/div>\n<p><strong>\u201cBioqu\u00edmica na escola: Uma proposta did\u00e1tica para a aprendizagem significativa\u201d<\/strong><\/p>\n<p>Disserta\u00e7\u00e3o de mestrado da aluna:\u00a0<strong>Jennifer Alejandra Suarez Silva-<\/strong>\u00a006\/01\/2017<\/p>\n<p><a href=\"http:\/\/w3.ufsm.br\/laequi\/wp-content\/uploads\/2011\/03\/IMG_29011.jpg\"><img loading=\"lazy\" decoding=\"async\" class=\"aligncenter size-medium wp-image-1937\" title=\"IMG_2901\" src=\"http:\/\/w3.ufsm.br\/laequi\/wp-content\/uploads\/2011\/03\/IMG_29011-300x224.jpg\" alt=\"\" width=\"300\" height=\"224\" \/><\/a><\/p>\n<p>Alejandra e banca examinadora<\/p>\n<p><strong>\u201cA Qu\u00edmica da Odontologia: Contribui\u00e7\u00f5es para o ensino\u201d<\/strong><\/p>\n<p>Disserta\u00e7\u00e3o de mestrado da aluna<strong>: Greyce Arrua Storgatto \u2013 15\/01\/2016<\/strong><\/p>\n<p><strong><a href=\"http:\/\/w3.ufsm.br\/laequi\/wp-content\/uploads\/2011\/03\/12509137_942167292543966_4612253930112597246_n.jpg\"><img loading=\"lazy\" decoding=\"async\" class=\"aligncenter size-medium wp-image-1667\" title=\"12509137_942167292543966_4612253930112597246_n\" src=\"http:\/\/w3.ufsm.br\/laequi\/wp-content\/uploads\/2011\/03\/12509137_942167292543966_4612253930112597246_n-300x200.jpg\" alt=\"\" width=\"300\" height=\"200\" \/><\/a><\/strong><\/p>\n<p>Greyce e Banca examinadora<\/p>\n<p><strong><a href=\"http:\/\/w3.ufsm.br\/laequi\/wp-content\/uploads\/2011\/03\/12509806_942167402543955_7100206678102333513_n.jpg\"><img loading=\"lazy\" decoding=\"async\" class=\"aligncenter size-medium wp-image-1668\" title=\"12509806_942167402543955_7100206678102333513_n\" src=\"http:\/\/w3.ufsm.br\/laequi\/wp-content\/uploads\/2011\/03\/12509806_942167402543955_7100206678102333513_n-300x200.jpg\" alt=\"\" width=\"300\" height=\"200\" \/><\/a>Greyce e colegas de grupo<\/strong><\/p>\n<p><strong>\u201d Polui\u00e7\u00e3o como Tem\u00e1tica para Constru\u00e7\u00e3o do Conhecimento de Rea\u00e7\u00f5es Redox sob uma Perspectiva CTSA\u201d<\/strong><\/p>\n<p>Disserta\u00e7\u00e3o de mestrado da aluna<strong>: Sabrina Gabriela Klein \u2013 08\/01\/2016<\/strong><\/p>\n<p><strong><a href=\"http:\/\/w3.ufsm.br\/laequi\/wp-content\/uploads\/2011\/03\/12494817_990502614321386_2416220201644290333_n.jpg\"><img loading=\"lazy\" decoding=\"async\" class=\"aligncenter size-medium wp-image-1665\" title=\"12494817_990502614321386_2416220201644290333_n\" src=\"http:\/\/w3.ufsm.br\/laequi\/wp-content\/uploads\/2011\/03\/12494817_990502614321386_2416220201644290333_n-300x219.jpg\" alt=\"\" width=\"300\" height=\"219\" \/><\/a><\/strong><\/p>\n<p>Sabrina e banca examinadora<\/p>\n<p><a href=\"http:\/\/w3.ufsm.br\/laequi\/wp-content\/uploads\/2011\/03\/945573_990502674321380_5938038288943295664_n.jpg\"><img loading=\"lazy\" decoding=\"async\" class=\"aligncenter size-medium wp-image-1666\" title=\"945573_990502674321380_5938038288943295664_n\" src=\"http:\/\/w3.ufsm.br\/laequi\/wp-content\/uploads\/2011\/03\/945573_990502674321380_5938038288943295664_n-300x220.jpg\" alt=\"\" width=\"300\" height=\"220\" \/><\/a>Sabrina e colegas de grupo<\/p>\n<p><strong>\u201d A Tem\u00e1tica \u201cCores\u201d no Ensino de Qu\u00edmica\u201d<\/strong><\/p>\n<p>Disserta\u00e7\u00e3o de mestrado da aluna<strong>: \u00c2ngela Renata Kraisig \u2013 07\/01\/2016<\/strong><\/p>\n<p><a href=\"http:\/\/w3.ufsm.br\/laequi\/wp-content\/uploads\/2011\/03\/581926_732537823513165_7667368604682230674_n.jpg\"><img loading=\"lazy\" decoding=\"async\" class=\"aligncenter size-medium wp-image-1663\" title=\"581926_732537823513165_7667368604682230674_n\" src=\"http:\/\/w3.ufsm.br\/laequi\/wp-content\/uploads\/2011\/03\/581926_732537823513165_7667368604682230674_n-285x300.jpg\" alt=\"\" width=\"285\" height=\"300\" \/><\/a><\/p>\n<p>\u00c2ngela e Banca Examinadora<\/p>\n<p><a href=\"http:\/\/w3.ufsm.br\/laequi\/wp-content\/uploads\/2011\/03\/12512517_732537810179833_3170265769171923068_n.jpg\"><img loading=\"lazy\" decoding=\"async\" class=\"aligncenter size-medium wp-image-1664\" title=\"12512517_732537810179833_3170265769171923068_n\" src=\"http:\/\/w3.ufsm.br\/laequi\/wp-content\/uploads\/2011\/03\/12512517_732537810179833_3170265769171923068_n-300x223.jpg\" alt=\"\" width=\"300\" height=\"223\" \/><\/a>\u00c2ngela e colegas de grupo<\/p>\n<p><strong>\u201d A Qu\u00edmica dos Minerais: Uma tem\u00e1tica pra investigar o papel da experimenta\u00e7\u00e3o no Ensino de Ci\u00eancias\u201d<\/strong><\/p>\n<p>Disserta\u00e7\u00e3o de mestrado da aluna:\u00a0<strong>\u00c2ngela Malvina Durand \u2013 09\/04\/2015<\/strong><\/p>\n<p><strong><a href=\"http:\/\/w3.ufsm.br\/laequi\/wp-content\/uploads\/2011\/03\/11149286_1123728457652948_3972677014224136784_n.jpg\"><img loading=\"lazy\" decoding=\"async\" class=\"aligncenter size-medium wp-image-1661\" title=\"Aluna \u00c2ngela e sua banca examinadora\" src=\"http:\/\/w3.ufsm.br\/laequi\/wp-content\/uploads\/2011\/03\/11149286_1123728457652948_3972677014224136784_n-300x168.jpg\" alt=\"\" width=\"300\" height=\"168\" \/><\/a><\/strong><\/p>\n<p>Banca examinadora<\/p>\n<p><strong><a href=\"http:\/\/w3.ufsm.br\/laequi\/wp-content\/uploads\/2011\/03\/10425164_1123724724319988_4656853082246473770_n.jpg\"><img loading=\"lazy\" decoding=\"async\" class=\"aligncenter size-medium wp-image-1662\" title=\"\u00c2ngela e seus colegas de grupo\" src=\"http:\/\/w3.ufsm.br\/laequi\/wp-content\/uploads\/2011\/03\/10425164_1123724724319988_4656853082246473770_n-300x168.jpg\" alt=\"\" width=\"300\" height=\"168\" \/><\/a>Colegas de grupo<\/strong><\/p>\n<p><strong>\u201cTemas geradores atrav\u00e9s de uma abordagem tem\u00e1tica freireana como estrat\u00e9gia para o ensino de Qu\u00edmica e Biologia<\/strong><strong>\u201c<\/strong><\/p>\n<p>Disserta\u00e7\u00e3o de mestrado da aluna:<strong>\u00a0Ana Carolina Gomes Miranda \u2013 27\/01\/2015<\/strong><\/p>\n<div id=\"attachment_1381\" class=\"wp-caption aligncenter\"><a href=\"http:\/\/w3.ufsm.br\/laequi\/wp-content\/uploads\/2011\/03\/banca-ana.jpg\"><img loading=\"lazy\" decoding=\"async\" class=\"size-medium wp-image-1381\" title=\"Banca examinadora da aluna Ana Carolina \" src=\"http:\/\/w3.ufsm.br\/laequi\/wp-content\/uploads\/2011\/03\/banca-ana-300x225.jpg\" alt=\"\" width=\"300\" height=\"225\" \/><\/a>\n<p class=\"wp-caption-text\">Banca examinadora da aluna Ana Carolina<\/p>\n<\/div>\n<div id=\"attachment_1382\" class=\"wp-caption aligncenter\"><a href=\"http:\/\/w3.ufsm.br\/laequi\/wp-content\/uploads\/2011\/03\/Ana-e-amigos.jpg\"><img loading=\"lazy\" decoding=\"async\" class=\"size-medium wp-image-1382\" title=\"Ana e os colegas \" src=\"http:\/\/w3.ufsm.br\/laequi\/wp-content\/uploads\/2011\/03\/Ana-e-amigos-300x220.jpg\" alt=\"\" width=\"300\" height=\"220\" \/><\/a>\n<p class=\"wp-caption-text\">Ana e os colegas<\/p>\n<\/div>\n<p><strong><em>\u201cAromas: contextualizando o ensino de Qu\u00edmica atrav\u00e9s do olfato e paladar\u201d<\/em><\/strong><\/p>\n<p>Disserta\u00e7\u00e3o de mestrado de<strong>\u00a0Fernando Vasconcelos de Oliveira \u2013 03\/07\/2014<\/strong><\/p>\n<div id=\"attachment_1259\" class=\"wp-caption aligncenter\"><strong><a href=\"http:\/\/w3.ufsm.br\/laequi\/wp-content\/uploads\/2011\/03\/Banca-examinadora-da-disserta%C3%A7%C3%A3o-de-mestrado-do-aluno-fernando.jpg\"><img loading=\"lazy\" decoding=\"async\" class=\"size-medium wp-image-1259\" title=\"Banca examinadora da disserta\u00e7\u00e3o de mestrado do aluno fernando\" src=\"http:\/\/w3.ufsm.br\/laequi\/wp-content\/uploads\/2011\/03\/Banca-examinadora-da-disserta%C3%A7%C3%A3o-de-mestrado-do-aluno-fernando-300x168.jpg\" alt=\"\" width=\"300\" height=\"168\" \/><\/a><\/strong>\n<p class=\"wp-caption-text\">Banca examinadora da disserta\u00e7\u00e3o de mestrado do Fernando<\/p>\n<\/div>\n<p><strong><em>Constru\u00e7\u00e3o do conhecimento qu\u00edmico atrav\u00e9s do esporte<\/em><\/strong><\/p>\n<p>Disserta\u00e7\u00e3o de mestrado da aluna\u00a0<strong>Tha\u00eds Rios da Rocha \u2013 25\/04\/2014<\/strong><\/p>\n<div id=\"attachment_1256\" class=\"wp-caption aligncenter\"><strong><a href=\"http:\/\/w3.ufsm.br\/laequi\/wp-content\/uploads\/2011\/03\/Banca-examinadora-da-disserta%C3%A7%C3%A3o-de-mestrado-do-aluno-Leandro..jpg\"><img loading=\"lazy\" decoding=\"async\" class=\"size-medium wp-image-1256\" title=\"Banca examinadora da disserta\u00e7\u00e3o de mestrado do aluno Leandro.\" src=\"http:\/\/w3.ufsm.br\/laequi\/wp-content\/uploads\/2011\/03\/Banca-examinadora-da-disserta%C3%A7%C3%A3o-de-mestrado-do-aluno-Leandro.-300x201.jpg\" alt=\"\" width=\"300\" height=\"201\" \/><\/a><\/strong>\n<p class=\"wp-caption-text\">Banca-examinadora-da-disserta\u00e7\u00e3o-de-mestrado da aluna Tha\u00eds<\/p>\n<\/div>\n<\/div>\n<div class=\"mceTemp\">\n<div id=\"attachment_1257\" class=\"wp-caption aligncenter\"><a href=\"http:\/\/w3.ufsm.br\/laequi\/wp-content\/uploads\/2011\/03\/Tha%C3%ADs-e-seus-colegas.jpg\"><img loading=\"lazy\" decoding=\"async\" class=\"size-medium wp-image-1257\" title=\"Tha\u00eds e seus colegas\" src=\"http:\/\/w3.ufsm.br\/laequi\/wp-content\/uploads\/2011\/03\/Tha%C3%ADs-e-seus-colegas-300x201.jpg\" alt=\"\" width=\"300\" height=\"201\" \/><\/a>\n<p class=\"wp-caption-text\">Tha\u00eds e seus colegas<\/p>\n<\/div>\n<p><strong><em>Lixo eletr\u00f4nico como possibilidade para o ensino de Qu\u00edmica na forma\u00e7\u00e3o de professores<\/em><\/strong><\/p>\n<p>Disserta\u00e7\u00e3o de mestrado de<strong>\u00a0Leandro da Silva Friedrich \u2013 24\/04\/2014<\/strong><\/p>\n<div id=\"attachment_1252\" class=\"wp-caption aligncenter\"><strong><a href=\"http:\/\/w3.ufsm.br\/laequi\/wp-content\/uploads\/2011\/03\/Banca-Leadro.jpg\"><img loading=\"lazy\" decoding=\"async\" class=\"size-medium wp-image-1252\" title=\"Banca Leadro\" src=\"http:\/\/w3.ufsm.br\/laequi\/wp-content\/uploads\/2011\/03\/Banca-Leadro-300x200.jpg\" alt=\"\" width=\"300\" height=\"200\" \/><\/a><\/strong>\n<p class=\"wp-caption-text\">Banca examinadora da disserta\u00e7\u00e3o de mestrado do aluno Leandro.<\/p>\n<\/div>\n<\/div>\n<div class=\"mceTemp\">\n<div id=\"attachment_1254\" class=\"wp-caption aligncenter\"><a href=\"http:\/\/w3.ufsm.br\/laequi\/wp-content\/uploads\/2011\/03\/Leandro-e-colegas.jpg\"><img loading=\"lazy\" decoding=\"async\" class=\"size-medium wp-image-1254\" title=\"Leandro e colegas\" src=\"http:\/\/w3.ufsm.br\/laequi\/wp-content\/uploads\/2011\/03\/Leandro-e-colegas-300x200.jpg\" alt=\"\" width=\"300\" height=\"200\" \/><\/a>\n<p class=\"wp-caption-text\">Leandro e seus colegas<\/p>\n<\/div>\n<p><strong><em><a href=\"http:\/\/w3.ufsm.br\/ppgecqv\/Docs\/Dissertacoes\/GIOVANNA.pdf\">A Abordagem do Modelo At\u00f4mico de Bohr atrav\u00e9s de Atividades Experimentais e de Modelagem<\/a><\/em><\/strong><\/p>\n<p><strong>Disserta\u00e7\u00e3o de mestrado de\u00a0<em>Giovanna Stefanello Silva \u2013 26\/04\/2013<\/em><\/strong><\/p>\n<div id=\"attachment_1157\" class=\"wp-caption aligncenter\"><a href=\"http:\/\/w3.ufsm.br\/laequi\/wp-content\/uploads\/2011\/03\/DSC04785.jpg\"><img loading=\"lazy\" decoding=\"async\" class=\"size-medium wp-image-1157\" title=\"DSC04785\" src=\"http:\/\/w3.ufsm.br\/laequi\/wp-content\/uploads\/2011\/03\/DSC04785-300x225.jpg\" alt=\"\" width=\"300\" height=\"225\" \/><\/a>\n<p class=\"wp-caption-text\">Giovanna e seus colegas<\/p>\n<\/div>\n<div id=\"attachment_1156\" class=\"wp-caption aligncenter\"><a href=\"http:\/\/w3.ufsm.br\/laequi\/wp-content\/uploads\/2011\/03\/DSC04779.jpg\"><img loading=\"lazy\" decoding=\"async\" class=\"size-medium wp-image-1156\" title=\"DSC04779\" src=\"http:\/\/w3.ufsm.br\/laequi\/wp-content\/uploads\/2011\/03\/DSC04779-300x225.jpg\" alt=\"\" width=\"300\" height=\"225\" \/><\/a>\n<p class=\"wp-caption-text\">Banca examinadora da disserta\u00e7\u00e3o de mestrado da aluna Giovanna.<\/p>\n<\/div>\n<\/div>\n<div class=\"mceTemp\">\n<p><strong><em><a href=\"http:\/\/w3.ufsm.br\/ppgecqv\/Docs\/Dissertacoes\/Ediane.PDF\">A tem\u00e1tica atmosfera como ferramenta para o ensino de Qu\u00edmica<\/a><\/em><\/strong><\/p>\n<p>Disserta\u00e7\u00e3o de mestrado de<strong><em>\u00a0Ediane Machado Wollmann<\/em><\/strong>\u00a0\u2013\u00a0<strong>22\/01\/2013<\/strong><\/p>\n<div id=\"attachment_988\" class=\"wp-caption alignnone\"><a href=\"http:\/\/w3.ufsm.br\/laequi\/wp-content\/uploads\/2011\/03\/ediane1.jpg\"><img loading=\"lazy\" decoding=\"async\" class=\"size-full wp-image-988   \" title=\"Ediane e colegas\" src=\"http:\/\/w3.ufsm.br\/laequi\/wp-content\/uploads\/2011\/03\/ediane1.jpg\" alt=\"\" width=\"274\" height=\"206\" \/><\/a>\n<p class=\"wp-caption-text\">Ediane e seus colegas<\/p>\n<\/div>\n<div id=\"attachment_989\" class=\"wp-caption alignnone\"><a href=\"http:\/\/w3.ufsm.br\/laequi\/wp-content\/uploads\/2011\/03\/ediane2.jpg\"><img loading=\"lazy\" decoding=\"async\" class=\"size-full wp-image-989   \" title=\"Ediane e banca\" src=\"http:\/\/w3.ufsm.br\/laequi\/wp-content\/uploads\/2011\/03\/ediane2.jpg\" alt=\"\" width=\"274\" height=\"206\" \/><\/a>\n<p class=\"wp-caption-text\">Banca examinadora da disserta\u00e7\u00e3o da aluna Ediane<\/p>\n<\/div>\n<p><strong><em><a href=\"http:\/\/cascavel.cpd.ufsm.br\/tede\/tde_busca\/arquivo.php?codArquivo=4486\">Alimentos: uma tem\u00e1tica geradora do conhecimento qu\u00edmico<\/a><br \/><\/em><\/strong>Disserta\u00e7\u00e3o de mestrado de\u00a0<strong><em>Maur\u00edcius Selvero Pazinato \u2013 15\/03\/2012<\/em><\/strong><\/p>\n<div id=\"attachment_559\" class=\"wp-caption alignnone\"><strong><em><a href=\"http:\/\/w3.ufsm.br\/laequi\/wp-content\/uploads\/2011\/03\/DSC00777.jpg\"><img loading=\"lazy\" decoding=\"async\" class=\"size-medium wp-image-559\" title=\"Maur\u00edcius e seus colegas\" src=\"http:\/\/w3.ufsm.br\/laequi\/wp-content\/uploads\/2011\/03\/DSC00777-212x300.jpg\" alt=\"Maur\u00edcius e seus colegas\" width=\"212\" height=\"300\" \/><\/a><\/em><\/strong>\n<p class=\"wp-caption-text\">Maur\u00edcius e seus colegas<\/p>\n<\/div>\n<div id=\"attachment_561\" class=\"wp-caption alignnone\"><a href=\"http:\/\/w3.ufsm.br\/laequi\/wp-content\/uploads\/2011\/03\/DSC007641.jpg\"><img loading=\"lazy\" decoding=\"async\" class=\"size-medium wp-image-561\" title=\"Banca examinadora da disserta\u00e7\u00e3o do aluno Maur\u00edcius\" src=\"http:\/\/w3.ufsm.br\/laequi\/wp-content\/uploads\/2011\/03\/DSC007641-268x300.jpg\" alt=\"Banca examinadora da disserta\u00e7\u00e3o do aluno Maur\u00edcius\" width=\"268\" height=\"300\" \/><\/a>\n<p class=\"wp-caption-text\">Banca examinadora da disserta\u00e7\u00e3o do aluno Maur\u00edcius<\/p>\n<\/div>\n<p><strong><em><a title=\"Clique para acessar o arquivo da disserta\u00e7\u00e3o\" href=\"http:\/\/cascavel.cpd.ufsm.br\/tede\/tde_busca\/arquivo.php?codArquivo=4325\" target=\"_blank\" rel=\"noopener noreferrer\">Sa\u00fade Bucal como tem\u00e1tica para um ensino de Qu\u00edmica contextualizado<\/a><br \/><\/em><\/strong>Disserta\u00e7\u00e3o de mestrado de\u00a0<strong><em>Marcele C. Trevisan \u2013 19\/01\/2012<\/em><\/strong><\/p>\n<div id=\"attachment_513\" class=\"wp-caption alignnone\"><strong><em><a href=\"http:\/\/w3.ufsm.br\/laequi\/wp-content\/uploads\/2011\/03\/DSC02235.jpg\"><img loading=\"lazy\" decoding=\"async\" class=\"size-medium wp-image-513\" title=\"DSC02235\" src=\"http:\/\/w3.ufsm.br\/laequi\/wp-content\/uploads\/2011\/03\/DSC02235-300x225.jpg\" alt=\"Marcele e seus colegas\" width=\"300\" height=\"225\" \/><\/a><\/em><\/strong>\n<p class=\"wp-caption-text\">Marcele e seus colegas<\/p>\n<\/div>\n<div id=\"attachment_514\" class=\"wp-caption alignnone\"><a href=\"http:\/\/w3.ufsm.br\/laequi\/wp-content\/uploads\/2011\/03\/DSC022311.jpg\"><img loading=\"lazy\" decoding=\"async\" class=\"size-medium wp-image-514\" title=\"DSC02231\" src=\"http:\/\/w3.ufsm.br\/laequi\/wp-content\/uploads\/2011\/03\/DSC022311-300x225.jpg\" alt=\"Banca examinadora da disserta\u00e7\u00e3o da aluna Marcele\" width=\"300\" height=\"225\" \/><\/a>\n<p class=\"wp-caption-text\">Banca examinadora da disserta\u00e7\u00e3o da aluna Marcele<\/p>\n<\/div>\n<p><strong><em><a title=\"Clique para acessar o arquivo da disserta\u00e7\u00e3o\" href=\"http:\/\/cascavel.cpd.ufsm.br\/tede\/tde_busca\/arquivo.php?codArquivo=3817\" target=\"_blank\" rel=\"noopener noreferrer\">A Qu\u00edmica dos Ch\u00e1s: uma tem\u00e1tica para o Ensino de Qu\u00edmica Org\u00e2nica<\/a><br \/><\/em><\/strong>Disserta\u00e7\u00e3o de mestrado de\u00a0<strong><em>Denise da Silva \u2013 07\/07\/2011<\/em><\/strong><\/p>\n<div id=\"attachment_380\" class=\"wp-caption alignnone\"><a href=\"http:\/\/w3.ufsm.br\/laequi\/wp-content\/uploads\/2011\/03\/Denise-e-seus-colegas1.jpg\"><img loading=\"lazy\" decoding=\"async\" class=\"size-medium wp-image-380 \" title=\"Denise e seus colegas\" src=\"http:\/\/w3.ufsm.br\/laequi\/wp-content\/uploads\/2011\/03\/Denise-e-seus-colegas1-300x225.jpg\" alt=\"\" width=\"300\" height=\"225\" \/><\/a>\n<p class=\"wp-caption-text\">Denise e seus colegas.<\/p>\n<\/div>\n<div id=\"attachment_394\" class=\"wp-caption alignnone\"><a href=\"http:\/\/w3.ufsm.br\/laequi\/wp-content\/uploads\/2011\/03\/DSC006921.jpg\"><img loading=\"lazy\" decoding=\"async\" class=\"size-medium wp-image-394 \" title=\"Banca examinadora da disserta\u00e7\u00e3o da aluna Denise.\" src=\"http:\/\/w3.ufsm.br\/laequi\/wp-content\/uploads\/2011\/03\/DSC006921-300x225.jpg\" alt=\"\" width=\"300\" height=\"225\" \/><\/a>\n<p class=\"wp-caption-text\">Banca examinadora da disserta\u00e7\u00e3o da aluna Denise.<\/p>\n<\/div>\n<p><em><strong><a title=\"Clique para acessar o arquivo da disserta\u00e7\u00e3o\" href=\"http:\/\/cascavel.cpd.ufsm.br\/tede\/tde_busca\/arquivo.php?codArquivo=3577\" target=\"_blank\" rel=\"noopener noreferrer\">A Qu\u00edmica da Est\u00e9tica Capilar como tem\u00e1tica no Ensino de Qu\u00edmica e na capacita\u00e7\u00e3o dos profissionais da beleza<\/a><br \/><\/strong><\/em>Disserta\u00e7\u00e3o de mestrado de<em><strong>\u00a0Rita de Cassia Oliveira K\u00f6hler \u2013 27\/01\/2011<\/strong><\/em><\/p>\n<figure id=\"attachment_290\" aria-describedby=\"caption-attachment-290\" style=\"width: 300px\" class=\"wp-caption alignnone\"><a href=\"http:\/\/w3.ufsm.br\/laequi\/wp-content\/uploads\/2011\/03\/defesa_Rita.jpg\"><img loading=\"lazy\" decoding=\"async\" class=\"size-medium wp-image-290  \" title=\"defesa_Rita\" src=\"http:\/\/w3.ufsm.br\/laequi\/wp-content\/uploads\/2011\/03\/defesa_Rita-300x225.jpg\" alt=\"\" width=\"300\" height=\"225\" \/><\/a><figcaption id=\"caption-attachment-290\" class=\"wp-caption-text\">Rita e seus colegas<\/figcaption><\/figure>\n<figure id=\"attachment_289\" aria-describedby=\"caption-attachment-289\" style=\"width: 300px\" class=\"wp-caption alignnone\"><a href=\"http:\/\/w3.ufsm.br\/laequi\/wp-content\/uploads\/2011\/03\/defesabanca1.jpg\"><img loading=\"lazy\" decoding=\"async\" class=\"size-medium wp-image-289  \" title=\"defesabanca\" src=\"http:\/\/w3.ufsm.br\/laequi\/wp-content\/uploads\/2011\/03\/defesabanca1-300x225.jpg\" alt=\"\" width=\"300\" height=\"225\" \/><\/a><figcaption id=\"caption-attachment-289\" class=\"wp-caption-text\">Banca examinadora da disserta\u00e7\u00e3o da aluna Rita.<\/figcaption><\/figure>\n<\/div>\n<p><em><strong><a title=\"Clique para acessar o arquivo da disserta\u00e7\u00e3o\" href=\"http:\/\/cascavel.cpd.ufsm.br\/tede\/tde_busca\/arquivo.php?codArquivo=3587\" target=\"_blank\" rel=\"noopener noreferrer\">Agrot\u00f3xicos no contexto qu\u00edmico e social<\/a><br \/><\/strong><\/em>Disserta\u00e7\u00e3o de mestrado de\u00a0<em><strong>Janessa Aline Zappe \u2013 20\/01\/2011<\/strong><\/em><\/p>\n<div id=\"attachment_499\" class=\"wp-caption alignnone\"><img loading=\"lazy\" decoding=\"async\" class=\"size-medium wp-image-499 \" title=\"Janessa e seus colegas\" src=\"http:\/\/w3.ufsm.br\/laequi\/wp-content\/uploads\/2011\/03\/DSC03000-300x225.jpg\" alt=\"\" width=\"300\" height=\"225\" \/>\n<p class=\"wp-caption-text\">Janessa e seus colegas<\/p>\n<\/div>\n<div id=\"attachment_500\" class=\"wp-caption alignnone\"><a href=\"http:\/\/w3.ufsm.br\/laequi\/wp-content\/uploads\/2011\/03\/DSC02996.jpg\"><img loading=\"lazy\" decoding=\"async\" class=\"size-medium wp-image-500\" title=\"Banca examinadora da disserta\u00e7\u00e3o da aluna Janessa\" src=\"http:\/\/w3.ufsm.br\/laequi\/wp-content\/uploads\/2011\/03\/DSC02996-300x225.jpg\" alt=\"\" width=\"300\" height=\"225\" \/><\/a>\n<p class=\"wp-caption-text\">Banca examinadora da disserta\u00e7\u00e3o da aluna Janessa<\/p>\n<\/div>\n<!-- \/wp:tadv\/classic-paragraph --><\/div>\n<\/div>\t\t\t\t\t\t<\/div>\n\t\t\t\t<\/div>\n\t\t\t\t\t<\/div>\n\t\t<\/div>\n\t\t\t\t\t<\/div>\n\t\t<\/section>\n\t\t\t\t<\/div>\n\t\t","protected":false},"excerpt":{"rendered":"<p>Defesas conclu\u00eddas pelo nosso grupo de pesquisa: \u201cO ensino de Qu\u00edmica e Arte por meio de uma abordagem interdisciplinar com a tem\u00e1tica \u201cTintas\u201d\u201d Disserta\u00e7\u00e3o de mestrado da aluna: Michele Tamara Reis \u2013 05\/02\/18 Michele e professores colaboradores Grupo LAEQUI \u201cO uso do conhecimento tecnol\u00f3gico e pedag\u00f3gico de conte\u00fado integrado a Taxonomia digital de Bloom para [&hellip;]<\/p>\n","protected":false},"author":118,"featured_media":0,"parent":0,"menu_order":0,"comment_status":"closed","ping_status":"closed","template":"","meta":{"footnotes":""},"categories":[],"tags":[],"class_list":["post-66","page","type-page","status-publish","hentry"],"acf":[],"_links":{"self":[{"href":"https:\/\/www.ufsm.br\/laboratorios\/laequi\/wp-json\/wp\/v2\/pages\/66","targetHints":{"allow":["GET"]}}],"collection":[{"href":"https:\/\/www.ufsm.br\/laboratorios\/laequi\/wp-json\/wp\/v2\/pages"}],"about":[{"href":"https:\/\/www.ufsm.br\/laboratorios\/laequi\/wp-json\/wp\/v2\/types\/page"}],"author":[{"embeddable":true,"href":"https:\/\/www.ufsm.br\/laboratorios\/laequi\/wp-json\/wp\/v2\/users\/118"}],"replies":[{"embeddable":true,"href":"https:\/\/www.ufsm.br\/laboratorios\/laequi\/wp-json\/wp\/v2\/comments?post=66"}],"version-history":[{"count":0,"href":"https:\/\/www.ufsm.br\/laboratorios\/laequi\/wp-json\/wp\/v2\/pages\/66\/revisions"}],"wp:attachment":[{"href":"https:\/\/www.ufsm.br\/laboratorios\/laequi\/wp-json\/wp\/v2\/media?parent=66"}],"wp:term":[{"taxonomy":"category","embeddable":true,"href":"https:\/\/www.ufsm.br\/laboratorios\/laequi\/wp-json\/wp\/v2\/categories?post=66"},{"taxonomy":"post_tag","embeddable":true,"href":"https:\/\/www.ufsm.br\/laboratorios\/laequi\/wp-json\/wp\/v2\/tags?post=66"}],"curies":[{"name":"wp","href":"https:\/\/api.w.org\/{rel}","templated":true}]}}