{"id":2,"date":"2019-05-14T15:59:30","date_gmt":"2019-05-14T18:59:30","guid":{"rendered":"https:\/\/www.ufsm.br\/laboratorios-larp\/?page_id=2"},"modified":"2025-11-17T14:37:58","modified_gmt":"2025-11-17T17:37:58","slug":"pagina-inicial","status":"publish","type":"page","link":"https:\/\/www.ufsm.br\/laboratorios\/lageolam\/","title":{"rendered":"P\u00e1gina inicial"},"content":{"rendered":"\t\t<div data-elementor-type=\"wp-post\" data-elementor-id=\"2\" class=\"elementor elementor-2\">\n\t\t\t\t\t\t<section class=\"elementor-section elementor-top-section elementor-element elementor-element-6e6b627 elementor-section-boxed elementor-section-height-default elementor-section-height-default\" data-id=\"6e6b627\" data-element_type=\"section\">\n\t\t\t\t\t\t<div class=\"elementor-container elementor-column-gap-default\">\n\t\t\t\t\t<div class=\"elementor-column elementor-col-100 elementor-top-column elementor-element elementor-element-e6a3f8d\" data-id=\"e6a3f8d\" data-element_type=\"column\">\n\t\t\t<div class=\"elementor-widget-wrap elementor-element-populated\">\n\t\t\t\t\t\t<div class=\"elementor-element elementor-element-3b1e163 elementor-widget elementor-widget-image\" data-id=\"3b1e163\" data-element_type=\"widget\" data-widget_type=\"image.default\">\n\t\t\t\t<div class=\"elementor-widget-container\">\n\t\t\t\t\t\t\t\t\t\t\t\t\t\t<a href=\"https:\/\/www.ufsm.br\/laboratorios\/lageolam\/relatorios-pmrr-santa-maria-rs\" target=\"_blank\">\n\t\t\t\t\t\t\t<img fetchpriority=\"high\" decoding=\"async\" width=\"768\" height=\"614\" src=\"https:\/\/www.ufsm.br\/app\/uploads\/sites\/649\/2024\/08\/Mosaico_site_Lageolam-1-768x614.jpg\" class=\"attachment-medium_large size-medium_large wp-image-326\" alt=\"\" srcset=\"https:\/\/www.ufsm.br\/app\/uploads\/sites\/649\/2024\/08\/Mosaico_site_Lageolam-1-768x614.jpg 768w, https:\/\/www.ufsm.br\/app\/uploads\/sites\/649\/2024\/08\/Mosaico_site_Lageolam-1-300x240.jpg 300w, https:\/\/www.ufsm.br\/app\/uploads\/sites\/649\/2024\/08\/Mosaico_site_Lageolam-1-1024x819.jpg 1024w, https:\/\/www.ufsm.br\/app\/uploads\/sites\/649\/2024\/08\/Mosaico_site_Lageolam-1-1536x1229.jpg 1536w, https:\/\/www.ufsm.br\/app\/uploads\/sites\/649\/2024\/08\/Mosaico_site_Lageolam-1.jpg 1920w\" sizes=\"(max-width: 768px) 100vw, 768px\" \/>\t\t\t\t\t\t\t\t<\/a>\n\t\t\t\t\t\t\t\t\t\t\t\t\t<\/div>\n\t\t\t\t<\/div>\n\t\t\t\t\t<\/div>\n\t\t<\/div>\n\t\t\t\t\t<\/div>\n\t\t<\/section>\n\t\t\t\t<section class=\"elementor-section elementor-top-section elementor-element elementor-element-31fda3f1 elementor-section-boxed elementor-section-height-default elementor-section-height-default\" data-id=\"31fda3f1\" data-element_type=\"section\">\n\t\t\t\t\t\t<div class=\"elementor-container elementor-column-gap-default\">\n\t\t\t\t\t<div class=\"elementor-column elementor-col-100 elementor-top-column elementor-element elementor-element-7c1b024\" data-id=\"7c1b024\" data-element_type=\"column\">\n\t\t\t<div class=\"elementor-widget-wrap elementor-element-populated\">\n\t\t\t\t\t\t<div class=\"elementor-element elementor-element-8d9b83a elementor-widget elementor-widget-heading\" data-id=\"8d9b83a\" data-element_type=\"widget\" data-widget_type=\"heading.default\">\n\t\t\t\t<div class=\"elementor-widget-container\">\n\t\t\t<h5 class=\"elementor-heading-title elementor-size-default\">Apresenta\u00e7\u00e3o<\/h5>\t\t<\/div>\n\t\t\t\t<\/div>\n\t\t\t\t<div class=\"elementor-element elementor-element-c8da605 elementor-widget elementor-widget-text-editor\" data-id=\"c8da605\" data-element_type=\"widget\" data-widget_type=\"text-editor.default\">\n\t\t\t\t<div class=\"elementor-widget-container\">\n\t\t\t\t\t\t\t<p style=\"text-align: left\">O Laborat\u00f3rio de Geologia Ambiental e <a href=\"http:\/\/dgp.cnpq.br\/dgp\/espelhogrupo\/9908\">Grupo de pesquisa LAGEOLAM<\/a> iniciou suas atividades no ano de 1995 com o objetivo de agregar professores\/pesquisadores que desenvolvem atividades nas \u00e1reas de diagn\u00f3stico ambiental e geologia aplicada. Desde ent\u00e3o, o laborat\u00f3rio tem buscado se consolidar atrav\u00e9s da integra\u00e7\u00e3o de trabalhos, qualifica\u00e7\u00e3o de sua infraestrutura e estabelecimento de conv\u00eanios<\/p>\t\t\t\t\t\t<\/div>\n\t\t\t\t<\/div>\n\t\t\t\t\t<\/div>\n\t\t<\/div>\n\t\t\t\t\t<\/div>\n\t\t<\/section>\n\t\t\t\t<section class=\"elementor-section elementor-top-section elementor-element elementor-element-7416eee elementor-section-boxed elementor-section-height-default elementor-section-height-default\" data-id=\"7416eee\" data-element_type=\"section\">\n\t\t\t\t\t\t<div class=\"elementor-container elementor-column-gap-default\">\n\t\t\t\t\t<div class=\"elementor-column elementor-col-100 elementor-top-column elementor-element elementor-element-fff47c8\" data-id=\"fff47c8\" data-element_type=\"column\">\n\t\t\t<div class=\"elementor-widget-wrap elementor-element-populated\">\n\t\t\t\t\t\t<div class=\"elementor-element elementor-element-203a095 elementor-widget elementor-widget-wp-widget-ufsm_utilidades\" data-id=\"203a095\" data-element_type=\"widget\" data-widget_type=\"wp-widget-ufsm_utilidades.default\">\n\t\t\t\t<div class=\"elementor-widget-container\">\n\t\t\t\t\t<h5 class=\"card-title titulo-conteudos\">Utilidades<\/h5>\n\t\t\t\t\n\t\t<div class=\"row d-flex justify-content-around\">\n\t\t\t\t\t\t\t<div class=\"col-12 col-sm-6 col-md-2 mt-4 text-center\">\n\t\t\t\t\t\t\t\t\t\t\t<a href=\"https:\/\/www.ufsm.br\/laboratorios\/lageolam\/equipe\" class=\"item-utilidades d-block\">\n\t\t\t\t\t\t\t\t\t\t<i class=\"fa fa-group animation-pulse\" aria-hidden=\"true\"><\/i><b>Equipe<\/b><\/a>\n\t\t\t\t<\/div>\n\t\t\t\t\t\t\t<div class=\"col-12 col-sm-6 col-md-2 mt-4 text-center\">\n\t\t\t\t\t\t\t\t\t\t\t<a href=\"https:\/\/www.ufsm.br\/laboratorios\/lageolam\/producao-cientifica\" class=\"item-utilidades d-block\">\n\t\t\t\t\t\t\t\t\t\t<i class=\"fa fa-quote-right animation-pulse\" aria-hidden=\"true\"><\/i><b>Produ\u00e7\u00e3o Cient\u00edfica<\/b><\/a>\n\t\t\t\t<\/div>\n\t\t\t\t\t<\/div>\n\t\t\t\t<\/div>\n\t\t\t\t<\/div>\n\t\t\t\t\t<\/div>\n\t\t<\/div>\n\t\t\t\t\t<\/div>\n\t\t<\/section>\n\t\t\t\t<section class=\"elementor-section elementor-top-section elementor-element elementor-element-399195b elementor-section-boxed elementor-section-height-default elementor-section-height-default\" data-id=\"399195b\" data-element_type=\"section\">\n\t\t\t\t\t\t<div class=\"elementor-container elementor-column-gap-default\">\n\t\t\t\t\t<div class=\"elementor-column elementor-col-100 elementor-top-column elementor-element elementor-element-8759219\" data-id=\"8759219\" data-element_type=\"column\">\n\t\t\t<div class=\"elementor-widget-wrap elementor-element-populated\">\n\t\t\t\t\t\t<div class=\"elementor-element elementor-element-b327021 elementor-widget elementor-widget-wp-widget-ufsm_noticias_widget\" data-id=\"b327021\" data-element_type=\"widget\" data-widget_type=\"wp-widget-ufsm_noticias_widget.default\">\n\t\t\t\t<div class=\"elementor-widget-container\">\n\t\t\t<h5 class='titulo-conteudos'>Not\u00edcias<\/h5><div class='widget-noticias-inside'>\n                        <div class=\"row\">\n                                    <div class=\"col-12 col-lg-12 pb-4\">\n                                        \n                                        \n                    \n                    <a class=\"noticias-widget-title d-block \"  title=\"Entrega do relat\u00f3rio final do PMRR \u00e0 prefeitura de Santa Maria\" href=\"https:\/\/www.ufsm.br\/laboratorios\/lageolam\/2025\/10\/31\/entrega-do-relatorio-final-do-pmrr-a-prefeitura-de-santa-maria\">\n                                                Entrega do relat\u00f3rio final do PMRR \u00e0 prefeitura de Santa Maria                    <\/a>\n                    \n                                            <div class=\"noticias-widget-introtext\">\n                            Hoje a professora Andrea Nummer e professor Lu\u00eds Eduardo Robaina entregaram o relat\u00f3rio final do PMRR ao prefeito Rodrigo D\u00e9cimo e a Vice-Prefeita L\u00facia Madruga. Participaram da reuni\u00e3o os Secret\u00e1rios Municipais que fazem parte do Comit\u00ea Gestor de Risco de&hellip;                        <\/div>\n                    \n                                        \n                                        \n                                            \n                                                    <div title=\"Publicado em 31\/10\/2025 \" class=\"data-publicacao-widget\">\n                                <i  class=\"far fa-clock\"><\/i>\n                                31\/10\/2025                             <\/div>\n                                                                <\/div>\n                            <\/div>\n                    <div class=\"row\">\n                                    <div class=\"col-12 col-lg-12 pb-4\">\n                                        \n                                        \n                    \n                    <a class=\"noticias-widget-title d-block \"  title=\"Pesquisadores do Laborat\u00f3rio de Geologia Ambiental (LAGEOLAM) recebem pr\u00eamio de melhor tese na \u00e1rea da Geografia\u00a0\" href=\"https:\/\/www.ufsm.br\/laboratorios\/lageolam\/2025\/10\/20\/pesquisadores-do-laboratorio-de-geologia-ambiental-lageolam-recebem-premio-de-melhor-tese-na-area-da-geografia\">\n                                                Pesquisadores do Laborat\u00f3rio de Geologia Ambiental (LAGEOLAM) recebem pr\u00eamio de melhor tese na \u00e1rea da Geografia\u00a0                    <\/a>\n                    \n                                            <div class=\"noticias-widget-introtext\">\n                            &nbsp;O pesquisador Lucas Krein Rademann foi reconhecido com o Pr\u00eamio Ailton Luchiari durante o XVI Encontro Nacional de P\u00f3s-Gradua\u00e7\u00e3o e Pesquisa em Geografia (ENANPEGE), realizado em Macap\u00e1, no dia 25 de setembro de 2025. O pr\u00eamio foi concedido pela tese&hellip;                        <\/div>\n                    \n                                        \n                                        \n                                            \n                                                    <div title=\"Publicado em 20\/10\/2025 \" class=\"data-publicacao-widget\">\n                                <i  class=\"far fa-clock\"><\/i>\n                                20\/10\/2025                             <\/div>\n                                                                <\/div>\n                            <\/div>\n                    <div class=\"row\">\n                                    <div class=\"col-12 col-lg-12 pb-4\">\n                                        \n                                        \n                    \n                    <a class=\"noticias-widget-title d-block \"  title=\"Jornal Di\u00e1rio divulgou a atualiza\u00e7\u00e3o do PMRR &#8211; Santa Maria\" href=\"https:\/\/www.ufsm.br\/laboratorios\/lageolam\/2025\/09\/24\/jornal-diario-divulgou-a-atualizacao-do-pmrr-santa-maria\">\n                                                Jornal Di\u00e1rio divulgou a atualiza\u00e7\u00e3o do PMRR &#8211; Santa Maria                    <\/a>\n                    \n                                            <div class=\"noticias-widget-introtext\">\n                            No dia 23\/09\/2025 foi publicada no Di\u00e1rio de Santa Maria a atualiza\u00e7\u00e3o do plano de redu\u00e7\u00e3o de riscos (PMRR- Santa Maria). O trabalho foi realizado pela equipe do LAGEOLAM-UFSM e coordenado pela Profa. Andr\u00e9a Valli Nummer do Departamento de Geoci\u00eancias&hellip;                        <\/div>\n                    \n                                        \n                                        \n                                            \n                                                    <div title=\"Publicado em 24\/09\/2025 \" class=\"data-publicacao-widget\">\n                                <i  class=\"far fa-clock\"><\/i>\n                                24\/09\/2025                             <\/div>\n                                                                <\/div>\n                            <\/div>\n                    <div class=\"row\">\n                                    <div class=\"col-12 col-lg-12 pb-4\">\n                                        \n                                        \n                    \n                    <a class=\"noticias-widget-title d-block \"  title=\"Audi\u00eancia P\u00fablica do Plano Municipal de Redu\u00e7\u00e3o de Riscos\" href=\"https:\/\/www.ufsm.br\/laboratorios\/lageolam\/2025\/09\/22\/audiencia-publica-do-plano-municipal-de-reducao-de-riscos\">\n                                                Audi\u00eancia P\u00fablica do Plano Municipal de Redu\u00e7\u00e3o de Riscos                    <\/a>\n                    \n                                            <div class=\"noticias-widget-introtext\">\n                            Na quinta-feira, dia 18, a Prefeitura de Santa Maria promoveu uma audi\u00eancia p\u00fablica para apresentar e discutir o Plano Municipal de Redu\u00e7\u00e3o de Riscos (PMRR). O encontro aconteceu \u00e0s 18h30min, no LabCriativo, localizado na Rua Manoel Ribas, 2038. Coordenado pela&hellip;                        <\/div>\n                    \n                                        \n                                        \n                                            \n                                                    <div title=\"Publicado em 22\/09\/2025 \" class=\"data-publicacao-widget\">\n                                <i  class=\"far fa-clock\"><\/i>\n                                22\/09\/2025                             <\/div>\n                                                                <\/div>\n                            <\/div>\n                    <div class=\"row\">\n                                    <div class=\"col-12 col-lg-12 pb-4\">\n                                        \n                                        \n                    \n                    <a class=\"noticias-widget-title d-block \"  title=\"Coordenadora do Plano no Munic\u00edpio de Redu\u00e7\u00e3o de Riscos de Santa Maria participou do Podcast Pacto RS 25 em Porto Alegre\" href=\"https:\/\/www.ufsm.br\/laboratorios\/lageolam\/2025\/08\/27\/coordenadora-do-plano-no-municipio-de-reducao-de-riscos-de-santa-maria-participou-do-podcast-pacto-rs-25-em-porto-alegre\">\n                                                Coordenadora do Plano no Munic\u00edpio de Redu\u00e7\u00e3o de Riscos de Santa Maria participou do Podcast Pacto RS 25 em Porto Alegre                    <\/a>\n                    \n                                            <div class=\"noticias-widget-introtext\">\n                            Podcast Forum Democr\u00e1tico                        <\/div>\n                    \n                                        \n                                        \n                                            \n                                                    <div title=\"Publicado em 27\/08\/2025 \" class=\"data-publicacao-widget\">\n                                <i  class=\"far fa-clock\"><\/i>\n                                27\/08\/2025                             <\/div>\n                                                                <\/div>\n                            <\/div>\n            <\/div>\n<div class=\"leia-mais p-1\">\n                <a href=\"https:\/\/www.ufsm.br\/laboratorios\/lageolam\/busca\/?q=&area=post&orderby=date&sites%5B%5D=649\">\n            LEIA MAIS            <span class=\"icon-box\">\n                <span class=\"bg-ufsm-widget-icon\">\n                    <i class=\"fas fa-chevron-right\" aria-hidden=\"true\"><\/i>\n                <\/span>\n            <\/span>\n        <\/a>\n    <\/div>\n\t\t<\/div>\n\t\t\t\t<\/div>\n\t\t\t\t\t<\/div>\n\t\t<\/div>\n\t\t\t\t\t<\/div>\n\t\t<\/section>\n\t\t\t\t<\/div>\n\t\t","protected":false},"excerpt":{"rendered":"<p>Apresenta\u00e7\u00e3o O Laborat\u00f3rio de Geologia Ambiental e Grupo de pesquisa LAGEOLAM iniciou suas atividades no ano de 1995 com o objetivo de agregar professores\/pesquisadores que desenvolvem atividades nas \u00e1reas de diagn\u00f3stico ambiental e geologia aplicada. Desde ent\u00e3o, o laborat\u00f3rio tem buscado se consolidar atrav\u00e9s da integra\u00e7\u00e3o de trabalhos, qualifica\u00e7\u00e3o de sua infraestrutura e estabelecimento de [&hellip;]<\/p>\n","protected":false},"author":26,"featured_media":0,"parent":0,"menu_order":0,"comment_status":"closed","ping_status":"open","template":"","meta":{"footnotes":""},"categories":[],"tags":[],"class_list":["post-2","page","type-page","status-publish","hentry"],"acf":[],"_links":{"self":[{"href":"https:\/\/www.ufsm.br\/laboratorios\/lageolam\/wp-json\/wp\/v2\/pages\/2","targetHints":{"allow":["GET"]}}],"collection":[{"href":"https:\/\/www.ufsm.br\/laboratorios\/lageolam\/wp-json\/wp\/v2\/pages"}],"about":[{"href":"https:\/\/www.ufsm.br\/laboratorios\/lageolam\/wp-json\/wp\/v2\/types\/page"}],"author":[{"embeddable":true,"href":"https:\/\/www.ufsm.br\/laboratorios\/lageolam\/wp-json\/wp\/v2\/users\/26"}],"replies":[{"embeddable":true,"href":"https:\/\/www.ufsm.br\/laboratorios\/lageolam\/wp-json\/wp\/v2\/comments?post=2"}],"version-history":[{"count":0,"href":"https:\/\/www.ufsm.br\/laboratorios\/lageolam\/wp-json\/wp\/v2\/pages\/2\/revisions"}],"wp:attachment":[{"href":"https:\/\/www.ufsm.br\/laboratorios\/lageolam\/wp-json\/wp\/v2\/media?parent=2"}],"wp:term":[{"taxonomy":"category","embeddable":true,"href":"https:\/\/www.ufsm.br\/laboratorios\/lageolam\/wp-json\/wp\/v2\/categories?post=2"},{"taxonomy":"post_tag","embeddable":true,"href":"https:\/\/www.ufsm.br\/laboratorios\/lageolam\/wp-json\/wp\/v2\/tags?post=2"}],"curies":[{"name":"wp","href":"https:\/\/api.w.org\/{rel}","templated":true}]}}