{"id":2,"date":"2019-05-14T15:59:30","date_gmt":"2019-05-14T18:59:30","guid":{"rendered":"https:\/\/www.ufsm.br\/laboratorios-larp\/?page_id=2"},"modified":"2024-09-12T16:50:26","modified_gmt":"2024-09-12T19:50:26","slug":"pagina-inicial","status":"publish","type":"page","link":"https:\/\/www.ufsm.br\/laboratorios\/lamen\/","title":{"rendered":"P\u00e1gina inicial"},"content":{"rendered":"\t\t<div data-elementor-type=\"wp-post\" data-elementor-id=\"2\" class=\"elementor elementor-2\">\n\t\t\t\t\t\t<section class=\"elementor-section elementor-top-section elementor-element elementor-element-6e6b627 elementor-section-boxed elementor-section-height-default elementor-section-height-default\" data-id=\"6e6b627\" data-element_type=\"section\">\n\t\t\t\t\t\t<div class=\"elementor-container elementor-column-gap-default\">\n\t\t\t\t\t<div class=\"elementor-column elementor-col-100 elementor-top-column elementor-element elementor-element-e6a3f8d\" data-id=\"e6a3f8d\" data-element_type=\"column\">\n\t\t\t<div class=\"elementor-widget-wrap elementor-element-populated\">\n\t\t\t\t\t\t<div class=\"elementor-element elementor-element-e48e5ed elementor-widget elementor-widget-wp-widget-ufsm_noticias_widget\" data-id=\"e48e5ed\" data-element_type=\"widget\" data-widget_type=\"wp-widget-ufsm_noticias_widget.default\">\n\t\t\t\t<div class=\"elementor-widget-container\">\n\t\t\t<div id='ufsm-carousel-1776392220-383303205' class='carousel slide carousel-ufsm' data-bs-ride='carousel' aria-hidden='true'>\n    <div class='carousel-inner'>\n                    \n\n            <div class='carousel-item active' data-bs-interval='4000'>\n                                    <!-- Slider Image -->\n                    <img class='w-100'  style='max-height:250px; object-fit:cover;' alt=\"O Pr\u00e9-universit\u00e1rio Popular Alternativa divulga a abertura de inscri\u00e7\u00f5es para os Aul\u00f5es do Alternativa: um espa\u00e7o virtual de prepara\u00e7\u00e3o para o ENEM. A programa\u00e7\u00e3o contar\u00e1 com tr\u00eas semanas de aul\u00f5es sendo distribu\u00eddos da seguinte forma: duas semanas voltadas para a&hellip;\" srcset=\"https:\/\/www.ufsm.br\/app\/uploads\/sites\/651\/2021\/10\/Auloes-imagem-destacada-site-1-300x79.jpg 300w, https:\/\/www.ufsm.br\/app\/uploads\/sites\/651\/2021\/10\/Auloes-imagem-destacada-site-1.jpg 699w\">\n                \n                \n                                                            <\/div>\n                    \n\n            <div class='carousel-item ' data-bs-interval='4000'>\n                                    <!-- Slider Image -->\n                    <img class='w-100'  style='max-height:250px; object-fit:cover;' alt=\"O Pr\u00e9-Universit\u00e1rio Popular Alternativa est\u00e1 com as inscri\u00e7\u00f5es abertas para os Aul\u00f5es Pr\u00e9-Enem 2020! A edi\u00e7\u00e3o deste ano ser\u00e1 totalmente virtual, ocorrendo entre 04 e 21 de janeiro a partir das 19 horas. As aulas s\u00e3o abertas para o p\u00fablico&hellip;\" srcset=\"https:\/\/www.ufsm.br\/app\/uploads\/sites\/651\/2020\/12\/Auloes-Alternativa-FINAL-300x300.png 300w, https:\/\/www.ufsm.br\/app\/uploads\/sites\/651\/2020\/12\/Auloes-Alternativa-FINAL-1024x1024.png 1024w, https:\/\/www.ufsm.br\/app\/uploads\/sites\/651\/2020\/12\/Auloes-Alternativa-FINAL-150x150.png 150w, https:\/\/www.ufsm.br\/app\/uploads\/sites\/651\/2020\/12\/Auloes-Alternativa-FINAL-768x768.png 768w, https:\/\/www.ufsm.br\/app\/uploads\/sites\/651\/2020\/12\/Auloes-Alternativa-FINAL.png 1080w\">\n                \n                \n                                                            <\/div>\n                    \n\n            <div class='carousel-item ' data-bs-interval='4000'>\n                                    <!-- Slider Image -->\n                    <img class='w-100'  style='max-height:250px; object-fit:cover;' alt=\"\" srcset=\"https:\/\/www.ufsm.br\/app\/uploads\/sites\/651\/2019\/05\/placeholder-300x200.jpg 300w, https:\/\/www.ufsm.br\/app\/uploads\/sites\/651\/2019\/05\/placeholder-768x512.jpg 768w, https:\/\/www.ufsm.br\/app\/uploads\/sites\/651\/2019\/05\/placeholder-1024x683.jpg 1024w, https:\/\/www.ufsm.br\/app\/uploads\/sites\/651\/2019\/05\/placeholder-272x182.jpg 272w, https:\/\/www.ufsm.br\/app\/uploads\/sites\/651\/2019\/05\/placeholder.jpg 1590w\">\n                \n                \n                                                            <\/div>\n                    <!-- Exibi Indicadores -->\n                    <ol class='carousel-indicators carousel-indicators-numbers d-none d-md-flex align-self-end m-0'>\n                <li data-bs-target='#ufsm-carousel-1776392220-383303205' data-bs-slide-to='0' class='d-flex rounded-circle active'><span class='m-auto fw-bold'>1<\/span><\/li><li data-bs-target='#ufsm-carousel-1776392220-383303205' data-bs-slide-to='1' class='d-flex rounded-circle '><span class='m-auto fw-bold'>2<\/span><\/li><li data-bs-target='#ufsm-carousel-1776392220-383303205' data-bs-slide-to='2' class='d-flex rounded-circle '><span class='m-auto fw-bold'>3<\/span><\/li>            <\/ol>\n            <a class='carousel-control-prev' href='#ufsm-carousel-1776392220-383303205' role='button' data-bs-slide='prev'>\n                <span class='carousel-control-prev-icon' aria-hidden='true'><\/span>\n                <span class='visually-hidden'>Previous<\/span>\n            <\/a>\n            <a class='carousel-control-next' href='#ufsm-carousel-1776392220-383303205' role='button' data-bs-slide='next'>\n                <span class='carousel-control-next-icon' aria-hidden='true'><\/span>\n                <span class='visually-hidden'>Next<\/span>\n            <\/a>\n            <\/div>\n<\/div>\n<!-- Acessibilidade, apenas leitor de tela -->\n<ul class='visually-hidden'>\n    <li><a href='https:\/\/www.ufsm.br\/laboratorios\/lamen\/2021\/10\/21\/inscricoes-abertas-para-auloes-pre-enem-2021'>Inscri\u00e7\u00f5es abertas para Aul\u00f5es Pr\u00e9-ENEM 2021<\/a><\/li><li><a href='https:\/\/www.ufsm.br\/laboratorios\/lamen\/2020\/12\/22\/projeto-alternativa-abre-inscricoes-para-auloes-pre-enem-2020'>Projeto Alternativa abre inscri\u00e7\u00f5es para Aul\u00f5es Pr\u00e9-Enem 2020<\/a><\/li><li><a href='https:\/\/www.ufsm.br\/laboratorios\/lamen\/2019\/05\/14\/banner1'>Banner1<\/a><\/li><\/ul>\n\t\t<\/div>\n\t\t\t\t<\/div>\n\t\t\t\t\t<\/div>\n\t\t<\/div>\n\t\t\t\t\t<\/div>\n\t\t<\/section>\n\t\t\t\t<section class=\"elementor-section elementor-top-section elementor-element elementor-element-31fda3f1 elementor-section-boxed elementor-section-height-default elementor-section-height-default\" data-id=\"31fda3f1\" data-element_type=\"section\">\n\t\t\t\t\t\t<div class=\"elementor-container elementor-column-gap-default\">\n\t\t\t\t\t<div class=\"elementor-column elementor-col-100 elementor-top-column elementor-element elementor-element-7c1b024\" data-id=\"7c1b024\" data-element_type=\"column\">\n\t\t\t<div class=\"elementor-widget-wrap elementor-element-populated\">\n\t\t\t\t\t\t<div class=\"elementor-element elementor-element-8d9b83a elementor-widget elementor-widget-heading\" data-id=\"8d9b83a\" data-element_type=\"widget\" data-widget_type=\"heading.default\">\n\t\t\t\t<div class=\"elementor-widget-container\">\n\t\t\t<h5 class=\"elementor-heading-title elementor-size-default\">Apresenta\u00e7\u00e3o<\/h5>\t\t<\/div>\n\t\t\t\t<\/div>\n\t\t\t\t<div class=\"elementor-element elementor-element-c8da605 elementor-widget elementor-widget-text-editor\" data-id=\"c8da605\" data-element_type=\"widget\" data-widget_type=\"text-editor.default\">\n\t\t\t\t<div class=\"elementor-widget-container\">\n\t\t\t\t\t\t\t<p>Criado em meados de 1980, o<strong>&nbsp;Laborat\u00f3rio de Metodologia do Ensino<\/strong>&nbsp;(LAMEN), vinculado ao Departamento de Metodologia do Ensino (MEN) do Centro de Educa\u00e7\u00e3o (CE) da Universidade Federal de Santa Maria (UFSM), representa um conjunto de 11 laborat\u00f3rios de diversas \u00e1reas do conhecimento sob responsabilidade de cerca de 30 docentes.<\/p>\n<p>O LAMEN atende aos Cursos de Licenciatura da UFSM e est\u00e1 diretamente relacionado aos Est\u00e1gios Curriculares Supervisionados e \u00e0s Pr\u00e1ticas Educativas. Assim, circulam anualmente pelo LAMEN cerca de 1000 estudantes em forma\u00e7\u00e3o docente dos Cursos de Artes C\u00eanicas, Artes Visuais, Biologia, Filosofia, F\u00edsica (diurno e noturno), Hist\u00f3ria, Letras, Matem\u00e1tica (diurno e noturno), M\u00fasica, Pedagogia (diurno e noturno), Qu\u00edmica. Nesse sentido, o LAMEN constitui-se como um elo formal de intera\u00e7\u00e3o entre as escolas de educa\u00e7\u00e3o b\u00e1sica de Santa Maria e Regi\u00e3o e a Universidade.<\/p>\t\t\t\t\t\t<\/div>\n\t\t\t\t<\/div>\n\t\t\t\t\t<\/div>\n\t\t<\/div>\n\t\t\t\t\t<\/div>\n\t\t<\/section>\n\t\t\t\t<section class=\"elementor-section elementor-top-section elementor-element elementor-element-7416eee elementor-section-boxed elementor-section-height-default elementor-section-height-default\" data-id=\"7416eee\" data-element_type=\"section\">\n\t\t\t\t\t\t<div class=\"elementor-container elementor-column-gap-default\">\n\t\t\t\t\t<div class=\"elementor-column elementor-col-100 elementor-top-column elementor-element elementor-element-fff47c8\" data-id=\"fff47c8\" data-element_type=\"column\">\n\t\t\t<div class=\"elementor-widget-wrap elementor-element-populated\">\n\t\t\t\t\t\t<div class=\"elementor-element elementor-element-203a095 elementor-widget elementor-widget-wp-widget-ufsm_utilidades\" data-id=\"203a095\" data-element_type=\"widget\" data-widget_type=\"wp-widget-ufsm_utilidades.default\">\n\t\t\t\t<div class=\"elementor-widget-container\">\n\t\t\t\t\t<h5 class=\"card-title titulo-conteudos\">Utilidades<\/h5>\n\t\t\t\t\n\t\t<div class=\"row d-flex justify-content-around\">\n\t\t\t\t\t\t\t<div class=\"col-12 col-sm-6 col-md-2 mt-4 text-center\">\n\t\t\t\t\t\t\t\t\t\t\t<a href=\"https:\/\/www.ufsm.br\/laboratorios\/lamen\/equipe\" class=\"item-utilidades d-block\">\n\t\t\t\t\t\t\t\t\t\t<i class=\"fa fa-group animation-pulse\" aria-hidden=\"true\"><\/i><b>Equipe<\/b><\/a>\n\t\t\t\t<\/div>\n\t\t\t\t\t\t\t<div class=\"col-12 col-sm-6 col-md-2 mt-4 text-center\">\n\t\t\t\t\t\t\t\t\t\t\t<a href=\"https:\/\/www.ufsm.br\/laboratorios\/lamen\/producao-cientifica\" class=\"item-utilidades d-block\">\n\t\t\t\t\t\t\t\t\t\t<i class=\"fa fa-quote-right animation-pulse\" aria-hidden=\"true\"><\/i><b>Produ\u00e7\u00e3o Cient\u00edfica<\/b><\/a>\n\t\t\t\t<\/div>\n\t\t\t\t\t\t\t<div class=\"col-12 col-sm-6 col-md-2 mt-4 text-center\">\n\t\t\t\t\t\t\t\t\t\t\t<a href=\"https:\/\/www.ufsm.br\/laboratorios\/lamen\/projetos\" class=\"item-utilidades d-block\">\n\t\t\t\t\t\t\t\t\t\t<i class=\"fa fa-thumb-tack animation-pulse\" aria-hidden=\"true\"><\/i><b>Projetos<\/b><\/a>\n\t\t\t\t<\/div>\n\t\t\t\t\t\t\t<div class=\"col-12 col-sm-6 col-md-2 mt-4 text-center\">\n\t\t\t\t\t\t\t\t\t\t\t<a href=\"https:\/\/www.ufsm.br\/laboratorios\/lamen\/infraestrutura\" class=\"item-utilidades d-block\">\n\t\t\t\t\t\t\t\t\t\t<i class=\"fa fa-university animation-pulse\" aria-hidden=\"true\"><\/i><b>Infraestrutura<\/b><\/a>\n\t\t\t\t<\/div>\n\t\t\t\t\t\t\t<div class=\"col-12 col-sm-6 col-md-2 mt-4 text-center\">\n\t\t\t\t\t\t\t\t\t\t\t<a href=\"https:\/\/www.ufsm.br\/laboratorios\/lamen\/editais\" class=\"item-utilidades d-block\">\n\t\t\t\t\t\t\t\t\t\t<i class=\"far fa-copy animation-pulse\" aria-hidden=\"true\"><\/i><b>Editais<\/b><\/a>\n\t\t\t\t<\/div>\n\t\t\t\t\t<\/div>\n\t\t\t\t<\/div>\n\t\t\t\t<\/div>\n\t\t\t\t\t<\/div>\n\t\t<\/div>\n\t\t\t\t\t<\/div>\n\t\t<\/section>\n\t\t\t\t<section class=\"elementor-section elementor-top-section elementor-element elementor-element-399195b elementor-section-boxed elementor-section-height-default elementor-section-height-default\" data-id=\"399195b\" data-element_type=\"section\">\n\t\t\t\t\t\t<div class=\"elementor-container elementor-column-gap-default\">\n\t\t\t\t\t<div class=\"elementor-column elementor-col-100 elementor-top-column elementor-element elementor-element-8759219\" data-id=\"8759219\" data-element_type=\"column\">\n\t\t\t<div class=\"elementor-widget-wrap elementor-element-populated\">\n\t\t\t\t\t\t<div class=\"elementor-element elementor-element-b327021 elementor-widget elementor-widget-wp-widget-ufsm_noticias_widget\" data-id=\"b327021\" data-element_type=\"widget\" data-widget_type=\"wp-widget-ufsm_noticias_widget.default\">\n\t\t\t\t<div class=\"elementor-widget-container\">\n\t\t\t<h5 class='titulo-conteudos'>Not\u00edcias<\/h5><div class='widget-noticias-inside'>\n                        <div class=\"row\">\n                                    <div class=\"col-12 col-lg-12 pb-4\">\n                                        \n                                        \n                    \n                    <a class=\"noticias-widget-title d-block \"  title=\"Laborat\u00f3rio de Educa\u00e7\u00e3o Musical divulga rela\u00e7\u00e3o de inscritos nas oficinas de m\u00fasica\" href=\"https:\/\/www.ufsm.br\/laboratorios\/lamen\/2026\/03\/25\/laboratorio-de-educacao-musical-divulga-relacao-de-inscritos-nas-oficinas-de-musica-2\">\n                                                Laborat\u00f3rio de Educa\u00e7\u00e3o Musical divulga rela\u00e7\u00e3o de inscritos nas oficinas de m\u00fasica                    <\/a>\n                    \n                                            <div class=\"noticias-widget-introtext\">\n                            Acesse AQUI a rela\u00e7\u00e3o de inscritos nas oficinas de Canto Coral do Grupo Vocal CE Canta no primeiro semestre de 2026.                        <\/div>\n                    \n                                        \n                                        \n                                            \n                                                    <div title=\"Publicado em 25\/03\/2026 \" class=\"data-publicacao-widget\">\n                                <i  class=\"far fa-clock\"><\/i>\n                                25\/03\/2026                             <\/div>\n                                                                <\/div>\n                            <\/div>\n                    <div class=\"row\">\n                                    <div class=\"col-12 col-lg-12 pb-4\">\n                                        \n                                        \n                    \n                    <a class=\"noticias-widget-title d-block \"  title=\"Laborat\u00f3rio de Educa\u00e7\u00e3o Musical divulga rela\u00e7\u00e3o de inscritos nas oficinas de m\u00fasica\" href=\"https:\/\/www.ufsm.br\/laboratorios\/lamen\/2025\/08\/13\/laboratorio-de-educacao-musical-divulga-relacao-de-inscritos-nas-oficinas-de-musica\">\n                                                Laborat\u00f3rio de Educa\u00e7\u00e3o Musical divulga rela\u00e7\u00e3o de inscritos nas oficinas de m\u00fasica                    <\/a>\n                    \n                                            <div class=\"noticias-widget-introtext\">\n                            Confira aqui a rela\u00e7\u00e3o de inscritos nas oficinas de m\u00fasica oferecidas pelo LEM\/CE neste segundo semestre de 2025.                        <\/div>\n                    \n                                        \n                                        \n                                            \n                                                    <div title=\"Publicado em 13\/08\/2025 \" class=\"data-publicacao-widget\">\n                                <i  class=\"far fa-clock\"><\/i>\n                                13\/08\/2025                             <\/div>\n                                                                <\/div>\n                            <\/div>\n                    <div class=\"row\">\n                                    <div class=\"col-12 col-lg-12 pb-4\">\n                                        \n                                        \n                    \n                    <a class=\"noticias-widget-title d-block \"  title=\"Abertas as inscri\u00e7\u00f5es para as oficinas de m\u00fasica do LEM\/CE\" href=\"https:\/\/www.ufsm.br\/laboratorios\/lamen\/2025\/08\/07\/abertas-as-inscricoes-para-as-oficinas-de-musica-do-lem-ce\">\n                                                Abertas as inscri\u00e7\u00f5es para as oficinas de m\u00fasica do LEM\/CE                    <\/a>\n                    \n                                            <div class=\"noticias-widget-introtext\">\n                            O Laborat\u00f3rio de Educa\u00e7\u00e3o Musical (LEM), juntamente com os Laborat\u00f3rios de Metodologia do Ensino (LAMEN) do Centro de Educa\u00e7\u00e3o (CE), informa que no per\u00edodo de 07 a 10 de agosto est\u00e3o abertas as inscri\u00e7\u00f5es nas oficinas de m\u00fasica para o&hellip;                        <\/div>\n                    \n                                        \n                                        \n                                            \n                                                    <div title=\"Publicado em 07\/08\/2025 \" class=\"data-publicacao-widget\">\n                                <i  class=\"far fa-clock\"><\/i>\n                                07\/08\/2025                             <\/div>\n                                                                <\/div>\n                            <\/div>\n                    <div class=\"row\">\n                                    <div class=\"col-12 col-lg-12 pb-4\">\n                                        \n                                        \n                    \n                    <a class=\"noticias-widget-title d-block \"  title=\"Retifica\u00e7\u00e3o de inscritos nas oficinas de m\u00fasica para a Escola Vicente Farencena\" href=\"https:\/\/www.ufsm.br\/laboratorios\/lamen\/2025\/05\/13\/retificacao-de-inscritos-nas-oficinas-de-musica-para-a-escola-vicente-farencena\">\n                                                Retifica\u00e7\u00e3o de inscritos nas oficinas de m\u00fasica para a Escola Vicente Farencena                    <\/a>\n                    \n                                            <div class=\"noticias-widget-introtext\">\n                            Acesse aqui a retifica\u00e7\u00e3o dos inscritos nas oficinas de m\u00fasica para a Escola Vicente Farencena.                        <\/div>\n                    \n                                        \n                                        \n                                            \n                                                    <div title=\"Publicado em 13\/05\/2025 \" class=\"data-publicacao-widget\">\n                                <i  class=\"far fa-clock\"><\/i>\n                                13\/05\/2025                             <\/div>\n                                                                <\/div>\n                            <\/div>\n                    <div class=\"row\">\n                                    <div class=\"col-12 col-lg-12 pb-4\">\n                                        \n                                        \n                    \n                    <a class=\"noticias-widget-title d-block \"  title=\"Inscritos nas oficinas de m\u00fasica do LEM\/CE\" href=\"https:\/\/www.ufsm.br\/laboratorios\/lamen\/2025\/05\/12\/inscritos-nas-oficinas-de-musica-do-lem-ce-2\">\n                                                Inscritos nas oficinas de m\u00fasica do LEM\/CE                    <\/a>\n                    \n                                            <div class=\"noticias-widget-introtext\">\n                            Confira aqui a rela\u00e7\u00e3o de inscritos nas oficinas de m\u00fasica oferecidas pelo LEM\/CE neste primeiro semestre de 2025.                        <\/div>\n                    \n                                        \n                                        \n                                            \n                                                    <div title=\"Publicado em 12\/05\/2025 \" class=\"data-publicacao-widget\">\n                                <i  class=\"far fa-clock\"><\/i>\n                                12\/05\/2025                             <\/div>\n                                                                <\/div>\n                            <\/div>\n            <\/div>\n<div class=\"leia-mais p-1\">\n                <a href=\"https:\/\/www.ufsm.br\/laboratorios\/lamen\/busca\/?q=&area=post&orderby=date&sites%5B%5D=651\">\n            LEIA MAIS            <span class=\"icon-box\">\n                <span class=\"bg-ufsm-widget-icon\">\n                    <i class=\"fas fa-chevron-right\" aria-hidden=\"true\"><\/i>\n                <\/span>\n            <\/span>\n        <\/a>\n    <\/div>\n\t\t<\/div>\n\t\t\t\t<\/div>\n\t\t\t\t\t<\/div>\n\t\t<\/div>\n\t\t\t\t\t<\/div>\n\t\t<\/section>\n\t\t\t\t<\/div>\n\t\t","protected":false},"excerpt":{"rendered":"<p>Apresenta\u00e7\u00e3o Criado em meados de 1980, o&nbsp;Laborat\u00f3rio de Metodologia do Ensino&nbsp;(LAMEN), vinculado ao Departamento de Metodologia do Ensino (MEN) do Centro de Educa\u00e7\u00e3o (CE) da Universidade Federal de Santa Maria (UFSM), representa um conjunto de 11 laborat\u00f3rios de diversas \u00e1reas do conhecimento sob responsabilidade de cerca de 30 docentes. O LAMEN atende aos Cursos de [&hellip;]<\/p>\n","protected":false},"author":26,"featured_media":0,"parent":0,"menu_order":0,"comment_status":"closed","ping_status":"open","template":"","meta":{"footnotes":""},"categories":[1],"tags":[],"class_list":["post-2","page","type-page","status-publish","hentry","category-sem-categoria"],"acf":[],"_links":{"self":[{"href":"https:\/\/www.ufsm.br\/laboratorios\/lamen\/wp-json\/wp\/v2\/pages\/2","targetHints":{"allow":["GET"]}}],"collection":[{"href":"https:\/\/www.ufsm.br\/laboratorios\/lamen\/wp-json\/wp\/v2\/pages"}],"about":[{"href":"https:\/\/www.ufsm.br\/laboratorios\/lamen\/wp-json\/wp\/v2\/types\/page"}],"author":[{"embeddable":true,"href":"https:\/\/www.ufsm.br\/laboratorios\/lamen\/wp-json\/wp\/v2\/users\/26"}],"replies":[{"embeddable":true,"href":"https:\/\/www.ufsm.br\/laboratorios\/lamen\/wp-json\/wp\/v2\/comments?post=2"}],"version-history":[{"count":0,"href":"https:\/\/www.ufsm.br\/laboratorios\/lamen\/wp-json\/wp\/v2\/pages\/2\/revisions"}],"wp:attachment":[{"href":"https:\/\/www.ufsm.br\/laboratorios\/lamen\/wp-json\/wp\/v2\/media?parent=2"}],"wp:term":[{"taxonomy":"category","embeddable":true,"href":"https:\/\/www.ufsm.br\/laboratorios\/lamen\/wp-json\/wp\/v2\/categories?post=2"},{"taxonomy":"post_tag","embeddable":true,"href":"https:\/\/www.ufsm.br\/laboratorios\/lamen\/wp-json\/wp\/v2\/tags?post=2"}],"curies":[{"name":"wp","href":"https:\/\/api.w.org\/{rel}","templated":true}]}}