{"id":26,"date":"2019-05-14T17:03:27","date_gmt":"2019-05-14T20:03:27","guid":{"rendered":"https:\/\/www.ufsm.br\/template-laboratprio\/?page_id=26"},"modified":"2019-07-18T15:28:58","modified_gmt":"2019-07-18T18:28:58","slug":"contato","status":"publish","type":"page","link":"https:\/\/www.ufsm.br\/laboratorios\/lamen\/contato","title":{"rendered":"Contato"},"content":{"rendered":"\n<p>Telefone: (55) 3220 9490<\/p>\n<p>E-mail:\u00a0<a href=\"mailto:lamen@ufsm.br\">lamen@ufsm.br<\/a><\/p>\n<p>\u00a0<\/p>\n<p>Endere\u00e7o para correspond\u00eancia:<br \/>Av. Roraima n\u00ba 1000. Cidade Universit\u00e1ria.<br \/>Centro de Educa\u00e7\u00e3o, pr\u00e9dio 16<br \/>3\u00ba andar, Sala 3379.<br \/>Bairro Camobi Santa Maria &#8211; RS\u00a0<br \/>CEP: 97105-900.<\/p>\n<p>\u00a0<\/p>\n","protected":false},"excerpt":{"rendered":"<p>Telefone: (55) 3220 9490 E-mail:\u00a0lamen@ufsm.br \u00a0 Endere\u00e7o para correspond\u00eancia:Av. Roraima n\u00ba 1000. Cidade Universit\u00e1ria.Centro de Educa\u00e7\u00e3o, pr\u00e9dio 163\u00ba andar, Sala 3379.Bairro Camobi Santa Maria &#8211; RS\u00a0CEP: 97105-900. \u00a0<\/p>\n","protected":false},"author":124,"featured_media":0,"parent":0,"menu_order":0,"comment_status":"closed","ping_status":"closed","template":"","meta":{"footnotes":""},"categories":[],"tags":[],"class_list":["post-26","page","type-page","status-publish","hentry"],"acf":[],"_links":{"self":[{"href":"https:\/\/www.ufsm.br\/laboratorios\/lamen\/wp-json\/wp\/v2\/pages\/26","targetHints":{"allow":["GET"]}}],"collection":[{"href":"https:\/\/www.ufsm.br\/laboratorios\/lamen\/wp-json\/wp\/v2\/pages"}],"about":[{"href":"https:\/\/www.ufsm.br\/laboratorios\/lamen\/wp-json\/wp\/v2\/types\/page"}],"author":[{"embeddable":true,"href":"https:\/\/www.ufsm.br\/laboratorios\/lamen\/wp-json\/wp\/v2\/users\/124"}],"replies":[{"embeddable":true,"href":"https:\/\/www.ufsm.br\/laboratorios\/lamen\/wp-json\/wp\/v2\/comments?post=26"}],"version-history":[{"count":0,"href":"https:\/\/www.ufsm.br\/laboratorios\/lamen\/wp-json\/wp\/v2\/pages\/26\/revisions"}],"wp:attachment":[{"href":"https:\/\/www.ufsm.br\/laboratorios\/lamen\/wp-json\/wp\/v2\/media?parent=26"}],"wp:term":[{"taxonomy":"category","embeddable":true,"href":"https:\/\/www.ufsm.br\/laboratorios\/lamen\/wp-json\/wp\/v2\/categories?post=26"},{"taxonomy":"post_tag","embeddable":true,"href":"https:\/\/www.ufsm.br\/laboratorios\/lamen\/wp-json\/wp\/v2\/tags?post=26"}],"curies":[{"name":"wp","href":"https:\/\/api.w.org\/{rel}","templated":true}]}}