{"id":23,"date":"2019-05-14T17:02:03","date_gmt":"2019-05-14T20:02:03","guid":{"rendered":"https:\/\/www.ufsm.br\/template-laboratprio\/?page_id=23"},"modified":"2019-08-07T14:54:54","modified_gmt":"2019-08-07T17:54:54","slug":"equipe","status":"publish","type":"page","link":"https:\/\/www.ufsm.br\/laboratorios\/lapavet\/equipe","title":{"rendered":"Equipe"},"content":{"rendered":"\n<p>O Laborat\u00f3rio de Parasitologia Veterin\u00e1ria possui uma excelente equipe dedicada a fornecer o melhor diagn\u00f3stico para o seu animal.<\/p>\n<p><img fetchpriority=\"high\" decoding=\"async\" class=\"size-medium wp-image-53 alignleft\" src=\"https:\/\/www.ufsm.br\/laboratorios\/lapavet\/wp-content\/uploads\/sites\/652\/2019\/08\/turma_transp-300x225.jpg\" alt=\"\" width=\"300\" height=\"225\" srcset=\"https:\/\/www.ufsm.br\/app\/uploads\/sites\/652\/2019\/08\/turma_transp-300x225.jpg 300w, https:\/\/www.ufsm.br\/app\/uploads\/sites\/652\/2019\/08\/turma_transp.jpg 600w\" sizes=\"(max-width: 300px) 100vw, 300px\" \/><\/p>\n<p>Somos uma equipe multidisciplinar, No laborat\u00f3rio h\u00e1 v\u00e1rios alunos de gradua\u00e7\u00e3o e p\u00f3s-gradua\u00e7\u00e3o de diferentes \u00e1reas, entre elas, Ci\u00eancias Biol\u00f3gicas, Farmacologia, Biomedicina, Medicina Veterin\u00e1ria, Enfermagem e Zootecnia.<\/p>\n<p>O lapavet \u00e9 um laborat\u00f3rio escola, possui na sua equipe, professores M\u00e9dico Veterin\u00e1rios, uma funcion\u00e1ria e alunos de gradua\u00e7\u00e3o e de p\u00f3s-gradua\u00e7\u00e3o que est\u00e3o desenvolvendo seus mestrados e doutorados no local.<\/p>\n<p>O laborat\u00f3rio aceita pedidos de est\u00e1gio curricular de outras institui\u00e7\u00f5es mediante conv\u00eanio entre as institui\u00e7\u00f5es.<\/p>\n<p>Alguns integrantes do laborat\u00f3rio do ano de 2017<\/p>\n<p>Da esquerda para direita: Dionatan, Matheus, Thirssa, Igor, Gisele, Matheus, Daniel, Silvia, Pamela e Jana\u00edna.<\/p>\n<p><strong>Professores respons\u00e1veis pelo laborat\u00f3rio<\/strong><\/p>\n<p><img decoding=\"async\" class=\"size-medium wp-image-55 alignleft\" src=\"https:\/\/www.ufsm.br\/laboratorios\/lapavet\/wp-content\/uploads\/sites\/652\/2019\/08\/silvia-239x300.png\" alt=\"\" width=\"239\" height=\"300\" srcset=\"https:\/\/www.ufsm.br\/app\/uploads\/sites\/652\/2019\/08\/silvia-239x300.png 239w, https:\/\/www.ufsm.br\/app\/uploads\/sites\/652\/2019\/08\/silvia.png 296w\" sizes=\"(max-width: 239px) 100vw, 239px\" \/><\/p>\n<p><strong><a title=\"\" href=\"http:\/\/buscatextual.cnpq.br\/buscatextual\/visualizacv.do?id=K4700451Z9\">Silvia Gonzalez Monteiro<\/a><\/strong><\/p>\n<p>M\u00e9dica Veterin\u00e1ria, formada pela PUCRS,<\/p>\n<p>com mestrado e doutorado em Parasitologia Veterin\u00e1ria pela UFRRJ..\u00a0<\/p>\n<p>E-mail:\u00a0: sgmonteiro@uol.com.br<\/p>\n<p>\u00a0<\/p>\n<p>\u00a0<\/p>\n<p>\u00a0<\/p>\n<p><img decoding=\"async\" class=\"size-medium wp-image-56 alignleft\" src=\"https:\/\/www.ufsm.br\/laboratorios\/lapavet\/wp-content\/uploads\/sites\/652\/2019\/08\/danbiel-233x300.gif\" alt=\"\" width=\"233\" height=\"300\" srcset=\"https:\/\/www.ufsm.br\/app\/uploads\/sites\/652\/2019\/08\/danbiel-233x300.gif 233w, https:\/\/www.ufsm.br\/app\/uploads\/sites\/652\/2019\/08\/danbiel-768x989.gif 768w, https:\/\/www.ufsm.br\/app\/uploads\/sites\/652\/2019\/08\/danbiel-795x1024.gif 795w\" sizes=\"(max-width: 233px) 100vw, 233px\" \/><\/p>\n<p><strong><a title=\"\" href=\"http:\/\/buscatextual.cnpq.br\/buscatextual\/visualizacv.do?id=K4728223U5\">Daniel Roulim Stainki<\/a><\/strong><\/p>\n<p>M\u00e9dico Veterin\u00e1rio, formado pela PUCRS<\/p>\n<p>com mestrado em Medicina Veterin\u00e1ria pela UFSM\u00a0e<\/p>\n<p>doutorado em patologia e ci\u00eancias cl\u00ednicas pela UFMG.<\/p>\n<p>E-mail: drstainki@uol.com.br<\/p>\n<p>\u00a0<\/p>\n<p>Conhe\u00e7a o pessoal, clique no nome para acessar o curriculo lattes:<\/p>\n<p>\u00a0<\/p>\n<p>\u00a0Alunos de P\u00f3s-Gradua\u00e7\u00e3o:<\/p>\n<p><a title=\"\" href=\"http:\/\/buscatextual.cnpq.br\/buscatextual\/visualizacv.do?id=K4444492H0\">-Dionatan<\/a><\/p>\n<p><a title=\"\" href=\"http:\/\/buscatextual.cnpq.br\/buscatextual\/visualizacv.do?id=K4626940E0\">-Marjorie<\/a><\/p>\n<p><a title=\"\" href=\"http:\/\/buscatextual.cnpq.br\/buscatextual\/visualizacv.do?id=K4338173P6\">-Igor<\/a><\/p>\n<p><a title=\"\" href=\"http:\/\/buscatextual.cnpq.br\/buscatextual\/visualizacv.do?id=K4820890H0\">-Mateus F.<\/a><\/p>\n<p><a title=\"\" href=\"http:\/\/buscatextual.cnpq.br\/buscatextual\/visualizacv.do?id=K4333982Z6\">-Matheus B.<\/a><\/p>\n<p><a title=\"\" href=\"http:\/\/buscatextual.cnpq.br\/buscatextual\/visualizacv.do?id=K4368112T5\">-Luciana<\/a><\/p>\n<p><a title=\"\" href=\"http:\/\/buscatextual.cnpq.br\/buscatextual\/visualizacv.do?id=K4468684J8\">-Jana\u00edna<\/a><\/p>\n<p><a title=\"\" href=\"http:\/\/buscatextual.cnpq.br\/buscatextual\/visualizacv.do?id=K4452339H9\">-Thirssa<\/a><\/p>\n<p><a title=\"\" href=\"http:\/\/buscatextual.cnpq.br\/buscatextual\/visualizacv.do?id=K4297692U6\">-Lucas<\/a><\/p>\n<p><a title=\"\" href=\"http:\/\/buscatextual.cnpq.br\/buscatextual\/visualizacv.do?id=K4347761H9\">-Let\u00edcia<\/a><\/p>\n<p>Funcion\u00e1ria:<\/p>\n<p><a title=\"\" href=\"http:\/\/buscatextual.cnpq.br\/buscatextual\/visualizacv.do?id=K4189376A8\">-Carine<\/a><\/p>\n","protected":false},"excerpt":{"rendered":"<p>O Laborat\u00f3rio de Parasitologia Veterin\u00e1ria possui uma excelente equipe dedicada a fornecer o melhor diagn\u00f3stico para o seu animal. Somos uma equipe multidisciplinar, No laborat\u00f3rio h\u00e1 v\u00e1rios alunos de gradua\u00e7\u00e3o e p\u00f3s-gradua\u00e7\u00e3o de diferentes \u00e1reas, entre elas, Ci\u00eancias Biol\u00f3gicas, Farmacologia, Biomedicina, Medicina Veterin\u00e1ria, Enfermagem e Zootecnia. O lapavet \u00e9 um laborat\u00f3rio escola, possui na sua [&hellip;]<\/p>\n","protected":false},"author":124,"featured_media":0,"parent":0,"menu_order":0,"comment_status":"closed","ping_status":"closed","template":"","meta":{"footnotes":""},"categories":[],"tags":[],"class_list":["post-23","page","type-page","status-publish","hentry"],"acf":[],"_links":{"self":[{"href":"https:\/\/www.ufsm.br\/laboratorios\/lapavet\/wp-json\/wp\/v2\/pages\/23","targetHints":{"allow":["GET"]}}],"collection":[{"href":"https:\/\/www.ufsm.br\/laboratorios\/lapavet\/wp-json\/wp\/v2\/pages"}],"about":[{"href":"https:\/\/www.ufsm.br\/laboratorios\/lapavet\/wp-json\/wp\/v2\/types\/page"}],"author":[{"embeddable":true,"href":"https:\/\/www.ufsm.br\/laboratorios\/lapavet\/wp-json\/wp\/v2\/users\/124"}],"replies":[{"embeddable":true,"href":"https:\/\/www.ufsm.br\/laboratorios\/lapavet\/wp-json\/wp\/v2\/comments?post=23"}],"version-history":[{"count":0,"href":"https:\/\/www.ufsm.br\/laboratorios\/lapavet\/wp-json\/wp\/v2\/pages\/23\/revisions"}],"wp:attachment":[{"href":"https:\/\/www.ufsm.br\/laboratorios\/lapavet\/wp-json\/wp\/v2\/media?parent=23"}],"wp:term":[{"taxonomy":"category","embeddable":true,"href":"https:\/\/www.ufsm.br\/laboratorios\/lapavet\/wp-json\/wp\/v2\/categories?post=23"},{"taxonomy":"post_tag","embeddable":true,"href":"https:\/\/www.ufsm.br\/laboratorios\/lapavet\/wp-json\/wp\/v2\/tags?post=23"}],"curies":[{"name":"wp","href":"https:\/\/api.w.org\/{rel}","templated":true}]}}