{"id":47,"date":"2019-07-02T11:38:31","date_gmt":"2019-07-02T14:38:31","guid":{"rendered":"https:\/\/www.ufsm.br\/laboratorios\/lappe\/?page_id=47"},"modified":"2024-05-20T13:40:22","modified_gmt":"2024-05-20T16:40:22","slug":"horario","status":"publish","type":"page","link":"https:\/\/www.ufsm.br\/laboratorios\/lappe\/horario","title":{"rendered":"Hor\u00e1rio"},"content":{"rendered":"\n<p><strong>AVISO:<\/strong><\/p>\n<p>Para utilizar o Lappe nos hor\u00e1rios vagos, solicitamos que comunique anteriormente via\u00a0<a href=\"mailto:lappe@ufsm.br\"><strong>lappe@ufsm.br<\/strong><\/a><\/p>\n<p>\u00a0<\/p>\n<table style=\"width: 96.8966%\" border=\"0\" cellspacing=\"0\" cellpadding=\"0\">\n<tbody>\n<tr>\n<td style=\"width: 1.72414%\" colspan=\"6\" valign=\"top\" width=\"992\">\n<p class=\"Normal1\" align=\"center\"><strong>HOR\u00c1RIO DO LAPPE<\/strong><\/p>\n<p class=\"Normal1\" align=\"center\"><strong>LABORAT\u00d3RIO DE PESQUISA, ENSINO E EXTENS\u00c3O EM PRODU\u00c7\u00c3O EDITORIAL<\/strong><\/p>\n<p class=\"Normal1\" align=\"center\"><strong>SALA 1218 PR\u00c9DIO 67 &#8211; COMUNICA\u00c7\u00c3O SOCIAL &#8211; PRODU\u00c7\u00c3O EDITORIAL<\/strong><\/p>\n<\/td>\n<\/tr>\n<\/tbody>\n<\/table>\n<p><a href=\"https:\/\/docs.google.com\/spreadsheets\/d\/1J2EX4Ga04PUy-dDVrL04xHMiP2B3jKoMN4zWLoa3o1Q\/edit?usp=sharing\">https:\/\/docs.google.com\/spreadsheets\/d\/1J2EX4Ga04PUy-dDVrL04xHMiP2B3jKoMN4zWLoa3o1Q\/edit?usp=sharing<\/a><\/p>\n","protected":false},"excerpt":{"rendered":"<p>AVISO: Para utilizar o Lappe nos hor\u00e1rios vagos, solicitamos que comunique anteriormente via\u00a0lappe@ufsm.br \u00a0 HOR\u00c1RIO DO LAPPE LABORAT\u00d3RIO DE PESQUISA, ENSINO E EXTENS\u00c3O EM PRODU\u00c7\u00c3O EDITORIAL SALA 1218 PR\u00c9DIO 67 &#8211; COMUNICA\u00c7\u00c3O SOCIAL &#8211; PRODU\u00c7\u00c3O EDITORIAL https:\/\/docs.google.com\/spreadsheets\/d\/1J2EX4Ga04PUy-dDVrL04xHMiP2B3jKoMN4zWLoa3o1Q\/edit?usp=sharing<\/p>\n","protected":false},"author":115,"featured_media":0,"parent":0,"menu_order":0,"comment_status":"closed","ping_status":"closed","template":"","meta":{"footnotes":""},"categories":[],"tags":[],"class_list":["post-47","page","type-page","status-publish","hentry"],"acf":[],"_links":{"self":[{"href":"https:\/\/www.ufsm.br\/laboratorios\/lappe\/wp-json\/wp\/v2\/pages\/47","targetHints":{"allow":["GET"]}}],"collection":[{"href":"https:\/\/www.ufsm.br\/laboratorios\/lappe\/wp-json\/wp\/v2\/pages"}],"about":[{"href":"https:\/\/www.ufsm.br\/laboratorios\/lappe\/wp-json\/wp\/v2\/types\/page"}],"author":[{"embeddable":true,"href":"https:\/\/www.ufsm.br\/laboratorios\/lappe\/wp-json\/wp\/v2\/users\/115"}],"replies":[{"embeddable":true,"href":"https:\/\/www.ufsm.br\/laboratorios\/lappe\/wp-json\/wp\/v2\/comments?post=47"}],"version-history":[{"count":0,"href":"https:\/\/www.ufsm.br\/laboratorios\/lappe\/wp-json\/wp\/v2\/pages\/47\/revisions"}],"wp:attachment":[{"href":"https:\/\/www.ufsm.br\/laboratorios\/lappe\/wp-json\/wp\/v2\/media?parent=47"}],"wp:term":[{"taxonomy":"category","embeddable":true,"href":"https:\/\/www.ufsm.br\/laboratorios\/lappe\/wp-json\/wp\/v2\/categories?post=47"},{"taxonomy":"post_tag","embeddable":true,"href":"https:\/\/www.ufsm.br\/laboratorios\/lappe\/wp-json\/wp\/v2\/tags?post=47"}],"curies":[{"name":"wp","href":"https:\/\/api.w.org\/{rel}","templated":true}]}}