{"id":68,"date":"2023-10-30T17:01:07","date_gmt":"2023-10-30T20:01:07","guid":{"rendered":"https:\/\/www.ufsm.br\/laboratorios\/lappe\/?page_id=68"},"modified":"2023-10-30T17:05:45","modified_gmt":"2023-10-30T20:05:45","slug":"disciplinas","status":"publish","type":"page","link":"https:\/\/www.ufsm.br\/laboratorios\/lappe\/disciplinas","title":{"rendered":"Disciplinas"},"content":{"rendered":"\n<p>Disciplinas desenvolvidas no Lappe:<\/p>\n<p><a href=\"https:\/\/www.ufsm.br\/ementario\/disciplinas\/COM3045\">COM3045 &#8211; Produ\u00e7\u00e3o editorial para web N<\/a><\/p>\n<p><a href=\"https:\/\/www.ufsm.br\/ementario\/disciplinas\/COM3033\">COM3033 &#8211; Revis\u00e3o e Prepara\u00e7\u00e3o Originais<\/a><\/p>\n<p><a href=\"https:\/\/www.ufsm.br\/ementario\/disciplinas\/COM3034\">COM3034 &#8211; Design Editorial<\/a><\/p>\n<p><a href=\"https:\/\/www.ufsm.br\/ementario\/disciplinas\/COM3037\">COM3037 &#8211; Produ\u00e7\u00e3o Audiovisual N<\/a><\/p>\n<p><a href=\"https:\/\/www.ufsm.br\/ementario\/disciplinas\/COM3036\">COM3036 &#8211; Produ\u00e7\u00e3o e Tratamento de Imagem N<\/a><\/p>\n<p><a href=\"https:\/\/www.ufsm.br\/ementario\/disciplinas\/COM3039\">COM3039 &#8211; Planejamento e Produ\u00e7\u00e3o Gr\u00e1fico<\/a><\/p>\n<p><a href=\"https:\/\/www.ufsm.br\/ementario\/disciplinas\/COM3038\">COM3038 \u2013 Produ\u00e7\u00e3o Editorial em M\u00eddia Audiovisual N<\/a><\/p>\n<p><a href=\"https:\/\/www.ufsm.br\/ementario\/disciplinas\/COM3060\">COM3060 &#8211; Produ\u00e7\u00e3o Editorial para Revistas<\/a><\/p>\n<p><a href=\"https:\/\/www.ufsm.br\/ementario\/disciplinas\/COM3061\">COM3061 &#8211; Publica\u00e7\u00f5es Cient\u00edficas<\/a><\/p>\n<p><a href=\"https:\/\/www.ufsm.br\/ementario\/disciplinas\/COM3063\">COM3063 &#8211; Projeto Experimental em Edi\u00e7\u00e3o de Livro<\/a><\/p>\n<p><a href=\"https:\/\/www.ufsm.br\/ementario\/disciplinas\/COM3066\">COM3066 &#8211; Projeto Experimental em Educa\u00e7\u00e3o<\/a><\/p>\n<p><a href=\"https:\/\/www.ufsm.br\/ementario\/disciplinas\/COM3067\">COM3067 &#8211; Projeto Experimental em Revistas Cient\u00edficas<\/a><\/p>\n\n\n","protected":false},"excerpt":{"rendered":"<p>Disciplinas desenvolvidas no Lappe: COM3045 &#8211; Produ\u00e7\u00e3o editorial para web N COM3033 &#8211; Revis\u00e3o e Prepara\u00e7\u00e3o Originais COM3034 &#8211; Design Editorial COM3037 &#8211; Produ\u00e7\u00e3o Audiovisual N COM3036 &#8211; Produ\u00e7\u00e3o e Tratamento de Imagem N COM3039 &#8211; Planejamento e Produ\u00e7\u00e3o Gr\u00e1fico COM3038 \u2013 Produ\u00e7\u00e3o Editorial em M\u00eddia Audiovisual N COM3060 &#8211; Produ\u00e7\u00e3o Editorial para Revistas COM3061 [&hellip;]<\/p>\n","protected":false},"author":1981,"featured_media":0,"parent":0,"menu_order":0,"comment_status":"closed","ping_status":"closed","template":"","meta":{"footnotes":""},"categories":[],"tags":[],"class_list":["post-68","page","type-page","status-publish","hentry"],"acf":[],"_links":{"self":[{"href":"https:\/\/www.ufsm.br\/laboratorios\/lappe\/wp-json\/wp\/v2\/pages\/68","targetHints":{"allow":["GET"]}}],"collection":[{"href":"https:\/\/www.ufsm.br\/laboratorios\/lappe\/wp-json\/wp\/v2\/pages"}],"about":[{"href":"https:\/\/www.ufsm.br\/laboratorios\/lappe\/wp-json\/wp\/v2\/types\/page"}],"author":[{"embeddable":true,"href":"https:\/\/www.ufsm.br\/laboratorios\/lappe\/wp-json\/wp\/v2\/users\/1981"}],"replies":[{"embeddable":true,"href":"https:\/\/www.ufsm.br\/laboratorios\/lappe\/wp-json\/wp\/v2\/comments?post=68"}],"version-history":[{"count":0,"href":"https:\/\/www.ufsm.br\/laboratorios\/lappe\/wp-json\/wp\/v2\/pages\/68\/revisions"}],"wp:attachment":[{"href":"https:\/\/www.ufsm.br\/laboratorios\/lappe\/wp-json\/wp\/v2\/media?parent=68"}],"wp:term":[{"taxonomy":"category","embeddable":true,"href":"https:\/\/www.ufsm.br\/laboratorios\/lappe\/wp-json\/wp\/v2\/categories?post=68"},{"taxonomy":"post_tag","embeddable":true,"href":"https:\/\/www.ufsm.br\/laboratorios\/lappe\/wp-json\/wp\/v2\/tags?post=68"}],"curies":[{"name":"wp","href":"https:\/\/api.w.org\/{rel}","templated":true}]}}