{"id":23,"date":"2019-05-14T17:02:03","date_gmt":"2019-05-14T20:02:03","guid":{"rendered":"https:\/\/www.ufsm.br\/template-laboratprio\/?page_id=23"},"modified":"2024-10-21T15:02:46","modified_gmt":"2024-10-21T18:02:46","slug":"equipe","status":"publish","type":"page","link":"https:\/\/www.ufsm.br\/laboratorios\/laqfs-nmp\/equipe","title":{"rendered":"Equipe"},"content":{"rendered":"\t\t<div data-elementor-type=\"wp-page\" data-elementor-id=\"23\" class=\"elementor elementor-23\">\n\t\t\t\t\t\t<section class=\"elementor-section elementor-top-section elementor-element elementor-element-c4c49cc elementor-section-boxed elementor-section-height-default elementor-section-height-default\" data-id=\"c4c49cc\" data-element_type=\"section\">\n\t\t\t\t\t\t<div class=\"elementor-container elementor-column-gap-default\">\n\t\t\t\t\t<div class=\"elementor-column elementor-col-100 elementor-top-column elementor-element elementor-element-163365a\" data-id=\"163365a\" data-element_type=\"column\">\n\t\t\t<div class=\"elementor-widget-wrap elementor-element-populated\">\n\t\t\t\t\t\t<div class=\"elementor-element elementor-element-6c7e532 elementor-widget elementor-widget-text-editor\" data-id=\"6c7e532\" data-element_type=\"widget\" data-widget_type=\"text-editor.default\">\n\t\t\t\t<div class=\"elementor-widget-container\">\n\t\t\t\t\t\t\t<p style=\"margin-bottom: 0cm;text-align: justify;line-height: 150%\"><span style=\", serif;background-image: initial;background-position: initial;background-size: initial;background-attachment: initial\">O LQFS conta com uma equipe de profissionais qualificados, composta por quatro professores Doutores em Ci\u00eancia do Solo, Gustavo Brunetto, F\u00e1bio Joel Kochem Mallmann, Leandro Souza da Silva e Danilo Rheinheimer dos Santos, alunos de P\u00f3s-Gradua\u00e7\u00e3o, n\u00edvel mestrado e doutorado e P\u00f3s-Doutorado, alunos de inicia\u00e7\u00e3o cientifica e uma t\u00e9cnica de laborat\u00f3rio.<\/span><\/p><p style=\"margin-bottom: 0cm;text-align: justify;line-height: 150%\"><span style=\", serif;background-image: initial;background-position: initial;background-size: initial;background-attachment: initial\"><br><\/span><\/p>\n<p style=\"text-align:justify;line-height:normal\"><b>Prof.\nGustavo Brunetto<\/b><b>: <\/b><span style=\"background-image: initial;background-position: initial;background-size: initial;background-repeat: initial;background-attachment: initial\"><a href=\"http:\/\/lattes.cnpq.br\/1185169003700830\">http:\/\/lattes.cnpq.br\/1185169003700830<\/a><\/span><span style=\"font-size: 7.5pt;background-image: initial;background-position: initial;background-size: initial;background-repeat: initial;background-attachment: initial\"><\/span><\/p><p style=\"text-align:justify;line-height:normal\"><b>Alunos de doutorado<\/b><\/p><p style=\"text-align:justify;line-height:normal\"><span>Adriele\nTassinari:<\/span><span style=\"background-image: initial;background-position: initial;background-size: initial;background-repeat: initial;background-attachment: initial\"> <\/span><span style=\"background-image: initial;background-position: initial;background-size: initial;background-repeat: initial;background-attachment: initial\"><a href=\"http:\/\/lattes.cnpq.br\/7906768018722591\">http:\/\/lattes.cnpq.br\/7906768018722591<\/a><\/span><span><\/span><\/p><p style=\"text-align:justify;line-height:normal\"><span><a>Allan Augusto\nKokkonen da Silva<\/a>: <span style=\"background-image: initial;background-position: initial;background-size: initial;background-repeat: initial;background-attachment: initial\"><a href=\"http:\/\/lattes.cnpq.br\/7873840867893691\">http:\/\/lattes.cnpq.br\/7873840867893691<\/a><\/span><\/span><\/p><p style=\"text-align:justify;line-height:normal\"><span>Douglas\nLuiz Grando: <span style=\"background-image: initial;background-position: initial;background-size: initial;background-repeat: initial;background-attachment: initial\"><a href=\"http:\/\/lattes.cnpq.br\/9105223420218603\">http:\/\/lattes.cnpq.br\/9105223420218603<\/a><\/span><\/span><\/p><p style=\"text-align:justify;line-height:normal\"><span>Nat\u00e1lia\nMoreira Palermo: <span style=\"background-image: initial;background-position: initial;background-size: initial;background-repeat: initial;background-attachment: initial\"><a href=\"http:\/\/lattes.cnpq.br\/5668886182257516\">http:\/\/lattes.cnpq.br\/5668886182257516<\/a><\/span><\/span><\/p><p style=\"text-align:justify;line-height:normal\"><b>Alunos de mestrado<\/b><\/p><p style=\"text-align:justify;line-height:normal\"><span>Aparecida\nMiranda Corr\u00eaa: <span style=\"background-image: initial;background-position: initial;background-size: initial;background-repeat: initial;background-attachment: initial\"><a href=\"http:\/\/lattes.cnpq.br\/2798815357083543\">http:\/\/lattes.cnpq.br\/2798815357083543<\/a><\/span><\/span><\/p><p style=\"text-align:justify;line-height:normal\"><span>Laura\nSilva Dunker: <span style=\"background-image: initial;background-position: initial;background-size: initial;background-repeat: initial;background-attachment: initial\"><a href=\"http:\/\/lattes.cnpq.br\/3600867775047747\">http:\/\/lattes.cnpq.br\/3600867775047747<\/a><\/span><\/span><\/p><p style=\"text-align:justify;line-height:normal\"><b><span>Alunos de P\u00f3s-Doutorado<\/span><\/b><\/p><p style=\"text-align:justify;line-height:normal\"><span>Carina\nMarchezan: <span style=\"background-image: initial;background-position: initial;background-size: initial;background-repeat: initial;background-attachment: initial\">&nbsp;<a href=\"http:\/\/lattes.cnpq.br\/1081637753985272\">http:\/\/lattes.cnpq.br\/1081637753985272<\/a><\/span><\/span><\/p><p style=\"text-align:justify;line-height:normal\"><span lang=\"EN-US\">Jean Michel Moura Bueno: <span style=\"background-image: initial;background-position: initial;background-size: initial;background-repeat: initial;background-attachment: initial\">&nbsp;<\/span><\/span><span style=\"background-image: initial;background-position: initial;background-size: initial;background-repeat: initial;background-attachment: initial\"><a href=\"http:\/\/lattes.cnpq.br\/6826707506303568\"><span lang=\"EN-US\">http:\/\/lattes.cnpq.br\/6826707506303568<\/span><\/a><\/span><span lang=\"EN-US\" style=\"background-image: initial;background-position: initial;background-size: initial;background-repeat: initial;background-attachment: initial\"><\/span><\/p><p style=\"text-align:justify;line-height:normal\"><span lang=\"EN-US\">Paola Daiane Welter: <\/span><span style=\"background-image: initial;background-position: initial;background-size: initial;background-repeat: initial;background-attachment: initial\"><a href=\"http:\/\/lattes.cnpq.br\/9451093009630364\"><span lang=\"EN-US\">http:\/\/lattes.cnpq.br\/9451093009630364<\/span><\/a><\/span><span lang=\"EN-US\" style=\"background-image: initial;background-position: initial;background-size: initial;background-repeat: initial;background-attachment: initial\"><\/span><\/p><p style=\"text-align:justify;line-height:normal\"><span lang=\"EN-US\" style=\"background-image: initial;background-position: initial;background-size: initial;background-repeat: initial;background-attachment: initial\">&nbsp;<\/span><\/p><p style=\"text-align:justify;line-height:normal\"><b>Prof.\nF\u00e1bio Joel Kochem Mallmann<\/b><b>: <\/b><span style=\"font-size: 7.5pt;background-image: initial;background-position: initial;background-size: initial;background-repeat: initial;background-attachment: initial\">&nbsp;<\/span><span><span lang=\"EN-US\"><a href=\"http:\/\/lattes.cnpq.br\/3193437805018266\"><span lang=\"PT-BR\" style=\"background-image: initial;background-position: initial;background-size: initial;background-repeat: initial;background-attachment: initial\">http:\/\/lattes.cnpq.br\/3193437805018266<\/span><\/a><\/span><\/span><span lang=\"EN-US\" style=\"font-size: 7.5pt;background-image: initial;background-position: initial;background-size: initial;background-repeat: initial;background-attachment: initial\"><\/span><\/p><p style=\"text-align:justify;line-height:normal\"><b>Alunos de doutorado<\/b><\/p><p style=\"text-align:justify;line-height:normal\"><span lang=\"EN-US\">Jacson Hindersmann: <span style=\"background-image: initial;background-position: initial;background-size: initial;background-repeat: initial;background-attachment: initial\">&nbsp;<\/span><\/span><span style=\"background-image: initial;background-position: initial;background-size: initial;background-repeat: initial;background-attachment: initial\"><a href=\"http:\/\/lattes.cnpq.br\/1857892467900927\"><span lang=\"EN-US\">http:\/\/lattes.cnpq.br\/1857892467900927<\/span><\/a><\/span><span lang=\"EN-US\" style=\"background-image: initial;background-position: initial;background-size: initial;background-repeat: initial;background-attachment: initial\"><\/span><\/p><p style=\"text-align:justify;line-height:normal\"><b>Alunos de mestrado<\/b><\/p><p style=\"text-align:justify;line-height:normal\"><span>Eduardo\nBernardt: <span style=\"background-image: initial;background-position: initial;background-size: initial;background-repeat: initial;background-attachment: initial\">&nbsp;<a href=\"http:\/\/lattes.cnpq.br\/6203647072806672\">http:\/\/lattes.cnpq.br\/6203647072806672<\/a><\/span><\/span><\/p><p style=\"text-align:justify;line-height:normal\"><b>&nbsp;<\/b><\/p><p style=\"text-align:justify;line-height:normal\"><b>Prof.\nLeandro Souza da Silva<\/b><b>:<\/b><b> <\/b><span style=\"font-size: 7.5pt;background-image: initial;background-position: initial;background-size: initial;background-repeat: initial;background-attachment: initial\">&nbsp;<\/span><span><span><a href=\"http:\/\/lattes.cnpq.br\/2152888530643357\">http:\/\/lattes.cnpq.br\/2152888530643357<\/a><\/span><\/span><span style=\"font-size: 7.5pt;background-image: initial;background-position: initial;background-size: initial;background-repeat: initial;background-attachment: initial\"><\/span><\/p><p style=\"text-align:justify;line-height:normal\"><b>Alunos de mestrado<\/b><\/p><h2 style=\"margin-top:0cm;margin-right:0cm;margin-bottom:9.0pt;margin-left:0cm;text-align:justify;vertical-align:baseline\"><span style=\"font-size: 11pt\">Beatriz Oliveira\nCosta Lima:<\/span><span style=\"font-size: 11pt;background-image: initial;background-position: initial;background-size: initial;background-repeat: initial;background-attachment: initial\">&nbsp;<\/span><span style=\"font-size: 11pt;background-image: initial;background-position: initial;background-size: initial;background-repeat: initial;background-attachment: initial\"><a href=\"http:\/\/lattes.cnpq.br\/1688852606871213\">http:\/\/lattes.cnpq.br\/1688852606871213<\/a><\/span><\/h2><h2 style=\"margin: 0cm 0cm 9pt;text-align: justify;background-image: initial;background-position: initial;background-size: initial;background-repeat: initial;background-attachment: initial;vertical-align: baseline\"><span style=\"font-size: 11pt\">Gustavo\nScopel<\/span><span style=\"font-size: 11pt\">: <span style=\"background-image: initial;background-position: initial;background-size: initial;background-repeat: initial;background-attachment: initial\"><a href=\"http:\/\/lattes.cnpq.br\/6562538259946079\">http:\/\/lattes.cnpq.br\/6562538259946079<\/a><\/span><\/span><\/h2><h2 style=\"margin: 0cm 0cm 9pt;text-align: justify;background-image: initial;background-position: initial;background-size: initial;background-repeat: initial;background-attachment: initial;vertical-align: baseline\"><span style=\"font-size: 11pt;background-image: initial;background-position: initial;background-size: initial;background-repeat: initial;background-attachment: initial\">&nbsp;<\/span><\/h2><p style=\"text-align:justify;line-height:normal\"><b>Prof.\nDanilo Rheinheimer dos Santos<\/b><b>:\n<\/b><span>&nbsp;<\/span><span><span><a href=\"http:\/\/lattes.cnpq.br\/9785041985123251\">http:\/\/lattes.cnpq.br\/9785041985123251<\/a><\/span><\/span><span style=\"font-size: 7.5pt;background-image: initial;background-position: initial;background-size: initial;background-repeat: initial;background-attachment: initial\"><\/span><\/p><p style=\"text-align:justify;line-height:normal\"><b>Alunos de doutorado<\/b><\/p><p style=\"text-align:justify;line-height:normal\"><span>Anelisi\nInchauspe de Oliveira: <span style=\"background-image: initial;background-position: initial;background-size: initial;background-repeat: initial;background-attachment: initial\">&nbsp;<a href=\"http:\/\/lattes.cnpq.br\/8897960767056228\">http:\/\/lattes.cnpq.br\/8897960767056228<\/a><\/span><\/span><\/p><p style=\"text-align:justify;line-height:normal\"><span>Bruna\nVicente: <span style=\"background-image: initial;background-position: initial;background-size: initial;background-repeat: initial;background-attachment: initial\"><a href=\"http:\/\/lattes.cnpq.br\/6382001407436624\">http:\/\/lattes.cnpq.br\/6382001407436624<\/a><\/span><\/span><\/p><p style=\"text-align:justify;line-height:normal\"><b>Alunos de mestrado<\/b><\/p><h2 style=\"margin: 0cm 0cm 9pt;text-align: justify;background-image: initial;background-position: initial;background-size: initial;background-repeat: initial;background-attachment: initial;vertical-align: baseline\"><span style=\"font-size: 11pt\">J\u00falia\nFollmann de Lima: <\/span><span style=\"font-size: 11pt;background-image: initial;background-position: initial;background-size: initial;background-repeat: initial;background-attachment: initial\"><a href=\"http:\/\/lattes.cnpq.br\/2066420263182358\">http:\/\/lattes.cnpq.br\/2066420263182358<\/a><\/span><\/h2><p style=\"margin-bottom: 0cm;text-align: justify;line-height: 150%\"><span style=\", serif;background-image: initial;background-position: initial;background-size: initial;background-attachment: initial\">\n\n\n\n\n\n\n\n\n\n\n\n\n\n\n\n\n\n\n\n\n\n\n\n\n\n\n\n\n\n\n\n\n\n\n\n\n\n\n\n\n\n\n\n\n\n\n\n\n\n\n\n\n\n\n\n\n\n\n\n\n\n<\/span><\/p><h2 style=\"margin: 0cm 0cm 9pt;text-align: justify;background-image: initial;background-position: initial;background-size: initial;background-repeat: initial;background-attachment: initial;vertical-align: baseline\"><span style=\"font-size: 11pt\">Jaime\nJo\u00e3o Amade<\/span><span style=\"font-size: 11pt\">: <span style=\"background-image: initial;background-position: initial;background-size: initial;background-repeat: initial;background-attachment: initial\"><a href=\"http:\/\/lattes.cnpq.br\/7044836093212951\">http:\/\/lattes.cnpq.br\/7044836093212951<\/a><\/span><\/span><\/h2>\t\t\t\t\t\t<\/div>\n\t\t\t\t<\/div>\n\t\t\t\t\t<\/div>\n\t\t<\/div>\n\t\t\t\t\t<\/div>\n\t\t<\/section>\n\t\t\t\t<\/div>\n\t\t","protected":false},"excerpt":{"rendered":"<p>O LQFS conta com uma equipe de profissionais qualificados, composta por quatro professores Doutores em Ci\u00eancia do Solo, Gustavo Brunetto, F\u00e1bio Joel Kochem Mallmann, Leandro Souza da Silva e Danilo Rheinheimer dos Santos, alunos de P\u00f3s-Gradua\u00e7\u00e3o, n\u00edvel mestrado e doutorado e P\u00f3s-Doutorado, alunos de inicia\u00e7\u00e3o cientifica e uma t\u00e9cnica de laborat\u00f3rio. Prof. Gustavo Brunetto: http:\/\/lattes.cnpq.br\/1185169003700830 [&hellip;]<\/p>\n","protected":false},"author":124,"featured_media":0,"parent":0,"menu_order":0,"comment_status":"closed","ping_status":"closed","template":"","meta":{"footnotes":""},"categories":[],"tags":[],"class_list":["post-23","page","type-page","status-publish","hentry"],"acf":[],"_links":{"self":[{"href":"https:\/\/www.ufsm.br\/laboratorios\/laqfs-nmp\/wp-json\/wp\/v2\/pages\/23","targetHints":{"allow":["GET"]}}],"collection":[{"href":"https:\/\/www.ufsm.br\/laboratorios\/laqfs-nmp\/wp-json\/wp\/v2\/pages"}],"about":[{"href":"https:\/\/www.ufsm.br\/laboratorios\/laqfs-nmp\/wp-json\/wp\/v2\/types\/page"}],"author":[{"embeddable":true,"href":"https:\/\/www.ufsm.br\/laboratorios\/laqfs-nmp\/wp-json\/wp\/v2\/users\/124"}],"replies":[{"embeddable":true,"href":"https:\/\/www.ufsm.br\/laboratorios\/laqfs-nmp\/wp-json\/wp\/v2\/comments?post=23"}],"version-history":[{"count":0,"href":"https:\/\/www.ufsm.br\/laboratorios\/laqfs-nmp\/wp-json\/wp\/v2\/pages\/23\/revisions"}],"wp:attachment":[{"href":"https:\/\/www.ufsm.br\/laboratorios\/laqfs-nmp\/wp-json\/wp\/v2\/media?parent=23"}],"wp:term":[{"taxonomy":"category","embeddable":true,"href":"https:\/\/www.ufsm.br\/laboratorios\/laqfs-nmp\/wp-json\/wp\/v2\/categories?post=23"},{"taxonomy":"post_tag","embeddable":true,"href":"https:\/\/www.ufsm.br\/laboratorios\/laqfs-nmp\/wp-json\/wp\/v2\/tags?post=23"}],"curies":[{"name":"wp","href":"https:\/\/api.w.org\/{rel}","templated":true}]}}