{"id":24,"date":"2019-05-14T17:02:52","date_gmt":"2019-05-14T20:02:52","guid":{"rendered":"https:\/\/www.ufsm.br\/template-laboratprio\/?page_id=24"},"modified":"2026-03-16T10:24:59","modified_gmt":"2026-03-16T13:24:59","slug":"infraestrutura","status":"publish","type":"page","link":"https:\/\/www.ufsm.br\/laboratorios\/laqfs-nmp\/infraestrutura","title":{"rendered":"Infraestrutura"},"content":{"rendered":"\t\t<div data-elementor-type=\"wp-page\" data-elementor-id=\"24\" class=\"elementor elementor-24\">\n\t\t\t\t\t\t<section class=\"elementor-section elementor-top-section elementor-element elementor-element-af3f82c elementor-section-boxed elementor-section-height-default elementor-section-height-default\" data-id=\"af3f82c\" data-element_type=\"section\">\n\t\t\t\t\t\t<div class=\"elementor-container elementor-column-gap-default\">\n\t\t\t\t\t<div class=\"elementor-column elementor-col-100 elementor-top-column elementor-element elementor-element-ce92780\" data-id=\"ce92780\" data-element_type=\"column\">\n\t\t\t<div class=\"elementor-widget-wrap elementor-element-populated\">\n\t\t\t\t\t\t<div class=\"elementor-element elementor-element-49757aa elementor-widget elementor-widget-text-editor\" data-id=\"49757aa\" data-element_type=\"widget\" data-widget_type=\"text-editor.default\">\n\t\t\t\t<div class=\"elementor-widget-container\">\n\t\t\t\t\t\t\t<p style=\"margin-bottom: 0cm;text-align: justify;line-height: 150%\">A infraestrutura do<br \/>LQFS compreende um espa\u00e7o f\u00edsico de 381m<sup>2<\/sup>, dividida em laborat\u00f3rios, sala de estudos, sala de t\u00e9cnicos e professores, sala de balan\u00e7as, sala de<br \/>reagentes e almoxarifado.\u00a0 Os laborat\u00f3rios que constituem o LQFS est\u00e3o separados de acordo com a instrumenta\u00e7\u00e3o anal\u00edtica utilizada,<br \/>sendo eles:<\/p><p style=\"margin-bottom: 0cm;text-align: justify;line-height: 150%\">\u00a0<\/p><p style=\"margin-bottom: 0cm;text-align: justify;line-height: 150%\">\u00a0<\/p><p style=\"margin-bottom: 0cm;text-align: justify;line-height: 150%\">&#8211; Laborat\u00f3rio de Qu\u00edmica do solo, sala 104;<\/p><p style=\"margin-bottom: 0cm;text-align: justify;line-height: 150%\">\u00a0<\/p><p style=\"margin-bottom: 0cm;text-align: justify;line-height: 150%\">&#8211; Laborat\u00f3rio de Fertilidade do solo, sala 106;<\/p><p style=\"margin-bottom: 0cm;text-align: justify;line-height: 150%\">\u00a0<\/p><p style=\"margin-bottom: 0cm;text-align: justify;line-height: 150%\"><span style=\", serif;font-weight: var( --e-global-typography-text-font-weight )\">&#8211; Laborat\u00f3rio de Tecidos Vegetais, sala 107;<\/span><\/p><p style=\"margin-bottom: 0cm;text-align: justify;line-height: 150%\"><span style=\", serif;font-weight: var( --e-global-typography-text-font-weight )\">\u00a0<\/span><\/p><p style=\"margin-bottom: 0cm;text-align: justify;line-height: 150%\"><span style=\"font-weight: var( --e-global-typography-text-font-weight )\">&#8211; Laborat\u00f3rio de <\/span><span style=\"font-weight: var( --e-global-typography-text-font-weight )\">Solu\u00e7\u00e3o Nutritiva, sala 108;<\/span><\/p><p style=\"margin-bottom: 0cm;text-align: justify;line-height: 150%\">\u00a0<\/p><p style=\"margin-bottom: 0cm;text-align: justify;line-height: 150%\">&#8211; Sala de Equipamentos e An\u00e1lises, sala 105.<\/p><p style=\"margin-bottom: 0cm;text-align: justify;line-height: 150%\">\u00a0<\/p><p style=\"margin-bottom: 0cm;text-align: justify;line-height: 150%\">\u00a0<\/p><p style=\"margin-bottom: 0cm;text-align: justify;line-height: 150%\">Atualmente, o LQFS, conta com os seguintes equipamentos:<\/p><p style=\"margin-bottom: 0cm;text-align: justify;line-height: 150%\">\u00a0<\/p><p style=\"margin-bottom: 0cm;text-align: justify;line-height: 150%\">\u00a0<\/p><p style=\"margin-bottom: 0cm;text-align: justify;line-height: 150%\">Um absor\u00e7\u00e3o At\u00f4nica,\u00a0<span style=\"font-weight: var( --e-global-typography-text-font-weight )\">modelo AAnalyst 220 (Perkin Elmer);<\/span><\/p><p style=\"margin-bottom: 0cm;text-align: justify;line-height: 150%\">\u00a0<\/p><p style=\"margin-bottom: 0cm;text-align: justify;line-height: 150%\">Um Fot\u00f4metro de Chama, modelo 910 (Analyser);<\/p><p style=\"margin-bottom: 0cm;text-align: justify;line-height: 150%\">\u00a0<\/p><p style=\"margin-bottom: 0cm;text-align: justify;line-height: 150%\">Uma centrifuga, modelo Harrier 18\/80 (MSE);<\/p><p style=\"margin-bottom: 0cm;text-align: justify;line-height: 150%\">\u00a0<\/p><p style=\"margin-bottom: 0cm;text-align: justify;line-height: 150%\">Uma Mufla de Bancada (Fornitec);<\/p><p style=\"margin-bottom: 0cm;text-align: justify;line-height: 150%\">\u00a0<\/p><p style=\"margin-bottom: 0cm;text-align: justify;line-height: 150%\">Um Espectrofot\u00f4metro Digital, modelo V-5000 (Tecnal);<\/p><p style=\"margin-bottom: 0cm;text-align: justify;line-height: 150%\">\u00a0<\/p><p style=\"margin-bottom: 0cm;text-align: justify;line-height: 150%\">Uma Balan\u00e7as semi anal\u00edtica, modelo UX620H (<span style=\"color: black\">Shimadzu)<\/span>;<\/p><p style=\"margin-bottom: 0cm;text-align: justify;line-height: 150%\">\u00a0<\/p><p style=\"margin-bottom: 0cm;text-align: justify;line-height: 150%\"><span style=\"font-weight: var( --e-global-typography-text-font-weight )\">Uma Balan\u00e7a Anal\u00edtica, <\/span><span style=\"font-weight: var( --e-global-typography-text-font-weight )\">modelo AUY220 (<\/span><span style=\"color: black;font-weight: var( --e-global-typography-text-font-weight )\">Shimadzu)<\/span><span style=\"font-weight: var( --e-global-typography-text-font-weight )\">.<\/span><\/p><p style=\"margin-bottom: 0cm;text-align: justify;line-height: 150%\"><span style=\"font-weight: var( --e-global-typography-text-font-weight )\">\u00a0<\/span><\/p><p style=\"margin-bottom: 0cm;text-align: justify;line-height: 150%\">\u00a0<\/p><p style=\"margin-bottom: 0cm;text-align: justify;line-height: 150%\">\u00a0<\/p><p style=\"margin-bottom: 0cm;text-align: justify;line-height: 150%\"><a href=\"https:\/\/drive.google.com\/file\/d\/1t8Cp7JvAVfTHwbGwA0NPYGT-LXYVP6tb\/view?usp=sharing\">PARA ACESSAR O ESTATUTO\u00a0APERTE AQUI<\/a><\/p><p style=\"margin-bottom: 0cm;text-align: justify;line-height: 150%\">\u00a0<\/p><p style=\"margin-bottom: 0cm;text-align: justify;line-height: 150%\">\u00a0<\/p><p style=\"margin-bottom: 0cm;text-align: justify;line-height: 150%\">Para agendamento acesse o formul\u00e1rio<\/p>\t\t\t\t\t\t<\/div>\n\t\t\t\t<\/div>\n\t\t\t\t<div class=\"elementor-element elementor-element-f8c8758 elementor-widget elementor-widget-button\" data-id=\"f8c8758\" data-element_type=\"widget\" data-widget_type=\"button.default\">\n\t\t\t\t<div class=\"elementor-widget-container\">\n\t\t\t\t\t\t\t<div class=\"elementor-button-wrapper\">\n\t\t\t\t\t<a class=\"elementor-button elementor-button-link elementor-size-sm\" href=\"https:\/\/forms.gle\/wHKEDiC2n2FUoqej8\">\n\t\t\t\t\t\t<span class=\"elementor-button-content-wrapper\">\n\t\t\t\t\t\t\t\t\t<span class=\"elementor-button-text\">Formul\u00e1rio aqui!<\/span>\n\t\t\t\t\t<\/span>\n\t\t\t\t\t<\/a>\n\t\t\t\t<\/div>\n\t\t\t\t\t\t<\/div>\n\t\t\t\t<\/div>\n\t\t\t\t\t<\/div>\n\t\t<\/div>\n\t\t\t\t\t<\/div>\n\t\t<\/section>\n\t\t\t\t<section class=\"elementor-section elementor-top-section elementor-element elementor-element-5efd9e0 elementor-section-boxed elementor-section-height-default elementor-section-height-default\" data-id=\"5efd9e0\" data-element_type=\"section\">\n\t\t\t\t\t\t<div class=\"elementor-container elementor-column-gap-default\">\n\t\t\t\t\t<div class=\"elementor-column elementor-col-100 elementor-top-column elementor-element elementor-element-6a56fc2\" data-id=\"6a56fc2\" data-element_type=\"column\">\n\t\t\t<div class=\"elementor-widget-wrap elementor-element-populated\">\n\t\t\t\t\t\t<div class=\"elementor-element elementor-element-4f317d9 elementor-widget elementor-widget-toggle\" data-id=\"4f317d9\" data-element_type=\"widget\" data-widget_type=\"toggle.default\">\n\t\t\t\t<div class=\"elementor-widget-container\">\n\t\t\t\t\t<div class=\"elementor-toggle\">\n\t\t\t\t\t\t\t<div class=\"elementor-toggle-item\">\n\t\t\t\t\t<div id=\"elementor-tab-title-8301\" class=\"elementor-tab-title\" data-tab=\"1\" role=\"button\" aria-controls=\"elementor-tab-content-8301\" aria-expanded=\"false\">\n\t\t\t\t\t\t\t\t\t\t\t\t<span class=\"elementor-toggle-icon elementor-toggle-icon-left\" aria-hidden=\"true\">\n\t\t\t\t\t\t\t\t\t\t\t\t\t\t\t<span class=\"elementor-toggle-icon-closed\"><i class=\"fas fa-caret-right\"><\/i><\/span>\n\t\t\t\t\t\t\t\t<span class=\"elementor-toggle-icon-opened\"><i class=\"elementor-toggle-icon-opened fas fa-caret-up\"><\/i><\/span>\n\t\t\t\t\t\t\t\t\t\t\t\t\t<\/span>\n\t\t\t\t\t\t\t\t\t\t\t\t<a class=\"elementor-toggle-title\" tabindex=\"0\">Comit\u00ea Gestor<\/a>\n\t\t\t\t\t<\/div>\n\n\t\t\t\t\t<div id=\"elementor-tab-content-8301\" class=\"elementor-tab-content elementor-clearfix\" data-tab=\"1\" role=\"region\" aria-labelledby=\"elementor-tab-title-8301\"><p>Prof. Gustavo Brunetto (Presidente)-DSOL\/PPGCS-UFSM<\/p><p>Prof. Leandro Souza da Silva-DSOL\/PPGCS-UFSM<\/p><p>Prof. Danilo Rheinheimer dos Santos-DSOL\/PPGCS-UFSM<\/p><p>Prof. Tadeu Tiecher-IFRS<\/p><p>Tec. Elci Gubiani-DSOL-UFSM<\/p><\/div>\n\t\t\t\t<\/div>\n\t\t\t\t\t\t\t<div class=\"elementor-toggle-item\">\n\t\t\t\t\t<div id=\"elementor-tab-title-8302\" class=\"elementor-tab-title\" data-tab=\"2\" role=\"button\" aria-controls=\"elementor-tab-content-8302\" aria-expanded=\"false\">\n\t\t\t\t\t\t\t\t\t\t\t\t<span class=\"elementor-toggle-icon elementor-toggle-icon-left\" aria-hidden=\"true\">\n\t\t\t\t\t\t\t\t\t\t\t\t\t\t\t<span class=\"elementor-toggle-icon-closed\"><i class=\"fas fa-caret-right\"><\/i><\/span>\n\t\t\t\t\t\t\t\t<span class=\"elementor-toggle-icon-opened\"><i class=\"elementor-toggle-icon-opened fas fa-caret-up\"><\/i><\/span>\n\t\t\t\t\t\t\t\t\t\t\t\t\t<\/span>\n\t\t\t\t\t\t\t\t\t\t\t\t<a class=\"elementor-toggle-title\" tabindex=\"0\">Comit\u00ea de Usu\u00e1rios<\/a>\n\t\t\t\t\t<\/div>\n\n\t\t\t\t\t<div id=\"elementor-tab-content-8302\" class=\"elementor-tab-content elementor-clearfix\" data-tab=\"2\" role=\"region\" aria-labelledby=\"elementor-tab-title-8302\"><p>Prof. Gustavo Brunetto-DSOL\/PPGCS-UFSM<\/p><p>Prof. Sandro Jos\u00e9 Giacomini-DSOL\/PPGCS-UFSM<\/p><p>Nerineia Dalfollo Ribeiro-DFIT\/PPGA-UFSM\u00a0<\/p><p>Tec. Elci Gubiani-DSOL-UFSM<\/p><p>Bruna Paese-PPGCS-UFSM<\/p><\/div>\n\t\t\t\t<\/div>\n\t\t\t\t\t\t\t\t<\/div>\n\t\t\t\t<\/div>\n\t\t\t\t<\/div>\n\t\t\t\t\t<\/div>\n\t\t<\/div>\n\t\t\t\t\t<\/div>\n\t\t<\/section>\n\t\t\t\t<\/div>\n\t\t","protected":false},"excerpt":{"rendered":"<p>A infraestrutura doLQFS compreende um espa\u00e7o f\u00edsico de 381m2, dividida em laborat\u00f3rios, sala de estudos, sala de t\u00e9cnicos e professores, sala de balan\u00e7as, sala dereagentes e almoxarifado.\u00a0 Os laborat\u00f3rios que constituem o LQFS est\u00e3o separados de acordo com a instrumenta\u00e7\u00e3o anal\u00edtica utilizada,sendo eles: \u00a0 \u00a0 &#8211; Laborat\u00f3rio de Qu\u00edmica do solo, sala 104; \u00a0 &#8211; [&hellip;]<\/p>\n","protected":false},"author":124,"featured_media":0,"parent":0,"menu_order":0,"comment_status":"closed","ping_status":"closed","template":"","meta":{"footnotes":""},"categories":[],"tags":[],"class_list":["post-24","page","type-page","status-publish","hentry"],"acf":[],"_links":{"self":[{"href":"https:\/\/www.ufsm.br\/laboratorios\/laqfs-nmp\/wp-json\/wp\/v2\/pages\/24","targetHints":{"allow":["GET"]}}],"collection":[{"href":"https:\/\/www.ufsm.br\/laboratorios\/laqfs-nmp\/wp-json\/wp\/v2\/pages"}],"about":[{"href":"https:\/\/www.ufsm.br\/laboratorios\/laqfs-nmp\/wp-json\/wp\/v2\/types\/page"}],"author":[{"embeddable":true,"href":"https:\/\/www.ufsm.br\/laboratorios\/laqfs-nmp\/wp-json\/wp\/v2\/users\/124"}],"replies":[{"embeddable":true,"href":"https:\/\/www.ufsm.br\/laboratorios\/laqfs-nmp\/wp-json\/wp\/v2\/comments?post=24"}],"version-history":[{"count":0,"href":"https:\/\/www.ufsm.br\/laboratorios\/laqfs-nmp\/wp-json\/wp\/v2\/pages\/24\/revisions"}],"wp:attachment":[{"href":"https:\/\/www.ufsm.br\/laboratorios\/laqfs-nmp\/wp-json\/wp\/v2\/media?parent=24"}],"wp:term":[{"taxonomy":"category","embeddable":true,"href":"https:\/\/www.ufsm.br\/laboratorios\/laqfs-nmp\/wp-json\/wp\/v2\/categories?post=24"},{"taxonomy":"post_tag","embeddable":true,"href":"https:\/\/www.ufsm.br\/laboratorios\/laqfs-nmp\/wp-json\/wp\/v2\/tags?post=24"}],"curies":[{"name":"wp","href":"https:\/\/api.w.org\/{rel}","templated":true}]}}