{"id":32,"date":"2019-05-24T15:38:39","date_gmt":"2019-05-24T18:38:39","guid":{"rendered":"https:\/\/www.ufsm.br\/template-laboratprio\/?page_id=32"},"modified":"2024-03-05T19:22:49","modified_gmt":"2024-03-05T22:22:49","slug":"projetos","status":"publish","type":"page","link":"https:\/\/www.ufsm.br\/laboratorios\/laqfs-nmp\/projetos","title":{"rendered":"Projetos"},"content":{"rendered":"\t\t<div data-elementor-type=\"wp-page\" data-elementor-id=\"32\" class=\"elementor elementor-32\">\n\t\t\t\t\t\t<section class=\"elementor-section elementor-top-section elementor-element elementor-element-2401ef9 elementor-section-boxed elementor-section-height-default elementor-section-height-default\" data-id=\"2401ef9\" data-element_type=\"section\">\n\t\t\t\t\t\t<div class=\"elementor-container elementor-column-gap-default\">\n\t\t\t\t\t<div class=\"elementor-column elementor-col-100 elementor-top-column elementor-element elementor-element-f85c1d4\" data-id=\"f85c1d4\" data-element_type=\"column\">\n\t\t\t<div class=\"elementor-widget-wrap elementor-element-populated\">\n\t\t\t\t\t\t<div class=\"elementor-element elementor-element-03a8cd2 elementor-widget elementor-widget-text-editor\" data-id=\"03a8cd2\" data-element_type=\"widget\" data-widget_type=\"text-editor.default\">\n\t\t\t\t<div class=\"elementor-widget-container\">\n\t\t\t\t\t\t\t<ul style=\"list-style-type: disc\"><li style=\"text-align: justify;line-height: 150%\"><span style=\"font-family: 'Times New Roman',serif\">Monitoramento de gases de efeito estufa no campo e em florestas.<\/span><\/li><li style=\"text-align: justify;line-height: 150%\"><span style=\"font-family: 'Times New Roman',serif\">Din\u00e2mica de f\u00f3sforo e nitrog\u00eanio na rizosfera do milho cultivado em solo com 15 anos de aplica\u00e7\u00f5es de dejetos de su\u00ednos e fertilizante mineral em sistema de plantio direto.<\/span><\/li><li style=\"text-align: justify;line-height: 150%\"><span style=\"font-family: 'Times New Roman',serif\">Estrat\u00e9gias para racionalizar o uso de fertilizantes fosfatados em solo sob sistema plantio direto.<\/span><\/li><li style=\"text-align: justify;line-height: 150%\"><span style=\"font-family: 'Times New Roman',serif\">Proposi\u00e7\u00e3o de um sistema de recomenda\u00e7\u00e3o de calagem e aduba\u00e7\u00e3o para videiras na Serra Ga\u00facha do Rio Grande do Sul.<\/span><\/li><li style=\"text-align: justify;line-height: 150%\"><span style=\"font-family: 'Times New Roman',serif\">Solos &#8211; Produ\u00e7\u00e3o e preserva\u00e7\u00e3o do ambiente.<\/span><\/li><li style=\"text-align: justify;line-height: 150%\"><span style=\"font-family: 'Times New Roman',serif\">Contaminantes emergentes na \u00e1gua, sedimentos e biofilmes epil\u00edticos em bacias hidrogr\u00e1ficas agr\u00edcolas e urbana e seus efeitos sobre organismos n\u00e3o-alvos.<\/span><\/li><li style=\"text-align: justify;line-height: 150%\"><span style=\"font-family: 'Times New Roman',serif\">Variabilidade anal\u00edtica do f\u00f3sforo extra\u00eddo pelos m\u00e9todos Mehlich-1 e Mehlich-3.<\/span><\/li><li style=\"text-align: justify;line-height: 150%\"><span style=\"font-family: 'Times New Roman',serif\">Avalia\u00e7\u00e3o da emiss\u00e3o de metano em solos de v\u00e1rzea<\/span><\/li><li style=\"text-align: justify;line-height: 150%\"><span style=\"font-family: 'Times New Roman',serif\">Qualidade da mat\u00e9ria org\u00e2nica do solo e aspectos relacionados \u00e0 biodisponibilidade de cobre<\/span><\/li><\/ul>\t\t\t\t\t\t<\/div>\n\t\t\t\t<\/div>\n\t\t\t\t\t<\/div>\n\t\t<\/div>\n\t\t\t\t\t<\/div>\n\t\t<\/section>\n\t\t\t\t<\/div>\n\t\t","protected":false},"excerpt":{"rendered":"<p>Monitoramento de gases de efeito estufa no campo e em florestas. Din\u00e2mica de f\u00f3sforo e nitrog\u00eanio na rizosfera do milho cultivado em solo com 15 anos de aplica\u00e7\u00f5es de dejetos de su\u00ednos e fertilizante mineral em sistema de plantio direto. Estrat\u00e9gias para racionalizar o uso de fertilizantes fosfatados em solo sob sistema plantio direto. Proposi\u00e7\u00e3o [&hellip;]<\/p>\n","protected":false},"author":25,"featured_media":0,"parent":0,"menu_order":0,"comment_status":"closed","ping_status":"closed","template":"","meta":{"footnotes":""},"categories":[],"tags":[],"class_list":["post-32","page","type-page","status-publish","hentry"],"acf":[],"_links":{"self":[{"href":"https:\/\/www.ufsm.br\/laboratorios\/laqfs-nmp\/wp-json\/wp\/v2\/pages\/32","targetHints":{"allow":["GET"]}}],"collection":[{"href":"https:\/\/www.ufsm.br\/laboratorios\/laqfs-nmp\/wp-json\/wp\/v2\/pages"}],"about":[{"href":"https:\/\/www.ufsm.br\/laboratorios\/laqfs-nmp\/wp-json\/wp\/v2\/types\/page"}],"author":[{"embeddable":true,"href":"https:\/\/www.ufsm.br\/laboratorios\/laqfs-nmp\/wp-json\/wp\/v2\/users\/25"}],"replies":[{"embeddable":true,"href":"https:\/\/www.ufsm.br\/laboratorios\/laqfs-nmp\/wp-json\/wp\/v2\/comments?post=32"}],"version-history":[{"count":0,"href":"https:\/\/www.ufsm.br\/laboratorios\/laqfs-nmp\/wp-json\/wp\/v2\/pages\/32\/revisions"}],"wp:attachment":[{"href":"https:\/\/www.ufsm.br\/laboratorios\/laqfs-nmp\/wp-json\/wp\/v2\/media?parent=32"}],"wp:term":[{"taxonomy":"category","embeddable":true,"href":"https:\/\/www.ufsm.br\/laboratorios\/laqfs-nmp\/wp-json\/wp\/v2\/categories?post=32"},{"taxonomy":"post_tag","embeddable":true,"href":"https:\/\/www.ufsm.br\/laboratorios\/laqfs-nmp\/wp-json\/wp\/v2\/tags?post=32"}],"curies":[{"name":"wp","href":"https:\/\/api.w.org\/{rel}","templated":true}]}}