{"id":33,"date":"2019-05-24T15:38:58","date_gmt":"2019-05-24T18:38:58","guid":{"rendered":"https:\/\/www.ufsm.br\/template-laboratprio\/?page_id=33"},"modified":"2024-10-16T15:04:59","modified_gmt":"2024-10-16T18:04:59","slug":"producao-cientifica","status":"publish","type":"page","link":"https:\/\/www.ufsm.br\/laboratorios\/laqfs-nmp\/producao-cientifica","title":{"rendered":"Produ\u00e7\u00e3o Cient\u00edfica"},"content":{"rendered":"\t\t<div data-elementor-type=\"wp-page\" data-elementor-id=\"33\" class=\"elementor elementor-33\">\n\t\t\t\t\t\t<section class=\"elementor-section elementor-top-section elementor-element elementor-element-7454884 elementor-section-boxed elementor-section-height-default elementor-section-height-default\" data-id=\"7454884\" data-element_type=\"section\">\n\t\t\t\t\t\t<div class=\"elementor-container elementor-column-gap-default\">\n\t\t\t\t\t<div class=\"elementor-column elementor-col-100 elementor-top-column elementor-element elementor-element-26a28b5\" data-id=\"26a28b5\" data-element_type=\"column\">\n\t\t\t<div class=\"elementor-widget-wrap elementor-element-populated\">\n\t\t\t\t\t\t<div class=\"elementor-element elementor-element-24b453e elementor-widget elementor-widget-text-editor\" data-id=\"24b453e\" data-element_type=\"widget\" data-widget_type=\"text-editor.default\">\n\t\t\t\t<div class=\"elementor-widget-container\">\n\t\t\t\t\t\t\t<p style=\"margin-bottom: 0cm;text-align: justify;line-height: 150%\"><span style=\"color: black;, serif;font-weight: var( --e-global-typography-text-font-weight );background-image: initial;background-position: initial;background-size: initial;background-attachment: initial\"><span style=\"color: #1c1c1c;font-size: 16px;text-align: start\">As publica\u00e7\u00f5es atualizadas poder\u00e3o ser consultadas diretamente no\u00a0<\/span><span style=\"color: #1c1c1c;font-size: 16px;text-align: start\">Curr\u00edculo Lattes dos Professores:<\/span><br \/><\/span><\/p><p style=\"margin-bottom: 0cm;text-align: justify;line-height: 150%\"><span style=\"color: black;, serif;font-weight: var( --e-global-typography-text-font-weight );background-image: initial;background-position: initial;background-size: initial;background-attachment: initial\"><span style=\"color: #1c1c1c;font-size: 16px;text-align: start\">\u00a0<\/span><\/span><\/p><ul style=\"list-style-type: disc\"><li style=\"text-align: justify;line-height: 150%\"><strong><span style=\"color: black;background-image: initial;background-position: initial;background-size: initial;background-attachment: initial\">Gustavo Brunetto: <\/span><\/strong><span style=\"color: black;, serif;font-weight: var( --e-global-typography-text-font-weight );background-image: initial;background-position: initial;background-size: initial;background-attachment: initial\"><a href=\"http:\/\/lattes.cnpq.br\/1185169003700830\">http:\/\/lattes.cnpq.br\/1185169003700830<\/a><\/span><\/li><\/ul><p style=\"margin-bottom: 0cm;text-align: justify;line-height: 150%\">\u00a0<\/p><p style=\"margin-bottom: 0cm;text-align: justify;line-height: 150%\">\u00a0<\/p><ul style=\"list-style-type: disc\"><li style=\"text-align: justify;line-height: 150%\"><strong><span style=\"font-family: 'Times New Roman', serif;color: black;background-image: initial;background-position: initial;background-size: initial;background-attachment: initial\">F\u00e1bio Joel Kochem Mallmann: <\/span><\/strong><span style=\"font-family: 'Times New Roman', serif;color: black;background-image: initial;background-position: initial;background-size: initial;background-attachment: initial\"><a href=\"http:\/\/lattes.cnpq.br\/3193437805018266\">http:\/\/lattes.cnpq.br\/3193437805018266<\/a><\/span><u><\/u><\/li><\/ul><p style=\"margin-bottom: 0cm;text-align: justify;line-height: 150%\">\u00a0<\/p><p style=\"margin-bottom: 0cm;text-align: justify;line-height: 150%\">\u00a0<\/p><ul style=\"list-style-type: disc\"><li style=\"text-align: justify;line-height: 150%\"><strong><span style=\"font-family: 'Times New Roman',serif\">Danilo Rheinheimer dos Santos: <\/span><\/strong><span style=\"font-family: 'Times New Roman', serif;color: black;background-image: initial;background-position: initial;background-size: initial;background-attachment: initial\"><a href=\"http:\/\/lattes.cnpq.br\/9785041985123251\">http:\/\/lattes.cnpq.br\/9785041985123251<\/a><\/span><\/li><\/ul><p style=\"margin-bottom: 0cm;text-align: justify;line-height: 150%\">\u00a0<\/p><p style=\"margin-bottom: 0cm;text-align: justify;line-height: 150%\">\u00a0<\/p><ul style=\"list-style-type: disc\"><li style=\"text-align: justify;line-height: 150%\"><span style=\"font-family: 'Times New Roman',serif\"><strong>Leandro Souza da Silva:<\/strong> <span style=\"color: black;background-image: initial;background-position: initial;background-size: initial;background-attachment: initial\">\u00a0<\/span><\/span><span style=\"font-family: 'Times New Roman', serif;color: black;background-image: initial;background-position: initial;background-size: initial;background-attachment: initial\"><a href=\"http:\/\/lattes.cnpq.br\/2152888530643357\">http:\/\/lattes.cnpq.br\/2152888530643357<\/a><\/span><u><\/u><\/li><\/ul><p><span style=\"font-family: 'Times New Roman',serif\">\u00a0<\/span><\/p>\t\t\t\t\t\t<\/div>\n\t\t\t\t<\/div>\n\t\t\t\t\t<\/div>\n\t\t<\/div>\n\t\t\t\t\t<\/div>\n\t\t<\/section>\n\t\t\t\t<\/div>\n\t\t","protected":false},"excerpt":{"rendered":"<p>As publica\u00e7\u00f5es atualizadas poder\u00e3o ser consultadas diretamente no\u00a0Curr\u00edculo Lattes dos Professores: \u00a0 Gustavo Brunetto: http:\/\/lattes.cnpq.br\/1185169003700830 \u00a0 \u00a0 F\u00e1bio Joel Kochem Mallmann: http:\/\/lattes.cnpq.br\/3193437805018266 \u00a0 \u00a0 Danilo Rheinheimer dos Santos: http:\/\/lattes.cnpq.br\/9785041985123251 \u00a0 \u00a0 Leandro Souza da Silva: \u00a0http:\/\/lattes.cnpq.br\/2152888530643357 \u00a0<\/p>\n","protected":false},"author":25,"featured_media":0,"parent":0,"menu_order":0,"comment_status":"closed","ping_status":"closed","template":"","meta":{"footnotes":""},"categories":[],"tags":[],"class_list":["post-33","page","type-page","status-publish","hentry"],"acf":[],"_links":{"self":[{"href":"https:\/\/www.ufsm.br\/laboratorios\/laqfs-nmp\/wp-json\/wp\/v2\/pages\/33","targetHints":{"allow":["GET"]}}],"collection":[{"href":"https:\/\/www.ufsm.br\/laboratorios\/laqfs-nmp\/wp-json\/wp\/v2\/pages"}],"about":[{"href":"https:\/\/www.ufsm.br\/laboratorios\/laqfs-nmp\/wp-json\/wp\/v2\/types\/page"}],"author":[{"embeddable":true,"href":"https:\/\/www.ufsm.br\/laboratorios\/laqfs-nmp\/wp-json\/wp\/v2\/users\/25"}],"replies":[{"embeddable":true,"href":"https:\/\/www.ufsm.br\/laboratorios\/laqfs-nmp\/wp-json\/wp\/v2\/comments?post=33"}],"version-history":[{"count":0,"href":"https:\/\/www.ufsm.br\/laboratorios\/laqfs-nmp\/wp-json\/wp\/v2\/pages\/33\/revisions"}],"wp:attachment":[{"href":"https:\/\/www.ufsm.br\/laboratorios\/laqfs-nmp\/wp-json\/wp\/v2\/media?parent=33"}],"wp:term":[{"taxonomy":"category","embeddable":true,"href":"https:\/\/www.ufsm.br\/laboratorios\/laqfs-nmp\/wp-json\/wp\/v2\/categories?post=33"},{"taxonomy":"post_tag","embeddable":true,"href":"https:\/\/www.ufsm.br\/laboratorios\/laqfs-nmp\/wp-json\/wp\/v2\/tags?post=33"}],"curies":[{"name":"wp","href":"https:\/\/api.w.org\/{rel}","templated":true}]}}