{"id":172,"date":"2019-06-18T15:51:36","date_gmt":"2019-06-18T18:51:36","guid":{"rendered":"https:\/\/www.ufsm.br\/laboratorios\/laqia\/?page_id=172"},"modified":"2026-02-12T17:57:53","modified_gmt":"2026-02-12T20:57:53","slug":"equipe","status":"publish","type":"page","link":"https:\/\/www.ufsm.br\/laboratorios\/laqia\/equipe","title":{"rendered":"Equipe"},"content":{"rendered":"\t\t<div data-elementor-type=\"wp-post\" data-elementor-id=\"172\" class=\"elementor elementor-172\">\n\t\t\t\t\t\t<section class=\"elementor-section elementor-top-section elementor-element elementor-element-638e65c elementor-section-boxed elementor-section-height-default elementor-section-height-default\" data-id=\"638e65c\" data-element_type=\"section\">\n\t\t\t\t\t\t<div class=\"elementor-container elementor-column-gap-default\">\n\t\t\t\t\t<div class=\"elementor-column elementor-col-100 elementor-top-column elementor-element elementor-element-8f6c196\" data-id=\"8f6c196\" data-element_type=\"column\">\n\t\t\t<div class=\"elementor-widget-wrap elementor-element-populated\">\n\t\t\t\t\t\t<div class=\"elementor-element elementor-element-0586125 elementor-widget elementor-widget-html\" data-id=\"0586125\" data-element_type=\"widget\" data-widget_type=\"html.default\">\n\t\t\t\t<div class=\"elementor-widget-container\">\n\t\t\t<h5><span style=\"line-height:1.75\">\n<ul>\n<li><a href=\"http:\/\/lattes.cnpq.br\/7167629055579212\">Prof. Dr. \u00c9rico M. M. Flores - Respons\u00e1vel pelo labort\u00f3rio<\/a><\/li>\n<li><a href=\"http:\/\/lattes.cnpq.br\/2975070149037006\">Prof. Dr. Cezar A. Bizzi<\/a><\/li>\n<li><a href=\"http:\/\/lattes.cnpq.br\/3503633944419329\">Prof. Dr. F\u00e1bio A. Duarte<\/a><\/li>\n<li><a href=\"http:\/\/lattes.cnpq.br\/1216325367920515\">Prof. Dr. Jos\u00e9 Neri G. Paniz<\/a><\/li>\n<li><a href=\"http:\/\/lattes.cnpq.br\/8753473372692707\">Profa. Dra. Jussiane S. da Silva<\/a><\/li>\n<li><a href=\"http:\/\/lattes.cnpq.br\/2189500441942469\">Profa. Dra. Paola A. Mello<\/a><\/li>\n<li><a href=\"http:\/\/lattes.cnpq.br\/4334203159055767\">Profa. Dra. Rochele S. Picoloto<\/a><\/li>\n<li><a href=\"http:\/\/lattes.cnpq.br\/9392316362285896\">Prof. Dr. Rodrigo C. Bolzan<\/a><\/li>\n<li><a href=\"http:\/\/lattes.cnpq.br\/7545847424095994\">Prof. Dr. Juliano Smanioto Barin - Colaborador<\/a><\/li>\n<li><a href=\"http:\/\/lattes.cnpq.br\/2541865299438479\n\">Prof. Dr. Renato Zanella - Colaborador<\/a><\/li>\n<\/ul><\/span><\/h5>\n\t\t<\/div>\n\t\t\t\t<\/div>\n\t\t\t\t\t<\/div>\n\t\t<\/div>\n\t\t\t\t\t<\/div>\n\t\t<\/section>\n\t\t\t\t<\/div>\n\t\t","protected":false},"excerpt":{"rendered":"<p>Prof. Dr. \u00c9rico M. M. Flores &#8211; Respons\u00e1vel pelo labort\u00f3rio Prof. Dr. Cezar A. Bizzi Prof. Dr. F\u00e1bio A. Duarte Prof. Dr. Jos\u00e9 Neri G. Paniz Profa. Dra. Jussiane S. da Silva Profa. Dra. Paola A. Mello Profa. Dra. Rochele S. Picoloto Prof. Dr. Rodrigo C. Bolzan Prof. Dr. Juliano Smanioto Barin &#8211; Colaborador Prof. [&hellip;]<\/p>\n","protected":false},"author":1043,"featured_media":0,"parent":0,"menu_order":0,"comment_status":"closed","ping_status":"closed","template":"","meta":{"footnotes":""},"categories":[],"tags":[],"class_list":["post-172","page","type-page","status-publish","hentry"],"acf":[],"_links":{"self":[{"href":"https:\/\/www.ufsm.br\/laboratorios\/laqia\/wp-json\/wp\/v2\/pages\/172","targetHints":{"allow":["GET"]}}],"collection":[{"href":"https:\/\/www.ufsm.br\/laboratorios\/laqia\/wp-json\/wp\/v2\/pages"}],"about":[{"href":"https:\/\/www.ufsm.br\/laboratorios\/laqia\/wp-json\/wp\/v2\/types\/page"}],"author":[{"embeddable":true,"href":"https:\/\/www.ufsm.br\/laboratorios\/laqia\/wp-json\/wp\/v2\/users\/1043"}],"replies":[{"embeddable":true,"href":"https:\/\/www.ufsm.br\/laboratorios\/laqia\/wp-json\/wp\/v2\/comments?post=172"}],"version-history":[{"count":0,"href":"https:\/\/www.ufsm.br\/laboratorios\/laqia\/wp-json\/wp\/v2\/pages\/172\/revisions"}],"wp:attachment":[{"href":"https:\/\/www.ufsm.br\/laboratorios\/laqia\/wp-json\/wp\/v2\/media?parent=172"}],"wp:term":[{"taxonomy":"category","embeddable":true,"href":"https:\/\/www.ufsm.br\/laboratorios\/laqia\/wp-json\/wp\/v2\/categories?post=172"},{"taxonomy":"post_tag","embeddable":true,"href":"https:\/\/www.ufsm.br\/laboratorios\/laqia\/wp-json\/wp\/v2\/tags?post=172"}],"curies":[{"name":"wp","href":"https:\/\/api.w.org\/{rel}","templated":true}]}}