{"id":215,"date":"2019-06-29T15:17:28","date_gmt":"2019-06-29T18:17:28","guid":{"rendered":"https:\/\/www.ufsm.br\/laboratorios\/laqia\/?page_id=215"},"modified":"2019-06-29T15:17:31","modified_gmt":"2019-06-29T18:17:31","slug":"laboratorios-laboratories","status":"publish","type":"page","link":"https:\/\/www.ufsm.br\/laboratorios\/laqia\/laboratorios-laboratories","title":{"rendered":"Laborat\u00f3rios\/Laboratories"},"content":{"rendered":"\n<ul class=\"wp-block-gallery columns-1 is-cropped wp-block-gallery-1 is-layout-flex wp-block-gallery-is-layout-flex\"><li class=\"blocks-gallery-item\"><figure><img fetchpriority=\"high\" decoding=\"async\" width=\"812\" height=\"609\" src=\"https:\/\/www.ufsm.br\/laboratorios\/laqia\/wp-content\/uploads\/sites\/654\/2019\/06\/Sala-TOF-laqia.jpg\" alt=\"TOF- Espectr\u00f4metro de massas por tempo de voo - TOF time-of-flight mass spectrometer\" data-id=\"88\" data-link=\"https:\/\/www.ufsm.br\/laboratorios\/laqia\/equipamentos-equipment\/sala-tof-laqia\/\" class=\"wp-image-88\" srcset=\"https:\/\/www.ufsm.br\/app\/uploads\/sites\/654\/2019\/06\/Sala-TOF-laqia.jpg 812w, https:\/\/www.ufsm.br\/app\/uploads\/sites\/654\/2019\/06\/Sala-TOF-laqia-300x225.jpg 300w, https:\/\/www.ufsm.br\/app\/uploads\/sites\/654\/2019\/06\/Sala-TOF-laqia-768x576.jpg 768w\" sizes=\"(max-width: 812px) 100vw, 812px\" \/><figcaption>TOF- Espectr\u00f4metro de massas por tempo de voo &#8211; TOF  time-of-flight mass spectrometer<\/figcaption><\/figure><\/li><\/ul>\n\n\n\n<ul class=\"wp-block-gallery columns-1 is-cropped wp-block-gallery-2 is-layout-flex wp-block-gallery-is-layout-flex\"><li class=\"blocks-gallery-item\"><figure><img decoding=\"async\" width=\"870\" height=\"652\" src=\"https:\/\/www.ufsm.br\/laboratorios\/laqia\/wp-content\/uploads\/sites\/654\/2019\/06\/Sala-Preparo-de-amostras-laqia.jpg\" alt=\"Sala de preparo de amostras - Sample preparation room\" data-id=\"87\" data-link=\"https:\/\/www.ufsm.br\/laboratorios\/laqia\/equipamentos-equipment\/sala-preparo-de-amostras-laqia\/\" class=\"wp-image-87\" srcset=\"https:\/\/www.ufsm.br\/app\/uploads\/sites\/654\/2019\/06\/Sala-Preparo-de-amostras-laqia.jpg 870w, https:\/\/www.ufsm.br\/app\/uploads\/sites\/654\/2019\/06\/Sala-Preparo-de-amostras-laqia-300x225.jpg 300w, https:\/\/www.ufsm.br\/app\/uploads\/sites\/654\/2019\/06\/Sala-Preparo-de-amostras-laqia-768x576.jpg 768w\" sizes=\"(max-width: 870px) 100vw, 870px\" \/><figcaption>Sala de preparo de amostras &#8211; Sample preparation room<\/figcaption><\/figure><\/li><\/ul>\n\n\n\n<ul class=\"wp-block-gallery columns-1 is-cropped wp-block-gallery-3 is-layout-flex wp-block-gallery-is-layout-flex\"><li class=\"blocks-gallery-item\"><figure><img decoding=\"async\" width=\"833\" height=\"558\" src=\"https:\/\/www.ufsm.br\/laboratorios\/laqia\/wp-content\/uploads\/sites\/654\/2019\/06\/Sala-FAAS-laqia.jpg\" alt=\"Sala FAAS\" data-id=\"86\" data-link=\"https:\/\/www.ufsm.br\/laboratorios\/laqia\/equipamentos-equipment\/sala-faas-laqia\/\" class=\"wp-image-86\" srcset=\"https:\/\/www.ufsm.br\/app\/uploads\/sites\/654\/2019\/06\/Sala-FAAS-laqia.jpg 833w, https:\/\/www.ufsm.br\/app\/uploads\/sites\/654\/2019\/06\/Sala-FAAS-laqia-300x201.jpg 300w, https:\/\/www.ufsm.br\/app\/uploads\/sites\/654\/2019\/06\/Sala-FAAS-laqia-768x514.jpg 768w, https:\/\/www.ufsm.br\/app\/uploads\/sites\/654\/2019\/06\/Sala-FAAS-laqia-272x182.jpg 272w\" sizes=\"(max-width: 833px) 100vw, 833px\" \/><figcaption>Laborat\u00f3rio com com Espectr\u00f4metro de absor\u00e7\u00e3o at\u00f4mica com chama. Laboratory equipped with flame atomic absorption spectrometer (FAAS).<\/figcaption><\/figure><\/li><\/ul>\n","protected":false},"excerpt":{"rendered":"","protected":false},"author":1132,"featured_media":0,"parent":0,"menu_order":0,"comment_status":"closed","ping_status":"closed","template":"","meta":{"footnotes":""},"categories":[],"tags":[],"class_list":["post-215","page","type-page","status-publish","hentry"],"acf":[],"_links":{"self":[{"href":"https:\/\/www.ufsm.br\/laboratorios\/laqia\/wp-json\/wp\/v2\/pages\/215","targetHints":{"allow":["GET"]}}],"collection":[{"href":"https:\/\/www.ufsm.br\/laboratorios\/laqia\/wp-json\/wp\/v2\/pages"}],"about":[{"href":"https:\/\/www.ufsm.br\/laboratorios\/laqia\/wp-json\/wp\/v2\/types\/page"}],"author":[{"embeddable":true,"href":"https:\/\/www.ufsm.br\/laboratorios\/laqia\/wp-json\/wp\/v2\/users\/1132"}],"replies":[{"embeddable":true,"href":"https:\/\/www.ufsm.br\/laboratorios\/laqia\/wp-json\/wp\/v2\/comments?post=215"}],"version-history":[{"count":0,"href":"https:\/\/www.ufsm.br\/laboratorios\/laqia\/wp-json\/wp\/v2\/pages\/215\/revisions"}],"wp:attachment":[{"href":"https:\/\/www.ufsm.br\/laboratorios\/laqia\/wp-json\/wp\/v2\/media?parent=215"}],"wp:term":[{"taxonomy":"category","embeddable":true,"href":"https:\/\/www.ufsm.br\/laboratorios\/laqia\/wp-json\/wp\/v2\/categories?post=215"},{"taxonomy":"post_tag","embeddable":true,"href":"https:\/\/www.ufsm.br\/laboratorios\/laqia\/wp-json\/wp\/v2\/tags?post=215"}],"curies":[{"name":"wp","href":"https:\/\/api.w.org\/{rel}","templated":true}]}}