{"id":222,"date":"2019-06-29T16:24:26","date_gmt":"2019-06-29T19:24:26","guid":{"rendered":"https:\/\/www.ufsm.br\/laboratorios\/laqia\/?page_id=222"},"modified":"2024-05-03T10:22:39","modified_gmt":"2024-05-03T13:22:39","slug":"partners","status":"publish","type":"page","link":"https:\/\/www.ufsm.br\/laboratorios\/laqia\/partners","title":{"rendered":"Partners"},"content":{"rendered":"\t\t<div data-elementor-type=\"wp-page\" data-elementor-id=\"222\" class=\"elementor elementor-222\">\n\t\t\t\t\t\t<section class=\"elementor-section elementor-top-section elementor-element elementor-element-7502977 elementor-section-boxed elementor-section-height-default elementor-section-height-default\" data-id=\"7502977\" data-element_type=\"section\">\n\t\t\t\t\t\t<div class=\"elementor-container elementor-column-gap-default\">\n\t\t\t\t\t<div class=\"elementor-column elementor-col-100 elementor-top-column elementor-element elementor-element-77a576f\" data-id=\"77a576f\" data-element_type=\"column\">\n\t\t\t<div class=\"elementor-widget-wrap elementor-element-populated\">\n\t\t\t\t\t\t<div class=\"elementor-element elementor-element-590adeb elementor-widget elementor-widget-html\" data-id=\"590adeb\" data-element_type=\"widget\" data-widget_type=\"html.default\">\n\t\t\t\t<div class=\"elementor-widget-container\">\n\t\t\t<span style=\"font-family: Arial, sans-serif\">\n<h5><span style=\"text-align:center;color:black\"><h4>LAQIA researchers had established partnerships with several institutions (universities and organizations) in Brazil and in other countries<\/h4><\/span><\/h5>\n\n<h5>\n    \n    <b>Below are listed some of these institutions:<\/b>\n    <br><br>\n    <p><span style=\"padding-left: 30px\">\u25cf Ag\u00eancia nacional de Vigil\u00e2ncia sanit\u00e1ria (ANVISA);<\/span><\/p>\n    <p><span style=\"padding-left: 30px\">\u25cf Eletrobras-Eletronuclear (tests for determination of total chloride and fluoride in elastomers, polymers, graphite and hydraulic cardboard);<\/span><\/p>\n    <p><span style=\"padding-left: 30px\">\u25cf National Research Council Canada (NRC);<\/span><\/p>\n    <p><span style=\"padding-left: 30px\">\u25cf Organiza\u00e7\u00e3o Pan-Americana de Sa\u00fade (OPAS);<\/span><\/p>\n    <p><span style=\"padding-left: 30px\">\u25cf Petrobras (development of researches and processes for oil and derivatives, through CEPETRO - Centro de Estudos em Petr\u00f3leo);<\/span><\/p>\n    <p><span style=\"padding-left: 30px\">\u25cf Sindicato da Ind\u00fastria do Mate de Catanduvas;<\/span><\/p>\n    <p><span style=\"padding-left: 30px\">\u25cf Sindicato da Ind\u00fastria do Mate do Estado de Santa Catarina;<\/span><\/p>\n    <p><span style=\"padding-left: 30px\">\u25cf Sindicato da Ind\u00fastria do Mate do Rio Grande do Sul;<\/span><\/p>\n    <p><span style=\"padding-left: 30px\">\u25cf Sindicato da Ind\u00fastria do Mate do Paran\u00e1;<\/span><\/p>\n    <p><span style=\"padding-left: 30px\">\u25cf TU Graz (Technische Univert\u00e4t Graz);<\/span><\/p>\n    <p><span style=\"padding-left: 30px\">\u25cf UNITO (Universit\u00e0 degli Studi di Torino)<\/span><\/p>\n    <p><span style=\"padding-left: 30px\">\u25cf Universidade de Santa Cruz do Sul (Unicruz)<\/span><\/p>\n    <p><span style=\"padding-left: 30px\">\u25cf Universidade Federal de Pelotas (UFPel)<\/span><\/p>\n    <p><span style=\"padding-left: 30px\">\u25cf Universidade Federal de Rio Grande<\/span><\/p>\n    <p><span style=\"padding-left: 30px\">\u25cf Universidade Federal de S\u00e3o Carlos (UFSCar)<\/span><\/p>\n    <p><span style=\"padding-left: 30px\">\u25cf Universidade Federal do Esp\u00edrito (UFES)<\/span><\/p>\n    <p><span style=\"padding-left: 30px\">\u25cf Universidade Federal do Rio Grande do Sul (UFRGS)<\/span><\/p>\n<\/h5>\n<\/span>\t\t<\/div>\n\t\t\t\t<\/div>\n\t\t\t\t\t<\/div>\n\t\t<\/div>\n\t\t\t\t\t<\/div>\n\t\t<\/section>\n\t\t\t\t<\/div>\n\t\t","protected":false},"excerpt":{"rendered":"<p>LAQIA researchers had established partnerships with several institutions (universities and organizations) in Brazil and in other countries Below are listed some of these institutions: \u25cf Ag\u00eancia nacional de Vigil\u00e2ncia sanit\u00e1ria (ANVISA); \u25cf Eletrobras-Eletronuclear (tests for determination of total chloride and fluoride in elastomers, polymers, graphite and hydraulic cardboard); \u25cf National Research Council Canada (NRC); \u25cf [&hellip;]<\/p>\n","protected":false},"author":1132,"featured_media":0,"parent":0,"menu_order":0,"comment_status":"closed","ping_status":"closed","template":"","meta":{"footnotes":""},"categories":[],"tags":[],"class_list":["post-222","page","type-page","status-publish","hentry"],"acf":[],"_links":{"self":[{"href":"https:\/\/www.ufsm.br\/laboratorios\/laqia\/wp-json\/wp\/v2\/pages\/222","targetHints":{"allow":["GET"]}}],"collection":[{"href":"https:\/\/www.ufsm.br\/laboratorios\/laqia\/wp-json\/wp\/v2\/pages"}],"about":[{"href":"https:\/\/www.ufsm.br\/laboratorios\/laqia\/wp-json\/wp\/v2\/types\/page"}],"author":[{"embeddable":true,"href":"https:\/\/www.ufsm.br\/laboratorios\/laqia\/wp-json\/wp\/v2\/users\/1132"}],"replies":[{"embeddable":true,"href":"https:\/\/www.ufsm.br\/laboratorios\/laqia\/wp-json\/wp\/v2\/comments?post=222"}],"version-history":[{"count":0,"href":"https:\/\/www.ufsm.br\/laboratorios\/laqia\/wp-json\/wp\/v2\/pages\/222\/revisions"}],"wp:attachment":[{"href":"https:\/\/www.ufsm.br\/laboratorios\/laqia\/wp-json\/wp\/v2\/media?parent=222"}],"wp:term":[{"taxonomy":"category","embeddable":true,"href":"https:\/\/www.ufsm.br\/laboratorios\/laqia\/wp-json\/wp\/v2\/categories?post=222"},{"taxonomy":"post_tag","embeddable":true,"href":"https:\/\/www.ufsm.br\/laboratorios\/laqia\/wp-json\/wp\/v2\/tags?post=222"}],"curies":[{"name":"wp","href":"https:\/\/api.w.org\/{rel}","templated":true}]}}