{"id":288,"date":"2024-04-02T18:00:46","date_gmt":"2024-04-02T21:00:46","guid":{"rendered":"https:\/\/www.ufsm.br\/laboratorios\/laqia\/?page_id=288"},"modified":"2024-10-07T15:58:16","modified_gmt":"2024-10-07T18:58:16","slug":"agendamento-nexion","status":"publish","type":"page","link":"https:\/\/www.ufsm.br\/laboratorios\/laqia\/agendamento-nexion","title":{"rendered":"Espectr\u00f4metro de massa com plasma indutivamente acoplado (NexION &#8211; PerkinElmer)"},"content":{"rendered":"\t\t<div data-elementor-type=\"wp-page\" data-elementor-id=\"288\" class=\"elementor elementor-288\">\n\t\t\t\t\t\t<section class=\"elementor-section elementor-top-section elementor-element elementor-element-e908596 elementor-section-boxed elementor-section-height-default elementor-section-height-default\" data-id=\"e908596\" data-element_type=\"section\">\n\t\t\t\t\t\t<div class=\"elementor-container elementor-column-gap-default\">\n\t\t\t\t\t<div class=\"elementor-column elementor-col-33 elementor-top-column elementor-element elementor-element-795b9d7\" data-id=\"795b9d7\" data-element_type=\"column\">\n\t\t\t<div class=\"elementor-widget-wrap elementor-element-populated\">\n\t\t\t\t\t\t<div class=\"elementor-element elementor-element-2822040 elementor-widget elementor-widget-image\" data-id=\"2822040\" data-element_type=\"widget\" data-widget_type=\"image.default\">\n\t\t\t\t<div class=\"elementor-widget-container\">\n\t\t\t\t\t\t\t\t\t\t\t\t\t<img fetchpriority=\"high\" decoding=\"async\" width=\"1024\" height=\"768\" src=\"https:\/\/www.ufsm.br\/app\/uploads\/sites\/654\/2024\/04\/NexION-1024x768.jpg\" class=\"attachment-large size-large wp-image-326\" alt=\"\" srcset=\"https:\/\/www.ufsm.br\/app\/uploads\/sites\/654\/2024\/04\/NexION-1024x768.jpg 1024w, https:\/\/www.ufsm.br\/app\/uploads\/sites\/654\/2024\/04\/NexION-300x225.jpg 300w, https:\/\/www.ufsm.br\/app\/uploads\/sites\/654\/2024\/04\/NexION-768x576.jpg 768w, https:\/\/www.ufsm.br\/app\/uploads\/sites\/654\/2024\/04\/NexION-1536x1152.jpg 1536w, https:\/\/www.ufsm.br\/app\/uploads\/sites\/654\/2024\/04\/NexION.jpg 1920w\" sizes=\"(max-width: 1024px) 100vw, 1024px\" \/>\t\t\t\t\t\t\t\t\t\t\t\t\t<\/div>\n\t\t\t\t<\/div>\n\t\t\t\t\t<\/div>\n\t\t<\/div>\n\t\t\t\t<div class=\"elementor-column elementor-col-66 elementor-top-column elementor-element elementor-element-55c9288\" data-id=\"55c9288\" data-element_type=\"column\">\n\t\t\t<div class=\"elementor-widget-wrap elementor-element-populated\">\n\t\t\t\t\t\t<div class=\"elementor-element elementor-element-54f43f5 elementor-widget elementor-widget-html\" data-id=\"54f43f5\" data-element_type=\"widget\" data-widget_type=\"html.default\">\n\t\t\t\t<div class=\"elementor-widget-container\">\n\t\t\t<header>\n<h4><strong>Descri\u00e7\u00e3o do equipamento:<\/strong><\/h4>\n<div><h5><\/h5><\/div>\n<\/header>\n<li>Equipamento utilizado para determina\u00e7\u00e3o de metais, n\u00e3o-metais e halog\u00eanios em amostras\u00a0diversas.<\/li>\n<br>\n\t\t<\/div>\n\t\t\t\t<\/div>\n\t\t\t\t\t<\/div>\n\t\t<\/div>\n\t\t\t\t\t<\/div>\n\t\t<\/section>\n\t\t\t\t<section class=\"elementor-section elementor-top-section elementor-element elementor-element-e27f5c1 elementor-section-boxed elementor-section-height-default elementor-section-height-default\" data-id=\"e27f5c1\" data-element_type=\"section\">\n\t\t\t\t\t\t<div class=\"elementor-container elementor-column-gap-default\">\n\t\t\t\t\t<div class=\"elementor-column elementor-col-100 elementor-top-column elementor-element elementor-element-e10c637\" data-id=\"e10c637\" data-element_type=\"column\">\n\t\t\t<div class=\"elementor-widget-wrap elementor-element-populated\">\n\t\t\t\t\t\t<div class=\"elementor-element elementor-element-615e4bf elementor-widget-divider--view-line elementor-widget elementor-widget-divider\" data-id=\"615e4bf\" data-element_type=\"widget\" data-widget_type=\"divider.default\">\n\t\t\t\t<div class=\"elementor-widget-container\">\n\t\t\t\t\t<div class=\"elementor-divider\">\n\t\t\t<span class=\"elementor-divider-separator\">\n\t\t\t\t\t\t<\/span>\n\t\t<\/div>\n\t\t\t\t<\/div>\n\t\t\t\t<\/div>\n\t\t\t\t\t<\/div>\n\t\t<\/div>\n\t\t\t\t\t<\/div>\n\t\t<\/section>\n\t\t\t\t<section class=\"elementor-section elementor-top-section elementor-element elementor-element-57f047d elementor-section-boxed elementor-section-height-default elementor-section-height-default\" data-id=\"57f047d\" data-element_type=\"section\">\n\t\t\t\t\t\t<div class=\"elementor-container elementor-column-gap-default\">\n\t\t\t\t\t<div class=\"elementor-column elementor-col-33 elementor-top-column elementor-element elementor-element-095d12e\" data-id=\"095d12e\" data-element_type=\"column\">\n\t\t\t<div class=\"elementor-widget-wrap elementor-element-populated\">\n\t\t\t\t\t\t<div class=\"elementor-element elementor-element-fe36ce9 elementor-view-default elementor-widget elementor-widget-icon\" data-id=\"fe36ce9\" data-element_type=\"widget\" data-widget_type=\"icon.default\">\n\t\t\t\t<div class=\"elementor-widget-container\">\n\t\t\t\t\t<div class=\"elementor-icon-wrapper\">\n\t\t\t<div class=\"elementor-icon\">\n\t\t\t<i aria-hidden=\"true\" class=\"fas fa-times-circle\"><\/i>\t\t\t<\/div>\n\t\t<\/div>\n\t\t\t\t<\/div>\n\t\t\t\t<\/div>\n\t\t\t\t<div class=\"elementor-element elementor-element-7cd4172 elementor-widget elementor-widget-heading\" data-id=\"7cd4172\" data-element_type=\"widget\" data-widget_type=\"heading.default\">\n\t\t\t\t<div class=\"elementor-widget-container\">\n\t\t\t<h4 class=\"elementor-heading-title elementor-size-default\">Indispon\u00edvel para agendamento<\/h4>\t\t<\/div>\n\t\t\t\t<\/div>\n\t\t\t\t<div class=\"elementor-element elementor-element-0852dc5 elementor-widget elementor-widget-heading\" data-id=\"0852dc5\" data-element_type=\"widget\" data-widget_type=\"heading.default\">\n\t\t\t\t<div class=\"elementor-widget-container\">\n\t\t\t<h6 class=\"elementor-heading-title elementor-size-default\">(em manuten\u00e7\u00e3o)<\/h6>\t\t<\/div>\n\t\t\t\t<\/div>\n\t\t\t\t\t<\/div>\n\t\t<\/div>\n\t\t\t\t<div class=\"elementor-column elementor-col-66 elementor-top-column elementor-element elementor-element-e131f4a\" data-id=\"e131f4a\" data-element_type=\"column\">\n\t\t\t<div class=\"elementor-widget-wrap elementor-element-populated\">\n\t\t\t\t\t\t<div class=\"elementor-element elementor-element-c90aa53 elementor-widget elementor-widget-html\" data-id=\"c90aa53\" data-element_type=\"widget\" data-widget_type=\"html.default\">\n\t\t\t\t<div class=\"elementor-widget-container\">\n\t\t\t<header>\n<h4><strong>Instru\u00e7\u00f5es de agendamento:<\/strong><\/h4>\n<div><h5><\/h5><\/div>\n<\/header>\n<li style=\"text-align:justify\">Verificar, no calend\u00e1rio, a disponibilidade do equipamento desejado;<\/li>\n<br>\n<li style=\"text-align:justify\">\n   Fazer o agendamento e aguardar o e-mail de confirma\u00e7\u00e3o;\n\n<\/li>\n<br>\n<li style=\"text-align:justify\">\n   Os agendamentos dever\u00e3o ser solicitados com, no m\u00ednimo <strong>7 dias<\/strong>, de anteced\u00eancia; \n<\/li>\n<br>\n<li style=\"text-align:justify\">\n   Para o cancelamento do agendamento, entrar em contato com o laborat\u00f3rio, pelo e-mail: <strong> laqia_multiusuarios@ufsm.br<\/strong>.\n<\/li>\n\n\n\n\n    \t\t<\/div>\n\t\t\t\t<\/div>\n\t\t\t\t\t<\/div>\n\t\t<\/div>\n\t\t\t\t\t<\/div>\n\t\t<\/section>\n\t\t\t\t<section class=\"elementor-section elementor-top-section elementor-element elementor-element-9a4be09 elementor-section-boxed elementor-section-height-default elementor-section-height-default\" data-id=\"9a4be09\" data-element_type=\"section\">\n\t\t\t\t\t\t<div class=\"elementor-container elementor-column-gap-default\">\n\t\t\t\t\t<div class=\"elementor-column elementor-col-100 elementor-top-column elementor-element elementor-element-1222ddf\" data-id=\"1222ddf\" data-element_type=\"column\">\n\t\t\t<div class=\"elementor-widget-wrap elementor-element-populated\">\n\t\t\t\t\t\t<div class=\"elementor-element elementor-element-8ca7b6e elementor-widget elementor-widget-html\" data-id=\"8ca7b6e\" data-element_type=\"widget\" data-widget_type=\"html.default\">\n\t\t\t\t<div class=\"elementor-widget-container\">\n\t\t\t<iframe src=\"https:\/\/calendar.google.com\/calendar\/u\/0\/appointments\/schedules\/AcZssZ2yWl6qcroK2zFkm28Y_e5AfslDLCOVqG2PgIYUQxE5za63S5-Za67aSw6TAOg0H08zKxvAkCLu\" width=\"800\" height=\"600\" frameborder=\"0\" scrolling=\"no\"><\/iframe>\t\t<\/div>\n\t\t\t\t<\/div>\n\t\t\t\t\t<\/div>\n\t\t<\/div>\n\t\t\t\t\t<\/div>\n\t\t<\/section>\n\t\t\t\t<section class=\"elementor-section elementor-top-section elementor-element elementor-element-694264c elementor-section-boxed elementor-section-height-default elementor-section-height-default\" data-id=\"694264c\" data-element_type=\"section\">\n\t\t\t\t\t\t<div class=\"elementor-container elementor-column-gap-default\">\n\t\t\t\t\t<div class=\"elementor-column elementor-col-100 elementor-top-column elementor-element elementor-element-9c32a69\" data-id=\"9c32a69\" data-element_type=\"column\">\n\t\t\t<div class=\"elementor-widget-wrap elementor-element-populated\">\n\t\t\t\t\t\t<div class=\"elementor-element elementor-element-ed90571 elementor-widget elementor-widget-html\" data-id=\"ed90571\" data-element_type=\"widget\" data-widget_type=\"html.default\">\n\t\t\t\t<div class=\"elementor-widget-container\">\n\t\t\t<iframe src=\"https:\/\/calendar.google.com\/calendar\/embed?height=600&amp;wkst=1&amp;ctz=America%2FSao_Paulo&amp;bgcolor=%23ffffff&amp;showPrint=0&amp;showTabs=0&amp;showCalendars=0&amp;showTz=0&amp;src=Y19iNzM5Y2Q4MTdjNTY3MmI2MmNkODIzYTUyNjVlMjhhOTI3YWJkZGZhOTYwZmI1M2QwYTc4NTA2YjVjM2ViN2M2QGdyb3VwLmNhbGVuZGFyLmdvb2dsZS5jb20&amp;color=%23F09300\" width=\"800\" height=\"600\" frameborder=\"0\" scrolling=\"no\"><\/iframe>\t\t<\/div>\n\t\t\t\t<\/div>\n\t\t\t\t\t<\/div>\n\t\t<\/div>\n\t\t\t\t\t<\/div>\n\t\t<\/section>\n\t\t\t\t<\/div>\n\t\t","protected":false},"excerpt":{"rendered":"<p>Descri\u00e7\u00e3o do equipamento: Equipamento utilizado para determina\u00e7\u00e3o de metais, n\u00e3o-metais e halog\u00eanios em amostras\u00a0diversas. Indispon\u00edvel para agendamento (em manuten\u00e7\u00e3o) Instru\u00e7\u00f5es de agendamento: Verificar, no calend\u00e1rio, a disponibilidade do equipamento desejado; Fazer o agendamento e aguardar o e-mail de confirma\u00e7\u00e3o; Os agendamentos dever\u00e3o ser solicitados com, no m\u00ednimo 7 dias, de anteced\u00eancia; Para o cancelamento do [&hellip;]<\/p>\n","protected":false},"author":8008,"featured_media":0,"parent":0,"menu_order":0,"comment_status":"closed","ping_status":"closed","template":"","meta":{"footnotes":""},"categories":[],"tags":[],"class_list":["post-288","page","type-page","status-publish","hentry"],"acf":[],"_links":{"self":[{"href":"https:\/\/www.ufsm.br\/laboratorios\/laqia\/wp-json\/wp\/v2\/pages\/288","targetHints":{"allow":["GET"]}}],"collection":[{"href":"https:\/\/www.ufsm.br\/laboratorios\/laqia\/wp-json\/wp\/v2\/pages"}],"about":[{"href":"https:\/\/www.ufsm.br\/laboratorios\/laqia\/wp-json\/wp\/v2\/types\/page"}],"author":[{"embeddable":true,"href":"https:\/\/www.ufsm.br\/laboratorios\/laqia\/wp-json\/wp\/v2\/users\/8008"}],"replies":[{"embeddable":true,"href":"https:\/\/www.ufsm.br\/laboratorios\/laqia\/wp-json\/wp\/v2\/comments?post=288"}],"version-history":[{"count":0,"href":"https:\/\/www.ufsm.br\/laboratorios\/laqia\/wp-json\/wp\/v2\/pages\/288\/revisions"}],"wp:attachment":[{"href":"https:\/\/www.ufsm.br\/laboratorios\/laqia\/wp-json\/wp\/v2\/media?parent=288"}],"wp:term":[{"taxonomy":"category","embeddable":true,"href":"https:\/\/www.ufsm.br\/laboratorios\/laqia\/wp-json\/wp\/v2\/categories?post=288"},{"taxonomy":"post_tag","embeddable":true,"href":"https:\/\/www.ufsm.br\/laboratorios\/laqia\/wp-json\/wp\/v2\/tags?post=288"}],"curies":[{"name":"wp","href":"https:\/\/api.w.org\/{rel}","templated":true}]}}