{"id":290,"date":"2024-04-03T13:46:39","date_gmt":"2024-04-03T16:46:39","guid":{"rendered":"https:\/\/www.ufsm.br\/laboratorios\/laqia\/?page_id=290"},"modified":"2024-10-07T16:01:27","modified_gmt":"2024-10-07T19:01:27","slug":"agendamento-spectro-ciros-ccd","status":"publish","type":"page","link":"https:\/\/www.ufsm.br\/laboratorios\/laqia\/agendamento-spectro-ciros-ccd","title":{"rendered":"Espectr\u00f4metro de emiss\u00e3o \u00f3ptica com plasma indutivamente acoplado (Ciros CCD, Spectro)"},"content":{"rendered":"\t\t<div data-elementor-type=\"wp-page\" data-elementor-id=\"290\" class=\"elementor elementor-290\">\n\t\t\t\t\t\t<section class=\"elementor-section elementor-top-section elementor-element elementor-element-4aa6e64 elementor-section-boxed elementor-section-height-default elementor-section-height-default\" data-id=\"4aa6e64\" data-element_type=\"section\">\n\t\t\t\t\t\t<div class=\"elementor-container elementor-column-gap-default\">\n\t\t\t\t\t<div class=\"elementor-column elementor-col-33 elementor-top-column elementor-element elementor-element-7b96a2b\" data-id=\"7b96a2b\" data-element_type=\"column\">\n\t\t\t<div class=\"elementor-widget-wrap elementor-element-populated\">\n\t\t\t\t\t\t<div class=\"elementor-element elementor-element-be96bf6 elementor-widget elementor-widget-image\" data-id=\"be96bf6\" data-element_type=\"widget\" data-widget_type=\"image.default\">\n\t\t\t\t<div class=\"elementor-widget-container\">\n\t\t\t\t\t\t\t\t\t\t\t\t\t<img fetchpriority=\"high\" decoding=\"async\" width=\"1024\" height=\"768\" src=\"https:\/\/www.ufsm.br\/app\/uploads\/sites\/654\/2024\/04\/Spectro-Ciros-CCD2-1024x768.jpg\" class=\"attachment-large size-large wp-image-334\" alt=\"\" srcset=\"https:\/\/www.ufsm.br\/app\/uploads\/sites\/654\/2024\/04\/Spectro-Ciros-CCD2-1024x768.jpg 1024w, https:\/\/www.ufsm.br\/app\/uploads\/sites\/654\/2024\/04\/Spectro-Ciros-CCD2-300x225.jpg 300w, https:\/\/www.ufsm.br\/app\/uploads\/sites\/654\/2024\/04\/Spectro-Ciros-CCD2-768x576.jpg 768w, https:\/\/www.ufsm.br\/app\/uploads\/sites\/654\/2024\/04\/Spectro-Ciros-CCD2.jpg 1111w\" sizes=\"(max-width: 1024px) 100vw, 1024px\" \/>\t\t\t\t\t\t\t\t\t\t\t\t\t<\/div>\n\t\t\t\t<\/div>\n\t\t\t\t\t<\/div>\n\t\t<\/div>\n\t\t\t\t<div class=\"elementor-column elementor-col-66 elementor-top-column elementor-element elementor-element-60050ee\" data-id=\"60050ee\" data-element_type=\"column\">\n\t\t\t<div class=\"elementor-widget-wrap elementor-element-populated\">\n\t\t\t\t\t\t<div class=\"elementor-element elementor-element-b259087 elementor-widget elementor-widget-html\" data-id=\"b259087\" data-element_type=\"widget\" data-widget_type=\"html.default\">\n\t\t\t\t<div class=\"elementor-widget-container\">\n\t\t\t<header>\n<h4><strong>Descri\u00e7\u00e3o do equipamento:<\/strong><\/h4>\n<div><h5><\/h5><\/div>\n<\/header>\n<li style=\"text-align:justify\">Equipamento utilizado para determina\u00e7\u00e3o de metais e n\u00e3o-metais em amostras\u00a0diversas.<\/li>\n<br>\n\t\t<\/div>\n\t\t\t\t<\/div>\n\t\t\t\t\t<\/div>\n\t\t<\/div>\n\t\t\t\t\t<\/div>\n\t\t<\/section>\n\t\t\t\t<section class=\"elementor-section elementor-top-section elementor-element elementor-element-d9ab563 elementor-section-boxed elementor-section-height-default elementor-section-height-default\" data-id=\"d9ab563\" data-element_type=\"section\">\n\t\t\t\t\t\t<div class=\"elementor-container elementor-column-gap-default\">\n\t\t\t\t\t<div class=\"elementor-column elementor-col-100 elementor-top-column elementor-element elementor-element-9406441\" data-id=\"9406441\" data-element_type=\"column\">\n\t\t\t<div class=\"elementor-widget-wrap elementor-element-populated\">\n\t\t\t\t\t\t<div class=\"elementor-element elementor-element-bb92d09 elementor-absolute elementor-widget-divider--view-line elementor-widget elementor-widget-divider\" data-id=\"bb92d09\" data-element_type=\"widget\" data-settings=\"{&quot;_position&quot;:&quot;absolute&quot;}\" data-widget_type=\"divider.default\">\n\t\t\t\t<div class=\"elementor-widget-container\">\n\t\t\t\t\t<div class=\"elementor-divider\">\n\t\t\t<span class=\"elementor-divider-separator\">\n\t\t\t\t\t\t<\/span>\n\t\t<\/div>\n\t\t\t\t<\/div>\n\t\t\t\t<\/div>\n\t\t\t\t\t<\/div>\n\t\t<\/div>\n\t\t\t\t\t<\/div>\n\t\t<\/section>\n\t\t\t\t<section class=\"elementor-section elementor-top-section elementor-element elementor-element-54c27cc elementor-section-boxed elementor-section-height-default elementor-section-height-default\" data-id=\"54c27cc\" data-element_type=\"section\">\n\t\t\t\t\t\t<div class=\"elementor-container elementor-column-gap-default\">\n\t\t\t\t\t<div class=\"elementor-column elementor-col-33 elementor-top-column elementor-element elementor-element-924be19\" data-id=\"924be19\" data-element_type=\"column\">\n\t\t\t<div class=\"elementor-widget-wrap elementor-element-populated\">\n\t\t\t\t\t\t<div class=\"elementor-element elementor-element-09a87c4 elementor-view-default elementor-widget elementor-widget-icon\" data-id=\"09a87c4\" data-element_type=\"widget\" data-widget_type=\"icon.default\">\n\t\t\t\t<div class=\"elementor-widget-container\">\n\t\t\t\t\t<div class=\"elementor-icon-wrapper\">\n\t\t\t<div class=\"elementor-icon\">\n\t\t\t<i aria-hidden=\"true\" class=\"fas fa-times-circle\"><\/i>\t\t\t<\/div>\n\t\t<\/div>\n\t\t\t\t<\/div>\n\t\t\t\t<\/div>\n\t\t\t\t<div class=\"elementor-element elementor-element-8223f7f elementor-widget elementor-widget-heading\" data-id=\"8223f7f\" data-element_type=\"widget\" data-widget_type=\"heading.default\">\n\t\t\t\t<div class=\"elementor-widget-container\">\n\t\t\t<h4 class=\"elementor-heading-title elementor-size-default\">Indispon\u00edvel para agendamento<\/h4>\t\t<\/div>\n\t\t\t\t<\/div>\n\t\t\t\t<div class=\"elementor-element elementor-element-20cac15 elementor-widget elementor-widget-heading\" data-id=\"20cac15\" data-element_type=\"widget\" data-widget_type=\"heading.default\">\n\t\t\t\t<div class=\"elementor-widget-container\">\n\t\t\t<h6 class=\"elementor-heading-title elementor-size-default\">(em manuten\u00e7\u00e3o)<\/h6>\t\t<\/div>\n\t\t\t\t<\/div>\n\t\t\t\t\t<\/div>\n\t\t<\/div>\n\t\t\t\t<div class=\"elementor-column elementor-col-66 elementor-top-column elementor-element elementor-element-e2fbb67\" data-id=\"e2fbb67\" data-element_type=\"column\">\n\t\t\t<div class=\"elementor-widget-wrap elementor-element-populated\">\n\t\t\t\t\t\t<div class=\"elementor-element elementor-element-451fbd7 elementor-widget elementor-widget-html\" data-id=\"451fbd7\" data-element_type=\"widget\" data-widget_type=\"html.default\">\n\t\t\t\t<div class=\"elementor-widget-container\">\n\t\t\t<header>\n<h4><strong>Instru\u00e7\u00f5es de agendamento:<\/strong><\/h4>\n<div><h5><\/h5><\/div>\n<\/header>\n<li style=\"text-align:justify\">Verificar, no calend\u00e1rio, a disponibilidade do equipamento desejado;<\/li>\n<br>\n<li style=\"text-align:justify\">\n   Fazer o agendamento e aguardar o e-mail de confirma\u00e7\u00e3o;\n\n<\/li>\n<br>\n<li style=\"text-align:justify\">\n   Os agendamentos dever\u00e3o ser solicitados com, no m\u00ednimo <strong>7 dias<\/strong>, de anteced\u00eancia; \n<\/li>\n<br>\n<li style=\"text-align:justify\">\n   Para o cancelamento do agendamento, entrar em contato com o laborat\u00f3rio, pelo e-mail: <strong> laqia_multiusuarios@ufsm.br<\/strong>.\n<\/li>\n\n\n\n\n    \t\t<\/div>\n\t\t\t\t<\/div>\n\t\t\t\t\t<\/div>\n\t\t<\/div>\n\t\t\t\t\t<\/div>\n\t\t<\/section>\n\t\t\t\t<section class=\"elementor-section elementor-top-section elementor-element elementor-element-e574d8f elementor-section-boxed elementor-section-height-default elementor-section-height-default\" data-id=\"e574d8f\" data-element_type=\"section\">\n\t\t\t\t\t\t<div class=\"elementor-container elementor-column-gap-default\">\n\t\t\t\t\t<div class=\"elementor-column elementor-col-100 elementor-top-column elementor-element elementor-element-650a862\" data-id=\"650a862\" data-element_type=\"column\">\n\t\t\t<div class=\"elementor-widget-wrap elementor-element-populated\">\n\t\t\t\t\t\t<div class=\"elementor-element elementor-element-250c212 elementor-widget elementor-widget-html\" data-id=\"250c212\" data-element_type=\"widget\" data-widget_type=\"html.default\">\n\t\t\t\t<div class=\"elementor-widget-container\">\n\t\t\t<iframe src=\"https:\/\/calendar.google.com\/calendar\/u\/0\/appointments\/schedules\/AcZssZ0-piw2XXBg2ZDuuxTbVaiI1W1K2dTTOceDqMFpkv_OQUPc4XLR9PXYvlDx-hj-Nm_Lt8cXGKqK\" width=\"800\" height=\"600\" frameborder=\"0\" scrolling=\"no\"><\/iframe>\t\t<\/div>\n\t\t\t\t<\/div>\n\t\t\t\t\t<\/div>\n\t\t<\/div>\n\t\t\t\t\t<\/div>\n\t\t<\/section>\n\t\t\t\t<section class=\"elementor-section elementor-top-section elementor-element elementor-element-69daffd elementor-section-boxed elementor-section-height-default elementor-section-height-default\" data-id=\"69daffd\" data-element_type=\"section\">\n\t\t\t\t\t\t<div class=\"elementor-container elementor-column-gap-default\">\n\t\t\t\t\t<div class=\"elementor-column elementor-col-100 elementor-top-column elementor-element elementor-element-4bf2710\" data-id=\"4bf2710\" data-element_type=\"column\">\n\t\t\t<div class=\"elementor-widget-wrap elementor-element-populated\">\n\t\t\t\t\t\t<div class=\"elementor-element elementor-element-767dc16 elementor-widget elementor-widget-html\" data-id=\"767dc16\" data-element_type=\"widget\" data-widget_type=\"html.default\">\n\t\t\t\t<div class=\"elementor-widget-container\">\n\t\t\t<iframe src=\"https:\/\/calendar.google.com\/calendar\/embed?height=600&amp;wkst=1&amp;ctz=America%2FSao_Paulo&amp;bgcolor=%23ffffff&amp;showPrint=0&amp;showTabs=0&amp;showCalendars=0&amp;showTz=0&amp;src=Y19iMGVjMGI0YzFkMTA2YmVkYTIwMWEwYzk1Mzc1NWEzNWEzODFkODFmYjNlMDU1MTUzNGI3M2EwMGNhNjY0ZWU1QGdyb3VwLmNhbGVuZGFyLmdvb2dsZS5jb20&amp;color=%23D50000\" width=\"800\" height=\"600\" frameborder=\"0\" scrolling=\"no\"><\/iframe>\t\t<\/div>\n\t\t\t\t<\/div>\n\t\t\t\t\t<\/div>\n\t\t<\/div>\n\t\t\t\t\t<\/div>\n\t\t<\/section>\n\t\t\t\t<\/div>\n\t\t","protected":false},"excerpt":{"rendered":"<p>Descri\u00e7\u00e3o do equipamento: Equipamento utilizado para determina\u00e7\u00e3o de metais e n\u00e3o-metais em amostras\u00a0diversas. Indispon\u00edvel para agendamento (em manuten\u00e7\u00e3o) Instru\u00e7\u00f5es de agendamento: Verificar, no calend\u00e1rio, a disponibilidade do equipamento desejado; Fazer o agendamento e aguardar o e-mail de confirma\u00e7\u00e3o; Os agendamentos dever\u00e3o ser solicitados com, no m\u00ednimo 7 dias, de anteced\u00eancia; Para o cancelamento do agendamento, [&hellip;]<\/p>\n","protected":false},"author":8008,"featured_media":0,"parent":0,"menu_order":0,"comment_status":"closed","ping_status":"closed","template":"","meta":{"footnotes":""},"categories":[],"tags":[],"class_list":["post-290","page","type-page","status-publish","hentry"],"acf":[],"_links":{"self":[{"href":"https:\/\/www.ufsm.br\/laboratorios\/laqia\/wp-json\/wp\/v2\/pages\/290","targetHints":{"allow":["GET"]}}],"collection":[{"href":"https:\/\/www.ufsm.br\/laboratorios\/laqia\/wp-json\/wp\/v2\/pages"}],"about":[{"href":"https:\/\/www.ufsm.br\/laboratorios\/laqia\/wp-json\/wp\/v2\/types\/page"}],"author":[{"embeddable":true,"href":"https:\/\/www.ufsm.br\/laboratorios\/laqia\/wp-json\/wp\/v2\/users\/8008"}],"replies":[{"embeddable":true,"href":"https:\/\/www.ufsm.br\/laboratorios\/laqia\/wp-json\/wp\/v2\/comments?post=290"}],"version-history":[{"count":0,"href":"https:\/\/www.ufsm.br\/laboratorios\/laqia\/wp-json\/wp\/v2\/pages\/290\/revisions"}],"wp:attachment":[{"href":"https:\/\/www.ufsm.br\/laboratorios\/laqia\/wp-json\/wp\/v2\/media?parent=290"}],"wp:term":[{"taxonomy":"category","embeddable":true,"href":"https:\/\/www.ufsm.br\/laboratorios\/laqia\/wp-json\/wp\/v2\/categories?post=290"},{"taxonomy":"post_tag","embeddable":true,"href":"https:\/\/www.ufsm.br\/laboratorios\/laqia\/wp-json\/wp\/v2\/tags?post=290"}],"curies":[{"name":"wp","href":"https:\/\/api.w.org\/{rel}","templated":true}]}}