{"id":291,"date":"2024-04-02T10:10:22","date_gmt":"2024-04-02T13:10:22","guid":{"rendered":"https:\/\/www.ufsm.br\/laboratorios\/laqia\/?page_id=291"},"modified":"2024-10-07T16:02:50","modified_gmt":"2024-10-07T19:02:50","slug":"agendamento-sigma-300-vp","status":"publish","type":"page","link":"https:\/\/www.ufsm.br\/laboratorios\/laqia\/agendamento-sigma-300-vp","title":{"rendered":"Microsc\u00f3pio eletr\u00f4nico de varredura (Sigma 300 VP, Carls Zeiss)"},"content":{"rendered":"\t\t<div data-elementor-type=\"wp-page\" data-elementor-id=\"291\" class=\"elementor elementor-291\">\n\t\t\t\t\t\t<section class=\"elementor-section elementor-top-section elementor-element elementor-element-d180f6f elementor-section-boxed elementor-section-height-default elementor-section-height-default\" data-id=\"d180f6f\" data-element_type=\"section\">\n\t\t\t\t\t\t<div class=\"elementor-container elementor-column-gap-default\">\n\t\t\t\t\t<div class=\"elementor-column elementor-col-33 elementor-top-column elementor-element elementor-element-320e3fd\" data-id=\"320e3fd\" data-element_type=\"column\">\n\t\t\t<div class=\"elementor-widget-wrap elementor-element-populated\">\n\t\t\t\t\t\t<div class=\"elementor-element elementor-element-4b5e8e5 elementor-widget elementor-widget-image\" data-id=\"4b5e8e5\" data-element_type=\"widget\" data-widget_type=\"image.default\">\n\t\t\t\t<div class=\"elementor-widget-container\">\n\t\t\t\t\t\t\t\t\t\t\t\t\t<img fetchpriority=\"high\" decoding=\"async\" width=\"1024\" height=\"768\" src=\"https:\/\/www.ufsm.br\/app\/uploads\/sites\/654\/2024\/04\/MEV-1024x768.jpg\" class=\"attachment-large size-large wp-image-323\" alt=\"\" srcset=\"https:\/\/www.ufsm.br\/app\/uploads\/sites\/654\/2024\/04\/MEV-1024x768.jpg 1024w, https:\/\/www.ufsm.br\/app\/uploads\/sites\/654\/2024\/04\/MEV-300x225.jpg 300w, https:\/\/www.ufsm.br\/app\/uploads\/sites\/654\/2024\/04\/MEV-768x576.jpg 768w, https:\/\/www.ufsm.br\/app\/uploads\/sites\/654\/2024\/04\/MEV-1536x1152.jpg 1536w, https:\/\/www.ufsm.br\/app\/uploads\/sites\/654\/2024\/04\/MEV.jpg 1920w\" sizes=\"(max-width: 1024px) 100vw, 1024px\" \/>\t\t\t\t\t\t\t\t\t\t\t\t\t<\/div>\n\t\t\t\t<\/div>\n\t\t\t\t\t<\/div>\n\t\t<\/div>\n\t\t\t\t<div class=\"elementor-column elementor-col-66 elementor-top-column elementor-element elementor-element-03ccfb8\" data-id=\"03ccfb8\" data-element_type=\"column\">\n\t\t\t<div class=\"elementor-widget-wrap elementor-element-populated\">\n\t\t\t\t\t\t<div class=\"elementor-element elementor-element-67cb5e5 elementor-widget elementor-widget-html\" data-id=\"67cb5e5\" data-element_type=\"widget\" data-widget_type=\"html.default\">\n\t\t\t\t<div class=\"elementor-widget-container\">\n\t\t\t<header>\n<h4><strong>Descri\u00e7\u00e3o do equipamento:<\/strong><\/h4>\n<div><h5><\/h5><\/div>\n<\/header>\n<li style=\"text-align:justify\">Equipamento utilizado para obten\u00e7\u00e3o de r imagens de alta resolu\u00e7\u00e3o e amplifica\u00e7\u00e3o da superf\u00edcie\u00a0de\u00a0uma\u00a0amostra.<\/li>\n<br>\n\t\t<\/div>\n\t\t\t\t<\/div>\n\t\t\t\t\t<\/div>\n\t\t<\/div>\n\t\t\t\t\t<\/div>\n\t\t<\/section>\n\t\t\t\t<section class=\"elementor-section elementor-top-section elementor-element elementor-element-255e8a9 elementor-section-boxed elementor-section-height-default elementor-section-height-default\" data-id=\"255e8a9\" data-element_type=\"section\">\n\t\t\t\t\t\t<div class=\"elementor-container elementor-column-gap-default\">\n\t\t\t\t\t<div class=\"elementor-column elementor-col-100 elementor-top-column elementor-element elementor-element-bf370e9\" data-id=\"bf370e9\" data-element_type=\"column\">\n\t\t\t<div class=\"elementor-widget-wrap elementor-element-populated\">\n\t\t\t\t\t\t<div class=\"elementor-element elementor-element-795ffc7 elementor-widget-divider--view-line elementor-widget elementor-widget-divider\" data-id=\"795ffc7\" data-element_type=\"widget\" data-widget_type=\"divider.default\">\n\t\t\t\t<div class=\"elementor-widget-container\">\n\t\t\t\t\t<div class=\"elementor-divider\">\n\t\t\t<span class=\"elementor-divider-separator\">\n\t\t\t\t\t\t<\/span>\n\t\t<\/div>\n\t\t\t\t<\/div>\n\t\t\t\t<\/div>\n\t\t\t\t\t<\/div>\n\t\t<\/div>\n\t\t\t\t\t<\/div>\n\t\t<\/section>\n\t\t\t\t<section class=\"elementor-section elementor-top-section elementor-element elementor-element-f11949b elementor-section-boxed elementor-section-height-default elementor-section-height-default\" data-id=\"f11949b\" data-element_type=\"section\">\n\t\t\t\t\t\t<div class=\"elementor-container elementor-column-gap-default\">\n\t\t\t\t\t<div class=\"elementor-column elementor-col-33 elementor-top-column elementor-element elementor-element-afc5161\" data-id=\"afc5161\" data-element_type=\"column\">\n\t\t\t<div class=\"elementor-widget-wrap elementor-element-populated\">\n\t\t\t\t\t\t<div class=\"elementor-element elementor-element-7ffedd4 elementor-view-default elementor-widget elementor-widget-icon\" data-id=\"7ffedd4\" data-element_type=\"widget\" data-widget_type=\"icon.default\">\n\t\t\t\t<div class=\"elementor-widget-container\">\n\t\t\t\t\t<div class=\"elementor-icon-wrapper\">\n\t\t\t<div class=\"elementor-icon\">\n\t\t\t<i aria-hidden=\"true\" class=\"fas fa-check-circle\"><\/i>\t\t\t<\/div>\n\t\t<\/div>\n\t\t\t\t<\/div>\n\t\t\t\t<\/div>\n\t\t\t\t<div class=\"elementor-element elementor-element-bc62ef1 elementor-widget elementor-widget-heading\" data-id=\"bc62ef1\" data-element_type=\"widget\" data-widget_type=\"heading.default\">\n\t\t\t\t<div class=\"elementor-widget-container\">\n\t\t\t<h4 class=\"elementor-heading-title elementor-size-default\">Dispon\u00edvel para agendamento<\/h4>\t\t<\/div>\n\t\t\t\t<\/div>\n\t\t\t\t\t<\/div>\n\t\t<\/div>\n\t\t\t\t<div class=\"elementor-column elementor-col-66 elementor-top-column elementor-element elementor-element-11b7afb\" data-id=\"11b7afb\" data-element_type=\"column\">\n\t\t\t<div class=\"elementor-widget-wrap elementor-element-populated\">\n\t\t\t\t\t\t<div class=\"elementor-element elementor-element-93ad45a elementor-widget elementor-widget-html\" data-id=\"93ad45a\" data-element_type=\"widget\" data-widget_type=\"html.default\">\n\t\t\t\t<div class=\"elementor-widget-container\">\n\t\t\t<header>\n<h4><strong>Instru\u00e7\u00f5es de agendamento:<\/strong><\/h4>\n<div><h5><\/h5><\/div>\n<\/header>\n<li style=\"text-align:justify\">Verificar, no calend\u00e1rio, a disponibilidade do equipamento desejado;<\/li>\n<br>\n<li style=\"text-align:justify\">\n   Fazer o agendamento e aguardar o e-mail de confirma\u00e7\u00e3o;\n\n<\/li>\n<br>\n<li style=\"text-align:justify\">\n   Os agendamentos dever\u00e3o ser solicitados com, no m\u00ednimo <strong>7 dias<\/strong>, de anteced\u00eancia; \n<\/li>\n<br>\n<li style=\"text-align:justify\">\n   Para o cancelamento do agendamento, entrar em contato com o laborat\u00f3rio, pelo e-mail: <strong> laqia_multiusuarios@ufsm.br<\/strong>.\n<\/li>\n\n\n\n\n    \t\t<\/div>\n\t\t\t\t<\/div>\n\t\t\t\t\t<\/div>\n\t\t<\/div>\n\t\t\t\t\t<\/div>\n\t\t<\/section>\n\t\t\t\t<section class=\"elementor-section elementor-top-section elementor-element elementor-element-35cc4a3 elementor-section-boxed elementor-section-height-default elementor-section-height-default\" data-id=\"35cc4a3\" data-element_type=\"section\">\n\t\t\t\t\t\t<div class=\"elementor-container elementor-column-gap-default\">\n\t\t\t\t\t<div class=\"elementor-column elementor-col-100 elementor-top-column elementor-element elementor-element-56e5ecf\" data-id=\"56e5ecf\" data-element_type=\"column\">\n\t\t\t<div class=\"elementor-widget-wrap elementor-element-populated\">\n\t\t\t\t\t\t<div class=\"elementor-element elementor-element-646c7be elementor-widget elementor-widget-html\" data-id=\"646c7be\" data-element_type=\"widget\" data-widget_type=\"html.default\">\n\t\t\t\t<div class=\"elementor-widget-container\">\n\t\t\t<iframe src=\"https:\/\/calendar.google.com\/calendar\/u\/0\/appointments\/schedules\/AcZssZ3WUgMUGKL-vMR4xBnt9S0yUc2IiXfuzpWXaad_HxQrhUSOgyms6WLa8mkDatcuHsGhrrolkwSO\" width=\"800\" height=\"600\" frameborder=\"0\" scrolling=\"no\"><\/iframe>\t\t<\/div>\n\t\t\t\t<\/div>\n\t\t\t\t\t<\/div>\n\t\t<\/div>\n\t\t\t\t\t<\/div>\n\t\t<\/section>\n\t\t\t\t<section class=\"elementor-section elementor-top-section elementor-element elementor-element-e50a466 elementor-section-boxed elementor-section-height-default elementor-section-height-default\" data-id=\"e50a466\" data-element_type=\"section\">\n\t\t\t\t\t\t<div class=\"elementor-container elementor-column-gap-default\">\n\t\t\t\t\t<div class=\"elementor-column elementor-col-100 elementor-top-column elementor-element elementor-element-604bee6\" data-id=\"604bee6\" data-element_type=\"column\">\n\t\t\t<div class=\"elementor-widget-wrap elementor-element-populated\">\n\t\t\t\t\t\t<div class=\"elementor-element elementor-element-48167f2 elementor-widget elementor-widget-html\" data-id=\"48167f2\" data-element_type=\"widget\" data-widget_type=\"html.default\">\n\t\t\t\t<div class=\"elementor-widget-container\">\n\t\t\t<iframe src=\"https:\/\/calendar.google.com\/calendar\/embed?height=600&amp;wkst=1&amp;ctz=America%2FSao_Paulo&amp;bgcolor=%23ffffff&amp;showPrint=0&amp;showTabs=0&amp;showCalendars=0&amp;showTz=0&amp;src=Y18zZjk5MzE5NTEzNjc1YWI4OWEwZDQxYTU0MjgyMDBjOGY1NDIyNTk0ODNhOGUwMDllNTNjNjdkN2JlYmYzYTJjQGdyb3VwLmNhbGVuZGFyLmdvb2dsZS5jb20&amp;color=%23009688\" width=\"800\" height=\"600\" frameborder=\"0\" scrolling=\"no\"><\/iframe>\t\t<\/div>\n\t\t\t\t<\/div>\n\t\t\t\t\t<\/div>\n\t\t<\/div>\n\t\t\t\t\t<\/div>\n\t\t<\/section>\n\t\t\t\t<\/div>\n\t\t","protected":false},"excerpt":{"rendered":"<p>Descri\u00e7\u00e3o do equipamento: Equipamento utilizado para obten\u00e7\u00e3o de r imagens de alta resolu\u00e7\u00e3o e amplifica\u00e7\u00e3o da superf\u00edcie\u00a0de\u00a0uma\u00a0amostra. Dispon\u00edvel para agendamento Instru\u00e7\u00f5es de agendamento: Verificar, no calend\u00e1rio, a disponibilidade do equipamento desejado; Fazer o agendamento e aguardar o e-mail de confirma\u00e7\u00e3o; Os agendamentos dever\u00e3o ser solicitados com, no m\u00ednimo 7 dias, de anteced\u00eancia; Para o cancelamento [&hellip;]<\/p>\n","protected":false},"author":8008,"featured_media":0,"parent":0,"menu_order":0,"comment_status":"closed","ping_status":"closed","template":"","meta":{"footnotes":""},"categories":[],"tags":[],"class_list":["post-291","page","type-page","status-publish","hentry"],"acf":[],"_links":{"self":[{"href":"https:\/\/www.ufsm.br\/laboratorios\/laqia\/wp-json\/wp\/v2\/pages\/291","targetHints":{"allow":["GET"]}}],"collection":[{"href":"https:\/\/www.ufsm.br\/laboratorios\/laqia\/wp-json\/wp\/v2\/pages"}],"about":[{"href":"https:\/\/www.ufsm.br\/laboratorios\/laqia\/wp-json\/wp\/v2\/types\/page"}],"author":[{"embeddable":true,"href":"https:\/\/www.ufsm.br\/laboratorios\/laqia\/wp-json\/wp\/v2\/users\/8008"}],"replies":[{"embeddable":true,"href":"https:\/\/www.ufsm.br\/laboratorios\/laqia\/wp-json\/wp\/v2\/comments?post=291"}],"version-history":[{"count":0,"href":"https:\/\/www.ufsm.br\/laboratorios\/laqia\/wp-json\/wp\/v2\/pages\/291\/revisions"}],"wp:attachment":[{"href":"https:\/\/www.ufsm.br\/laboratorios\/laqia\/wp-json\/wp\/v2\/media?parent=291"}],"wp:term":[{"taxonomy":"category","embeddable":true,"href":"https:\/\/www.ufsm.br\/laboratorios\/laqia\/wp-json\/wp\/v2\/categories?post=291"},{"taxonomy":"post_tag","embeddable":true,"href":"https:\/\/www.ufsm.br\/laboratorios\/laqia\/wp-json\/wp\/v2\/tags?post=291"}],"curies":[{"name":"wp","href":"https:\/\/api.w.org\/{rel}","templated":true}]}}