{"id":294,"date":"2024-04-02T10:17:58","date_gmt":"2024-04-02T13:17:58","guid":{"rendered":"https:\/\/www.ufsm.br\/laboratorios\/laqia\/?page_id=294"},"modified":"2024-05-03T10:36:02","modified_gmt":"2024-05-03T13:36:02","slug":"agendamento-de-equipamentos","status":"publish","type":"page","link":"https:\/\/www.ufsm.br\/laboratorios\/laqia\/agendamento-de-equipamentos","title":{"rendered":"Agendamento de equipamentos:"},"content":{"rendered":"\t\t<div data-elementor-type=\"wp-page\" data-elementor-id=\"294\" class=\"elementor elementor-294\">\n\t\t\t\t\t\t<section class=\"elementor-section elementor-top-section elementor-element elementor-element-8819b99 elementor-section-boxed elementor-section-height-default elementor-section-height-default\" data-id=\"8819b99\" data-element_type=\"section\">\n\t\t\t\t\t\t<div class=\"elementor-container elementor-column-gap-default\">\n\t\t\t\t\t<div class=\"elementor-column elementor-col-100 elementor-top-column elementor-element elementor-element-9cb928d\" data-id=\"9cb928d\" data-element_type=\"column\">\n\t\t\t<div class=\"elementor-widget-wrap elementor-element-populated\">\n\t\t\t\t\t\t<div class=\"elementor-element elementor-element-a3430e1 elementor-widget elementor-widget-html\" data-id=\"a3430e1\" data-element_type=\"widget\" data-widget_type=\"html.default\">\n\t\t\t\t<div class=\"elementor-widget-container\">\n\t\t\t<title>Tabela com 3 Colunas<\/title>\n\n\n<table border=\"1\">\n    <col style=\"width: 350px\">\n    <col style=\"width: 250px\">\n    <col style=\"width: 100px\">\n  <tr>\n    <td style=\"text-align: center\"><strong>T\u00e9cnica<\/strong><\/td>\n    <td style=\"text-align: center\"><strong>Modelo - Fabricante<\/strong><\/td>\n    <td style=\"text-align: center\"><strong>Link<\/strong><\/td>\n  <\/tr>\n  <tr>\n    <td>Espectr\u00f4metro de massas de alta resolu\u00e7\u00e3o por tempo de v\u00f4o<\/td>\n    <td>Xevo Q2 Q-Tof - Waters<\/td>\n    <td style=\"text-align: center\"><a href=\"https:\/\/www.ufsm.br\/laboratorios\/laqia\/agendamento-xevo-q2-qtof\">\n  <button type=\"button\">Agendamento<\/button>\n<\/a><\/td>\n  <\/tr>\n  <tr>\n    <td>Espectr\u00f4metro no Infravermelho com transformada de Fourier e reflect\u00e2ncia total atenuada<\/td>\n    <td>Spectrum 400 - PerkinElmer<\/td>\n    <td style=\"text-align: center\"><a href=\"https:\/\/www.ufsm.br\/laboratorios\/laqia\/agendamento-spectrum-4000\">\n  <button type=\"button\">Agendamento<\/button>\n<\/a><\/td>\n  <\/tr>\n  <tr>\n      <td>Microwave 7000<\/td>\n      <td>Multiwave 7301 - Anton Paar<\/td>\n      <td style=\"text-align: center\"><a href=\"https:\/\/www.ufsm.br\/laboratorios\/laqia\/agendamento-mw5000\">\n  <button type=\"button\">Agendamento<\/button>\n<\/a><\/td>\n  <\/tr>\n  <tr>\n      <td>Cromat\u00f3grafo a g\u00e1s acoplado a espectrometria de massas<\/td>\n      <td>MDGC-MS\/MS-2010 - Shimadzu<\/td>\n      <td style=\"text-align: center\"><a href=\"https:\/\/www.ufsm.br\/laboratorios\/laqia\/agendamento-mdgc-gcms-2010\">\n  <button type=\"button\">Agendamento<\/button>\n<\/a><\/td>\n  <\/tr>\n  <tr>\n      <td>Espectr\u00f4metro de massa com plasma indutivamente acoplado<\/td>\n      <td>NexION - PerkinElmer<\/td>\n      <td style=\"text-align: center\"><a href=\"https:\/\/www.ufsm.br\/laboratorios\/laqia\/agendamento-nexion\">\n  <button type=\"button\">Agendamento<\/button>\n<\/a><\/td>\n  <\/tr>\n  <tr>\n      <td>Espectr\u00f4metro de absor\u00e7\u00e3o at\u00f4mica de alta resolu\u00e7\u00e3o com fonte continua<\/td>\n      <td>ContrAA 700 - Analytik Jena<\/td>\n      <td style=\"text-align: center\"><a href=\"https:\/\/www.ufsm.br\/laboratorios\/laqia\/agendamento-contraa-700\">\n  <button type=\"button\">Agendamento<\/button>\n<\/a><\/td>\n  <\/tr>\n  <tr>\n      <td>Espectr\u00f4metro de emiss\u00e3o \u00f3ptica com plasma indutivamente acoplado<\/td>\n      <td>Ciros CCD - Spectro<\/td>\n      <td style=\"text-align: center\"><a href=\"https:\/\/www.ufsm.br\/laboratorios\/laqia\/agendamento-spectro-ciros-ccd\">\n  <button type=\"button\">Agendamento<\/button>\n<\/a><\/td>\n  <\/tr>\n  <tr>\n      <td>Microsc\u00f3pio eletr\u00f4nico de varredura<\/td>\n      <td>Sigma 300 VP - Carls Zeiss<\/td>\n      <td style=\"text-align: center\"><a href=\"https:\/\/www.ufsm.br\/laboratorios\/laqia\/agendamento-sigma-300-vp\">\n  <button type=\"button\">Agendamento<\/button>\n<\/a><\/td>\n  <\/tr>\n  <tr>\n      <td>Espectr\u00f4metro de massa com plasma indutivamente acoplado<\/td>\n      <td>Elan DRC II - PerkinElmer<\/td>\n      <td style=\"text-align: center\"><a href=\"https:\/\/www.ufsm.br\/laboratorios\/laqia\/agendamento-elan-drc-ii\">\n  <button type=\"button\">Agendamento<\/button>\n<\/a><\/td>\n  <\/tr>\n  <tr>\n      <td>Microwave PRO<\/td>\n      <td>Multiwave PRO - Anton Paar<\/td>\n\n      <td style=\"text-align: center\"><a href=\"https:\/\/www.ufsm.br\/laboratorios\/laqia\/agendamento-multiwave-pro\">\n  <button type=\"button\">Agendamento<\/button>\n<\/a><\/td>\n  <\/tr>\n  <tr>\n      <td>Analisador de tamanho de part\u00edcula e de gota<\/td>\n      <td>Mastersizer 2000 3000E - Malvern<\/td>\n\n      <td style=\"text-align: center\"><a href=\"https:\/\/www.ufsm.br\/laboratorios\/laqia\/analisador-de-tamanho-de-particula-e-de-gota-3000e\">\n  <button type=\"button\">Agendamento<\/button>\n<\/a><\/td>\n  <\/tr>\n  <tr>\n      <td>Viscos\u00edmetro<\/td>\n      <td>Stabinger Viscometer SVM 3000 - Anton Paar<\/td>\n\n      <td style=\"text-align: center\"><a href=\"https:\/\/www.ufsm.br\/laboratorios\/laqia\/viscosimetro-stabinger-viscometer-svm-3000viscosimetro\">\n  <button type=\"button\">Agendamento<\/button>\n<\/a><\/td>\n  <\/tr>\n  <tr>\n      <td>Analisador elementar<\/td>\n      <td>Multi EA 5000 - Analytik Jena<\/td>\n      <td style=\"text-align: center\"><a href=\"https:\/\/www.ufsm.br\/laboratorios\/laqia\/analisador-elementar-multi-ea-5000\">\n  <button type=\"button\">Agendamento<\/button>\n<\/a><\/td>\n  <\/tr>\n  <tr>\n      <td>Espectr\u00f4metro de emiss\u00e3o \u00f3ptica com plasma induzido por micro-ondas<\/td>\n      <td>MP-AES 4210 - Agilent<\/td>\n      <td style=\"text-align: center\"><a href=\"https:\/\/www.ufsm.br\/laboratorios\/laqia\/espectrometro-de-emissao-optica-com-plasma-induzido-por-micro-ondas-mp-aes-4210\">\n  <button type=\"button\">Agendamento<\/button>\n<\/a><\/td>\n  <\/tr>\n  <tr>\n      <td>Dens\u00edmetro<\/td>\n      <td>DMA 4500 M - Anton Paar<\/td>\n      <td style=\"text-align: center\"><a href=\"https:\/\/www.ufsm.br\/laboratorios\/laqia\/densimetro-dma-4500-m\">\n  <button type=\"button\">Agendamento<\/button>\n<\/a><\/td>\n  <\/tr>\n   <tr>\n      <td>Cromat\u00f3grafo de \u00edons<\/td>\n      <td>Dionex ICS 5000<\/td>\n      <td style=\"text-align: center\"><a href=\"https:\/\/www.ufsm.br\/laboratorios\/laqia\/cromatografo-de-ions-dionex-ics-5000\">\n  <button type=\"button\">Agendamento<\/button>\n<\/a><\/td>\n  <\/tr>\n<\/table>\n\n\n\n\t\t<\/div>\n\t\t\t\t<\/div>\n\t\t\t\t\t<\/div>\n\t\t<\/div>\n\t\t\t\t\t<\/div>\n\t\t<\/section>\n\t\t\t\t<\/div>\n\t\t","protected":false},"excerpt":{"rendered":"<p>Tabela com 3 Colunas T\u00e9cnica Modelo &#8211; Fabricante Link Espectr\u00f4metro de massas de alta resolu\u00e7\u00e3o por tempo de v\u00f4o Xevo Q2 Q-Tof &#8211; Waters Agendamento Espectr\u00f4metro no Infravermelho com transformada de Fourier e reflect\u00e2ncia total atenuada Spectrum 400 &#8211; PerkinElmer Agendamento Microwave 7000 Multiwave 7301 &#8211; Anton Paar Agendamento Cromat\u00f3grafo a g\u00e1s acoplado a espectrometria [&hellip;]<\/p>\n","protected":false},"author":8008,"featured_media":0,"parent":0,"menu_order":0,"comment_status":"closed","ping_status":"closed","template":"","meta":{"footnotes":""},"categories":[],"tags":[],"class_list":["post-294","page","type-page","status-publish","hentry"],"acf":[],"_links":{"self":[{"href":"https:\/\/www.ufsm.br\/laboratorios\/laqia\/wp-json\/wp\/v2\/pages\/294","targetHints":{"allow":["GET"]}}],"collection":[{"href":"https:\/\/www.ufsm.br\/laboratorios\/laqia\/wp-json\/wp\/v2\/pages"}],"about":[{"href":"https:\/\/www.ufsm.br\/laboratorios\/laqia\/wp-json\/wp\/v2\/types\/page"}],"author":[{"embeddable":true,"href":"https:\/\/www.ufsm.br\/laboratorios\/laqia\/wp-json\/wp\/v2\/users\/8008"}],"replies":[{"embeddable":true,"href":"https:\/\/www.ufsm.br\/laboratorios\/laqia\/wp-json\/wp\/v2\/comments?post=294"}],"version-history":[{"count":0,"href":"https:\/\/www.ufsm.br\/laboratorios\/laqia\/wp-json\/wp\/v2\/pages\/294\/revisions"}],"wp:attachment":[{"href":"https:\/\/www.ufsm.br\/laboratorios\/laqia\/wp-json\/wp\/v2\/media?parent=294"}],"wp:term":[{"taxonomy":"category","embeddable":true,"href":"https:\/\/www.ufsm.br\/laboratorios\/laqia\/wp-json\/wp\/v2\/categories?post=294"},{"taxonomy":"post_tag","embeddable":true,"href":"https:\/\/www.ufsm.br\/laboratorios\/laqia\/wp-json\/wp\/v2\/tags?post=294"}],"curies":[{"name":"wp","href":"https:\/\/api.w.org\/{rel}","templated":true}]}}