{"id":312,"date":"2024-04-07T18:36:27","date_gmt":"2024-04-07T21:36:27","guid":{"rendered":"https:\/\/www.ufsm.br\/laboratorios\/laqia\/?page_id=312"},"modified":"2024-10-07T16:09:36","modified_gmt":"2024-10-07T19:09:36","slug":"analisador-elementar-multi-ea-5000","status":"publish","type":"page","link":"https:\/\/www.ufsm.br\/laboratorios\/laqia\/analisador-elementar-multi-ea-5000","title":{"rendered":"Analisador elementar (Multi EA 5000, Analytik Jena)"},"content":{"rendered":"\t\t<div data-elementor-type=\"wp-page\" data-elementor-id=\"312\" class=\"elementor elementor-312\">\n\t\t\t\t\t\t<section class=\"elementor-section elementor-top-section elementor-element elementor-element-d49b281 elementor-section-boxed elementor-section-height-default elementor-section-height-default\" data-id=\"d49b281\" data-element_type=\"section\">\n\t\t\t\t\t\t<div class=\"elementor-container elementor-column-gap-default\">\n\t\t\t\t\t<div class=\"elementor-column elementor-col-33 elementor-top-column elementor-element elementor-element-59379d3\" data-id=\"59379d3\" data-element_type=\"column\">\n\t\t\t<div class=\"elementor-widget-wrap elementor-element-populated\">\n\t\t\t\t\t\t<div class=\"elementor-element elementor-element-7754b5c elementor-widget elementor-widget-image\" data-id=\"7754b5c\" data-element_type=\"widget\" data-widget_type=\"image.default\">\n\t\t\t\t<div class=\"elementor-widget-container\">\n\t\t\t\t\t\t\t\t\t\t\t\t\t<img fetchpriority=\"high\" decoding=\"async\" width=\"1024\" height=\"768\" src=\"https:\/\/www.ufsm.br\/app\/uploads\/sites\/654\/2024\/04\/MultiEA-1024x768.jpg\" class=\"attachment-large size-large wp-image-332\" alt=\"\" srcset=\"https:\/\/www.ufsm.br\/app\/uploads\/sites\/654\/2024\/04\/MultiEA-1024x768.jpg 1024w, https:\/\/www.ufsm.br\/app\/uploads\/sites\/654\/2024\/04\/MultiEA-300x225.jpg 300w, https:\/\/www.ufsm.br\/app\/uploads\/sites\/654\/2024\/04\/MultiEA-768x576.jpg 768w, https:\/\/www.ufsm.br\/app\/uploads\/sites\/654\/2024\/04\/MultiEA-1536x1152.jpg 1536w, https:\/\/www.ufsm.br\/app\/uploads\/sites\/654\/2024\/04\/MultiEA.jpg 1920w\" sizes=\"(max-width: 1024px) 100vw, 1024px\" \/>\t\t\t\t\t\t\t\t\t\t\t\t\t<\/div>\n\t\t\t\t<\/div>\n\t\t\t\t\t<\/div>\n\t\t<\/div>\n\t\t\t\t<div class=\"elementor-column elementor-col-66 elementor-top-column elementor-element elementor-element-29fd05e\" data-id=\"29fd05e\" data-element_type=\"column\">\n\t\t\t<div class=\"elementor-widget-wrap elementor-element-populated\">\n\t\t\t\t\t\t<div class=\"elementor-element elementor-element-78912fc elementor-widget elementor-widget-html\" data-id=\"78912fc\" data-element_type=\"widget\" data-widget_type=\"html.default\">\n\t\t\t\t<div class=\"elementor-widget-container\">\n\t\t\t<header>\n<h4><strong>Descri\u00e7\u00e3o do equipamento:<\/strong><\/h4>\n<div><h5><\/h5><\/div>\n<\/header>\n<li style=\"text-align:justify\">Equipamento utilizado para determina\u00e7\u00e3o\u00a0de\u00a0N,\u00a0S\u00a0e\u00a0Cl.<\/li>\n<br>\n\t\t<\/div>\n\t\t\t\t<\/div>\n\t\t\t\t\t<\/div>\n\t\t<\/div>\n\t\t\t\t\t<\/div>\n\t\t<\/section>\n\t\t\t\t<section class=\"elementor-section elementor-top-section elementor-element elementor-element-415e4bb elementor-section-boxed elementor-section-height-default elementor-section-height-default\" data-id=\"415e4bb\" data-element_type=\"section\">\n\t\t\t\t\t\t<div class=\"elementor-container elementor-column-gap-default\">\n\t\t\t\t\t<div class=\"elementor-column elementor-col-100 elementor-top-column elementor-element elementor-element-3392960\" data-id=\"3392960\" data-element_type=\"column\">\n\t\t\t<div class=\"elementor-widget-wrap elementor-element-populated\">\n\t\t\t\t\t\t<div class=\"elementor-element elementor-element-f05f60d elementor-widget-divider--view-line elementor-widget elementor-widget-divider\" data-id=\"f05f60d\" data-element_type=\"widget\" data-widget_type=\"divider.default\">\n\t\t\t\t<div class=\"elementor-widget-container\">\n\t\t\t\t\t<div class=\"elementor-divider\">\n\t\t\t<span class=\"elementor-divider-separator\">\n\t\t\t\t\t\t<\/span>\n\t\t<\/div>\n\t\t\t\t<\/div>\n\t\t\t\t<\/div>\n\t\t\t\t\t<\/div>\n\t\t<\/div>\n\t\t\t\t\t<\/div>\n\t\t<\/section>\n\t\t\t\t<section class=\"elementor-section elementor-top-section elementor-element elementor-element-9a0b6f8 elementor-section-boxed elementor-section-height-default elementor-section-height-default\" data-id=\"9a0b6f8\" data-element_type=\"section\">\n\t\t\t\t\t\t<div class=\"elementor-container elementor-column-gap-default\">\n\t\t\t\t\t<div class=\"elementor-column elementor-col-33 elementor-top-column elementor-element elementor-element-7539183\" data-id=\"7539183\" data-element_type=\"column\">\n\t\t\t<div class=\"elementor-widget-wrap elementor-element-populated\">\n\t\t\t\t\t\t<div class=\"elementor-element elementor-element-babbaa1 elementor-view-default elementor-widget elementor-widget-icon\" data-id=\"babbaa1\" data-element_type=\"widget\" data-widget_type=\"icon.default\">\n\t\t\t\t<div class=\"elementor-widget-container\">\n\t\t\t\t\t<div class=\"elementor-icon-wrapper\">\n\t\t\t<div class=\"elementor-icon\">\n\t\t\t<i aria-hidden=\"true\" class=\"fas fa-times-circle\"><\/i>\t\t\t<\/div>\n\t\t<\/div>\n\t\t\t\t<\/div>\n\t\t\t\t<\/div>\n\t\t\t\t<div class=\"elementor-element elementor-element-f281027 elementor-widget elementor-widget-heading\" data-id=\"f281027\" data-element_type=\"widget\" data-widget_type=\"heading.default\">\n\t\t\t\t<div class=\"elementor-widget-container\">\n\t\t\t<h4 class=\"elementor-heading-title elementor-size-default\">Indispon\u00edvel para agendamento<\/h4>\t\t<\/div>\n\t\t\t\t<\/div>\n\t\t\t\t<div class=\"elementor-element elementor-element-08a1375 elementor-widget elementor-widget-heading\" data-id=\"08a1375\" data-element_type=\"widget\" data-widget_type=\"heading.default\">\n\t\t\t\t<div class=\"elementor-widget-container\">\n\t\t\t<h6 class=\"elementor-heading-title elementor-size-default\">(em manuten\u00e7\u00e3o)<\/h6>\t\t<\/div>\n\t\t\t\t<\/div>\n\t\t\t\t\t<\/div>\n\t\t<\/div>\n\t\t\t\t<div class=\"elementor-column elementor-col-66 elementor-top-column elementor-element elementor-element-dc8410a\" data-id=\"dc8410a\" data-element_type=\"column\">\n\t\t\t<div class=\"elementor-widget-wrap elementor-element-populated\">\n\t\t\t\t\t\t<div class=\"elementor-element elementor-element-4f954cc elementor-widget elementor-widget-html\" data-id=\"4f954cc\" data-element_type=\"widget\" data-widget_type=\"html.default\">\n\t\t\t\t<div class=\"elementor-widget-container\">\n\t\t\t<header>\n<h4><strong>Instru\u00e7\u00f5es de agendamento:<\/strong><\/h4>\n<div><h5><\/h5><\/div>\n<\/header>\n<li style=\"text-align:justify\">Verificar, no calend\u00e1rio, a disponibilidade do equipamento desejado;<\/li>\n<br>\n<li style=\"text-align:justify\">\n   Fazer o agendamento e aguardar o e-mail de confirma\u00e7\u00e3o;\n\n<\/li>\n<br>\n<li style=\"text-align:justify\">\n   Os agendamentos dever\u00e3o ser solicitados com, no m\u00ednimo <strong>7 dias<\/strong>, de anteced\u00eancia; \n<\/li>\n<br>\n<li style=\"text-align:justify\">\n   Para o cancelamento do agendamento, entrar em contato com o laborat\u00f3rio, pelo e-mail: <strong> laqia_multiusuarios@ufsm.br<\/strong>.\n<\/li>\n\n\n\n\n    \t\t<\/div>\n\t\t\t\t<\/div>\n\t\t\t\t\t<\/div>\n\t\t<\/div>\n\t\t\t\t\t<\/div>\n\t\t<\/section>\n\t\t\t\t<section class=\"elementor-section elementor-top-section elementor-element elementor-element-8520054 elementor-section-boxed elementor-section-height-default elementor-section-height-default\" data-id=\"8520054\" data-element_type=\"section\">\n\t\t\t\t\t\t<div class=\"elementor-container elementor-column-gap-default\">\n\t\t\t\t\t<div class=\"elementor-column elementor-col-100 elementor-top-column elementor-element elementor-element-b21ac26\" data-id=\"b21ac26\" data-element_type=\"column\">\n\t\t\t<div class=\"elementor-widget-wrap elementor-element-populated\">\n\t\t\t\t\t\t<div class=\"elementor-element elementor-element-58355ad elementor-widget elementor-widget-html\" data-id=\"58355ad\" data-element_type=\"widget\" data-widget_type=\"html.default\">\n\t\t\t\t<div class=\"elementor-widget-container\">\n\t\t\t<iframe src=\"https:\/\/calendar.google.com\/calendar\/u\/0\/appointments\/schedules\/AcZssZ3oNSCGJ5dNHDKGr272gruibZQdT3RQAUhyAh5PsgrDez33fOR4z4v1ng-aniDWTAPRwGq5W4yX\" width=\"800\" height=\"600\" frameborder=\"0\" scrolling=\"no\"><\/iframe>\t\t<\/div>\n\t\t\t\t<\/div>\n\t\t\t\t\t<\/div>\n\t\t<\/div>\n\t\t\t\t\t<\/div>\n\t\t<\/section>\n\t\t\t\t<section class=\"elementor-section elementor-top-section elementor-element elementor-element-732c2ae elementor-section-boxed elementor-section-height-default elementor-section-height-default\" data-id=\"732c2ae\" data-element_type=\"section\">\n\t\t\t\t\t\t<div class=\"elementor-container elementor-column-gap-default\">\n\t\t\t\t\t<div class=\"elementor-column elementor-col-100 elementor-top-column elementor-element elementor-element-5ce1463\" data-id=\"5ce1463\" data-element_type=\"column\">\n\t\t\t<div class=\"elementor-widget-wrap elementor-element-populated\">\n\t\t\t\t\t\t<div class=\"elementor-element elementor-element-10006e8 elementor-widget elementor-widget-html\" data-id=\"10006e8\" data-element_type=\"widget\" data-widget_type=\"html.default\">\n\t\t\t\t<div class=\"elementor-widget-container\">\n\t\t\t<iframe src=\"https:\/\/calendar.google.com\/calendar\/embed?height=600&amp;wkst=1&amp;ctz=America%2FSao_Paulo&amp;bgcolor=%23ffffff&amp;showPrint=0&amp;showTabs=0&amp;showCalendars=0&amp;showTz=0&amp;src=Y185OTVjYTc3MjI2ZWMyNzAwMDExN2I5OWIxZjJmNDg2M2NjMGY2MGQ1NGU3ZDU4M2UxMTBhOTA5MTM2YTEzNGNmQGdyb3VwLmNhbGVuZGFyLmdvb2dsZS5jb20&amp;color=%237986CB\" width=\"800\" height=\"600\" frameborder=\"0\" scrolling=\"no\"><\/iframe>\t\t<\/div>\n\t\t\t\t<\/div>\n\t\t\t\t\t<\/div>\n\t\t<\/div>\n\t\t\t\t\t<\/div>\n\t\t<\/section>\n\t\t\t\t<\/div>\n\t\t","protected":false},"excerpt":{"rendered":"<p>Descri\u00e7\u00e3o do equipamento: Equipamento utilizado para determina\u00e7\u00e3o\u00a0de\u00a0N,\u00a0S\u00a0e\u00a0Cl. Indispon\u00edvel para agendamento (em manuten\u00e7\u00e3o) Instru\u00e7\u00f5es de agendamento: Verificar, no calend\u00e1rio, a disponibilidade do equipamento desejado; Fazer o agendamento e aguardar o e-mail de confirma\u00e7\u00e3o; Os agendamentos dever\u00e3o ser solicitados com, no m\u00ednimo 7 dias, de anteced\u00eancia; Para o cancelamento do agendamento, entrar em contato com o laborat\u00f3rio, [&hellip;]<\/p>\n","protected":false},"author":8008,"featured_media":0,"parent":0,"menu_order":0,"comment_status":"closed","ping_status":"closed","template":"","meta":{"footnotes":""},"categories":[],"tags":[],"class_list":["post-312","page","type-page","status-publish","hentry"],"acf":[],"_links":{"self":[{"href":"https:\/\/www.ufsm.br\/laboratorios\/laqia\/wp-json\/wp\/v2\/pages\/312","targetHints":{"allow":["GET"]}}],"collection":[{"href":"https:\/\/www.ufsm.br\/laboratorios\/laqia\/wp-json\/wp\/v2\/pages"}],"about":[{"href":"https:\/\/www.ufsm.br\/laboratorios\/laqia\/wp-json\/wp\/v2\/types\/page"}],"author":[{"embeddable":true,"href":"https:\/\/www.ufsm.br\/laboratorios\/laqia\/wp-json\/wp\/v2\/users\/8008"}],"replies":[{"embeddable":true,"href":"https:\/\/www.ufsm.br\/laboratorios\/laqia\/wp-json\/wp\/v2\/comments?post=312"}],"version-history":[{"count":0,"href":"https:\/\/www.ufsm.br\/laboratorios\/laqia\/wp-json\/wp\/v2\/pages\/312\/revisions"}],"wp:attachment":[{"href":"https:\/\/www.ufsm.br\/laboratorios\/laqia\/wp-json\/wp\/v2\/media?parent=312"}],"wp:term":[{"taxonomy":"category","embeddable":true,"href":"https:\/\/www.ufsm.br\/laboratorios\/laqia\/wp-json\/wp\/v2\/categories?post=312"},{"taxonomy":"post_tag","embeddable":true,"href":"https:\/\/www.ufsm.br\/laboratorios\/laqia\/wp-json\/wp\/v2\/tags?post=312"}],"curies":[{"name":"wp","href":"https:\/\/api.w.org\/{rel}","templated":true}]}}