{"id":67,"date":"2019-06-15T14:14:23","date_gmt":"2019-06-15T17:14:23","guid":{"rendered":"https:\/\/www.ufsm.br\/laboratorios\/laqia\/?page_id=67"},"modified":"2019-06-29T17:42:03","modified_gmt":"2019-06-29T20:42:03","slug":"metais-pesados-heavy-metals","status":"publish","type":"page","link":"https:\/\/www.ufsm.br\/laboratorios\/laqia\/metais-pesados-heavy-metals","title":{"rendered":"Os metais pesados\/Heavy metals"},"content":{"rendered":"\n<p style=\"text-align: justify\">\u00a0 \u00a0Apesar de n\u00e3o haver consenso sobre a defini\u00e7\u00e3o deste termo, pode-se dizer que \u201cmetais pesados\u201d s\u00e3o um grupo de elementos qu\u00edmicos com relativa alta densidade e t\u00f3xicos em baixas doses. Seus efeitos nocivos sobre os seres vivos tornam o conhecimento acerca de sua presen\u00e7a, identifica\u00e7\u00e3o, quantifica\u00e7\u00e3o e monitoramento de grande relev\u00e2ncia, principalmente na \u00e1reas ambiental (\u00e1gua, solo) e de sa\u00fade (medicamentos, alimentos, flu\u00eddos e tecidos biol\u00f3gicos).<\/p>\n<p style=\"text-align: justify\">\u00a0 \u00a0Os elementos qu\u00edmicos normalmente inclu\u00eddos no grupo dos metais pesados s\u00e3o: <a href=\"https:\/\/www.ufsm.br\/laboratorios\/laqia\/arsenio-arsenic\/\">ars\u00eanio<\/a>, <a href=\"https:\/\/www.ufsm.br\/laboratorios\/laqia\/cadmio-cadmium\/\">c\u00e1dmio<\/a>, cobre, estanho, antim\u00f4nio, <a href=\"https:\/\/www.ufsm.br\/laboratorios\/laqia\/chumbo-lead\/\">chumbo<\/a>, bismuto, prata, <a href=\"https:\/\/www.ufsm.br\/laboratorios\/laqia\/mercurio-mercury\/\">merc\u00fario<\/a>, molibd\u00eanio, \u00edndio, \u00f3smio, pal\u00e1dio, r\u00f3dio, rut\u00eanio, cromo, n\u00edquel e van\u00e1dio.<\/p>\n<p style=\"text-align: justify\">\u00a0 \u00a0 Entre estes elementos pode-se destacar o ars\u00eanio, o c\u00e1dmio, o chumbo e o merc\u00fario devido sua elevada toxicidade. Estes metais pesados s\u00e3o classificados como impurezas elementares de \u2018Classe 1\u2018 em medicamentos, de acordo com as diretrizes do ICH-Q3D (<em>International Concil of Harmonization<\/em>), sendo portanto, necess\u00e1rio o monitoramento destas substancias neste tipo e amostra.<\/p>\n<p><a href=\"https:\/\/www.ufsm.br\/laboratorios\/laqia\/heavy-metals\/\">English<\/a><\/p>\n","protected":false},"excerpt":{"rendered":"<p>\u00a0 \u00a0Apesar de n\u00e3o haver consenso sobre a defini\u00e7\u00e3o deste termo, pode-se dizer que \u201cmetais pesados\u201d s\u00e3o um grupo de elementos qu\u00edmicos com relativa alta densidade e t\u00f3xicos em baixas doses. Seus efeitos nocivos sobre os seres vivos tornam o conhecimento acerca de sua presen\u00e7a, identifica\u00e7\u00e3o, quantifica\u00e7\u00e3o e monitoramento de grande relev\u00e2ncia, principalmente na \u00e1reas [&hellip;]<\/p>\n","protected":false},"author":1132,"featured_media":0,"parent":0,"menu_order":0,"comment_status":"closed","ping_status":"closed","template":"","meta":{"footnotes":""},"categories":[],"tags":[],"class_list":["post-67","page","type-page","status-publish","hentry"],"acf":[],"_links":{"self":[{"href":"https:\/\/www.ufsm.br\/laboratorios\/laqia\/wp-json\/wp\/v2\/pages\/67","targetHints":{"allow":["GET"]}}],"collection":[{"href":"https:\/\/www.ufsm.br\/laboratorios\/laqia\/wp-json\/wp\/v2\/pages"}],"about":[{"href":"https:\/\/www.ufsm.br\/laboratorios\/laqia\/wp-json\/wp\/v2\/types\/page"}],"author":[{"embeddable":true,"href":"https:\/\/www.ufsm.br\/laboratorios\/laqia\/wp-json\/wp\/v2\/users\/1132"}],"replies":[{"embeddable":true,"href":"https:\/\/www.ufsm.br\/laboratorios\/laqia\/wp-json\/wp\/v2\/comments?post=67"}],"version-history":[{"count":0,"href":"https:\/\/www.ufsm.br\/laboratorios\/laqia\/wp-json\/wp\/v2\/pages\/67\/revisions"}],"wp:attachment":[{"href":"https:\/\/www.ufsm.br\/laboratorios\/laqia\/wp-json\/wp\/v2\/media?parent=67"}],"wp:term":[{"taxonomy":"category","embeddable":true,"href":"https:\/\/www.ufsm.br\/laboratorios\/laqia\/wp-json\/wp\/v2\/categories?post=67"},{"taxonomy":"post_tag","embeddable":true,"href":"https:\/\/www.ufsm.br\/laboratorios\/laqia\/wp-json\/wp\/v2\/tags?post=67"}],"curies":[{"name":"wp","href":"https:\/\/api.w.org\/{rel}","templated":true}]}}