{"id":75,"date":"2019-06-15T14:35:52","date_gmt":"2019-06-15T17:35:52","guid":{"rendered":"https:\/\/www.ufsm.br\/laboratorios\/laqia\/?page_id=75"},"modified":"2024-11-06T17:31:40","modified_gmt":"2024-11-06T20:31:40","slug":"parcerias-partners","status":"publish","type":"page","link":"https:\/\/www.ufsm.br\/laboratorios\/laqia\/parcerias-partners","title":{"rendered":"Parcerias"},"content":{"rendered":"\t\t<div data-elementor-type=\"wp-page\" data-elementor-id=\"75\" class=\"elementor elementor-75\">\n\t\t\t\t\t\t<section class=\"elementor-section elementor-top-section elementor-element elementor-element-79f40ce elementor-section-boxed elementor-section-height-default elementor-section-height-default\" data-id=\"79f40ce\" data-element_type=\"section\">\n\t\t\t\t\t\t<div class=\"elementor-container elementor-column-gap-default\">\n\t\t\t\t\t<div class=\"elementor-column elementor-col-100 elementor-top-column elementor-element elementor-element-5b894e4\" data-id=\"5b894e4\" data-element_type=\"column\">\n\t\t\t<div class=\"elementor-widget-wrap elementor-element-populated\">\n\t\t\t\t\t\t<div class=\"elementor-element elementor-element-9c93107 elementor-widget elementor-widget-html\" data-id=\"9c93107\" data-element_type=\"widget\" data-widget_type=\"html.default\">\n\t\t\t\t<div class=\"elementor-widget-container\">\n\t\t\t<span style=\"font-family: Arial, sans-serif\">\n<h5><span style=\"text-align:center;color:black\"><h4>O grupo de pesquisadores do LAQIA j\u00e1 possui parcerias estabelecidas com diversas institui\u00e7\u00f5es (universidades e organiza\u00e7\u00e3o) no Brasil e em outros pa\u00edses<\/h4><\/span><\/h5>\n\n<h5>\n    \n    <b>Abaixo est\u00e3o elencadas algumas destas institui\u00e7\u00f5es:<\/b>\n    <br><br>\n    <p><span style=\"padding-left: 30px\">\u25cf Ag\u00eancia nacional de Vigil\u00e2ncia sanit\u00e1ria (ANVISA);<\/span><\/p>\n    <p><span style=\"padding-left: 30px\">\u25cf Eletrobras-Eletronuclear (Ensaios para determina\u00e7\u00e3o de cloreto e fluoreto totais e cloro sol\u00favel em \u00e1gua, elast\u00f4meros, pol\u00edmeros, grafite e papel\u00e3o hidr\u00e1ulico);<\/span><\/p>\n    <p><span style=\"padding-left: 30px\">\u25cf National Research Council Canada (NRC);<\/span><\/p>\n    <p><span style=\"padding-left: 30px\">\u25cf Organiza\u00e7\u00e3o Pan-Americana de Sa\u00fade (OPAS);<\/span><\/p>\n    <p><span style=\"padding-left: 30px\">\u25cf Petrobras (desenvolvimento de pesquisa e processos na \u00e1rea de petr\u00f3leo e derivados, atrav\u00e9s do CEPETRO - Centro de Estudos em Petr\u00f3leo);<\/span><\/p>\n    <p><span style=\"padding-left: 30px\">\u25cf Sindicato da Ind\u00fastria do Mate de Catanduvas;<\/span><\/p>\n    <p><span style=\"padding-left: 30px\">\u25cf Sindicato da Ind\u00fastria do Mate do Estado de Santa Catarina;<\/span><\/p>\n    <p><span style=\"padding-left: 30px\">\u25cf Sindicato da Ind\u00fastria do Mate do Rio Grande do Sul;<\/span><\/p>\n    <p><span style=\"padding-left: 30px\">\u25cf Sindicato da Ind\u00fastria do Mate do Paran\u00e1;<\/span><\/p>\n    <p><span style=\"padding-left: 30px\">\u25cf Technische Univert\u00e4t Graz (TU Graz);<\/span><\/p>\n    <p><span style=\"padding-left: 30px\">\u25cf Universit\u00e0 degli Studi di Torino (UNITO)<\/span><\/p>\n    <p><span style=\"padding-left: 30px\">\u25cf Universidade de Santa Cruz do Sul (UNISC)<\/span><\/p>\n    <p><span style=\"padding-left: 30px\">\u25cf Universidade Federal de Pelotas (UFPel)<\/span><\/p>\n    <p><span style=\"padding-left: 30px\">\u25cf Universidade Federal de Rio Grande (FURG)<\/span><\/p>\n    <p><span style=\"padding-left: 30px\">\u25cf Universidade Federal de S\u00e3o Carlos (UFSCar)<\/span><\/p>\n    <p><span style=\"padding-left: 30px\">\u25cf Universidade Federal do Esp\u00edrito (UFES)<\/span><\/p>\n    <p><span style=\"padding-left: 30px\">\u25cf Universidade Federal do Rio Grande do Sul (UFRGS)<\/span><\/p>\n<\/h5>\n<\/span>\t\t<\/div>\n\t\t\t\t<\/div>\n\t\t\t\t\t<\/div>\n\t\t<\/div>\n\t\t\t\t\t<\/div>\n\t\t<\/section>\n\t\t\t\t<\/div>\n\t\t","protected":false},"excerpt":{"rendered":"<p>O grupo de pesquisadores do LAQIA j\u00e1 possui parcerias estabelecidas com diversas institui\u00e7\u00f5es (universidades e organiza\u00e7\u00e3o) no Brasil e em outros pa\u00edses Abaixo est\u00e3o elencadas algumas destas institui\u00e7\u00f5es: \u25cf Ag\u00eancia nacional de Vigil\u00e2ncia sanit\u00e1ria (ANVISA); \u25cf Eletrobras-Eletronuclear (Ensaios para determina\u00e7\u00e3o de cloreto e fluoreto totais e cloro sol\u00favel em \u00e1gua, elast\u00f4meros, pol\u00edmeros, grafite e papel\u00e3o [&hellip;]<\/p>\n","protected":false},"author":1132,"featured_media":0,"parent":0,"menu_order":0,"comment_status":"closed","ping_status":"closed","template":"","meta":{"footnotes":""},"categories":[],"tags":[],"class_list":["post-75","page","type-page","status-publish","hentry"],"acf":[],"_links":{"self":[{"href":"https:\/\/www.ufsm.br\/laboratorios\/laqia\/wp-json\/wp\/v2\/pages\/75","targetHints":{"allow":["GET"]}}],"collection":[{"href":"https:\/\/www.ufsm.br\/laboratorios\/laqia\/wp-json\/wp\/v2\/pages"}],"about":[{"href":"https:\/\/www.ufsm.br\/laboratorios\/laqia\/wp-json\/wp\/v2\/types\/page"}],"author":[{"embeddable":true,"href":"https:\/\/www.ufsm.br\/laboratorios\/laqia\/wp-json\/wp\/v2\/users\/1132"}],"replies":[{"embeddable":true,"href":"https:\/\/www.ufsm.br\/laboratorios\/laqia\/wp-json\/wp\/v2\/comments?post=75"}],"version-history":[{"count":0,"href":"https:\/\/www.ufsm.br\/laboratorios\/laqia\/wp-json\/wp\/v2\/pages\/75\/revisions"}],"wp:attachment":[{"href":"https:\/\/www.ufsm.br\/laboratorios\/laqia\/wp-json\/wp\/v2\/media?parent=75"}],"wp:term":[{"taxonomy":"category","embeddable":true,"href":"https:\/\/www.ufsm.br\/laboratorios\/laqia\/wp-json\/wp\/v2\/categories?post=75"},{"taxonomy":"post_tag","embeddable":true,"href":"https:\/\/www.ufsm.br\/laboratorios\/laqia\/wp-json\/wp\/v2\/tags?post=75"}],"curies":[{"name":"wp","href":"https:\/\/api.w.org\/{rel}","templated":true}]}}