{"id":22,"date":"2019-05-14T17:01:42","date_gmt":"2019-05-14T20:01:42","guid":{"rendered":"https:\/\/www.ufsm.br\/laboratorios\/larp\/?page_id=22"},"modified":"2024-06-19T14:18:04","modified_gmt":"2024-06-19T17:18:04","slug":"informacoes-gerais","status":"publish","type":"page","link":"https:\/\/www.ufsm.br\/laboratorios\/larp\/informacoes-gerais","title":{"rendered":"Sobre"},"content":{"rendered":"\t\t<div data-elementor-type=\"wp-page\" data-elementor-id=\"22\" class=\"elementor elementor-22\">\n\t\t\t\t\t\t<section class=\"elementor-section elementor-top-section elementor-element elementor-element-4d382934 elementor-section-boxed elementor-section-height-default elementor-section-height-default\" data-id=\"4d382934\" data-element_type=\"section\">\n\t\t\t\t\t\t<div class=\"elementor-container elementor-column-gap-default\">\n\t\t\t\t\t<div class=\"elementor-column elementor-col-100 elementor-top-column elementor-element elementor-element-41d688fe\" data-id=\"41d688fe\" data-element_type=\"column\">\n\t\t\t<div class=\"elementor-widget-wrap elementor-element-populated\">\n\t\t\t\t\t\t<div class=\"elementor-element elementor-element-5e740774 elementor-widget elementor-widget-text-editor\" data-id=\"5e740774\" data-element_type=\"widget\" data-widget_type=\"text-editor.default\">\n\t\t\t\t<div class=\"elementor-widget-container\">\n\t\t\t\t\t\t\t<p><!-- wp:paragraph --><\/p>\n<p>O LARP vem ampliando as possibilidades anal\u00edticas visando a determina\u00e7\u00e3o de res\u00edduos das diversas classes de pesticidas em diferentes matrizes.<br \/><br \/>O desenvolvimento de novos m\u00e9todos anal\u00edticos visa a aplica\u00e7\u00e3o em amostras de interesse agropecu\u00e1rio, industrial e ambiental. A permanente qualifica\u00e7\u00e3o dos recursos humanos do LARP\u00a0permite a implanta\u00e7\u00e3o de forma adequada do controle de res\u00edduos de pesticidas em produtos de comercializa\u00e7\u00e3o interna e de exporta\u00e7\u00e3o.<br \/><br \/>O Laborat\u00f3rio de An\u00e1lises de Res\u00edduos de Pesticidas (LARP), criado em 2001, faz parte do Departamento de Qu\u00edmica e do Centro de Ci\u00eancias Naturais e Exatas da Universidade Federal de Santa Maria, e \u00e9 coordenado pelos professores:<br \/><br \/><\/p>\n<p><!-- \/wp:paragraph --><\/p>\n<p><!-- wp:list --><\/p>\n<ul>\n<li><strong>Prof. Dr. Renato Zanella<\/strong><\/li>\n<li><strong>Profa. Dra. Carla Sirtori<\/span><\/strong><\/li>\n<li><strong>Prof. Dr. Osmar Damian Prestes<br \/><\/strong><\/li>\n<li><strong>Profa. Dra. Martha Bohrer Adaime<\/strong><\/li>\n<\/ul>\n<p><!-- \/wp:list --><\/p>\t\t\t\t\t\t<\/div>\n\t\t\t\t<\/div>\n\t\t\t\t\t<\/div>\n\t\t<\/div>\n\t\t\t\t\t<\/div>\n\t\t<\/section>\n\t\t\t\t<\/div>\n\t\t","protected":false},"excerpt":{"rendered":"<p>O LARP vem ampliando as possibilidades anal\u00edticas visando a determina\u00e7\u00e3o de res\u00edduos das diversas classes de pesticidas em diferentes matrizes. O desenvolvimento de novos m\u00e9todos anal\u00edticos visa a aplica\u00e7\u00e3o em amostras de interesse agropecu\u00e1rio, industrial e ambiental. A permanente qualifica\u00e7\u00e3o dos recursos humanos do LARP\u00a0permite a implanta\u00e7\u00e3o de forma adequada do controle de res\u00edduos de [&hellip;]<\/p>\n","protected":false},"author":124,"featured_media":0,"parent":0,"menu_order":0,"comment_status":"closed","ping_status":"closed","template":"","meta":{"footnotes":""},"categories":[],"tags":[],"class_list":["post-22","page","type-page","status-publish","hentry"],"acf":[],"_links":{"self":[{"href":"https:\/\/www.ufsm.br\/laboratorios\/larp\/wp-json\/wp\/v2\/pages\/22","targetHints":{"allow":["GET"]}}],"collection":[{"href":"https:\/\/www.ufsm.br\/laboratorios\/larp\/wp-json\/wp\/v2\/pages"}],"about":[{"href":"https:\/\/www.ufsm.br\/laboratorios\/larp\/wp-json\/wp\/v2\/types\/page"}],"author":[{"embeddable":true,"href":"https:\/\/www.ufsm.br\/laboratorios\/larp\/wp-json\/wp\/v2\/users\/124"}],"replies":[{"embeddable":true,"href":"https:\/\/www.ufsm.br\/laboratorios\/larp\/wp-json\/wp\/v2\/comments?post=22"}],"version-history":[{"count":0,"href":"https:\/\/www.ufsm.br\/laboratorios\/larp\/wp-json\/wp\/v2\/pages\/22\/revisions"}],"wp:attachment":[{"href":"https:\/\/www.ufsm.br\/laboratorios\/larp\/wp-json\/wp\/v2\/media?parent=22"}],"wp:term":[{"taxonomy":"category","embeddable":true,"href":"https:\/\/www.ufsm.br\/laboratorios\/larp\/wp-json\/wp\/v2\/categories?post=22"},{"taxonomy":"post_tag","embeddable":true,"href":"https:\/\/www.ufsm.br\/laboratorios\/larp\/wp-json\/wp\/v2\/tags?post=22"}],"curies":[{"name":"wp","href":"https:\/\/api.w.org\/{rel}","templated":true}]}}