{"id":24,"date":"2019-05-14T17:02:52","date_gmt":"2019-05-14T20:02:52","guid":{"rendered":"https:\/\/www.ufsm.br\/laboratorios\/larp\/?page_id=24"},"modified":"2025-11-10T15:53:21","modified_gmt":"2025-11-10T18:53:21","slug":"infraestrutura_multiusuario","status":"publish","type":"page","link":"https:\/\/www.ufsm.br\/laboratorios\/larp\/infraestrutura_multiusuario","title":{"rendered":"Infraestrutura Multiusu\u00e1rio"},"content":{"rendered":"\t\t<div data-elementor-type=\"wp-post\" data-elementor-id=\"24\" class=\"elementor elementor-24\">\n\t\t\t\t\t\t<section class=\"elementor-section elementor-top-section elementor-element elementor-element-9cc2a5f elementor-section-boxed elementor-section-height-default elementor-section-height-default\" data-id=\"9cc2a5f\" data-element_type=\"section\">\n\t\t\t\t\t\t<div class=\"elementor-container elementor-column-gap-default\">\n\t\t\t\t\t<div class=\"elementor-column elementor-col-100 elementor-top-column elementor-element elementor-element-3210d31\" data-id=\"3210d31\" data-element_type=\"column\">\n\t\t\t<div class=\"elementor-widget-wrap elementor-element-populated\">\n\t\t\t\t\t\t<div class=\"elementor-element elementor-element-a5e190f elementor-widget elementor-widget-toggle\" data-id=\"a5e190f\" data-element_type=\"widget\" data-widget_type=\"toggle.default\">\n\t\t\t\t<div class=\"elementor-widget-container\">\n\t\t\t\t\t<div class=\"elementor-toggle\">\n\t\t\t\t\t\t\t<div class=\"elementor-toggle-item\">\n\t\t\t\t\t<div id=\"elementor-tab-title-1731\" class=\"elementor-tab-title\" data-tab=\"1\" role=\"button\" aria-controls=\"elementor-tab-content-1731\" aria-expanded=\"false\">\n\t\t\t\t\t\t\t\t\t\t\t\t<span class=\"elementor-toggle-icon elementor-toggle-icon-left\" aria-hidden=\"true\">\n\t\t\t\t\t\t\t\t\t\t\t\t\t\t\t<span class=\"elementor-toggle-icon-closed\"><i class=\"fas fa-caret-right\"><\/i><\/span>\n\t\t\t\t\t\t\t\t<span class=\"elementor-toggle-icon-opened\"><i class=\"elementor-toggle-icon-opened fas fa-caret-up\"><\/i><\/span>\n\t\t\t\t\t\t\t\t\t\t\t\t\t<\/span>\n\t\t\t\t\t\t\t\t\t\t\t\t<a class=\"elementor-toggle-title\" tabindex=\"0\">HIST\u00d3RICO DE UTILIZA\u00c7\u00c3O DA INFRAESTRUTURA<\/a>\n\t\t\t\t\t<\/div>\n\n\t\t\t\t\t<div id=\"elementor-tab-content-1731\" class=\"elementor-tab-content elementor-clearfix\" data-tab=\"1\" role=\"region\" aria-labelledby=\"elementor-tab-title-1731\"><div>Desde sua cria\u00e7\u00e3o em 2001 o CPCEM\/LARP da UFSM caracteriza-se pela utiliza\u00e7\u00e3o multiusu\u00e1rio de sua infraestrutura. Al\u00e9m de diversas Institui\u00e7\u00f5es de Ci\u00eancia e Tecnologia (ICTs) do Estado do RS, atendemos pesquisadores de diversas regi\u00f5es do Brasil. Ressalta-se tamb\u00e9m, nossa intera\u00e7\u00e3o com o setor privado (aliment\u00edcio, farmac\u00eautico, agroindustrial, ambiental, entre outros) que demanda an\u00e1lises especializadas de res\u00edduos e contaminantes. O credenciamento pela CGCRE do INMETRO, obtido em 2013, fortalece a credibilidade do laborat\u00f3rio junto a \u00f3rg\u00e3os reguladores, setor produtivo e parceiros cient\u00edficos, de modo que a infraestrutura multiusu\u00e1ria do CPCEM\/LARP \u00e9 respons\u00e1vel por analisar uma m\u00e9dia de 11.200 amostras\/ano (2022 a 2024). Na figura abaixo est\u00e3o as ICTs atendidas em 2024.<\/div><div>\u00a0<\/div><p><img fetchpriority=\"high\" decoding=\"async\" class=\"alignnone size-full wp-image-425\" src=\"https:\/\/www.ufsm.br\/app\/uploads\/sites\/635\/2025\/03\/mapa-de-usuarios-4-e1742910605736.png\" alt=\"\" width=\"700\" height=\"684\" \/><\/p><\/div>\n\t\t\t\t<\/div>\n\t\t\t\t\t\t\t<div class=\"elementor-toggle-item\">\n\t\t\t\t\t<div id=\"elementor-tab-title-1732\" class=\"elementor-tab-title\" data-tab=\"2\" role=\"button\" aria-controls=\"elementor-tab-content-1732\" aria-expanded=\"false\">\n\t\t\t\t\t\t\t\t\t\t\t\t<span class=\"elementor-toggle-icon elementor-toggle-icon-left\" aria-hidden=\"true\">\n\t\t\t\t\t\t\t\t\t\t\t\t\t\t\t<span class=\"elementor-toggle-icon-closed\"><i class=\"fas fa-caret-right\"><\/i><\/span>\n\t\t\t\t\t\t\t\t<span class=\"elementor-toggle-icon-opened\"><i class=\"elementor-toggle-icon-opened fas fa-caret-up\"><\/i><\/span>\n\t\t\t\t\t\t\t\t\t\t\t\t\t<\/span>\n\t\t\t\t\t\t\t\t\t\t\t\t<a class=\"elementor-toggle-title\" tabindex=\"0\">GEST\u00c3O DA INFRAESTRUTURA MULTIUSU\u00c1RIO DO LARP<\/a>\n\t\t\t\t\t<\/div>\n\n\t\t\t\t\t<div id=\"elementor-tab-content-1732\" class=\"elementor-tab-content elementor-clearfix\" data-tab=\"2\" role=\"region\" aria-labelledby=\"elementor-tab-title-1732\"><p>A gest\u00e3o de acesso a Infraestrutura\u00a0Multiusu\u00e1ria do CPCEM\/LARP para o ano de 2025 foi atualizada em 18\/02\/2025\u00a0<b>( <a href=\"https:\/\/drive.google.com\/file\/d\/1zq5JgvNeeTDkIUd0hed-qs0YNySYuhi5\/view?usp=sharing\" target=\"_blank\" rel=\"noopener\">link<\/a> ).<\/b><\/p><ul><li><a href=\"https:\/\/drive.google.com\/file\/d\/1zYLUr_gfZYPDpjIDdVQ-G7FH1qJTac6G\/view?usp=drive_link\" target=\"_blank\" rel=\"noopener\">Comit\u00ea de Usu\u00e1rios<\/a>.<\/li><li><a href=\"https:\/\/drive.google.com\/file\/d\/1zgXR-jANigYsXj_Fgkx86Tp8mGcGqzkx\/view?usp=drive_link\" target=\"_blank\" rel=\"noopener\">Comit\u00ea gestor<\/a>.<\/li><li><a href=\"https:\/\/drive.google.com\/file\/d\/1zdNDTSz9w366796-usTbIhJeaEidbVpo\/view?usp=drive_link\" target=\"_blank\" rel=\"noopener\">Regulamento<\/a>.<\/li><li><a href=\"https:\/\/drive.google.com\/file\/d\/1zd1EQJFWNazSFSC4BC791MkU7Hcwu17f\/view?usp=sharing\" target=\"_blank\" rel=\"noopener\">Estatuto<\/a>.<\/li><\/ul><\/div>\n\t\t\t\t<\/div>\n\t\t\t\t\t\t\t<div class=\"elementor-toggle-item\">\n\t\t\t\t\t<div id=\"elementor-tab-title-1733\" class=\"elementor-tab-title\" data-tab=\"3\" role=\"button\" aria-controls=\"elementor-tab-content-1733\" aria-expanded=\"false\">\n\t\t\t\t\t\t\t\t\t\t\t\t<span class=\"elementor-toggle-icon elementor-toggle-icon-left\" aria-hidden=\"true\">\n\t\t\t\t\t\t\t\t\t\t\t\t\t\t\t<span class=\"elementor-toggle-icon-closed\"><i class=\"fas fa-caret-right\"><\/i><\/span>\n\t\t\t\t\t\t\t\t<span class=\"elementor-toggle-icon-opened\"><i class=\"elementor-toggle-icon-opened fas fa-caret-up\"><\/i><\/span>\n\t\t\t\t\t\t\t\t\t\t\t\t\t<\/span>\n\t\t\t\t\t\t\t\t\t\t\t\t<a class=\"elementor-toggle-title\" tabindex=\"0\">INFORMA\u00c7\u00d5ES SOBRE AGENDAMENTO<\/a>\n\t\t\t\t\t<\/div>\n\n\t\t\t\t\t<div id=\"elementor-tab-content-1733\" class=\"elementor-tab-content elementor-clearfix\" data-tab=\"3\" role=\"region\" aria-labelledby=\"elementor-tab-title-1733\"><p>O agendamento para realiza\u00e7\u00e3o de an\u00e1lises utilizando a Infraestrutura Multiusu\u00e1rio do CPCEM\/LARP est\u00e1 baseado em nosso documento do sistema de gest\u00e3o PS04 &#8211; An\u00e1lise cr\u00edtica de pedidos, propostas, contratos e manuseio dos itens de ensaio. Todas as solicita\u00e7\u00f5es de agendamento\/requerimento de an\u00e1lises possuem rastreabilidade ao sistema de gest\u00e3o ISO 17025:2017 implantado no CPCEM\/LARP.<\/p><p>a) O interessado no agendamento\/requerimento de an\u00e1lise deve reservar a data e hor\u00e1rio de utiliza\u00e7\u00e3o dos equipamentos, com pelo menos 7 dias de anteced\u00eancia, na aba <strong>EQUIPAMENTOS DISPON\u00cdVEIS E AGENDAMENTO<\/strong>;<\/p><p>a) Ap\u00f3s realizado o agendamento, o interessado deve preencher e assinar o Formul\u00e1rio FL04.03 &#8211; Guia de Remessa rev.11, este documento deve ser encaminhado para o e-mail\u00a0<a href=\"mailto:larp@ufsm.br\" target=\"_blank\" rel=\"noopener\">larp@ufsm.br<\/a>\u00a0ou whatsapp (55)3220-8011;<\/p><p>b) Quando do recebimento do <a href=\"https:\/\/docs.google.com\/spreadsheets\/d\/1Vfs-PabcxOPsAUtvhga-JQs6W6aviOcq?rtpof=true&amp;usp=drive_fs\" target=\"_blank\" rel=\"noopener\">FL 04.03 Guia de Remessa<\/a> ser\u00e1 gerado um C\u00f3digo de Atendimento (FL 04.05 Atendimento ao Cliente). Este c\u00f3digo ser\u00e1 encaminhado por e-mail para o interessado;<\/p><p>c) Ap\u00f3s a avalia\u00e7\u00e3o e aceite da solicita\u00e7\u00e3o de agendamento\/requerimento de an\u00e1lises pelo Comit\u00ea de Usu\u00e1rios, o interessado ir\u00e1 receber por e-mail o FL 04.06 Termo de Aceite de Proposta de Ensaio. Este documento dever\u00e1 ser entregue assinado juntamente com as amostras;<\/p><p>d) Quando necess\u00e1rio ser\u00e1 emitido or\u00e7amento referente aos custos para realiza\u00e7\u00e3o dos ensaios;<\/p><p>e) Quaisquer informa\u00e7\u00f5es poder\u00e3o ser solicitadas ao Comit\u00ea de Usu\u00e1rios e\/ou Comit\u00ea Gestor atrav\u00e9s da Secretaria Administrativa do CPEM\/LARP (<a href=\"mailto:larp@ufsm.br\" target=\"_blank\" rel=\"noopener\">larp@ufsm.br<\/a>).<\/p><\/div>\n\t\t\t\t<\/div>\n\t\t\t\t\t\t\t<div class=\"elementor-toggle-item\">\n\t\t\t\t\t<div id=\"elementor-tab-title-1734\" class=\"elementor-tab-title\" data-tab=\"4\" role=\"button\" aria-controls=\"elementor-tab-content-1734\" aria-expanded=\"false\">\n\t\t\t\t\t\t\t\t\t\t\t\t<span class=\"elementor-toggle-icon elementor-toggle-icon-left\" aria-hidden=\"true\">\n\t\t\t\t\t\t\t\t\t\t\t\t\t\t\t<span class=\"elementor-toggle-icon-closed\"><i class=\"fas fa-caret-right\"><\/i><\/span>\n\t\t\t\t\t\t\t\t<span class=\"elementor-toggle-icon-opened\"><i class=\"elementor-toggle-icon-opened fas fa-caret-up\"><\/i><\/span>\n\t\t\t\t\t\t\t\t\t\t\t\t\t<\/span>\n\t\t\t\t\t\t\t\t\t\t\t\t<a class=\"elementor-toggle-title\" tabindex=\"0\">EQUIPAMENTOS DISPON\u00cdVEIS E AGENDAMENTO<\/a>\n\t\t\t\t\t<\/div>\n\n\t\t\t\t\t<div id=\"elementor-tab-content-1734\" class=\"elementor-tab-content elementor-clearfix\" data-tab=\"4\" role=\"region\" aria-labelledby=\"elementor-tab-title-1734\"><table style=\"border-collapse: collapse;width: 100%;height: 254px\">\n<tbody>\n<tr style=\"height: 149px\">\n<td style=\"width: 40%;height: 149px;text-align: center\"><img decoding=\"async\" class=\"size-medium wp-image-418 aligncenter\" src=\"https:\/\/www.ufsm.br\/app\/uploads\/sites\/635\/2025\/03\/WhatsApp-Image-2025-03-10-at-09.49.44-300x198.jpeg\" alt=\"\" width=\"300\" height=\"198\" srcset=\"https:\/\/www.ufsm.br\/app\/uploads\/sites\/635\/2025\/03\/WhatsApp-Image-2025-03-10-at-09.49.44-300x198.jpeg 300w, https:\/\/www.ufsm.br\/app\/uploads\/sites\/635\/2025\/03\/WhatsApp-Image-2025-03-10-at-09.49.44-1024x677.jpeg 1024w, https:\/\/www.ufsm.br\/app\/uploads\/sites\/635\/2025\/03\/WhatsApp-Image-2025-03-10-at-09.49.44-768x508.jpeg 768w, https:\/\/www.ufsm.br\/app\/uploads\/sites\/635\/2025\/03\/WhatsApp-Image-2025-03-10-at-09.49.44.jpeg 1280w\" sizes=\"(max-width: 300px) 100vw, 300px\" \/><\/td>\n<td style=\"width: 40%;height: 149px\"><strong>Cromat\u00f3grafo a l\u00edquido com espectr\u00f4metro de massas em s\u00e9rie (LC-MS\/MS) com analisador QTRAP, Sciex 6500+, Sciex<\/strong><\/td>\n<td style=\"width: 20%;height: 149px\"><img decoding=\"async\" class=\"size-medium wp-image-418 aligncenter\" src=\"https:\/\/www.ufsm.br\/app\/uploads\/sites\/635\/2025\/03\/button_indisponivel.png\" \/><\/td>\n<\/tr>\n<tr>\n<td style=\"width: 40%\">\u00a0 \u00a0 \u00a0 \u00a0 \u00a0 \u00a0 \u00a0 \u00a0 \u00a0 \u00a0 \u00a0 \u00a0 \u00a0 \u00a0 \u00a0 <img decoding=\"async\" class=\"size-medium wp-image-414 aligncenter\" src=\"https:\/\/www.ufsm.br\/app\/uploads\/sites\/635\/2025\/03\/WhatsApp-Image-2025-03-10-at-09.44.11-1-300x191.jpeg\" alt=\"\" width=\"300\" height=\"191\" srcset=\"https:\/\/www.ufsm.br\/app\/uploads\/sites\/635\/2025\/03\/WhatsApp-Image-2025-03-10-at-09.44.11-1-300x191.jpeg 300w, https:\/\/www.ufsm.br\/app\/uploads\/sites\/635\/2025\/03\/WhatsApp-Image-2025-03-10-at-09.44.11-1-1024x652.jpeg 1024w, https:\/\/www.ufsm.br\/app\/uploads\/sites\/635\/2025\/03\/WhatsApp-Image-2025-03-10-at-09.44.11-1-768x489.jpeg 768w, https:\/\/www.ufsm.br\/app\/uploads\/sites\/635\/2025\/03\/WhatsApp-Image-2025-03-10-at-09.44.11-1-1536x977.jpeg 1536w, https:\/\/www.ufsm.br\/app\/uploads\/sites\/635\/2025\/03\/WhatsApp-Image-2025-03-10-at-09.44.11-1.jpeg 1600w\" sizes=\"(max-width: 300px) 100vw, 300px\" \/><\/td>\n<td style=\"width: 40%\"><strong>Cromat\u00f3grafo a l\u00edquido de ultra-alta efici\u00eancia com espectr\u00f4metro de massas em s\u00e9rie, Xevo TQ, Waters\n<\/strong><\/td>\n<td style=\"width: 20%;height: 149px\"><a href=\"https:\/\/calendar.app.google\/5tbk5o6XTXMfrV5L9\">\n<img decoding=\"async\" class=\"size-medium wp-image-418 aligncenter\" src=\"https:\/\/www.ufsm.br\/app\/uploads\/sites\/635\/2025\/03\/button_agende-aqui.png\" \/>\n<\/a><\/td>\n<\/tr>\n<tr>\n<td style=\"width: 40%\">\u00a0 \u00a0 \u00a0 \u00a0 \u00a0 \u00a0 \u00a0 \u00a0 \u00a0 \u00a0 \u00a0 \u00a0 \u00a0 \u00a0 \u00a0 <img loading=\"lazy\" decoding=\"async\" class=\"size-medium wp-image-415 aligncenter\" src=\"https:\/\/www.ufsm.br\/app\/uploads\/sites\/635\/2025\/03\/WhatsApp-Image-2025-03-10-at-09.44.11-300x201.jpeg\" alt=\"\" width=\"300\" height=\"201\" srcset=\"https:\/\/www.ufsm.br\/app\/uploads\/sites\/635\/2025\/03\/WhatsApp-Image-2025-03-10-at-09.44.11-300x201.jpeg 300w, https:\/\/www.ufsm.br\/app\/uploads\/sites\/635\/2025\/03\/WhatsApp-Image-2025-03-10-at-09.44.11-1024x685.jpeg 1024w, https:\/\/www.ufsm.br\/app\/uploads\/sites\/635\/2025\/03\/WhatsApp-Image-2025-03-10-at-09.44.11-768x514.jpeg 768w, https:\/\/www.ufsm.br\/app\/uploads\/sites\/635\/2025\/03\/WhatsApp-Image-2025-03-10-at-09.44.11-1536x1027.jpeg 1536w, https:\/\/www.ufsm.br\/app\/uploads\/sites\/635\/2025\/03\/WhatsApp-Image-2025-03-10-at-09.44.11-272x182.jpeg 272w, https:\/\/www.ufsm.br\/app\/uploads\/sites\/635\/2025\/03\/WhatsApp-Image-2025-03-10-at-09.44.11.jpeg 1600w\" sizes=\"(max-width: 300px) 100vw, 300px\" \/><\/td>\n<td style=\"width: 40%\"><strong>Cromat\u00f3grafo a l\u00edquido de ultra-alta efici\u00eancia com espectr\u00f4metro de massas em s\u00e9rie, Xevo TQ-XS, Waters<\/strong><\/td>\n<td style=\"width: 20%;height: 149px\"><a href=\"https:\/\/calendar.google.com\/calendar\/appointments\/schedules\/AcZssZ3oiCyIU_ChFHAyIrXkhnwwg7RnSSgcYVAoK6NFvhi20dKuPfSwvCJpBKxcZ2NbTt3v3_aFePMi\"><img decoding=\"async\" class=\"size-medium wp-image-418 aligncenter\" src=\"https:\/\/www.ufsm.br\/app\/uploads\/sites\/635\/2025\/03\/button_agende-aqui.png\" \/>\n<\/a><\/td>\n<\/tr>\n<tr style=\"height: 149px\">\n<td style=\"width: 40%;height: 149px;text-align: center\">\u00a0 \u00a0 \u00a0 \u00a0 \u00a0 \u00a0 \u00a0 \u00a0 \u00a0 \u00a0 \u00a0 \u00a0 \u00a0 \u00a0 \u00a0 <img loading=\"lazy\" decoding=\"async\" class=\" wp-image-409 aligncenter\" src=\"https:\/\/www.ufsm.br\/app\/uploads\/sites\/635\/2025\/03\/WhatsApp-Image-2025-03-07-at-11.40.05-225x300.jpeg\" alt=\"\" width=\"220\" height=\"293\" srcset=\"https:\/\/www.ufsm.br\/app\/uploads\/sites\/635\/2025\/03\/WhatsApp-Image-2025-03-07-at-11.40.05-225x300.jpeg 225w, https:\/\/www.ufsm.br\/app\/uploads\/sites\/635\/2025\/03\/WhatsApp-Image-2025-03-07-at-11.40.05-769x1024.jpeg 769w, https:\/\/www.ufsm.br\/app\/uploads\/sites\/635\/2025\/03\/WhatsApp-Image-2025-03-07-at-11.40.05-768x1023.jpeg 768w, https:\/\/www.ufsm.br\/app\/uploads\/sites\/635\/2025\/03\/WhatsApp-Image-2025-03-07-at-11.40.05-1153x1536.jpeg 1153w, https:\/\/www.ufsm.br\/app\/uploads\/sites\/635\/2025\/03\/WhatsApp-Image-2025-03-07-at-11.40.05.jpeg 1201w\" sizes=\"(max-width: 220px) 100vw, 220px\" \/><\/td>\n<td style=\"width: 40%;height: 149px\"><strong>Cromat\u00f3grafo a g\u00e1s acoplado a espectr\u00f4metro de massas em s\u00e9rie (GC-MS\/MS), Intuvo 9000, Agilent Technologies<\/strong><\/td>\n<td style=\"width: 20%;height: 149px\"><a href=\"https:\/\/calendar.google.com\/calendar\/appointments\/schedules\/AcZssZ2UTT1o6C76B4Nqsk4im6sFAccbPuMAplLKJjOfwjacdlE2f1fR-qm15XbRv87QRnte4qs_uEAY\"><img decoding=\"async\" class=\"size-medium wp-image-418 aligncenter\" src=\"https:\/\/www.ufsm.br\/app\/uploads\/sites\/635\/2025\/03\/button_agende-aqui.png\" \/> <\/a><\/td>\n<\/tr>\n<tr>\n<td style=\"width: 40%\"><img loading=\"lazy\" decoding=\"async\" class=\" wp-image-416 aligncenter\" src=\"https:\/\/www.ufsm.br\/app\/uploads\/sites\/635\/2025\/03\/WhatsApp-Image-2025-03-10-at-09.44.11-3-245x300.jpeg\" alt=\"\" width=\"223\" height=\"273\" srcset=\"https:\/\/www.ufsm.br\/app\/uploads\/sites\/635\/2025\/03\/WhatsApp-Image-2025-03-10-at-09.44.11-3-245x300.jpeg 245w, https:\/\/www.ufsm.br\/app\/uploads\/sites\/635\/2025\/03\/WhatsApp-Image-2025-03-10-at-09.44.11-3-837x1024.jpeg 837w, https:\/\/www.ufsm.br\/app\/uploads\/sites\/635\/2025\/03\/WhatsApp-Image-2025-03-10-at-09.44.11-3-768x940.jpeg 768w, https:\/\/www.ufsm.br\/app\/uploads\/sites\/635\/2025\/03\/WhatsApp-Image-2025-03-10-at-09.44.11-3.jpeg 1195w\" sizes=\"(max-width: 223px) 100vw, 223px\" \/><\/td>\n<td style=\"width: 40%\"><strong>Cromat\u00f3grafo a g\u00e1s com espectr\u00f4metro de massas com analisador quadrupolo, QP2010, Shimadzu<\/strong><\/td>\n<td style=\"width: 20%;height: 149px\"><a href=\"https:\/\/calendar.google.com\/calendar\/appointments\/schedules\/AcZssZ1DXceLQAkAdD38guJeMpLWC6Fhce8DIiSBVUGp9N3DKjR23mCR2OsBPXc7VOxjE7h0YlFbYqb5\"><img decoding=\"async\" class=\"size-medium wp-image-418 aligncenter\" src=\"https:\/\/www.ufsm.br\/app\/uploads\/sites\/635\/2025\/03\/button_agende-aqui.png\" \/><\/a><\/td>\n<\/tr>\n<tr>\n<td style=\"width: 40%\"><img loading=\"lazy\" decoding=\"async\" class=\"wp-image-417 aligncenter\" src=\"https:\/\/www.ufsm.br\/app\/uploads\/sites\/635\/2025\/03\/WhatsApp-Image-2025-03-10-at-09.44.11-2-300x258.jpeg\" alt=\"\" width=\"223\" height=\"192\" srcset=\"https:\/\/www.ufsm.br\/app\/uploads\/sites\/635\/2025\/03\/WhatsApp-Image-2025-03-10-at-09.44.11-2-300x258.jpeg 300w, https:\/\/www.ufsm.br\/app\/uploads\/sites\/635\/2025\/03\/WhatsApp-Image-2025-03-10-at-09.44.11-2-1024x880.jpeg 1024w, https:\/\/www.ufsm.br\/app\/uploads\/sites\/635\/2025\/03\/WhatsApp-Image-2025-03-10-at-09.44.11-2-768x660.jpeg 768w, https:\/\/www.ufsm.br\/app\/uploads\/sites\/635\/2025\/03\/WhatsApp-Image-2025-03-10-at-09.44.11-2-1536x1320.jpeg 1536w, https:\/\/www.ufsm.br\/app\/uploads\/sites\/635\/2025\/03\/WhatsApp-Image-2025-03-10-at-09.44.11-2.jpeg 1586w\" sizes=\"(max-width: 223px) 100vw, 223px\" \/><\/td>\n<td style=\"width: 40%\"><strong>Cromat\u00f3grafo a l\u00edquido de alta efici\u00eancia com detector de fluoresc\u00eancia (HPLC-FD), modelo 200, Perkin Elmer 200, Perkin Elmer<\/strong><\/td>\n<td style=\"width: 20%;height: 149px\"><img decoding=\"async\" class=\"size-medium wp-image-418 aligncenter\" src=\"https:\/\/www.ufsm.br\/app\/uploads\/sites\/635\/2025\/03\/button_indisponivel.png\" \/><\/td>\n<\/tr>\n<\/tbody>\n<\/table><\/div>\n\t\t\t\t<\/div>\n\t\t\t\t\t\t\t\t<\/div>\n\t\t\t\t<\/div>\n\t\t\t\t<\/div>\n\t\t\t\t\t<\/div>\n\t\t<\/div>\n\t\t\t\t\t<\/div>\n\t\t<\/section>\n\t\t\t\t<\/div>\n\t\t","protected":false},"excerpt":{"rendered":"<p>HIST\u00d3RICO DE UTILIZA\u00c7\u00c3O DA INFRAESTRUTURA Desde sua cria\u00e7\u00e3o em 2001 o CPCEM\/LARP da UFSM caracteriza-se pela utiliza\u00e7\u00e3o multiusu\u00e1rio de sua infraestrutura. Al\u00e9m de diversas Institui\u00e7\u00f5es de Ci\u00eancia e Tecnologia (ICTs) do Estado do RS, atendemos pesquisadores de diversas regi\u00f5es do Brasil. Ressalta-se tamb\u00e9m, nossa intera\u00e7\u00e3o com o setor privado (aliment\u00edcio, farmac\u00eautico, agroindustrial, ambiental, entre outros) [&hellip;]<\/p>\n","protected":false},"author":124,"featured_media":0,"parent":0,"menu_order":0,"comment_status":"closed","ping_status":"closed","template":"","meta":{"footnotes":""},"categories":[],"tags":[],"class_list":["post-24","page","type-page","status-publish","hentry"],"acf":[],"_links":{"self":[{"href":"https:\/\/www.ufsm.br\/laboratorios\/larp\/wp-json\/wp\/v2\/pages\/24","targetHints":{"allow":["GET"]}}],"collection":[{"href":"https:\/\/www.ufsm.br\/laboratorios\/larp\/wp-json\/wp\/v2\/pages"}],"about":[{"href":"https:\/\/www.ufsm.br\/laboratorios\/larp\/wp-json\/wp\/v2\/types\/page"}],"author":[{"embeddable":true,"href":"https:\/\/www.ufsm.br\/laboratorios\/larp\/wp-json\/wp\/v2\/users\/124"}],"replies":[{"embeddable":true,"href":"https:\/\/www.ufsm.br\/laboratorios\/larp\/wp-json\/wp\/v2\/comments?post=24"}],"version-history":[{"count":0,"href":"https:\/\/www.ufsm.br\/laboratorios\/larp\/wp-json\/wp\/v2\/pages\/24\/revisions"}],"wp:attachment":[{"href":"https:\/\/www.ufsm.br\/laboratorios\/larp\/wp-json\/wp\/v2\/media?parent=24"}],"wp:term":[{"taxonomy":"category","embeddable":true,"href":"https:\/\/www.ufsm.br\/laboratorios\/larp\/wp-json\/wp\/v2\/categories?post=24"},{"taxonomy":"post_tag","embeddable":true,"href":"https:\/\/www.ufsm.br\/laboratorios\/larp\/wp-json\/wp\/v2\/tags?post=24"}],"curies":[{"name":"wp","href":"https:\/\/api.w.org\/{rel}","templated":true}]}}