{"id":26,"date":"2019-05-14T17:03:27","date_gmt":"2019-05-14T20:03:27","guid":{"rendered":"https:\/\/www.ufsm.br\/laboratorios\/larp\/?page_id=26"},"modified":"2026-03-18T11:14:03","modified_gmt":"2026-03-18T14:14:03","slug":"contato","status":"publish","type":"page","link":"https:\/\/www.ufsm.br\/laboratorios\/larp\/contato","title":{"rendered":"Contato"},"content":{"rendered":"\t\t<div data-elementor-type=\"wp-post\" data-elementor-id=\"26\" class=\"elementor elementor-26\">\n\t\t\t\t\t\t<section class=\"elementor-section elementor-top-section elementor-element elementor-element-0f8f42b elementor-section-boxed elementor-section-height-default elementor-section-height-default\" data-id=\"0f8f42b\" data-element_type=\"section\">\n\t\t\t\t\t\t<div class=\"elementor-container elementor-column-gap-default\">\n\t\t\t\t\t<div class=\"elementor-column elementor-col-33 elementor-top-column elementor-element elementor-element-8b7712c\" data-id=\"8b7712c\" data-element_type=\"column\">\n\t\t\t<div class=\"elementor-widget-wrap elementor-element-populated\">\n\t\t\t\t\t\t<div class=\"elementor-element elementor-element-e8533d4 elementor-widget elementor-widget-image\" data-id=\"e8533d4\" data-element_type=\"widget\" data-widget_type=\"image.default\">\n\t\t\t\t<div class=\"elementor-widget-container\">\n\t\t\t\t\t\t\t\t\t\t\t\t\t\t<a href=\"https:\/\/wa.me\/555532208011?text=Contate-nos.\" target=\"_blank\">\n\t\t\t\t\t\t\t<img fetchpriority=\"high\" decoding=\"async\" width=\"500\" height=\"176\" src=\"https:\/\/www.ufsm.br\/app\/uploads\/sites\/635\/2022\/08\/whatsapp-bt-500x17620201021130149-1.png\" class=\"attachment-large size-large wp-image-328\" alt=\"\" srcset=\"https:\/\/www.ufsm.br\/app\/uploads\/sites\/635\/2022\/08\/whatsapp-bt-500x17620201021130149-1.png 500w, https:\/\/www.ufsm.br\/app\/uploads\/sites\/635\/2022\/08\/whatsapp-bt-500x17620201021130149-1-300x106.png 300w\" sizes=\"(max-width: 500px) 100vw, 500px\" \/>\t\t\t\t\t\t\t\t<\/a>\n\t\t\t\t\t\t\t\t\t\t\t\t\t<\/div>\n\t\t\t\t<\/div>\n\t\t\t\t\t<\/div>\n\t\t<\/div>\n\t\t\t\t<div class=\"elementor-column elementor-col-66 elementor-top-column elementor-element elementor-element-fb3354f\" data-id=\"fb3354f\" data-element_type=\"column\">\n\t\t\t<div class=\"elementor-widget-wrap\">\n\t\t\t\t\t\t\t<\/div>\n\t\t<\/div>\n\t\t\t\t\t<\/div>\n\t\t<\/section>\n\t\t\t\t<section class=\"elementor-section elementor-top-section elementor-element elementor-element-ddddf68 elementor-section-boxed elementor-section-height-default elementor-section-height-default\" data-id=\"ddddf68\" data-element_type=\"section\">\n\t\t\t\t\t\t<div class=\"elementor-container elementor-column-gap-default\">\n\t\t\t\t\t<div class=\"elementor-column elementor-col-100 elementor-top-column elementor-element elementor-element-8947d6b\" data-id=\"8947d6b\" data-element_type=\"column\">\n\t\t\t<div class=\"elementor-widget-wrap elementor-element-populated\">\n\t\t\t\t\t\t<div class=\"elementor-element elementor-element-1204930 elementor-widget elementor-widget-google_maps\" data-id=\"1204930\" data-element_type=\"widget\" data-widget_type=\"google_maps.default\">\n\t\t\t\t<div class=\"elementor-widget-container\">\n\t\t\t\t\t<div class=\"elementor-custom-embed\">\n\t\t\t<iframe loading=\"lazy\"\n\t\t\t\t\tsrc=\"https:\/\/maps.google.com\/maps?q=larp&#038;t=m&#038;z=10&#038;output=embed&#038;iwloc=near\"\n\t\t\t\t\ttitle=\"larp\"\n\t\t\t\t\taria-label=\"larp\"\n\t\t\t><\/iframe>\n\t\t<\/div>\n\t\t\t\t<\/div>\n\t\t\t\t<\/div>\n\t\t\t\t<div class=\"elementor-element elementor-element-7599d61 elementor-widget elementor-widget-text-editor\" data-id=\"7599d61\" data-element_type=\"widget\" data-widget_type=\"text-editor.default\">\n\t\t\t\t<div class=\"elementor-widget-container\">\n\t\t\t\t\t\t\t<p><span><strong> Laborat\u00f3rio de An\u00e1lises de Res\u00edduos de Pesticidas (LARP)<\/strong><\/span><\/p>\n<p>Universidade Federal de Santa Maria<\/p>\n<p>Departamento de Qu\u00edmica Campus da UFSM<br><\/p>\n<p>Av. Roraima n\u00ba 1000,&nbsp;<span style=\"font-size: 16px\">Camobi,&nbsp;<\/span><span style=\"font-size: 16px\">CEP 97105-900,&nbsp;<\/span><span style=\"font-size: 16px\">Santa Maria, RS,&nbsp;<\/span><span style=\"font-size: 16px\">Complemento:&nbsp;<\/span><span style=\"font-size: 1rem\">Cidade Universit\u00e1ria, Campus Sede,&nbsp;<\/span><span style=\"font-size: 16px\">Rua Sul 20, Pr\u00e9dio 13D<\/span><\/p>\n<p><span style=\"font-size: 1rem\">FONE 55 3220 8011<\/span><\/p>\n<p>FONE 55 3220 9531<\/p>\n<p><strong>E-mail<\/strong> <a href=\"mailto:larp@www.ufsm.br\">larp_ufsm@yahoo.com.br<\/a><br><strong>Site<\/strong> <a href=\"http:\/\/www.ufsm.br\/larp\">http:\/\/www.ufsm.br\/laboratorios\/larp<\/a><\/p>\t\t\t\t\t\t<\/div>\n\t\t\t\t<\/div>\n\t\t\t\t\t<\/div>\n\t\t<\/div>\n\t\t\t\t\t<\/div>\n\t\t<\/section>\n\t\t\t\t<\/div>\n\t\t","protected":false},"excerpt":{"rendered":"<p>Laborat\u00f3rio de An\u00e1lises de Res\u00edduos de Pesticidas (LARP) Universidade Federal de Santa Maria Departamento de Qu\u00edmica Campus da UFSM Av. Roraima n\u00ba 1000,&nbsp;Camobi,&nbsp;CEP 97105-900,&nbsp;Santa Maria, RS,&nbsp;Complemento:&nbsp;Cidade Universit\u00e1ria, Campus Sede,&nbsp;Rua Sul 20, Pr\u00e9dio 13D FONE 55 3220 8011 FONE 55 3220 9531 E-mail larp_ufsm@yahoo.com.brSite http:\/\/www.ufsm.br\/laboratorios\/larp<\/p>\n","protected":false},"author":124,"featured_media":0,"parent":0,"menu_order":0,"comment_status":"closed","ping_status":"closed","template":"","meta":{"footnotes":""},"categories":[],"tags":[],"class_list":["post-26","page","type-page","status-publish","hentry"],"acf":[],"_links":{"self":[{"href":"https:\/\/www.ufsm.br\/laboratorios\/larp\/wp-json\/wp\/v2\/pages\/26","targetHints":{"allow":["GET"]}}],"collection":[{"href":"https:\/\/www.ufsm.br\/laboratorios\/larp\/wp-json\/wp\/v2\/pages"}],"about":[{"href":"https:\/\/www.ufsm.br\/laboratorios\/larp\/wp-json\/wp\/v2\/types\/page"}],"author":[{"embeddable":true,"href":"https:\/\/www.ufsm.br\/laboratorios\/larp\/wp-json\/wp\/v2\/users\/124"}],"replies":[{"embeddable":true,"href":"https:\/\/www.ufsm.br\/laboratorios\/larp\/wp-json\/wp\/v2\/comments?post=26"}],"version-history":[{"count":0,"href":"https:\/\/www.ufsm.br\/laboratorios\/larp\/wp-json\/wp\/v2\/pages\/26\/revisions"}],"wp:attachment":[{"href":"https:\/\/www.ufsm.br\/laboratorios\/larp\/wp-json\/wp\/v2\/media?parent=26"}],"wp:term":[{"taxonomy":"category","embeddable":true,"href":"https:\/\/www.ufsm.br\/laboratorios\/larp\/wp-json\/wp\/v2\/categories?post=26"},{"taxonomy":"post_tag","embeddable":true,"href":"https:\/\/www.ufsm.br\/laboratorios\/larp\/wp-json\/wp\/v2\/tags?post=26"}],"curies":[{"name":"wp","href":"https:\/\/api.w.org\/{rel}","templated":true}]}}