{"id":303,"date":"2021-09-13T17:47:38","date_gmt":"2021-09-13T20:47:38","guid":{"rendered":"https:\/\/www.ufsm.br\/laboratorios\/larp\/?page_id=303"},"modified":"2021-09-14T11:04:23","modified_gmt":"2021-09-14T14:04:23","slug":"atendimento-ao-cliente","status":"publish","type":"page","link":"https:\/\/www.ufsm.br\/laboratorios\/larp\/atendimento-ao-cliente","title":{"rendered":""},"content":{"rendered":"\t\t<div data-elementor-type=\"wp-page\" data-elementor-id=\"303\" class=\"elementor elementor-303\">\n\t\t\t\t\t\t<section class=\"elementor-section elementor-top-section elementor-element elementor-element-0cda12c elementor-section-boxed elementor-section-height-default elementor-section-height-default\" data-id=\"0cda12c\" data-element_type=\"section\">\n\t\t\t\t\t\t<div class=\"elementor-container elementor-column-gap-default\">\n\t\t\t\t\t<div class=\"elementor-column elementor-col-100 elementor-top-column elementor-element elementor-element-bae824f\" data-id=\"bae824f\" data-element_type=\"column\">\n\t\t\t<div class=\"elementor-widget-wrap elementor-element-populated\">\n\t\t\t\t\t\t<section class=\"elementor-section elementor-inner-section elementor-element elementor-element-933a5fa elementor-section-boxed elementor-section-height-default elementor-section-height-default\" data-id=\"933a5fa\" data-element_type=\"section\">\n\t\t\t\t\t\t<div class=\"elementor-container elementor-column-gap-default\">\n\t\t\t\t\t<div class=\"elementor-column elementor-col-50 elementor-inner-column elementor-element elementor-element-6b30b13\" data-id=\"6b30b13\" data-element_type=\"column\">\n\t\t\t<div class=\"elementor-widget-wrap elementor-element-populated\">\n\t\t\t\t\t\t<div class=\"elementor-element elementor-element-247c872 elementor-widget elementor-widget-text-editor\" data-id=\"247c872\" data-element_type=\"widget\" data-widget_type=\"text-editor.default\">\n\t\t\t\t<div class=\"elementor-widget-container\">\n\t\t\t\t\t\t\t<p>O Laborat\u00f3rio de An\u00e1lises de Res\u00edduos de Pesticidas (LARP) presta servi\u00e7os para produtores rurais, ind\u00fastrias,\u00a0 \u00f3rg\u00e3os de fiscaliza\u00e7\u00e3o, institui\u00e7\u00f5es de ensino, pesquisa e extens\u00e3o ou qualquer pessoa ou institui\u00e7\u00e3o interessados em analisar res\u00edduos de agrot\u00f3xicos, medicamentos veterin\u00e1rios e outros contaminantes em matrizes diversas, como:<\/p><ul style=\"list-style-type: circle\"><li>Ambientais \u2013 solos, sedimentos, plantas, \u00e1gua pot\u00e1vel, \u00e1gua de superf\u00edcie, de profundidade e de irriga\u00e7\u00e3o;<\/li><li>Alimentos \u2013 frutas, vegetais, cereais, farinhas, carnes (aves, bovinos, ovinos, su\u00ednos, pescado), leite e derivados, mel, ovos e ra\u00e7\u00e3o;<\/li><li>An\u00e1lises toxicol\u00f3gicas em plantas e animais.<\/li><\/ul>\t\t\t\t\t\t<\/div>\n\t\t\t\t<\/div>\n\t\t\t\t\t<\/div>\n\t\t<\/div>\n\t\t\t\t<div class=\"elementor-column elementor-col-50 elementor-inner-column elementor-element elementor-element-b4dac29\" data-id=\"b4dac29\" data-element_type=\"column\">\n\t\t\t<div class=\"elementor-widget-wrap elementor-element-populated\">\n\t\t\t\t\t\t<div class=\"elementor-element elementor-element-ce49df0 elementor-widget elementor-widget-image\" data-id=\"ce49df0\" data-element_type=\"widget\" data-widget_type=\"image.default\">\n\t\t\t\t<div class=\"elementor-widget-container\">\n\t\t\t\t\t\t\t\t\t\t\t\t\t<img fetchpriority=\"high\" decoding=\"async\" width=\"245\" height=\"206\" src=\"https:\/\/www.ufsm.br\/app\/uploads\/sites\/635\/2021\/09\/images.jpg\" class=\"attachment-large size-large wp-image-309\" alt=\"\" \/>\t\t\t\t\t\t\t\t\t\t\t\t\t<\/div>\n\t\t\t\t<\/div>\n\t\t\t\t\t<\/div>\n\t\t<\/div>\n\t\t\t\t\t<\/div>\n\t\t<\/section>\n\t\t\t\t<section class=\"elementor-section elementor-inner-section elementor-element elementor-element-8d690f5 elementor-section-boxed elementor-section-height-default elementor-section-height-default\" data-id=\"8d690f5\" data-element_type=\"section\">\n\t\t\t\t\t\t<div class=\"elementor-container elementor-column-gap-default\">\n\t\t\t\t\t<div class=\"elementor-column elementor-col-100 elementor-inner-column elementor-element elementor-element-8dcd4fb\" data-id=\"8dcd4fb\" data-element_type=\"column\">\n\t\t\t<div class=\"elementor-widget-wrap elementor-element-populated\">\n\t\t\t\t\t\t<div class=\"elementor-element elementor-element-3ebc000 elementor-widget elementor-widget-text-editor\" data-id=\"3ebc000\" data-element_type=\"widget\" data-widget_type=\"text-editor.default\">\n\t\t\t\t<div class=\"elementor-widget-container\">\n\t\t\t\t\t\t\t<p>\u00a0<\/p><p><span style=\"color: #0000ff\"><strong>Para mais informa\u00e7\u00f5es: telefones 55 3220 8011 e\u00a055 3220 9531 \/ e-mail\u00a0<a style=\"color: #0000ff\" href=\"mailto:larp@www.ufsm.br\">larp_ufsm@yahoo.com.br<\/a>\u00a0\/ presencialmente\u00a0Universidade Federal de Santa Maria,\u00a0Departamento de Qu\u00edmica Campus da UFSM,\u00a0Rua E, Pr\u00e9dio 13D ,\u00a0CEP: 97105-900,\u00a0Santa Maria \u2013 RS \u2013 Brasil<\/strong><\/span><\/p>\t\t\t\t\t\t<\/div>\n\t\t\t\t<\/div>\n\t\t\t\t\t<\/div>\n\t\t<\/div>\n\t\t\t\t\t<\/div>\n\t\t<\/section>\n\t\t\t\t\t<\/div>\n\t\t<\/div>\n\t\t\t\t\t<\/div>\n\t\t<\/section>\n\t\t\t\t<\/div>\n\t\t","protected":false},"excerpt":{"rendered":"<p>O Laborat\u00f3rio de An\u00e1lises de Res\u00edduos de Pesticidas (LARP) presta servi\u00e7os para produtores rurais, ind\u00fastrias,\u00a0 \u00f3rg\u00e3os de fiscaliza\u00e7\u00e3o, institui\u00e7\u00f5es de ensino, pesquisa e extens\u00e3o ou qualquer pessoa ou institui\u00e7\u00e3o interessados em analisar res\u00edduos de agrot\u00f3xicos, medicamentos veterin\u00e1rios e outros contaminantes em matrizes diversas, como: Ambientais \u2013 solos, sedimentos, plantas, \u00e1gua pot\u00e1vel, \u00e1gua de superf\u00edcie, de [&hellip;]<\/p>\n","protected":false},"author":1583,"featured_media":0,"parent":0,"menu_order":0,"comment_status":"closed","ping_status":"closed","template":"","meta":{"footnotes":""},"categories":[],"tags":[],"class_list":["post-303","page","type-page","status-publish","hentry"],"acf":[],"_links":{"self":[{"href":"https:\/\/www.ufsm.br\/laboratorios\/larp\/wp-json\/wp\/v2\/pages\/303","targetHints":{"allow":["GET"]}}],"collection":[{"href":"https:\/\/www.ufsm.br\/laboratorios\/larp\/wp-json\/wp\/v2\/pages"}],"about":[{"href":"https:\/\/www.ufsm.br\/laboratorios\/larp\/wp-json\/wp\/v2\/types\/page"}],"author":[{"embeddable":true,"href":"https:\/\/www.ufsm.br\/laboratorios\/larp\/wp-json\/wp\/v2\/users\/1583"}],"replies":[{"embeddable":true,"href":"https:\/\/www.ufsm.br\/laboratorios\/larp\/wp-json\/wp\/v2\/comments?post=303"}],"version-history":[{"count":0,"href":"https:\/\/www.ufsm.br\/laboratorios\/larp\/wp-json\/wp\/v2\/pages\/303\/revisions"}],"wp:attachment":[{"href":"https:\/\/www.ufsm.br\/laboratorios\/larp\/wp-json\/wp\/v2\/media?parent=303"}],"wp:term":[{"taxonomy":"category","embeddable":true,"href":"https:\/\/www.ufsm.br\/laboratorios\/larp\/wp-json\/wp\/v2\/categories?post=303"},{"taxonomy":"post_tag","embeddable":true,"href":"https:\/\/www.ufsm.br\/laboratorios\/larp\/wp-json\/wp\/v2\/tags?post=303"}],"curies":[{"name":"wp","href":"https:\/\/api.w.org\/{rel}","templated":true}]}}