{"id":32,"date":"2019-05-24T15:38:39","date_gmt":"2019-05-24T18:38:39","guid":{"rendered":"https:\/\/www.ufsm.br\/laboratorios\/larp\/?page_id=32"},"modified":"2021-09-13T17:35:12","modified_gmt":"2021-09-13T20:35:12","slug":"projetos","status":"publish","type":"page","link":"https:\/\/www.ufsm.br\/laboratorios\/larp\/projetos","title":{"rendered":"Projetos"},"content":{"rendered":"\t\t<div data-elementor-type=\"wp-post\" data-elementor-id=\"32\" class=\"elementor elementor-32\">\n\t\t\t\t\t\t<section class=\"elementor-section elementor-top-section elementor-element elementor-element-6fb2de0 elementor-section-boxed elementor-section-height-default elementor-section-height-default\" data-id=\"6fb2de0\" data-element_type=\"section\">\n\t\t\t\t\t\t<div class=\"elementor-container elementor-column-gap-default\">\n\t\t\t\t\t<div class=\"elementor-column elementor-col-100 elementor-top-column elementor-element elementor-element-03bb8be\" data-id=\"03bb8be\" data-element_type=\"column\">\n\t\t\t<div class=\"elementor-widget-wrap elementor-element-populated\">\n\t\t\t\t\t\t<div class=\"elementor-element elementor-element-28f5d08 elementor-widget elementor-widget-toggle\" data-id=\"28f5d08\" data-element_type=\"widget\" data-widget_type=\"toggle.default\">\n\t\t\t\t<div class=\"elementor-widget-container\">\n\t\t\t\t\t<div class=\"elementor-toggle\">\n\t\t\t\t\t\t\t<div class=\"elementor-toggle-item\">\n\t\t\t\t\t<div id=\"elementor-tab-title-4291\" class=\"elementor-tab-title\" data-tab=\"1\" role=\"button\" aria-controls=\"elementor-tab-content-4291\" aria-expanded=\"false\">\n\t\t\t\t\t\t\t\t\t\t\t\t<span class=\"elementor-toggle-icon elementor-toggle-icon-left\" aria-hidden=\"true\">\n\t\t\t\t\t\t\t\t\t\t\t\t\t\t\t<span class=\"elementor-toggle-icon-closed\"><i class=\"fas fa-caret-right\"><\/i><\/span>\n\t\t\t\t\t\t\t\t<span class=\"elementor-toggle-icon-opened\"><i class=\"elementor-toggle-icon-opened fas fa-caret-up\"><\/i><\/span>\n\t\t\t\t\t\t\t\t\t\t\t\t\t<\/span>\n\t\t\t\t\t\t\t\t\t\t\t\t<a class=\"elementor-toggle-title\" tabindex=\"0\">Projetos do LARP<\/a>\n\t\t\t\t\t<\/div>\n\n\t\t\t\t\t<div id=\"elementor-tab-content-4291\" class=\"elementor-tab-content elementor-clearfix\" data-tab=\"1\" role=\"region\" aria-labelledby=\"elementor-tab-title-4291\"><p><strong>FAPERGS<\/strong> &#8211; Desenvolvimento e valida\u00e7\u00e3o de novos m\u00e9todos para determina\u00e7\u00e3o multirres\u00edduo de agrot\u00f3xicos em arroz e monitoramento destes no Estado do rio Grande do Sul 2011 &#8211; 2013<\/p><p><strong>FINEP<\/strong> &#8211; Rede de Laborat\u00f3rios de Res\u00edduos e Contaminantes &#8211; Sistema Brasileiro de Tecnologia (SIBRATEC) 2008 &#8211; 2014<\/p><p><strong>FINEP<\/strong> &#8211; Estrutura\u00e7\u00e3o da Rede Nacional de An\u00e1lises de Alimentos RENALI &#8211; Sistema Brasileiro de Tecnologia (SIBRATEC) 2010 &#8211; 2013<\/p><p><strong>CNPq<\/strong> &#8211; CTAGRO \/ Encomendas CT Agro &#8211; Rede de Pesquisa em Contaminantes (APQ) 2009 &#8211; 2011<\/p><p><strong>CNPq<\/strong> &#8211; Amplia\u00e7\u00e3o da capacidade anal\u00edtica do Laborat\u00f3rio de An\u00e1lises de Res\u00edduos de Pesticidas (LARP) da Universidade Federal de Santa Maria na \u00e1rea de res\u00edduos e contaminantes em alimentos 2010 &#8211; 2012<\/p><p><strong>FINEP<\/strong> &#8211; Consolida\u00e7\u00e3o de uma Rede de Laborat\u00f3rios de An\u00e1lise de Res\u00edduos de Agrot\u00f3xicos para Apoio a Exporta\u00e7\u00e3o &#8211; REAGRO 2008 &#8211; 2011<\/p><p><strong>MCT\/CNPq\/MAPA\/SDA N\u00b0 64\/2008<\/strong> &#8211; &#8220;Determina\u00e7\u00e3o de res\u00edduos de agrot\u00f3xicos em culturas de interesse econ\u00f4mico e alimentar, visando o incremento da qualidade e da competitividade destes alimentos no cen\u00e1rio nacional e internacional&#8221;. 2008 &#8211; 2011<\/p><p><strong>CTAGRO \/ Edital MCT\/CNPq\/CT-Agro\/MAPA-SDC n\u00ba 40\/2008<\/strong> &#8211; &#8220;Determina\u00e7\u00e3o de res\u00edduos de drogas veterin\u00e1rias e de agrot\u00f3xicos em leite e carne bovinos, visando o incremento da qualidade e competitividade das cadeias produtivas destes alimentos&#8221;. 2008 &#8211; 2011<\/p><p><strong>MCT\/CNPq\/CT-Agro\/CT-Hidro\/MAPA-SDC-SPAE n\u00ba 44\/2008<\/strong> &#8211; &#8220;Avalia\u00e7\u00e3o da dissipa\u00e7\u00e3o de res\u00edduos de agrot\u00f3xicos no meio-ambiente como indicador do grau de degrada\u00e7\u00e3o causado pelas lavouras intensivas de arroz irrigado&#8221;. 2008 &#8211; 2011<\/p><p><strong>MCT\/CNPq\/CT-Agroneg\u00f3cio\/MDA n\u00ba 23\/2008<\/strong> &#8211; O jovem como multiplicador das boas pr\u00e1ticas agr\u00edcolas na zona rural do munic\u00edpio de Agudo-RS&#8221;. 2008 &#8211; 2010<\/p><p><strong>MCT\/CNPq\/CT-HIDRO 01\/2003<\/strong> &#8211; &#8220;Manejo e monitoramento dos recursos h\u00eddricos visando a sustentabilidade e o uso integrado da \u00e1gua em lavouras de arroz irrigado&#8221;. 2004 &#8211; 2007<\/p><p><strong>MCT\/CNPq\/CT-HIDRO SEAP 35\/2007<\/strong> &#8211; \u201cImpactos de agroqu\u00edmicos nos recursos h\u00eddricos e organismos n\u00e3o-alvo e alternativas para mitigar seus efeitos e reduzir o consumo de \u00e1gua na lavoura de arroz irrigado\u201d. 2007-2009<\/p><p><strong>CNPq\/Universal<\/strong> &#8211; \u201cDesenvolvimento de um m\u00e9todo multirres\u00edduo para a determina\u00e7\u00e3o de pesticidas em soja e arroz empregando clean up por GPC de alta efici\u00eancia e GC-MS (modo SIM) e GC-MS\/MS\u201d. 2007-2009<\/p><p><strong>FINEP<\/strong> &#8211; Estrutura\u00e7\u00e3o de uma R<strong>ede de Laborat\u00f3rios de An\u00e1lise de Res\u00edduos de Agrot\u00f3xicos para apoio a Exporta\u00e7\u00e3o de Alimentos (REAGROEX)<\/strong>. Capacita\u00e7\u00e3o de laborat\u00f3rios nacionais &#8211; INCQS-FIOCRUZ\/RJ, ITEP\/PE, UNB\/DF e UFSM\/RS. 2005-2007<\/p><p><strong>Rede EUROLANTRAP<\/strong> (EUROpean\/Latin American Network on Training Academics in Residue Analysis of Pesticides), financiado pela Comunidade Europ\u00e9ia ALFA II B (EU) AML\/B7-311\/97\/0666\/II0461-FA-FCD-FI).<\/p><p><strong>MCT\/CNPq\/CT-HIDRO 01\/2003<\/strong> &#8211; \u201cManejo e monitoramento dos recursos h\u00eddricos visando a sustentabilidade e o uso integrado da \u00e1gua em lavouras de arroz irrigado\u201d. 2004-2005<\/p><p><strong>CNPq\/Universal<\/strong> &#8211; \u201cInvestiga\u00e7\u00e3o da estabilidade de pesticidas em \u00e1guas de irriga\u00e7\u00e3o e da efici\u00eancia dos Processos Oxidativos Avan\u00e7ados na degrada\u00e7\u00e3o destes\u201d. 2003-2005<\/p><\/div>\n\t\t\t\t<\/div>\n\t\t\t\t\t\t\t<div class=\"elementor-toggle-item\">\n\t\t\t\t\t<div id=\"elementor-tab-title-4292\" class=\"elementor-tab-title\" data-tab=\"2\" role=\"button\" aria-controls=\"elementor-tab-content-4292\" aria-expanded=\"false\">\n\t\t\t\t\t\t\t\t\t\t\t\t<span class=\"elementor-toggle-icon elementor-toggle-icon-left\" aria-hidden=\"true\">\n\t\t\t\t\t\t\t\t\t\t\t\t\t\t\t<span class=\"elementor-toggle-icon-closed\"><i class=\"fas fa-caret-right\"><\/i><\/span>\n\t\t\t\t\t\t\t\t<span class=\"elementor-toggle-icon-opened\"><i class=\"elementor-toggle-icon-opened fas fa-caret-up\"><\/i><\/span>\n\t\t\t\t\t\t\t\t\t\t\t\t\t<\/span>\n\t\t\t\t\t\t\t\t\t\t\t\t<a class=\"elementor-toggle-title\" tabindex=\"0\">Projetos CT-HIDRO<\/a>\n\t\t\t\t\t<\/div>\n\n\t\t\t\t\t<div id=\"elementor-tab-content-4292\" class=\"elementor-tab-content elementor-clearfix\" data-tab=\"2\" role=\"region\" aria-labelledby=\"elementor-tab-title-4292\"><div align=\"justify\"><p><strong><a href=\"http:\/\/www.ufsm.br\/larp\/media\/cthidro_35_2007_completo.pdf\" target=\"_blank\" rel=\"noopener\">Relat\u00f3rio Final do Projeto:<\/a><\/strong>\u00a0<strong>Impactos de agroqu\u00edmicos nos recursos h\u00eddricos e organismos n\u00e3o-alvo e alternativas para mitigar seus efeitos e reduzir o consumo de \u00e1gua na lavoura de arroz irrigado\u00a0<br \/><\/strong>Processo: 552546\/2007-0<br \/>Coordenador: Prof. Dr. Renato Zanella<br \/>Per\u00edodo: 11\/2007 a 10\/2009<\/p><p><strong><a href=\"http:\/\/www.ufsm.br\/larp\/media\/cthidro_rr.pdf\" target=\"_blank\" rel=\"noopener\">Desenvolvimento de processos de biodegrada\u00e7\u00e3o visando minimizar o impacto ambiental e viabilizar a reutiliza\u00e7\u00e3o da \u00e1gua do cultivo de arroz irrigado<\/a><\/strong><br \/>Processo: 142577\/2004-9<br \/>Coordenador: Prof. Dr. Renato Zanella<br \/>Per\u00edodo: 03\/2005 a 02\/2009<\/p><p><a href=\"http:\/\/www.ufsm.br\/larp\/media\/cthidro_01_2003.pdf\" target=\"_blank\" rel=\"noopener\"><strong>Manejo e monitoramento dos recursos h\u00eddricos visando a sustentabilidade e o uso integrado da \u00e1gua em lavouras de arroz irrigado<\/strong><\/a><br \/>Processo: 503604\/2003-8<br \/>Coordenador: Prof. Dr. Enio Marchesan<br \/>Vice-coordenador: Prof. Dr. Renato Zanella<br \/>Per\u00edodo: 01\/2004 a 12\/2005\u00a0<\/p><\/div><\/div>\n\t\t\t\t<\/div>\n\t\t\t\t\t\t\t<div class=\"elementor-toggle-item\">\n\t\t\t\t\t<div id=\"elementor-tab-title-4293\" class=\"elementor-tab-title\" data-tab=\"3\" role=\"button\" aria-controls=\"elementor-tab-content-4293\" aria-expanded=\"false\">\n\t\t\t\t\t\t\t\t\t\t\t\t<span class=\"elementor-toggle-icon elementor-toggle-icon-left\" aria-hidden=\"true\">\n\t\t\t\t\t\t\t\t\t\t\t\t\t\t\t<span class=\"elementor-toggle-icon-closed\"><i class=\"fas fa-caret-right\"><\/i><\/span>\n\t\t\t\t\t\t\t\t<span class=\"elementor-toggle-icon-opened\"><i class=\"elementor-toggle-icon-opened fas fa-caret-up\"><\/i><\/span>\n\t\t\t\t\t\t\t\t\t\t\t\t\t<\/span>\n\t\t\t\t\t\t\t\t\t\t\t\t<a class=\"elementor-toggle-title\" tabindex=\"0\">Projeto Coopera\u00e7\u00e3o<\/a>\n\t\t\t\t\t<\/div>\n\n\t\t\t\t\t<div id=\"elementor-tab-content-4293\" class=\"elementor-tab-content elementor-clearfix\" data-tab=\"3\" role=\"region\" aria-labelledby=\"elementor-tab-title-4293\"><table border=\"0\" width=\"580\" cellspacing=\"0\" cellpadding=\"0\"><tbody><tr><td valign=\"top\"><p><strong>Curr\u00edculos da Equipe Espanhola:<br \/><\/strong><br \/><a href=\"http:\/\/www.ufsm.br\/larp\/media\/agf.pdf\" target=\"_blank\" rel=\"noopener\">Profa. Dra. Antonia Garrido Frenich<\/a><br \/><a href=\"http:\/\/www.ufsm.br\/larp\/media\/jlmv.pdf\" target=\"_blank\" rel=\"noopener\">Prof. Dr. Jos\u00e9 Luis Mart\u00ednez Vidal<\/a><br \/><a href=\"http:\/\/www.ufsm.br\/larp\/media\/rrg.pdf\" target=\"_blank\" rel=\"noopener\">Dr. Roberto Romero Gonz\u00e1lez<\/a><br \/><a href=\"http:\/\/www.ufsm.br\/larp\/media\/ppb.pdf\" target=\"_blank\" rel=\"noopener\">Dra. Patricia Plaza Bola\u00f1os<\/a><br \/><a href=\"http:\/\/www.ufsm.br\/larp\/media\/mmal.pdf\" target=\"_blank\" rel=\"noopener\">Doutoranda Mar\u00eda del Mar Aguilera Luiz<\/a><br \/><a href=\"http:\/\/www.ufsm.br\/larp\/media\/mlgp.pdf\" target=\"_blank\" rel=\"noopener\">Doutoranda Mar\u00eda Luz G\u00f3mez P\u00e9rez<\/a><\/p><\/td><\/tr><\/tbody><\/table><\/div>\n\t\t\t\t<\/div>\n\t\t\t\t\t\t\t<div class=\"elementor-toggle-item\">\n\t\t\t\t\t<div id=\"elementor-tab-title-4294\" class=\"elementor-tab-title\" data-tab=\"4\" role=\"button\" aria-controls=\"elementor-tab-content-4294\" aria-expanded=\"false\">\n\t\t\t\t\t\t\t\t\t\t\t\t<span class=\"elementor-toggle-icon elementor-toggle-icon-left\" aria-hidden=\"true\">\n\t\t\t\t\t\t\t\t\t\t\t\t\t\t\t<span class=\"elementor-toggle-icon-closed\"><i class=\"fas fa-caret-right\"><\/i><\/span>\n\t\t\t\t\t\t\t\t<span class=\"elementor-toggle-icon-opened\"><i class=\"elementor-toggle-icon-opened fas fa-caret-up\"><\/i><\/span>\n\t\t\t\t\t\t\t\t\t\t\t\t\t<\/span>\n\t\t\t\t\t\t\t\t\t\t\t\t<a class=\"elementor-toggle-title\" tabindex=\"0\">SIBRATEC<\/a>\n\t\t\t\t\t<\/div>\n\n\t\t\t\t\t<div id=\"elementor-tab-content-4294\" class=\"elementor-tab-content elementor-clearfix\" data-tab=\"4\" role=\"region\" aria-labelledby=\"elementor-tab-title-4294\"><p><img decoding=\"async\" class=\"aligncenter wp-image-80\" src=\"https:\/\/www.ufsm.br\/laboratorios\/larp\/wp-content\/uploads\/sites\/635\/2019\/06\/1a665830.jpg\" alt=\"\" width=\"193\" height=\"45\" \/><\/p><p><strong>Redes de Servi\u00e7os Tecnol\u00f3gicos<\/strong><\/p><p>2008 &#8211; 2014 Rede de Laborat\u00f3rios de Res\u00edduos e Contaminantes\u00a0<br \/>Institu\u00edda pela Portaria Interministerial MAPA\/MCT n\u00ba 902, de 22.09.2008.<br \/>Objetiva apoiar a capacita\u00e7\u00e3o de laborat\u00f3rios de ensaio e an\u00e1lise de res\u00edduos e contaminantes em produtos de origem vegetal e animal, destinados a consumo e processamento contribuindo para a estrutura\u00e7\u00e3o priorit\u00e1ria do Plano Nacional de Controle de Res\u00edduos e Contaminantes (PNCRC) e outros planos e programas oficiais, de forma a ampliar a oferta de\u00a0servi\u00e7os\u00a0e\u00a0pessoal capacitado na \u00e1rea de res\u00edduos e contaminantese atendendo \u00e0s normas internacionais. Integrantes: Renato Zanella &#8211; Coordenador (LARP\/UFSM), Martha Bohrer Adaime, Osmar Damian Prestes.<br \/>Financiador: FINEP<\/p><p><strong>2010 &#8211; 2013\u00a0 Rede Nacional de An\u00e1lises de Alimentos RENALI\u00a0<br \/><\/strong>Selecionada na Chamada P\u00fablica MCT\/FINEP &#8211; A\u00e7\u00e3o Transversal &#8211; Servi\u00e7os Tecnol\u00f3gicos &#8211; SIBRATEC &#8211; 01\/2008.<br \/>A rede \u00e9 composta por 15 institui\u00e7\u00f5es, 30 laborat\u00f3rio.\u00a0O N\u00facleo de Coordena\u00e7\u00e3o da RENALI-SIBRATEC possui um representante da regi\u00e3o Nordeste (LACEN-PE), um da regi\u00e3o Sudeste (IAL-SP), e representantes da regi\u00e3o Sul (CIENTEC, UFSM\/LARP e SENAI-SC).\u00a0A gest\u00e3o da rede \u00e9 realizada pela Funda\u00e7\u00e3o de Ci\u00eancia e Tecnologia (CIENTEC), em Porto Alegre &#8211; RS. O objetivo principal \u00e9 apoiar as Micro, Pequenas e M\u00e9dias empresas\u00a0no atendimento \u00e0s demandas de presta\u00e7\u00e3o de servi\u00e7o de metrologia, normaliza\u00e7\u00e3o e avalia\u00e7\u00e3o de conformidade, visando a supera\u00e7\u00e3o de exig\u00eancias t\u00e9cnicas para o acesso aos diferentes mercados, a prote\u00e7\u00e3o a sa\u00fade, assim como para atender demandas estrat\u00e9gicas para o desenvolvimento do pa\u00eds.<br \/>Integrantes: Martha Adaime, Renato Zanella, Eliane Maria Manara Rossoni &#8211; Coordenador, Ingrid Boesche Tomazelli, Deise Aparecida Pinatti Marsiglia, L\u00facia Roberta Filizola.<br \/>Financiador:\u00a0 FINEP\/SIBRATEC.\u00a0\u00a0<\/p><\/div>\n\t\t\t\t<\/div>\n\t\t\t\t\t\t\t\t<\/div>\n\t\t\t\t<\/div>\n\t\t\t\t<\/div>\n\t\t\t\t\t<\/div>\n\t\t<\/div>\n\t\t\t\t\t<\/div>\n\t\t<\/section>\n\t\t\t\t<\/div>\n\t\t","protected":false},"excerpt":{"rendered":"<p>Projetos do LARP FAPERGS \u2013 Desenvolvimento e valida\u00e7\u00e3o de novos m\u00e9todos para determina\u00e7\u00e3o multirres\u00edduo de agrot\u00f3xicos em arroz e monitoramento destes no Estado do rio Grande do Sul 2011 \u2013 2013 FINEP \u2013 Rede de Laborat\u00f3rios de Res\u00edduos e Contaminantes \u2013 Sistema Brasileiro de Tecnologia (SIBRATEC) 2008 \u2013 2014 FINEP \u2013 Estrutura\u00e7\u00e3o da Rede Nacional [&hellip;]<\/p>\n","protected":false},"author":25,"featured_media":0,"parent":0,"menu_order":0,"comment_status":"closed","ping_status":"closed","template":"","meta":{"footnotes":""},"categories":[],"tags":[],"class_list":["post-32","page","type-page","status-publish","hentry"],"acf":[],"_links":{"self":[{"href":"https:\/\/www.ufsm.br\/laboratorios\/larp\/wp-json\/wp\/v2\/pages\/32","targetHints":{"allow":["GET"]}}],"collection":[{"href":"https:\/\/www.ufsm.br\/laboratorios\/larp\/wp-json\/wp\/v2\/pages"}],"about":[{"href":"https:\/\/www.ufsm.br\/laboratorios\/larp\/wp-json\/wp\/v2\/types\/page"}],"author":[{"embeddable":true,"href":"https:\/\/www.ufsm.br\/laboratorios\/larp\/wp-json\/wp\/v2\/users\/25"}],"replies":[{"embeddable":true,"href":"https:\/\/www.ufsm.br\/laboratorios\/larp\/wp-json\/wp\/v2\/comments?post=32"}],"version-history":[{"count":0,"href":"https:\/\/www.ufsm.br\/laboratorios\/larp\/wp-json\/wp\/v2\/pages\/32\/revisions"}],"wp:attachment":[{"href":"https:\/\/www.ufsm.br\/laboratorios\/larp\/wp-json\/wp\/v2\/media?parent=32"}],"wp:term":[{"taxonomy":"category","embeddable":true,"href":"https:\/\/www.ufsm.br\/laboratorios\/larp\/wp-json\/wp\/v2\/categories?post=32"},{"taxonomy":"post_tag","embeddable":true,"href":"https:\/\/www.ufsm.br\/laboratorios\/larp\/wp-json\/wp\/v2\/tags?post=32"}],"curies":[{"name":"wp","href":"https:\/\/api.w.org\/{rel}","templated":true}]}}