{"id":5,"date":"2018-01-18T08:39:17","date_gmt":"2018-01-18T10:39:17","guid":{"rendered":"http:\/\/wp.ufsm.br\/grupo-de-pesquisa-lasac\/?page_id=5"},"modified":"2025-06-02T17:02:03","modified_gmt":"2025-06-02T20:02:03","slug":"pagina-inicial","status":"publish","type":"page","link":"https:\/\/www.ufsm.br\/laboratorios\/lasac\/","title":{"rendered":"P\u00e1gina Inicial"},"content":{"rendered":"\t\t<div data-elementor-type=\"wp-post\" data-elementor-id=\"5\" class=\"elementor elementor-5\">\n\t\t\t\t\t\t<section class=\"elementor-section elementor-top-section elementor-element elementor-element-eb4af88 elementor-section-boxed elementor-section-height-default elementor-section-height-default\" data-id=\"eb4af88\" data-element_type=\"section\">\n\t\t\t\t\t\t<div class=\"elementor-container elementor-column-gap-default\">\n\t\t\t\t\t<div class=\"elementor-column elementor-col-100 elementor-top-column elementor-element elementor-element-a50dab6\" data-id=\"a50dab6\" data-element_type=\"column\">\n\t\t\t<div class=\"elementor-widget-wrap elementor-element-populated\">\n\t\t\t\t\t\t<div class=\"elementor-element elementor-element-b25c33f elementor-widget elementor-widget-wp-widget-ufsm_noticias_widget\" data-id=\"b25c33f\" data-element_type=\"widget\" data-widget_type=\"wp-widget-ufsm_noticias_widget.default\">\n\t\t\t\t<div class=\"elementor-widget-container\">\n\t\t\t<div id='ufsm-carousel-1777368842-137079083' class='carousel slide carousel-ufsm' data-bs-ride='carousel' aria-hidden='true'>\n    <div class='carousel-inner'>\n                    \n\n            <div class='carousel-item active' data-bs-interval='4000'>\n                                    <!-- Slider Image -->\n                    <img class='w-100'  style='max-height:250px; object-fit:cover;' alt=\"\" srcset=\"https:\/\/www.ufsm.br\/app\/uploads\/sites\/57\/2019\/08\/placeholder-300x200.jpg 300w, https:\/\/www.ufsm.br\/app\/uploads\/sites\/57\/2019\/08\/placeholder-768x512.jpg 768w, https:\/\/www.ufsm.br\/app\/uploads\/sites\/57\/2019\/08\/placeholder-1024x683.jpg 1024w, https:\/\/www.ufsm.br\/app\/uploads\/sites\/57\/2019\/08\/placeholder-272x182.jpg 272w, https:\/\/www.ufsm.br\/app\/uploads\/sites\/57\/2019\/08\/placeholder.jpg 1590w\">\n                \n                \n                                                            <\/div>\n                    <!-- Exibi Indicadores -->\n            <\/div>\n<\/div>\n<!-- Acessibilidade, apenas leitor de tela -->\n<ul class='visually-hidden'>\n    <li><a href='https:\/\/www.ufsm.br\/laboratorios\/lasac\/2000\/08\/16\/banner1'>Banner1<\/a><\/li><\/ul>\n\t\t<\/div>\n\t\t\t\t<\/div>\n\t\t\t\t\t<\/div>\n\t\t<\/div>\n\t\t\t\t\t<\/div>\n\t\t<\/section>\n\t\t\t\t<section class=\"elementor-section elementor-top-section elementor-element elementor-element-6390f28 elementor-section-boxed elementor-section-height-default elementor-section-height-default\" data-id=\"6390f28\" data-element_type=\"section\">\n\t\t\t\t\t\t<div class=\"elementor-container elementor-column-gap-default\">\n\t\t\t\t\t<div class=\"elementor-column elementor-col-100 elementor-top-column elementor-element elementor-element-470e2db\" data-id=\"470e2db\" data-element_type=\"column\">\n\t\t\t<div class=\"elementor-widget-wrap elementor-element-populated\">\n\t\t\t\t\t\t<div class=\"elementor-element elementor-element-235bfa0 elementor-widget elementor-widget-heading\" data-id=\"235bfa0\" data-element_type=\"widget\" data-widget_type=\"heading.default\">\n\t\t\t\t<div class=\"elementor-widget-container\">\n\t\t\t<h5 class=\"elementor-heading-title elementor-size-default\">Apresenta\u00e7\u00e3o<\/h5>\t\t<\/div>\n\t\t\t\t<\/div>\n\t\t\t\t<div class=\"elementor-element elementor-element-b640abe elementor-widget elementor-widget-text-editor\" data-id=\"b640abe\" data-element_type=\"widget\" data-widget_type=\"text-editor.default\">\n\t\t\t\t<div class=\"elementor-widget-container\">\n\t\t\t\t\t\t\t<p>O Curso de Arquitetura e Urbanismo da Universidade Federal de Santa Maria foi implantado em 1993 e, desde ent\u00e3o, tem atendido estudantes da regi\u00e3o de influ\u00eancia da UFSM. Quando da funda\u00e7\u00e3o do curso, foi institu\u00eddo o Laborat\u00f3rio de Conforto Ambiental, conforme recomenda\u00e7\u00f5es do Minist\u00e9rio da Educa\u00e7\u00e3o. Desde l\u00e1, o laborat\u00f3rio tem se desenvolvido e se adaptado \u00e0s novas demandas acad\u00eamicas e sociais as quais se destina.<\/p><p class=\"MsoNormal\" style=\"text-align: justify\"><span style=\"font-size: 12.0pt;line-height: 107%\">O Laborat\u00f3rio de Sustentabilidade no Ambiente Constru\u00eddo (LASAC), vinculado ao Curso de Arquitetura e Urbanismo e aos programas de p\u00f3s-gradua\u00e7\u00e3o em Engenharia Civil e Arquitetura, Urbanismo e Paisagismo da UFSM, destina-se a desenvolver projetos de ensino, pesquisa e extens\u00e3o.<\/span><\/p><p class=\"MsoNormal\" style=\"text-align: justify\"><span style=\"font-size: 12.0pt;line-height: 107%\">No \u00e2mbito do ensino de gradua\u00e7\u00e3o e p\u00f3s-gradua\u00e7\u00e3o, conta com infraestrutura para o desenvolvimento de aulas pr\u00e1ticas. Possui equipamentos para medi\u00e7\u00f5es, como term\u00f4metro psicrom\u00e9trico, term\u00f4metro de globo, termoanem\u00f4metros digitais e lux\u00edmetros. Conta tamb\u00e9m com um heliodon que permite a simula\u00e7\u00e3o de trajet\u00f3rias solares aparentes para a latitude de Santa Maria, RS. Al\u00e9m disso, possui infraestrutura computacional para simula\u00e7\u00f5es expeditas com programas livres e voltados ao ensino na \u00e1rea de conforto ambiental, efici\u00eancia energ\u00e9tica e desempenho t\u00e9rmico e lumin\u00ednico de edifica\u00e7\u00f5es.<\/span><\/p><p class=\"MsoNormal\" style=\"text-align: justify\"><span style=\"font-size: 12.0pt;line-height: 107%\">No \u00e2mbito da extens\u00e3o e pesquisa, possui programas computacionais para modelagem digital, como AutoCad e o Sketchup, para avalia\u00e7\u00e3o de desempenho t\u00e9rmico, lum\u00ednico e ac\u00fastico, como os programas EnergyPlus, Design Builder, EnviMet, Dialux e Relux. Tamb\u00e9m possui equipamentos de alta acuracidade como medidores dataloggers para temperatura e umidade do ar, lux\u00edmetros digitais, medidor e analisador de press\u00e3o sonora.<\/span><\/p><p class=\"MsoNormal\" style=\"text-align: justify\"><span style=\"font-size: 12.0pt;line-height: 107%\">O laborat\u00f3rio est\u00e1 equipado para prestar consultorias na \u00e1rea de desempenho t\u00e9rmico e lum\u00ednico de edifica\u00e7\u00f5es, conforme orienta\u00e7\u00f5es das normas brasileiras, como a NBR 15575, a NBR 15220 e a NBR 15215, tanto na fase de projeto, quanto p\u00f3s-ocupa\u00e7\u00e3o. Tamb\u00e9m conta com recursos para avalia\u00e7\u00e3o da efici\u00eancia energ\u00e9tica tanto de projetos arquitet\u00f4nicos, quanto de edifica\u00e7\u00f5es existentes, buscando atender os regulamentos nacionais de qualidade de efici\u00eancia energ\u00e9tica de edifica\u00e7\u00f5es comerciais, de servi\u00e7os, p\u00fablicas e residenciais. As avalia\u00e7\u00f5es podem tanto ser feitas atrav\u00e9s de medi\u00e7\u00f5es in situ, usando aparelhos condizentes com as especifica\u00e7\u00f5es das normas brasileiras, quanto por simula\u00e7\u00e3o, por meio de programas computacionais em concord\u00e2ncia com as recomenda\u00e7\u00f5es normativas.<\/span><\/p><p>\u00a0<\/p><p class=\"MsoNormal\" style=\"text-align: justify\"><span style=\"font-size: 12.0pt;line-height: 107%\">Os recursos humanos contam com professores arquitetos e urbanistas, engenheiros civis, alunos de p\u00f3s-gradua\u00e7\u00e3o em n\u00edvel de mestrado e doutorado e alunos de inicia\u00e7\u00e3o cient\u00edfica.<\/span><\/p>\t\t\t\t\t\t<\/div>\n\t\t\t\t<\/div>\n\t\t\t\t\t<\/div>\n\t\t<\/div>\n\t\t\t\t\t<\/div>\n\t\t<\/section>\n\t\t\t\t<section class=\"elementor-section elementor-top-section elementor-element elementor-element-d63ab31 elementor-section-boxed elementor-section-height-default elementor-section-height-default\" data-id=\"d63ab31\" data-element_type=\"section\">\n\t\t\t\t\t\t<div class=\"elementor-container elementor-column-gap-default\">\n\t\t\t\t\t<div class=\"elementor-column elementor-col-100 elementor-top-column elementor-element elementor-element-e80d6af\" data-id=\"e80d6af\" data-element_type=\"column\">\n\t\t\t<div class=\"elementor-widget-wrap elementor-element-populated\">\n\t\t\t\t\t\t<div class=\"elementor-element elementor-element-debbac6 elementor-widget elementor-widget-wp-widget-ufsm_utilidades\" data-id=\"debbac6\" data-element_type=\"widget\" data-widget_type=\"wp-widget-ufsm_utilidades.default\">\n\t\t\t\t<div class=\"elementor-widget-container\">\n\t\t\t\t\t<h5 class=\"card-title titulo-conteudos\">Utilidades<\/h5>\n\t\t\t\t\n\t\t<div class=\"row d-flex justify-content-around\">\n\t\t\t\t\t<\/div>\n\t\t\t\t<\/div>\n\t\t\t\t<\/div>\n\t\t\t\t\t<\/div>\n\t\t<\/div>\n\t\t\t\t\t<\/div>\n\t\t<\/section>\n\t\t\t\t<section class=\"elementor-section elementor-top-section elementor-element elementor-element-ed57c3d elementor-section-boxed elementor-section-height-default elementor-section-height-default\" data-id=\"ed57c3d\" data-element_type=\"section\">\n\t\t\t\t\t\t<div class=\"elementor-container elementor-column-gap-default\">\n\t\t\t\t\t<div class=\"elementor-column elementor-col-20 elementor-top-column elementor-element elementor-element-4d4c518\" data-id=\"4d4c518\" data-element_type=\"column\">\n\t\t\t<div class=\"elementor-widget-wrap elementor-element-populated\">\n\t\t\t\t\t\t<div class=\"elementor-element elementor-element-01a82ea elementor-view-default elementor-widget elementor-widget-icon\" data-id=\"01a82ea\" data-element_type=\"widget\" data-widget_type=\"icon.default\">\n\t\t\t\t<div class=\"elementor-widget-container\">\n\t\t\t\t\t<div class=\"elementor-icon-wrapper\">\n\t\t\t<a class=\"elementor-icon\" href=\"https:\/\/www.instagram.com\/gomos.lasac\/?hl=pt-br\">\n\t\t\t<i aria-hidden=\"true\" class=\"fab fa-instagram\"><\/i>\t\t\t<\/a>\n\t\t<\/div>\n\t\t\t\t<\/div>\n\t\t\t\t<\/div>\n\t\t\t\t<div class=\"elementor-element elementor-element-2ef78cd elementor-widget elementor-widget-heading\" data-id=\"2ef78cd\" data-element_type=\"widget\" data-widget_type=\"heading.default\">\n\t\t\t\t<div class=\"elementor-widget-container\">\n\t\t\t<h2 class=\"elementor-heading-title elementor-size-default\">Instagram<\/h2>\t\t<\/div>\n\t\t\t\t<\/div>\n\t\t\t\t\t<\/div>\n\t\t<\/div>\n\t\t\t\t<div class=\"elementor-column elementor-col-20 elementor-top-column elementor-element elementor-element-913bc86\" data-id=\"913bc86\" data-element_type=\"column\">\n\t\t\t<div class=\"elementor-widget-wrap elementor-element-populated\">\n\t\t\t\t\t\t<div class=\"elementor-element elementor-element-963bbd5 elementor-view-default elementor-position-top elementor-mobile-position-top elementor-widget elementor-widget-icon-box\" data-id=\"963bbd5\" data-element_type=\"widget\" data-widget_type=\"icon-box.default\">\n\t\t\t\t<div class=\"elementor-widget-container\">\n\t\t\t\t\t<div class=\"elementor-icon-box-wrapper\">\n\n\t\t\t\t\t\t<div class=\"elementor-icon-box-icon\">\n\t\t\t\t<a href=\"https:\/\/www.ufsm.br\/laboratorios\/lasac\/projetos\/equipe\/\" class=\"elementor-icon elementor-animation-\" tabindex=\"-1\">\n\t\t\t\t<i aria-hidden=\"true\" class=\"fas fa-users\"><\/i>\t\t\t\t<\/a>\n\t\t\t<\/div>\n\t\t\t\n\t\t\t\t\t\t<div class=\"elementor-icon-box-content\">\n\n\t\t\t\t\t\t\t\t\t<div class=\"elementor-icon-box-title\">\n\t\t\t\t\t\t<a href=\"https:\/\/www.ufsm.br\/laboratorios\/lasac\/projetos\/equipe\/\" >\n\t\t\t\t\t\t\tEquipe\t\t\t\t\t\t<\/a>\n\t\t\t\t\t<\/div>\n\t\t\t\t\n\t\t\t\t\n\t\t\t<\/div>\n\t\t\t\n\t\t<\/div>\n\t\t\t\t<\/div>\n\t\t\t\t<\/div>\n\t\t\t\t\t<\/div>\n\t\t<\/div>\n\t\t\t\t<div class=\"elementor-column elementor-col-20 elementor-top-column elementor-element elementor-element-0c7d82e\" data-id=\"0c7d82e\" data-element_type=\"column\">\n\t\t\t<div class=\"elementor-widget-wrap elementor-element-populated\">\n\t\t\t\t\t\t<div class=\"elementor-element elementor-element-385dc0b elementor-view-default elementor-position-top elementor-mobile-position-top elementor-widget elementor-widget-icon-box\" data-id=\"385dc0b\" data-element_type=\"widget\" data-widget_type=\"icon-box.default\">\n\t\t\t\t<div class=\"elementor-widget-container\">\n\t\t\t\t\t<div class=\"elementor-icon-box-wrapper\">\n\n\t\t\t\t\t\t<div class=\"elementor-icon-box-icon\">\n\t\t\t\t<a href=\"https:\/\/www.ufsm.br\/laboratorios\/lasac\/producao-cientifica\/\" class=\"elementor-icon elementor-animation-\" tabindex=\"-1\">\n\t\t\t\t<i aria-hidden=\"true\" class=\"fas fa-quote-right\"><\/i>\t\t\t\t<\/a>\n\t\t\t<\/div>\n\t\t\t\n\t\t\t\t\t\t<div class=\"elementor-icon-box-content\">\n\n\t\t\t\t\t\t\t\t\t<div class=\"elementor-icon-box-title\">\n\t\t\t\t\t\t<a href=\"https:\/\/www.ufsm.br\/laboratorios\/lasac\/producao-cientifica\/\" >\n\t\t\t\t\t\t\tProdu\u00e7\u00e3o Cient\u00edfica\t\t\t\t\t\t<\/a>\n\t\t\t\t\t<\/div>\n\t\t\t\t\n\t\t\t\t\n\t\t\t<\/div>\n\t\t\t\n\t\t<\/div>\n\t\t\t\t<\/div>\n\t\t\t\t<\/div>\n\t\t\t\t\t<\/div>\n\t\t<\/div>\n\t\t\t\t<div class=\"elementor-column elementor-col-20 elementor-top-column elementor-element elementor-element-cf9eaea\" data-id=\"cf9eaea\" data-element_type=\"column\">\n\t\t\t<div class=\"elementor-widget-wrap elementor-element-populated\">\n\t\t\t\t\t\t<div class=\"elementor-element elementor-element-6ca1714 elementor-view-default elementor-position-top elementor-mobile-position-top elementor-widget elementor-widget-icon-box\" data-id=\"6ca1714\" data-element_type=\"widget\" data-widget_type=\"icon-box.default\">\n\t\t\t\t<div class=\"elementor-widget-container\">\n\t\t\t\t\t<div class=\"elementor-icon-box-wrapper\">\n\n\t\t\t\t\t\t<div class=\"elementor-icon-box-icon\">\n\t\t\t\t<a href=\"https:\/\/www.ufsm.br\/laboratorios\/lasac\/projetos\/\" class=\"elementor-icon elementor-animation-\" tabindex=\"-1\">\n\t\t\t\t<i aria-hidden=\"true\" class=\"fas fa-thumbtack\"><\/i>\t\t\t\t<\/a>\n\t\t\t<\/div>\n\t\t\t\n\t\t\t\t\t\t<div class=\"elementor-icon-box-content\">\n\n\t\t\t\t\t\t\t\t\t<div class=\"elementor-icon-box-title\">\n\t\t\t\t\t\t<a href=\"https:\/\/www.ufsm.br\/laboratorios\/lasac\/projetos\/\" >\n\t\t\t\t\t\t\tProjetos\t\t\t\t\t\t<\/a>\n\t\t\t\t\t<\/div>\n\t\t\t\t\n\t\t\t\t\n\t\t\t<\/div>\n\t\t\t\n\t\t<\/div>\n\t\t\t\t<\/div>\n\t\t\t\t<\/div>\n\t\t\t\t\t<\/div>\n\t\t<\/div>\n\t\t\t\t<div class=\"elementor-column elementor-col-20 elementor-top-column elementor-element elementor-element-f5dce46\" data-id=\"f5dce46\" data-element_type=\"column\">\n\t\t\t<div class=\"elementor-widget-wrap elementor-element-populated\">\n\t\t\t\t\t\t<div class=\"elementor-element elementor-element-62241de elementor-view-default elementor-position-top elementor-mobile-position-top elementor-widget elementor-widget-icon-box\" data-id=\"62241de\" data-element_type=\"widget\" data-settings=\"{&quot;_animation&quot;:&quot;none&quot;}\" data-widget_type=\"icon-box.default\">\n\t\t\t\t<div class=\"elementor-widget-container\">\n\t\t\t\t\t<div class=\"elementor-icon-box-wrapper\">\n\n\t\t\t\t\t\t<div class=\"elementor-icon-box-icon\">\n\t\t\t\t<a href=\"https:\/\/www.ufsm.br\/laboratorios\/lasac\/projetos\/infraestrutura\/\" class=\"elementor-icon elementor-animation-\" tabindex=\"-1\">\n\t\t\t\t<i aria-hidden=\"true\" class=\"fas fa-university\"><\/i>\t\t\t\t<\/a>\n\t\t\t<\/div>\n\t\t\t\n\t\t\t\t\t\t<div class=\"elementor-icon-box-content\">\n\n\t\t\t\t\t\t\t\t\t<div class=\"elementor-icon-box-title\">\n\t\t\t\t\t\t<a href=\"https:\/\/www.ufsm.br\/laboratorios\/lasac\/projetos\/infraestrutura\/\" >\n\t\t\t\t\t\t\tInfraestrutura\t\t\t\t\t\t<\/a>\n\t\t\t\t\t<\/div>\n\t\t\t\t\n\t\t\t\t\n\t\t\t<\/div>\n\t\t\t\n\t\t<\/div>\n\t\t\t\t<\/div>\n\t\t\t\t<\/div>\n\t\t\t\t\t<\/div>\n\t\t<\/div>\n\t\t\t\t\t<\/div>\n\t\t<\/section>\n\t\t\t\t<section class=\"elementor-section elementor-top-section elementor-element elementor-element-eb7ae02 elementor-section-boxed elementor-section-height-default elementor-section-height-default\" data-id=\"eb7ae02\" data-element_type=\"section\">\n\t\t\t\t\t\t<div class=\"elementor-container elementor-column-gap-default\">\n\t\t\t\t\t<div class=\"elementor-column elementor-col-100 elementor-top-column elementor-element elementor-element-259ddc7\" data-id=\"259ddc7\" data-element_type=\"column\">\n\t\t\t<div class=\"elementor-widget-wrap elementor-element-populated\">\n\t\t\t\t\t\t<div class=\"elementor-element elementor-element-63e1bea elementor-widget elementor-widget-text-editor\" data-id=\"63e1bea\" data-element_type=\"widget\" data-widget_type=\"text-editor.default\">\n\t\t\t\t<div class=\"elementor-widget-container\">\n\t\t\t\t\t\t\t<p>Not\u00edcias vinculadas ao Laborat\u00f3rio<\/p><p>Lan\u00e7ada cartilha do <a href=\"https:\/\/www.ufsm.br\/laboratorios\/lasac\/?page_id=148&amp;preview=true\">Projeto Gurias de Energia<\/a><\/p>\t\t\t\t\t\t<\/div>\n\t\t\t\t<\/div>\n\t\t\t\t<div class=\"elementor-element elementor-element-4fcad10 elementor-widget elementor-widget-wp-widget-ufsm_noticias_widget\" data-id=\"4fcad10\" data-element_type=\"widget\" data-widget_type=\"wp-widget-ufsm_noticias_widget.default\">\n\t\t\t\t<div class=\"elementor-widget-container\">\n\t\t\t<div class='widget-noticias-inside'>\n                        <div class=\"row\">\n                                    <div class=\"col-12 col-lg-12 pb-4\">\n                                        \n                                        \n                    \n                    <a class=\"noticias-widget-title d-block \"  title=\"Painel Bioclim\u00e1tico\" href=\"https:\/\/www.ufsm.br\/laboratorios\/lasac\/2018\/01\/24\/painel-bioclimatico\">\n                                                Painel Bioclim\u00e1tico                    <\/a>\n                    \n                    \n                                        \n                                        \n                                        <\/div>\n                            <\/div>\n                    <div class=\"row\">\n                                    <div class=\"col-12 col-lg-12 pb-4\">\n                                        \n                                        \n                    \n                    <a class=\"noticias-widget-title d-block \"  title=\"Sistematiza\u00e7\u00e3o de dados clim\u00e1ticos para o munic\u00edpio de Santa Maria e regi\u00e3o\" href=\"https:\/\/www.ufsm.br\/laboratorios\/lasac\/2018\/01\/24\/sistematizacao-de-dados-climaticos-para-o-municipio-de-santa-maria-e-regiao\">\n                                                Sistematiza\u00e7\u00e3o de dados clim\u00e1ticos para o munic\u00edpio de Santa Maria e regi\u00e3o                    <\/a>\n                    \n                    \n                                        \n                                        \n                                        <\/div>\n                            <\/div>\n                    <div class=\"row\">\n                                    <div class=\"col-12 col-lg-12 pb-4\">\n                                        \n                                        \n                    \n                    <a class=\"noticias-widget-title d-block \"  title=\"Manual de projeto de brises-solei\" href=\"https:\/\/www.ufsm.br\/laboratorios\/lasac\/2018\/01\/24\/manual-de-projeto-de-brises-solei\">\n                                                Manual de projeto de brises-solei                    <\/a>\n                    \n                    \n                                        \n                                        \n                                        <\/div>\n                            <\/div>\n                    <div class=\"row\">\n                                    <div class=\"col-12 col-lg-12 pb-4\">\n                                        \n                                        \n                    \n                    <a class=\"noticias-widget-title d-block \"  title=\"Requalifica\u00e7\u00e3o do p\u00e1tio escolar da EMEF CAIC Luizinho de Grandi &#8211; Santa Maria, RS\" href=\"https:\/\/www.ufsm.br\/laboratorios\/lasac\/2018\/01\/24\/requalificacao-do-patio-escolar-da-emef-caic-luizinho-de-grandi-santa-maria-rs\">\n                                                Requalifica\u00e7\u00e3o do p\u00e1tio escolar da EMEF CAIC Luizinho de Grandi &#8211; Santa Maria, RS                    <\/a>\n                    \n                    \n                                        \n                                        \n                                        <\/div>\n                            <\/div>\n                    <div class=\"row\">\n                                    <div class=\"col-12 col-lg-12 pb-4\">\n                                        \n                                        \n                    \n                    <a class=\"noticias-widget-title d-block \"  title=\"Reestrutura\u00e7\u00e3o de depend\u00eancias do Amparo Provid\u00eancia Lar das Vovozinhas &#8211; Santa Maria &#8211; RS: Ala Psiqui\u00e1trica e ala Mal de Alzheimer\" href=\"https:\/\/www.ufsm.br\/laboratorios\/lasac\/2018\/01\/24\/reestruturacao-de-dependencias-do-amparo-providencia-lar-das-vovozinhas-santa-maria-rs-ala-psiquiatrica-e-ala-mal-de-alzheimer\">\n                                                Reestrutura\u00e7\u00e3o de depend\u00eancias do Amparo Provid\u00eancia Lar das Vovozinhas &#8211; Santa Maria &#8211; RS: Ala Psiqui\u00e1trica e ala Mal de Alzheimer                    <\/a>\n                    \n                    \n                                        \n                                        \n                                        <\/div>\n                            <\/div>\n            <\/div>\n\t\t<\/div>\n\t\t\t\t<\/div>\n\t\t\t\t\t<\/div>\n\t\t<\/div>\n\t\t\t\t\t<\/div>\n\t\t<\/section>\n\t\t\t\t<section class=\"elementor-section elementor-top-section elementor-element elementor-element-d9a562e elementor-section-boxed elementor-section-height-default elementor-section-height-default\" data-id=\"d9a562e\" data-element_type=\"section\">\n\t\t\t\t\t\t<div class=\"elementor-container elementor-column-gap-default\">\n\t\t\t\t\t<div class=\"elementor-column elementor-col-100 elementor-top-column elementor-element elementor-element-02cd458\" data-id=\"02cd458\" data-element_type=\"column\">\n\t\t\t<div class=\"elementor-widget-wrap\">\n\t\t\t\t\t\t\t<\/div>\n\t\t<\/div>\n\t\t\t\t\t<\/div>\n\t\t<\/section>\n\t\t\t\t<\/div>\n\t\t","protected":false},"excerpt":{"rendered":"<p>Apresenta\u00e7\u00e3o O Curso de Arquitetura e Urbanismo da Universidade Federal de Santa Maria foi implantado em 1993 e, desde ent\u00e3o, tem atendido estudantes da regi\u00e3o de influ\u00eancia da UFSM. Quando da funda\u00e7\u00e3o do curso, foi institu\u00eddo o Laborat\u00f3rio de Conforto Ambiental, conforme recomenda\u00e7\u00f5es do Minist\u00e9rio da Educa\u00e7\u00e3o. Desde l\u00e1, o laborat\u00f3rio tem se desenvolvido e [&hellip;]<\/p>\n","protected":false},"author":8,"featured_media":0,"parent":0,"menu_order":0,"comment_status":"closed","ping_status":"closed","template":"","meta":{"footnotes":""},"categories":[],"tags":[],"class_list":["post-5","page","type-page","status-publish","hentry"],"acf":[],"_links":{"self":[{"href":"https:\/\/www.ufsm.br\/laboratorios\/lasac\/wp-json\/wp\/v2\/pages\/5","targetHints":{"allow":["GET"]}}],"collection":[{"href":"https:\/\/www.ufsm.br\/laboratorios\/lasac\/wp-json\/wp\/v2\/pages"}],"about":[{"href":"https:\/\/www.ufsm.br\/laboratorios\/lasac\/wp-json\/wp\/v2\/types\/page"}],"author":[{"embeddable":true,"href":"https:\/\/www.ufsm.br\/laboratorios\/lasac\/wp-json\/wp\/v2\/users\/8"}],"replies":[{"embeddable":true,"href":"https:\/\/www.ufsm.br\/laboratorios\/lasac\/wp-json\/wp\/v2\/comments?post=5"}],"version-history":[{"count":0,"href":"https:\/\/www.ufsm.br\/laboratorios\/lasac\/wp-json\/wp\/v2\/pages\/5\/revisions"}],"wp:attachment":[{"href":"https:\/\/www.ufsm.br\/laboratorios\/lasac\/wp-json\/wp\/v2\/media?parent=5"}],"wp:term":[{"taxonomy":"category","embeddable":true,"href":"https:\/\/www.ufsm.br\/laboratorios\/lasac\/wp-json\/wp\/v2\/categories?post=5"},{"taxonomy":"post_tag","embeddable":true,"href":"https:\/\/www.ufsm.br\/laboratorios\/lasac\/wp-json\/wp\/v2\/tags?post=5"}],"curies":[{"name":"wp","href":"https:\/\/api.w.org\/{rel}","templated":true}]}}