{"id":50,"date":"2018-01-24T09:57:43","date_gmt":"2018-01-24T11:57:43","guid":{"rendered":"http:\/\/wp.ufsm.br\/grupos-de-pesquisa\/lasac\/?page_id=50"},"modified":"2024-07-15T15:24:55","modified_gmt":"2024-07-15T18:24:55","slug":"informacoes-gerais-2","status":"publish","type":"page","link":"https:\/\/www.ufsm.br\/laboratorios\/lasac\/informacoes-gerais-2","title":{"rendered":"Infraestrutura"},"content":{"rendered":"<div align=\"justify\"><strong>O Laborat\u00f3rio de Sustentabilidade no Ambiente Constru\u00eddo conta com os seguintes equipamentos:<\/strong><\/div>\n<div><\/div>\n<div align=\"justify\">Anem\u00f4metro Digital<\/div>\n<div align=\"justify\">Anem\u00f4metro Digital de Ventoinha<\/div>\n<div align=\"justify\">Aspiration Psychrometes<\/div>\n<div align=\"justify\">Medidor de Press\u00f5es Sonoras com Datalogger<\/div>\n<div align=\"justify\">Heliodon<\/div>\n<div align=\"justify\">Lux\u00edmetro<\/div>\n<div align=\"justify\">12 Lux\u00edmetros Digitais com Datalogger marca Instrutherm, modelo LDR225<\/div>\n<div align=\"justify\">Mult\u00edmetro Digital<\/div>\n<div align=\"justify\">Termo-Higr\u00f4metro<\/div>\n<div align=\"justify\">Term\u00f4metro de Globo Digital<\/div>\n<div align=\"justify\">Term\u00f4metro Digital Port\u00e1til<\/div>\n<div align=\"justify\">Term\u00f4metro Digital Port\u00e1til<\/div>\n","protected":false},"excerpt":{"rendered":"<p>O Laborat\u00f3rio de Sustentabilidade no Ambiente Constru\u00eddo conta com os seguintes equipamentos: Anem\u00f4metro Digital Anem\u00f4metro Digital de Ventoinha Aspiration Psychrometes Medidor de Press\u00f5es Sonoras com Datalogger Heliodon Lux\u00edmetro 12 Lux\u00edmetros Digitais com Datalogger marca Instrutherm, modelo LDR225 Mult\u00edmetro Digital Termo-Higr\u00f4metro Term\u00f4metro de Globo Digital Term\u00f4metro Digital Port\u00e1til Term\u00f4metro Digital Port\u00e1til<\/p>\n","protected":false},"author":8,"featured_media":0,"parent":0,"menu_order":0,"comment_status":"closed","ping_status":"closed","template":"","meta":{"footnotes":""},"categories":[],"tags":[],"class_list":["post-50","page","type-page","status-publish","hentry"],"acf":[],"_links":{"self":[{"href":"https:\/\/www.ufsm.br\/laboratorios\/lasac\/wp-json\/wp\/v2\/pages\/50","targetHints":{"allow":["GET"]}}],"collection":[{"href":"https:\/\/www.ufsm.br\/laboratorios\/lasac\/wp-json\/wp\/v2\/pages"}],"about":[{"href":"https:\/\/www.ufsm.br\/laboratorios\/lasac\/wp-json\/wp\/v2\/types\/page"}],"author":[{"embeddable":true,"href":"https:\/\/www.ufsm.br\/laboratorios\/lasac\/wp-json\/wp\/v2\/users\/8"}],"replies":[{"embeddable":true,"href":"https:\/\/www.ufsm.br\/laboratorios\/lasac\/wp-json\/wp\/v2\/comments?post=50"}],"version-history":[{"count":0,"href":"https:\/\/www.ufsm.br\/laboratorios\/lasac\/wp-json\/wp\/v2\/pages\/50\/revisions"}],"wp:attachment":[{"href":"https:\/\/www.ufsm.br\/laboratorios\/lasac\/wp-json\/wp\/v2\/media?parent=50"}],"wp:term":[{"taxonomy":"category","embeddable":true,"href":"https:\/\/www.ufsm.br\/laboratorios\/lasac\/wp-json\/wp\/v2\/categories?post=50"},{"taxonomy":"post_tag","embeddable":true,"href":"https:\/\/www.ufsm.br\/laboratorios\/lasac\/wp-json\/wp\/v2\/tags?post=50"}],"curies":[{"name":"wp","href":"https:\/\/api.w.org\/{rel}","templated":true}]}}