{"id":91,"date":"2018-01-24T10:44:34","date_gmt":"2018-01-24T12:44:34","guid":{"rendered":"http:\/\/wp.ufsm.br\/grupos-de-pesquisa\/lasac\/?page_id=91"},"modified":"2024-07-16T16:40:13","modified_gmt":"2024-07-16T19:40:13","slug":"contato","status":"publish","type":"page","link":"https:\/\/www.ufsm.br\/laboratorios\/lasac\/contato","title":{"rendered":"Contato"},"content":{"rendered":"\t\t<div data-elementor-type=\"wp-page\" data-elementor-id=\"91\" class=\"elementor elementor-91\">\n\t\t\t\t\t\t<section class=\"elementor-section elementor-top-section elementor-element elementor-element-eb5ca6e elementor-section-boxed elementor-section-height-default elementor-section-height-default\" data-id=\"eb5ca6e\" data-element_type=\"section\">\n\t\t\t\t\t\t<div class=\"elementor-container elementor-column-gap-default\">\n\t\t\t\t\t<div class=\"elementor-column elementor-col-100 elementor-top-column elementor-element elementor-element-3a5d1555\" data-id=\"3a5d1555\" data-element_type=\"column\">\n\t\t\t<div class=\"elementor-widget-wrap elementor-element-populated\">\n\t\t\t\t\t\t<div class=\"elementor-element elementor-element-5f7e0bac elementor-widget elementor-widget-text-editor\" data-id=\"5f7e0bac\" data-element_type=\"widget\" data-widget_type=\"text-editor.default\">\n\t\t\t\t<div class=\"elementor-widget-container\">\n\t\t\t\t\t\t\t<div align=\"left\"><span style=\"font-family: arial, helvetica, sans-serif;font-size: 12pt\"><strong>Contato:<\/strong><\/span><br \/><span style=\"font-family: arial, helvetica, sans-serif;font-size: 12pt\">Profa Giane de Campos Grigoletti<\/span><\/div><div align=\"left\">\u00a0<\/div><div align=\"left\"><span style=\"font-family: arial, helvetica, sans-serif;font-size: 12pt\"><strong>Endere\u00e7o postal:<\/strong><\/span><\/div><div align=\"left\"><span style=\"font-family: arial, helvetica, sans-serif;font-size: 12pt\">Universidade Federal de Santa Maria<\/span><\/div><div align=\"left\"><span style=\"font-family: arial, helvetica, sans-serif;font-size: 12pt\">Centro de Tecnologia<\/span><\/div><div align=\"left\"><span style=\"font-family: arial, helvetica, sans-serif;font-size: 12pt\">Laborat\u00f3rio de Sustentabilidade do Ambiente Constru\u00eddo<\/span><\/div><div align=\"left\"><span style=\"font-family: arial, helvetica, sans-serif;font-size: 12pt\">Avenida Roraima, n. 1000, Pr\u00e9dio 9F<\/span><\/div><div align=\"left\"><span style=\"color: initial;font-family: arial, helvetica, sans-serif;font-size: 12pt\">Bairro Camobi, Santa Maria, RS<\/span><\/div><div align=\"left\"><span style=\"color: initial;font-family: arial, helvetica, sans-serif;font-size: 12pt\">CEP 97.105-900<\/span><\/div><div align=\"left\"><p>\u00a0<\/p><p><span style=\"color: initial;font-family: arial, helvetica, sans-serif;font-size: 12pt\"><strong>E-mail:<\/strong> lasac@ufsm.br<\/span><\/p><\/div>\t\t\t\t\t\t<\/div>\n\t\t\t\t<\/div>\n\t\t\t\t\t<\/div>\n\t\t<\/div>\n\t\t\t\t\t<\/div>\n\t\t<\/section>\n\t\t\t\t<\/div>\n\t\t","protected":false},"excerpt":{"rendered":"<p>Contato:Profa Giane de Campos Grigoletti\u00a0Endere\u00e7o postal:Universidade Federal de Santa MariaCentro de TecnologiaLaborat\u00f3rio de Sustentabilidade do Ambiente Constru\u00eddoAvenida Roraima, n. 1000, Pr\u00e9dio 9FBairro Camobi, Santa Maria, RSCEP 97.105-900 \u00a0 E-mail: lasac@ufsm.br<\/p>\n","protected":false},"author":4076,"featured_media":0,"parent":0,"menu_order":0,"comment_status":"closed","ping_status":"closed","template":"","meta":{"footnotes":""},"categories":[],"tags":[],"class_list":["post-91","page","type-page","status-publish","hentry"],"acf":[],"_links":{"self":[{"href":"https:\/\/www.ufsm.br\/laboratorios\/lasac\/wp-json\/wp\/v2\/pages\/91","targetHints":{"allow":["GET"]}}],"collection":[{"href":"https:\/\/www.ufsm.br\/laboratorios\/lasac\/wp-json\/wp\/v2\/pages"}],"about":[{"href":"https:\/\/www.ufsm.br\/laboratorios\/lasac\/wp-json\/wp\/v2\/types\/page"}],"author":[{"embeddable":true,"href":"https:\/\/www.ufsm.br\/laboratorios\/lasac\/wp-json\/wp\/v2\/users\/4076"}],"replies":[{"embeddable":true,"href":"https:\/\/www.ufsm.br\/laboratorios\/lasac\/wp-json\/wp\/v2\/comments?post=91"}],"version-history":[{"count":0,"href":"https:\/\/www.ufsm.br\/laboratorios\/lasac\/wp-json\/wp\/v2\/pages\/91\/revisions"}],"wp:attachment":[{"href":"https:\/\/www.ufsm.br\/laboratorios\/lasac\/wp-json\/wp\/v2\/media?parent=91"}],"wp:term":[{"taxonomy":"category","embeddable":true,"href":"https:\/\/www.ufsm.br\/laboratorios\/lasac\/wp-json\/wp\/v2\/categories?post=91"},{"taxonomy":"post_tag","embeddable":true,"href":"https:\/\/www.ufsm.br\/laboratorios\/lasac\/wp-json\/wp\/v2\/tags?post=91"}],"curies":[{"name":"wp","href":"https:\/\/api.w.org\/{rel}","templated":true}]}}