{"id":216,"date":"2020-08-28T16:15:54","date_gmt":"2020-08-28T19:15:54","guid":{"rendered":"https:\/\/www.ufsm.br\/laboratorios\/lepa\/?page_id=216"},"modified":"2022-06-29T11:13:51","modified_gmt":"2022-06-29T14:13:51","slug":"acervo","status":"publish","type":"page","link":"https:\/\/www.ufsm.br\/laboratorios\/lasca\/acervo","title":{"rendered":"Acervo"},"content":{"rendered":"\t\t<div data-elementor-type=\"wp-page\" data-elementor-id=\"216\" class=\"elementor elementor-216\">\n\t\t\t\t\t\t<section class=\"elementor-section elementor-top-section elementor-element elementor-element-6fda2df elementor-section-boxed elementor-section-height-default elementor-section-height-default\" data-id=\"6fda2df\" data-element_type=\"section\">\n\t\t\t\t\t\t<div class=\"elementor-container elementor-column-gap-default\">\n\t\t\t\t\t<div class=\"elementor-column elementor-col-33 elementor-top-column elementor-element elementor-element-89af288\" data-id=\"89af288\" data-element_type=\"column\">\n\t\t\t<div class=\"elementor-widget-wrap elementor-element-populated\">\n\t\t\t\t\t\t<div class=\"elementor-element elementor-element-c2065d8 elementor-widget elementor-widget-image\" data-id=\"c2065d8\" data-element_type=\"widget\" data-widget_type=\"image.default\">\n\t\t\t\t<div class=\"elementor-widget-container\">\n\t\t\t\t\t\t\t\t\t\t\t\t\t<img decoding=\"async\" src=\"https:\/\/www.ufsm.br\/app\/uploads\/sites\/661\/2022\/06\/7.png\" title=\"\" alt=\"\" loading=\"lazy\" \/>\t\t\t\t\t\t\t\t\t\t\t\t\t<\/div>\n\t\t\t\t<\/div>\n\t\t\t\t\t<\/div>\n\t\t<\/div>\n\t\t\t\t<div class=\"elementor-column elementor-col-33 elementor-top-column elementor-element elementor-element-ece5181\" data-id=\"ece5181\" data-element_type=\"column\">\n\t\t\t<div class=\"elementor-widget-wrap elementor-element-populated\">\n\t\t\t\t\t\t<div class=\"elementor-element elementor-element-399b446 elementor-widget elementor-widget-image\" data-id=\"399b446\" data-element_type=\"widget\" data-widget_type=\"image.default\">\n\t\t\t\t<div class=\"elementor-widget-container\">\n\t\t\t\t\t\t\t\t\t\t\t\t\t<img decoding=\"async\" src=\"https:\/\/www.ufsm.br\/app\/uploads\/sites\/661\/2022\/06\/3.png\" title=\"\" alt=\"\" loading=\"lazy\" \/>\t\t\t\t\t\t\t\t\t\t\t\t\t<\/div>\n\t\t\t\t<\/div>\n\t\t\t\t\t<\/div>\n\t\t<\/div>\n\t\t\t\t<div class=\"elementor-column elementor-col-33 elementor-top-column elementor-element elementor-element-a1b8316\" data-id=\"a1b8316\" data-element_type=\"column\">\n\t\t\t<div class=\"elementor-widget-wrap elementor-element-populated\">\n\t\t\t\t\t\t<div class=\"elementor-element elementor-element-b801aaf elementor-widget elementor-widget-image\" data-id=\"b801aaf\" data-element_type=\"widget\" data-widget_type=\"image.default\">\n\t\t\t\t<div class=\"elementor-widget-container\">\n\t\t\t\t\t\t\t\t\t\t\t\t\t<img decoding=\"async\" src=\"https:\/\/www.ufsm.br\/app\/uploads\/sites\/661\/2022\/06\/6-1.png\" title=\"\" alt=\"\" loading=\"lazy\" \/>\t\t\t\t\t\t\t\t\t\t\t\t\t<\/div>\n\t\t\t\t<\/div>\n\t\t\t\t\t<\/div>\n\t\t<\/div>\n\t\t\t\t\t<\/div>\n\t\t<\/section>\n\t\t\t\t<section class=\"elementor-section elementor-top-section elementor-element elementor-element-475d602 elementor-section-boxed elementor-section-height-default elementor-section-height-default\" data-id=\"475d602\" data-element_type=\"section\">\n\t\t\t\t\t\t<div class=\"elementor-container elementor-column-gap-default\">\n\t\t\t\t\t<div class=\"elementor-column elementor-col-33 elementor-top-column elementor-element elementor-element-7469bb5\" data-id=\"7469bb5\" data-element_type=\"column\">\n\t\t\t<div class=\"elementor-widget-wrap elementor-element-populated\">\n\t\t\t\t\t\t<div class=\"elementor-element elementor-element-c6ae52d elementor-widget elementor-widget-text-editor\" data-id=\"c6ae52d\" data-element_type=\"widget\" data-widget_type=\"text-editor.default\">\n\t\t\t\t<div class=\"elementor-widget-container\">\n\t\t\t\t\t\t\t<p style=\"text-align: justify\"><span style=\"color: #000000;font-size: 16px;text-align: justify\">O LASCA possui um acervo arqueol\u00f3gico que engloba desde artefatos de pedra lascada produzidos pelos primeiros habitantes do Rio Grande do Sul (grupos ca\u00e7adores e coletores que chegaram no territ\u00f3rio ga\u00facho cerca de 12.000 anos atr\u00e1s) at\u00e9 objetos provenientes de escava\u00e7\u00f5es em est\u00e2ncias do s\u00e9culo XIX e in\u00edcio do XX. O acervo ultrapassa 200.000 itens, dentre os quais encontram-se: l\u00edticos (pedras lascadas), cer\u00e2micas pr\u00e9-coloniais e hist\u00f3ricas, ossos (de humanos e de animais), objetos met\u00e1licos, vidros, entre outros. A maior parte do acervo do LASCA \u00e9 proveniente de escava\u00e7\u00f5es arqueol\u00f3gicas realizadas no Rio Grande do Sul, embora o Laborat\u00f3rio possua materiais de outras regi\u00f5es do Brasil, al\u00e9m de artefatos doados por particulares.<\/span><\/p>\t\t\t\t\t\t<\/div>\n\t\t\t\t<\/div>\n\t\t\t\t\t<\/div>\n\t\t<\/div>\n\t\t\t\t<div class=\"elementor-column elementor-col-66 elementor-top-column elementor-element elementor-element-bcecfd1\" data-id=\"bcecfd1\" data-element_type=\"column\">\n\t\t\t<div class=\"elementor-widget-wrap elementor-element-populated\">\n\t\t\t\t\t\t<div class=\"elementor-element elementor-element-80d47e3 elementor-widget elementor-widget-image\" data-id=\"80d47e3\" data-element_type=\"widget\" data-widget_type=\"image.default\">\n\t\t\t\t<div class=\"elementor-widget-container\">\n\t\t\t\t\t\t\t\t\t\t\t\t\t<img fetchpriority=\"high\" decoding=\"async\" width=\"1024\" height=\"768\" src=\"https:\/\/www.ufsm.br\/app\/uploads\/sites\/661\/2022\/06\/WhatsApp-Image-2022-06-22-at-11.10.44-1024x768.jpeg\" class=\"attachment-large size-large wp-image-288\" alt=\"\" srcset=\"https:\/\/www.ufsm.br\/app\/uploads\/sites\/661\/2022\/06\/WhatsApp-Image-2022-06-22-at-11.10.44-1024x768.jpeg 1024w, https:\/\/www.ufsm.br\/app\/uploads\/sites\/661\/2022\/06\/WhatsApp-Image-2022-06-22-at-11.10.44-300x225.jpeg 300w, https:\/\/www.ufsm.br\/app\/uploads\/sites\/661\/2022\/06\/WhatsApp-Image-2022-06-22-at-11.10.44-768x576.jpeg 768w, https:\/\/www.ufsm.br\/app\/uploads\/sites\/661\/2022\/06\/WhatsApp-Image-2022-06-22-at-11.10.44-1536x1152.jpeg 1536w, https:\/\/www.ufsm.br\/app\/uploads\/sites\/661\/2022\/06\/WhatsApp-Image-2022-06-22-at-11.10.44.jpeg 1600w\" sizes=\"(max-width: 1024px) 100vw, 1024px\" \/>\t\t\t\t\t\t\t\t\t\t\t\t\t<\/div>\n\t\t\t\t<\/div>\n\t\t\t\t\t<\/div>\n\t\t<\/div>\n\t\t\t\t\t<\/div>\n\t\t<\/section>\n\t\t\t\t<section class=\"elementor-section elementor-top-section elementor-element elementor-element-6172bbe elementor-section-boxed elementor-section-height-default elementor-section-height-default\" data-id=\"6172bbe\" data-element_type=\"section\">\n\t\t\t\t\t\t<div class=\"elementor-container elementor-column-gap-default\">\n\t\t\t\t\t<div class=\"elementor-column elementor-col-100 elementor-top-column elementor-element elementor-element-6fae794\" data-id=\"6fae794\" data-element_type=\"column\">\n\t\t\t<div class=\"elementor-widget-wrap elementor-element-populated\">\n\t\t\t\t\t\t<div class=\"elementor-element elementor-element-787218a elementor-widget elementor-widget-image\" data-id=\"787218a\" data-element_type=\"widget\" data-widget_type=\"image.default\">\n\t\t\t\t<div class=\"elementor-widget-container\">\n\t\t\t\t\t\t\t\t\t\t\t\t\t<img decoding=\"async\" src=\"https:\/\/www.ufsm.br\/app\/uploads\/sites\/661\/2022\/06\/8.png\" title=\"\" alt=\"\" loading=\"lazy\" \/>\t\t\t\t\t\t\t\t\t\t\t\t\t<\/div>\n\t\t\t\t<\/div>\n\t\t\t\t\t<\/div>\n\t\t<\/div>\n\t\t\t\t\t<\/div>\n\t\t<\/section>\n\t\t\t\t<\/div>\n\t\t","protected":false},"excerpt":{"rendered":"<p>O LASCA possui um acervo arqueol\u00f3gico que engloba desde artefatos de pedra lascada produzidos pelos primeiros habitantes do Rio Grande do Sul (grupos ca\u00e7adores e coletores que chegaram no territ\u00f3rio ga\u00facho cerca de 12.000 anos atr\u00e1s) at\u00e9 objetos provenientes de escava\u00e7\u00f5es em est\u00e2ncias do s\u00e9culo XIX e in\u00edcio do XX. O acervo ultrapassa 200.000 itens, [&hellip;]<\/p>\n","protected":false},"author":2492,"featured_media":0,"parent":0,"menu_order":0,"comment_status":"closed","ping_status":"closed","template":"","meta":{"footnotes":""},"categories":[],"tags":[],"class_list":["post-216","page","type-page","status-publish","hentry"],"acf":[],"_links":{"self":[{"href":"https:\/\/www.ufsm.br\/laboratorios\/lasca\/wp-json\/wp\/v2\/pages\/216","targetHints":{"allow":["GET"]}}],"collection":[{"href":"https:\/\/www.ufsm.br\/laboratorios\/lasca\/wp-json\/wp\/v2\/pages"}],"about":[{"href":"https:\/\/www.ufsm.br\/laboratorios\/lasca\/wp-json\/wp\/v2\/types\/page"}],"author":[{"embeddable":true,"href":"https:\/\/www.ufsm.br\/laboratorios\/lasca\/wp-json\/wp\/v2\/users\/2492"}],"replies":[{"embeddable":true,"href":"https:\/\/www.ufsm.br\/laboratorios\/lasca\/wp-json\/wp\/v2\/comments?post=216"}],"version-history":[{"count":0,"href":"https:\/\/www.ufsm.br\/laboratorios\/lasca\/wp-json\/wp\/v2\/pages\/216\/revisions"}],"wp:attachment":[{"href":"https:\/\/www.ufsm.br\/laboratorios\/lasca\/wp-json\/wp\/v2\/media?parent=216"}],"wp:term":[{"taxonomy":"category","embeddable":true,"href":"https:\/\/www.ufsm.br\/laboratorios\/lasca\/wp-json\/wp\/v2\/categories?post=216"},{"taxonomy":"post_tag","embeddable":true,"href":"https:\/\/www.ufsm.br\/laboratorios\/lasca\/wp-json\/wp\/v2\/tags?post=216"}],"curies":[{"name":"wp","href":"https:\/\/api.w.org\/{rel}","templated":true}]}}