{"id":219,"date":"2020-09-01T17:38:22","date_gmt":"2020-09-01T20:38:22","guid":{"rendered":"https:\/\/www.ufsm.br\/laboratorios\/lepa\/?page_id=219"},"modified":"2025-07-14T10:11:27","modified_gmt":"2025-07-14T13:11:27","slug":"exposicoes-em-andamento","status":"publish","type":"page","link":"https:\/\/www.ufsm.br\/laboratorios\/lasca\/exposicoes-em-andamento","title":{"rendered":"Exposi\u00e7\u00f5es em andamento"},"content":{"rendered":"\t\t<div data-elementor-type=\"wp-page\" data-elementor-id=\"219\" class=\"elementor elementor-219\">\n\t\t\t\t\t\t<section class=\"elementor-section elementor-top-section elementor-element elementor-element-4d3a997 elementor-section-boxed elementor-section-height-default elementor-section-height-default\" data-id=\"4d3a997\" data-element_type=\"section\">\n\t\t\t\t\t\t<div class=\"elementor-container elementor-column-gap-default\">\n\t\t\t\t\t<div class=\"elementor-column elementor-col-50 elementor-top-column elementor-element elementor-element-6464f4f\" data-id=\"6464f4f\" data-element_type=\"column\">\n\t\t\t<div class=\"elementor-widget-wrap elementor-element-populated\">\n\t\t\t\t\t\t<div class=\"elementor-element elementor-element-b150d94 elementor-widget elementor-widget-text-editor\" data-id=\"b150d94\" data-element_type=\"widget\" data-widget_type=\"text-editor.default\">\n\t\t\t\t<div class=\"elementor-widget-container\">\n\t\t\t\t\t\t\t<p style=\"color: #000000;font-size: 16px;text-align: left\">Exposi\u00e7\u00e3o &#8220;Fragmentos da Hist\u00f3ria do Rio Grande do Sul: os metais do LASCA&#8221;.<\/p><p style=\"color: #000000;font-size: 16px\">Local: S<span style=\"color: #000000;font-size: 16px;font-weight: var( --e-global-typography-text-font-weight );text-align: var(--bs-body-text-align)\">ede do Laborat\u00f3rio de Arqueologia, Sociedades e Culturas das Am\u00e9ricas (LASCA), localizada na Avenida Floriano Peixoto, n\u00ba 1176 (na antiga casa da Assist\u00eancia Judici\u00e1ria), no centro de Santa Maria.<\/span><\/p><p style=\"color: #000000;font-size: 16px\">Aberta ao p\u00fablico espor\u00e1dico das 9h \u00e0s 12h e das 13h e 30 min \u00e0s 17h, e\u00a0<span style=\"color: #000000;font-size: 16px;font-weight: var( --e-global-typography-text-font-weight );text-align: var(--bs-body-text-align)\">visita\u00e7\u00f5es mediante agendamento\u00a0<\/span><span style=\"color: #000000;font-size: 16px;font-weight: var( --e-global-typography-text-font-weight );text-align: var(--bs-body-text-align)\">entrar em contato pelo telefone: (55) 3220-9240 ou pelo e-mail lascaufsm@gmail.com<\/span><\/p>\t\t\t\t\t\t<\/div>\n\t\t\t\t<\/div>\n\t\t\t\t\t<\/div>\n\t\t<\/div>\n\t\t\t\t<div class=\"elementor-column elementor-col-50 elementor-top-column elementor-element elementor-element-0e3eac4\" data-id=\"0e3eac4\" data-element_type=\"column\">\n\t\t\t<div class=\"elementor-widget-wrap elementor-element-populated\">\n\t\t\t\t\t\t<div class=\"elementor-element elementor-element-ba61c17 elementor-widget__width-initial elementor-widget elementor-widget-image\" data-id=\"ba61c17\" data-element_type=\"widget\" data-widget_type=\"image.default\">\n\t\t\t\t<div class=\"elementor-widget-container\">\n\t\t\t\t\t\t\t\t\t\t\t\t\t<img fetchpriority=\"high\" decoding=\"async\" width=\"1024\" height=\"1024\" src=\"https:\/\/www.ufsm.br\/app\/uploads\/sites\/661\/2025\/06\/Banner-Divulgacao-1024x1024.jpg\" class=\"attachment-large size-large wp-image-756\" alt=\"\" srcset=\"https:\/\/www.ufsm.br\/app\/uploads\/sites\/661\/2025\/06\/Banner-Divulgacao-1024x1024.jpg 1024w, https:\/\/www.ufsm.br\/app\/uploads\/sites\/661\/2025\/06\/Banner-Divulgacao-300x300.jpg 300w, https:\/\/www.ufsm.br\/app\/uploads\/sites\/661\/2025\/06\/Banner-Divulgacao-150x150.jpg 150w, https:\/\/www.ufsm.br\/app\/uploads\/sites\/661\/2025\/06\/Banner-Divulgacao-768x768.jpg 768w, https:\/\/www.ufsm.br\/app\/uploads\/sites\/661\/2025\/06\/Banner-Divulgacao.jpg 1080w\" sizes=\"(max-width: 1024px) 100vw, 1024px\" \/>\t\t\t\t\t\t\t\t\t\t\t\t\t<\/div>\n\t\t\t\t<\/div>\n\t\t\t\t\t<\/div>\n\t\t<\/div>\n\t\t\t\t\t<\/div>\n\t\t<\/section>\n\t\t\t\t<\/div>\n\t\t","protected":false},"excerpt":{"rendered":"<p>Exposi\u00e7\u00e3o &#8220;Fragmentos da Hist\u00f3ria do Rio Grande do Sul: os metais do LASCA&#8221;. Local: Sede do Laborat\u00f3rio de Arqueologia, Sociedades e Culturas das Am\u00e9ricas (LASCA), localizada na Avenida Floriano Peixoto, n\u00ba 1176 (na antiga casa da Assist\u00eancia Judici\u00e1ria), no centro de Santa Maria. Aberta ao p\u00fablico espor\u00e1dico das 9h \u00e0s 12h e das 13h e [&hellip;]<\/p>\n","protected":false},"author":2492,"featured_media":0,"parent":0,"menu_order":0,"comment_status":"closed","ping_status":"closed","template":"","meta":{"footnotes":""},"categories":[],"tags":[],"class_list":["post-219","page","type-page","status-publish","hentry"],"acf":[],"_links":{"self":[{"href":"https:\/\/www.ufsm.br\/laboratorios\/lasca\/wp-json\/wp\/v2\/pages\/219","targetHints":{"allow":["GET"]}}],"collection":[{"href":"https:\/\/www.ufsm.br\/laboratorios\/lasca\/wp-json\/wp\/v2\/pages"}],"about":[{"href":"https:\/\/www.ufsm.br\/laboratorios\/lasca\/wp-json\/wp\/v2\/types\/page"}],"author":[{"embeddable":true,"href":"https:\/\/www.ufsm.br\/laboratorios\/lasca\/wp-json\/wp\/v2\/users\/2492"}],"replies":[{"embeddable":true,"href":"https:\/\/www.ufsm.br\/laboratorios\/lasca\/wp-json\/wp\/v2\/comments?post=219"}],"version-history":[{"count":0,"href":"https:\/\/www.ufsm.br\/laboratorios\/lasca\/wp-json\/wp\/v2\/pages\/219\/revisions"}],"wp:attachment":[{"href":"https:\/\/www.ufsm.br\/laboratorios\/lasca\/wp-json\/wp\/v2\/media?parent=219"}],"wp:term":[{"taxonomy":"category","embeddable":true,"href":"https:\/\/www.ufsm.br\/laboratorios\/lasca\/wp-json\/wp\/v2\/categories?post=219"},{"taxonomy":"post_tag","embeddable":true,"href":"https:\/\/www.ufsm.br\/laboratorios\/lasca\/wp-json\/wp\/v2\/tags?post=219"}],"curies":[{"name":"wp","href":"https:\/\/api.w.org\/{rel}","templated":true}]}}