{"id":26,"date":"2019-05-14T17:03:27","date_gmt":"2019-05-14T20:03:27","guid":{"rendered":"https:\/\/www.ufsm.br\/template-laboratprio\/?page_id=26"},"modified":"2022-06-22T11:36:20","modified_gmt":"2022-06-22T14:36:20","slug":"contato","status":"publish","type":"page","link":"https:\/\/www.ufsm.br\/laboratorios\/lasca\/contato","title":{"rendered":"Contato"},"content":{"rendered":"\n<p>Endere\u00e7o:<\/p>\n<p>Reserva T\u00e9cnica e atendimento a pesquisadores: Rua Floriano Peixoto, 1176, (casa ao lado da Antiga Reitoria da UFSM). Centro, Santa Maria\/RS<\/p>\n<p>Exposi\u00e7\u00e3o &#8220;A Trajet\u00f3ria da Arqueologia no Rio Grande do Sul&#8221;: Fundos do pr\u00e9dio da Biblioteca Central da UFSM, ao lado do Acervo Art\u00edstico, Campus, Camobi, Santa Maria\/RS.<\/p>\n<p>Tel. (55)3220-9240<\/p>\n<p>E-mail: lasca@ufsm.br<\/p>\n","protected":false},"excerpt":{"rendered":"<p>Endere\u00e7o: Reserva T\u00e9cnica e atendimento a pesquisadores: Rua Floriano Peixoto, 1176, (casa ao lado da Antiga Reitoria da UFSM). Centro, Santa Maria\/RS Exposi\u00e7\u00e3o &#8220;A Trajet\u00f3ria da Arqueologia no Rio Grande do Sul&#8221;: Fundos do pr\u00e9dio da Biblioteca Central da UFSM, ao lado do Acervo Art\u00edstico, Campus, Camobi, Santa Maria\/RS. Tel. (55)3220-9240 E-mail: lasca@ufsm.br<\/p>\n","protected":false},"author":124,"featured_media":0,"parent":0,"menu_order":0,"comment_status":"closed","ping_status":"closed","template":"","meta":{"footnotes":""},"categories":[],"tags":[],"class_list":["post-26","page","type-page","status-publish","hentry"],"acf":[],"_links":{"self":[{"href":"https:\/\/www.ufsm.br\/laboratorios\/lasca\/wp-json\/wp\/v2\/pages\/26","targetHints":{"allow":["GET"]}}],"collection":[{"href":"https:\/\/www.ufsm.br\/laboratorios\/lasca\/wp-json\/wp\/v2\/pages"}],"about":[{"href":"https:\/\/www.ufsm.br\/laboratorios\/lasca\/wp-json\/wp\/v2\/types\/page"}],"author":[{"embeddable":true,"href":"https:\/\/www.ufsm.br\/laboratorios\/lasca\/wp-json\/wp\/v2\/users\/124"}],"replies":[{"embeddable":true,"href":"https:\/\/www.ufsm.br\/laboratorios\/lasca\/wp-json\/wp\/v2\/comments?post=26"}],"version-history":[{"count":0,"href":"https:\/\/www.ufsm.br\/laboratorios\/lasca\/wp-json\/wp\/v2\/pages\/26\/revisions"}],"wp:attachment":[{"href":"https:\/\/www.ufsm.br\/laboratorios\/lasca\/wp-json\/wp\/v2\/media?parent=26"}],"wp:term":[{"taxonomy":"category","embeddable":true,"href":"https:\/\/www.ufsm.br\/laboratorios\/lasca\/wp-json\/wp\/v2\/categories?post=26"},{"taxonomy":"post_tag","embeddable":true,"href":"https:\/\/www.ufsm.br\/laboratorios\/lasca\/wp-json\/wp\/v2\/tags?post=26"}],"curies":[{"name":"wp","href":"https:\/\/api.w.org\/{rel}","templated":true}]}}