{"id":33,"date":"2019-05-24T15:38:58","date_gmt":"2019-05-24T18:38:58","guid":{"rendered":"https:\/\/www.ufsm.br\/template-laboratprio\/?page_id=33"},"modified":"2026-03-12T10:45:16","modified_gmt":"2026-03-12T13:45:16","slug":"producao-cientifica","status":"publish","type":"page","link":"https:\/\/www.ufsm.br\/laboratorios\/lasca\/producao-cientifica","title":{"rendered":"Produ\u00e7\u00e3o Cient\u00edfica"},"content":{"rendered":"\t\t<div data-elementor-type=\"wp-post\" data-elementor-id=\"33\" class=\"elementor elementor-33\">\n\t\t\t\t\t\t<section class=\"elementor-section elementor-top-section elementor-element elementor-element-86ed711 elementor-section-boxed elementor-section-height-default elementor-section-height-default\" data-id=\"86ed711\" data-element_type=\"section\">\n\t\t\t\t\t\t<div class=\"elementor-container elementor-column-gap-default\">\n\t\t\t\t\t<div class=\"elementor-column elementor-col-100 elementor-top-column elementor-element elementor-element-69568f4\" data-id=\"69568f4\" data-element_type=\"column\">\n\t\t\t<div class=\"elementor-widget-wrap elementor-element-populated\">\n\t\t\t\t\t\t<div class=\"elementor-element elementor-element-f36ccfc elementor-widget elementor-widget-text-editor\" data-id=\"f36ccfc\" data-element_type=\"widget\" data-widget_type=\"text-editor.default\">\n\t\t\t\t<div class=\"elementor-widget-container\">\n\t\t\t\t\t\t\t<p style=\"text-align: justify\">Ao longo de quatro d\u00e9cadas de pesquisas arqueol\u00f3gicas na UFSM foram conclu\u00eddas 22 disserta\u00e7\u00f5es de mestrado e 7 teses de doutorado que tiveram o acervo arqueol\u00f3gico, que hoje encontra-se sob a guarda do LASCA, como objeto de estudo, em programas de p\u00f3s-gradua\u00e7\u00e3o no Brasil e no exterior. Al\u00e9m deste trabalhos, s\u00e3o in\u00fameros os Trabalhos de Conclus\u00e3o de Gradua\u00e7\u00e3o e artigos cient\u00edficos produzidos pelas equipes do LEPA (Laborat\u00f3rio de Estudos e Pesquisas Arqueol\u00f3gicas) e a partir de 2019, do LASCA. Abaixo segue o link da Revista do LEPA, do ano de 2013.<\/p>\t\t\t\t\t\t<\/div>\n\t\t\t\t<\/div>\n\t\t\t\t\t<\/div>\n\t\t<\/div>\n\t\t\t\t\t<\/div>\n\t\t<\/section>\n\t\t\t\t<section class=\"elementor-section elementor-top-section elementor-element elementor-element-69f6eb6 elementor-section-boxed elementor-section-height-default elementor-section-height-default\" data-id=\"69f6eb6\" data-element_type=\"section\">\n\t\t\t\t\t\t<div class=\"elementor-container elementor-column-gap-default\">\n\t\t\t\t\t<div class=\"elementor-column elementor-col-100 elementor-top-column elementor-element elementor-element-871f5c4\" data-id=\"871f5c4\" data-element_type=\"column\">\n\t\t\t<div class=\"elementor-widget-wrap elementor-element-populated\">\n\t\t\t\t\t\t<div class=\"elementor-element elementor-element-17420c8 elementor-widget elementor-widget-heading\" data-id=\"17420c8\" data-element_type=\"widget\" data-widget_type=\"heading.default\">\n\t\t\t\t<div class=\"elementor-widget-container\">\n\t\t\t<h2 class=\"elementor-heading-title elementor-size-default\">Produ\u00e7\u00f5es<\/h2>\t\t<\/div>\n\t\t\t\t<\/div>\n\t\t\t\t\t<\/div>\n\t\t<\/div>\n\t\t\t\t\t<\/div>\n\t\t<\/section>\n\t\t\t\t<section class=\"elementor-section elementor-top-section elementor-element elementor-element-d4c936d elementor-section-boxed elementor-section-height-default elementor-section-height-default\" data-id=\"d4c936d\" data-element_type=\"section\">\n\t\t\t\t\t\t<div class=\"elementor-container elementor-column-gap-default\">\n\t\t\t\t\t<div class=\"elementor-column elementor-col-50 elementor-top-column elementor-element elementor-element-5417a3a\" data-id=\"5417a3a\" data-element_type=\"column\">\n\t\t\t<div class=\"elementor-widget-wrap elementor-element-populated\">\n\t\t\t\t\t\t<div class=\"elementor-element elementor-element-fff80cf elementor-widget elementor-widget-heading\" data-id=\"fff80cf\" data-element_type=\"widget\" data-widget_type=\"heading.default\">\n\t\t\t\t<div class=\"elementor-widget-container\">\n\t\t\t<h2 class=\"elementor-heading-title elementor-size-default\">Andr\u00e9 Luis Ramos Soares<\/h2>\t\t<\/div>\n\t\t\t\t<\/div>\n\t\t\t\t\t<\/div>\n\t\t<\/div>\n\t\t\t\t<div class=\"elementor-column elementor-col-50 elementor-top-column elementor-element elementor-element-be29ee2\" data-id=\"be29ee2\" data-element_type=\"column\">\n\t\t\t<div class=\"elementor-widget-wrap elementor-element-populated\">\n\t\t\t\t\t\t<div class=\"elementor-element elementor-element-5d6bf63 elementor-widget__width-initial elementor-widget elementor-widget-text-editor\" data-id=\"5d6bf63\" data-element_type=\"widget\" data-widget_type=\"text-editor.default\">\n\t\t\t\t<div class=\"elementor-widget-container\">\n\t\t\t\t\t\t\t<p><strong>APHELEIA, Instituto Terra e Mem\u00f3ria &#8211; Livro: <\/strong>Breve Introdu\u00e7\u00e3o \u00e0 Arqueologia Brasileira para Europeus; 20 Caminhos de resposta para tantas outras quest\u00f5es.\u00a0<a href=\"https:\/\/institutoterramemoria.org\/itm\/images\/sampledata\/outraspub\/Apheleia%201.%20Soares&amp;%20Oosterbeek.%20Arqueologia%20Brasileira.%20Miolo_Compressed.pdf#:~:text=Breve%20introdu%C3%A7%C3%A3o%20%C3%A0%20arqueologia%20brasileira%20para%20europeus%2C,ser%20um%20manual%20de%20arqueologia%20brasileira%2C%20uma\">Link<\/a><\/p><p>Cadernos do LEPAARQ (UFPEL) &#8211; Artigo: Resultados Preliminares da Escava\u00e7\u00e3o do S\u00edtio Arqueol\u00f3gico Gruta da Mesa, Munic\u00edpio de Alcin\u00f3polis, Mato Grosso do Sul, Brasil.\u00a0<a href=\"https:\/\/periodicos.ufpel.edu.br\/index.php\/lepaarq\/article\/view\/28806\">Link.<\/a><\/p><p><span style=\"font-size: 16px\"><b>Seven Publica\u00e7\u00f5es,<\/b>\u00a0<\/span><b>Collection of Internacional Topics in Health Sciences V.2. Artigo: <\/b>Description of human skull with AATM and secondary comorbidities in university collection.\u00a0<a href=\"https:\/\/sevenpubl.com.br\/editora\/article\/view\/5091\" target=\"_blank\" rel=\"noopener\">Link<\/a>.<\/p><p><strong>Cadernos do LEPAARQ (UFPEL) &#8211; Artigo:\u00a0<\/strong><span style=\"font-family: Tahoma, Geneva, sans-serif;font-size: 11px;font-weight: var( --e-global-typography-text-font-weight );text-align: var(--bs-body-text-align);color: #666666\"> Odontologia Forense e Bioarqueologia: estudo de caso sobre um enterramento arqueol\u00f3gico Guarani do Brasil meridional.<a href=\"https:\/\/periodicos.ufpel.edu.br\/index.php\/lepaarq\/article\/view\/27030\"> Link.<\/a><\/span><\/p><p><strong>Contemporany Journal &#8211; Artigo:\u00a0<\/strong>Patrim\u00f4nio arqueol\u00f3gico: a cria\u00e7\u00e3o de um jogo como suporte pedag\u00f3gico para as escolas da Rede Municipal e Estadual de Lindolfo Collor. <a href=\"https:\/\/ojs.revistacontemporanea.com\/ojs\/index.php\/home\/article\/view\/2789\/2274\">Link<\/a>.<\/p><p><strong>Cadernos do LEPAARQ (UFPEL) &#8211; Artigo:\u00a0<\/strong>Variabilidade t\u00e9cnica da Cultura material l\u00edtica, dos S\u00edtios Arqueol\u00f3gico Castra\u00e7\u00e3o e Usina, localizados em Uruguaiana &#8211; RS. <a href=\"https:\/\/periodicos.ufpel.edu.br\/index.php\/lepaarq\/article\/view\/25831\/19074\">Link<\/a>.<\/p><p><strong>Estudios Hist\u00f3ricos (Rivera) &#8211; Artigo:\u00a0<\/strong>Um objetivo, muitas mem\u00f3rias: vest\u00edgios de uma ponta de lan\u00e7a. <a href=\"https:\/\/estudioshistoricos.org\/30\/eh3006.pdf\">Link<\/a>.<\/p><p><strong>Estudios Hist\u00f3ricos (Rivera) &#8211; Artigo: <\/strong>Migra\u00e7\u00f5es e Fronteiras na Hist\u00f3ria Ind\u00edgena (antes chamada Pr\u00e9Hist\u00f3ria). <a href=\"https:\/\/estudioshistoricos.org\/27\/eh27U01.pdf\">Link.<\/a><\/p><p><strong>Con-ciencia Forense &#8211; Artigo:\u00a0<\/strong>Alcances da Tafonomia Forense na atualidade: Estudio de caso de restos humanos de um museu na cidade de S\u00e3o Pedro do Sul, estado do Rio Grande do Sul, Brasil. <a href=\"https:\/\/www.cienciaporlaverdad.com\/_files\/ugd\/1d7988_070fc018ce4a4f298cc75b973a02d6b2.pdf\">Link.<\/a><\/p><p><strong>E-book UFSM\/UFMS &#8211; Livro: <\/strong>Arqueologia: manual de boas pr\u00e1ticas. <a href=\"https:\/\/repositorio.ufsm.br\/bitstream\/handle\/1\/30209\/MANUAL%20DE%20BOAS%20PR%c3%81TICAS%20-%20ARQUEOLOGIA%20digital.pdf?sequence=1&amp;isAllowed=y\">Link<\/a>.<\/p>\t\t\t\t\t\t<\/div>\n\t\t\t\t<\/div>\n\t\t\t\t\t<\/div>\n\t\t<\/div>\n\t\t\t\t\t<\/div>\n\t\t<\/section>\n\t\t\t\t<section class=\"elementor-section elementor-top-section elementor-element elementor-element-9ffdabf elementor-section-boxed elementor-section-height-default elementor-section-height-default\" data-id=\"9ffdabf\" data-element_type=\"section\">\n\t\t\t\t\t\t<div class=\"elementor-container elementor-column-gap-default\">\n\t\t\t\t\t<div class=\"elementor-column elementor-col-50 elementor-top-column elementor-element elementor-element-d1eb5eb\" data-id=\"d1eb5eb\" data-element_type=\"column\">\n\t\t\t<div class=\"elementor-widget-wrap elementor-element-populated\">\n\t\t\t\t\t\t<div class=\"elementor-element elementor-element-8711b5e elementor-widget elementor-widget-heading\" data-id=\"8711b5e\" data-element_type=\"widget\" data-widget_type=\"heading.default\">\n\t\t\t\t<div class=\"elementor-widget-container\">\n\t\t\t<h2 class=\"elementor-heading-title elementor-size-default\">Aline Vargas de Vargas<\/h2>\t\t<\/div>\n\t\t\t\t<\/div>\n\t\t\t\t\t<\/div>\n\t\t<\/div>\n\t\t\t\t<div class=\"elementor-column elementor-col-50 elementor-top-column elementor-element elementor-element-443008a\" data-id=\"443008a\" data-element_type=\"column\">\n\t\t\t<div class=\"elementor-widget-wrap elementor-element-populated\">\n\t\t\t\t\t\t<div class=\"elementor-element elementor-element-0d781e8 elementor-widget__width-initial elementor-widget elementor-widget-text-editor\" data-id=\"0d781e8\" data-element_type=\"widget\" data-widget_type=\"text-editor.default\">\n\t\t\t\t<div class=\"elementor-widget-container\">\n\t\t\t\t\t\t\t<p>Um sopro que revitaliza os museus. In: Paulo Ledur; Walcyr Mattoso. (Org.). <strong>Gr\u00eamio N\u00e1utico Uni\u00e3o: conquistas e desafios para o futuro [2007 &#8211; 2024]<\/strong>. 1ed.Porto Alegre: AGE, 2024, v. 1, p. 283-285.<\/p><p>Di\u00e1logos com a arte contempor\u00e2nea: a exposi\u00e7\u00e3o sob o vi\u00e9s museol\u00f3gico. In: Zaira Regina Zafalon; M\u00e1rcia Ivo Braz; Alessandra dos Santos Ara\u00fajo; Martha Suzana Cabral Nunes. (Org.). <strong>Percursos de pesquisa em Ci\u00eancia da Informa\u00e7\u00e3o: forma\u00e7\u00e3o e pr\u00e1tica profissional.<\/strong> 1ed.S\u00e3o Paulo: Abecin Editora, 2021, v. 8, p. 165-169.\u00a0<a href=\"https:\/\/portal.abecin.org.br\/rebecin\/article\/view\/248\">Link.<\/a><\/p><p><b><\/b><strong>Portas fechadas, janelas abertas: a experi\u00eancia dos museus de Porto Alegre (RS) nos primeiros meses de isolamento social.<\/strong> Revista Museologia &amp; Interdisciplinaridade, 2021.<\/p><p><strong>Olhares acerca das exposi\u00e7\u00f5es de Arte: uma perspectiva hist\u00f3rica.<\/strong> Porto Arte, 2020.<\/p><p><b><\/b><strong>Di\u00e1logos com a arte contempor\u00e2nea: A exposi\u00e7\u00e3o sob o vi\u00e9s museol\u00f3gico.<\/strong> 2019 (Monografia).<\/p><p><strong>TCCS Premiados pela ABECIN Regi\u00e3o Sul 2020.<\/strong> 2021. (Programa de r\u00e1dio ou TV\/Entrevista).<\/p>\t\t\t\t\t\t<\/div>\n\t\t\t\t<\/div>\n\t\t\t\t\t<\/div>\n\t\t<\/div>\n\t\t\t\t\t<\/div>\n\t\t<\/section>\n\t\t\t\t<section class=\"elementor-section elementor-top-section elementor-element elementor-element-3630b15 elementor-section-boxed elementor-section-height-default elementor-section-height-default\" data-id=\"3630b15\" data-element_type=\"section\">\n\t\t\t\t\t\t<div class=\"elementor-container elementor-column-gap-default\">\n\t\t\t\t\t<div class=\"elementor-column elementor-col-100 elementor-top-column elementor-element elementor-element-893f4aa\" data-id=\"893f4aa\" data-element_type=\"column\">\n\t\t\t<div class=\"elementor-widget-wrap elementor-element-populated\">\n\t\t\t\t\t\t<div class=\"elementor-element elementor-element-96edda5 elementor-widget elementor-widget-text-editor\" data-id=\"96edda5\" data-element_type=\"widget\" data-widget_type=\"text-editor.default\">\n\t\t\t\t<div class=\"elementor-widget-container\">\n\t\t\t\t\t\t\t<p><a href=\"https:\/\/www.ufsm.br\/laboratorios\/lasca\/revista-lepa\">Revista LEPA\u00a0<\/a><\/p>\t\t\t\t\t\t<\/div>\n\t\t\t\t<\/div>\n\t\t\t\t\t<\/div>\n\t\t<\/div>\n\t\t\t\t\t<\/div>\n\t\t<\/section>\n\t\t\t\t<\/div>\n\t\t","protected":false},"excerpt":{"rendered":"<p>Ao longo de quatro d\u00e9cadas de pesquisas arqueol\u00f3gicas na UFSM foram conclu\u00eddas 22 disserta\u00e7\u00f5es de mestrado e 7 teses de doutorado que tiveram o acervo arqueol\u00f3gico, que hoje encontra-se sob a guarda do LASCA, como objeto de estudo, em programas de p\u00f3s-gradua\u00e7\u00e3o no Brasil e no exterior. Al\u00e9m deste trabalhos, s\u00e3o in\u00fameros os Trabalhos de [&hellip;]<\/p>\n","protected":false},"author":25,"featured_media":0,"parent":0,"menu_order":0,"comment_status":"closed","ping_status":"closed","template":"","meta":{"footnotes":""},"categories":[],"tags":[],"class_list":["post-33","page","type-page","status-publish","hentry"],"acf":[],"_links":{"self":[{"href":"https:\/\/www.ufsm.br\/laboratorios\/lasca\/wp-json\/wp\/v2\/pages\/33","targetHints":{"allow":["GET"]}}],"collection":[{"href":"https:\/\/www.ufsm.br\/laboratorios\/lasca\/wp-json\/wp\/v2\/pages"}],"about":[{"href":"https:\/\/www.ufsm.br\/laboratorios\/lasca\/wp-json\/wp\/v2\/types\/page"}],"author":[{"embeddable":true,"href":"https:\/\/www.ufsm.br\/laboratorios\/lasca\/wp-json\/wp\/v2\/users\/25"}],"replies":[{"embeddable":true,"href":"https:\/\/www.ufsm.br\/laboratorios\/lasca\/wp-json\/wp\/v2\/comments?post=33"}],"version-history":[{"count":0,"href":"https:\/\/www.ufsm.br\/laboratorios\/lasca\/wp-json\/wp\/v2\/pages\/33\/revisions"}],"wp:attachment":[{"href":"https:\/\/www.ufsm.br\/laboratorios\/lasca\/wp-json\/wp\/v2\/media?parent=33"}],"wp:term":[{"taxonomy":"category","embeddable":true,"href":"https:\/\/www.ufsm.br\/laboratorios\/lasca\/wp-json\/wp\/v2\/categories?post=33"},{"taxonomy":"post_tag","embeddable":true,"href":"https:\/\/www.ufsm.br\/laboratorios\/lasca\/wp-json\/wp\/v2\/tags?post=33"}],"curies":[{"name":"wp","href":"https:\/\/api.w.org\/{rel}","templated":true}]}}