{"id":684,"date":"2024-04-17T15:29:33","date_gmt":"2024-04-17T18:29:33","guid":{"rendered":"https:\/\/www.ufsm.br\/laboratorios\/lasca\/?page_id=684"},"modified":"2026-03-12T10:58:23","modified_gmt":"2026-03-12T13:58:23","slug":"bolsas","status":"publish","type":"page","link":"https:\/\/www.ufsm.br\/laboratorios\/lasca\/bolsas","title":{"rendered":"Bolsas"},"content":{"rendered":"\t\t<div data-elementor-type=\"wp-page\" data-elementor-id=\"684\" class=\"elementor elementor-684\">\n\t\t\t\t\t\t<section class=\"elementor-section elementor-top-section elementor-element elementor-element-313d2f2 elementor-section-boxed elementor-section-height-default elementor-section-height-default\" data-id=\"313d2f2\" data-element_type=\"section\">\n\t\t\t\t\t\t<div class=\"elementor-container elementor-column-gap-default\">\n\t\t\t\t\t<div class=\"elementor-column elementor-col-100 elementor-top-column elementor-element elementor-element-d85c8dd\" data-id=\"d85c8dd\" data-element_type=\"column\">\n\t\t\t<div class=\"elementor-widget-wrap elementor-element-populated\">\n\t\t\t\t\t\t<div class=\"elementor-element elementor-element-3f8349c elementor-widget elementor-widget-text-editor\" data-id=\"3f8349c\" data-element_type=\"widget\" data-widget_type=\"text-editor.default\">\n\t\t\t\t<div class=\"elementor-widget-container\">\n\t\t\t\t\t\t\t<p>O Laborat\u00f3rio de Arqueologia Sociedades e Culturas das Am\u00e9ricas, possu\u00ed anualmente bolsas FIPE e Territ\u00f3rio Imembuy. Atualmente, Mar\u00e7o de 2026, estamos em processo de publica\u00e7\u00e3o de Edital.<\/p><p>O edital ser\u00e1 publicado neste site e divulgado via Instagram:\u00a0https:\/\/www.instagram.com\/lasca_ufsm\/<\/p>\t\t\t\t\t\t<\/div>\n\t\t\t\t<\/div>\n\t\t\t\t\t<\/div>\n\t\t<\/div>\n\t\t\t\t\t<\/div>\n\t\t<\/section>\n\t\t\t\t<\/div>\n\t\t","protected":false},"excerpt":{"rendered":"<p>O Laborat\u00f3rio de Arqueologia Sociedades e Culturas das Am\u00e9ricas, possu\u00ed anualmente bolsas FIPE e Territ\u00f3rio Imembuy. Atualmente, Mar\u00e7o de 2026, estamos em processo de publica\u00e7\u00e3o de Edital. O edital ser\u00e1 publicado neste site e divulgado via Instagram:\u00a0https:\/\/www.instagram.com\/lasca_ufsm\/<\/p>\n","protected":false},"author":2311,"featured_media":0,"parent":0,"menu_order":0,"comment_status":"closed","ping_status":"closed","template":"","meta":{"footnotes":""},"categories":[],"tags":[],"class_list":["post-684","page","type-page","status-publish","hentry"],"acf":[],"_links":{"self":[{"href":"https:\/\/www.ufsm.br\/laboratorios\/lasca\/wp-json\/wp\/v2\/pages\/684","targetHints":{"allow":["GET"]}}],"collection":[{"href":"https:\/\/www.ufsm.br\/laboratorios\/lasca\/wp-json\/wp\/v2\/pages"}],"about":[{"href":"https:\/\/www.ufsm.br\/laboratorios\/lasca\/wp-json\/wp\/v2\/types\/page"}],"author":[{"embeddable":true,"href":"https:\/\/www.ufsm.br\/laboratorios\/lasca\/wp-json\/wp\/v2\/users\/2311"}],"replies":[{"embeddable":true,"href":"https:\/\/www.ufsm.br\/laboratorios\/lasca\/wp-json\/wp\/v2\/comments?post=684"}],"version-history":[{"count":0,"href":"https:\/\/www.ufsm.br\/laboratorios\/lasca\/wp-json\/wp\/v2\/pages\/684\/revisions"}],"wp:attachment":[{"href":"https:\/\/www.ufsm.br\/laboratorios\/lasca\/wp-json\/wp\/v2\/media?parent=684"}],"wp:term":[{"taxonomy":"category","embeddable":true,"href":"https:\/\/www.ufsm.br\/laboratorios\/lasca\/wp-json\/wp\/v2\/categories?post=684"},{"taxonomy":"post_tag","embeddable":true,"href":"https:\/\/www.ufsm.br\/laboratorios\/lasca\/wp-json\/wp\/v2\/tags?post=684"}],"curies":[{"name":"wp","href":"https:\/\/api.w.org\/{rel}","templated":true}]}}