{"id":847,"date":"2026-02-26T09:59:29","date_gmt":"2026-02-26T12:59:29","guid":{"rendered":"https:\/\/www.ufsm.br\/laboratorios\/lasca\/?page_id=847"},"modified":"2026-03-12T10:56:42","modified_gmt":"2026-03-12T13:56:42","slug":"video","status":"publish","type":"page","link":"https:\/\/www.ufsm.br\/laboratorios\/lasca\/video","title":{"rendered":"V\u00eddeos"},"content":{"rendered":"\t\t<div data-elementor-type=\"wp-page\" data-elementor-id=\"847\" class=\"elementor elementor-847\">\n\t\t\t\t\t\t<section class=\"elementor-section elementor-top-section elementor-element elementor-element-3a22a44 elementor-section-boxed elementor-section-height-default elementor-section-height-default\" data-id=\"3a22a44\" data-element_type=\"section\">\n\t\t\t\t\t\t<div class=\"elementor-container elementor-column-gap-default\">\n\t\t\t\t\t<div class=\"elementor-column elementor-col-100 elementor-top-column elementor-element elementor-element-3307a8d\" data-id=\"3307a8d\" data-element_type=\"column\">\n\t\t\t<div class=\"elementor-widget-wrap elementor-element-populated\">\n\t\t\t\t\t\t<section class=\"elementor-section elementor-inner-section elementor-element elementor-element-f30d783 elementor-section-boxed elementor-section-height-default elementor-section-height-default\" data-id=\"f30d783\" data-element_type=\"section\">\n\t\t\t\t\t\t<div class=\"elementor-container elementor-column-gap-default\">\n\t\t\t\t\t<div class=\"elementor-column elementor-col-50 elementor-inner-column elementor-element elementor-element-6352bc5\" data-id=\"6352bc5\" data-element_type=\"column\">\n\t\t\t<div class=\"elementor-widget-wrap elementor-element-populated\">\n\t\t\t\t\t\t<div class=\"elementor-element elementor-element-5e802af elementor-widget elementor-widget-image\" data-id=\"5e802af\" data-element_type=\"widget\" data-widget_type=\"image.default\">\n\t\t\t\t<div class=\"elementor-widget-container\">\n\t\t\t\t\t\t\t\t\t\t\t\t\t<img fetchpriority=\"high\" decoding=\"async\" width=\"640\" height=\"480\" src=\"https:\/\/www.ufsm.br\/app\/uploads\/sites\/661\/2026\/03\/Entre-rios.jpg\" class=\"attachment-large size-large wp-image-859\" alt=\"\" srcset=\"https:\/\/www.ufsm.br\/app\/uploads\/sites\/661\/2026\/03\/Entre-rios.jpg 640w, https:\/\/www.ufsm.br\/app\/uploads\/sites\/661\/2026\/03\/Entre-rios-300x225.jpg 300w\" sizes=\"(max-width: 640px) 100vw, 640px\" \/>\t\t\t\t\t\t\t\t\t\t\t\t\t<\/div>\n\t\t\t\t<\/div>\n\t\t\t\t\t<\/div>\n\t\t<\/div>\n\t\t\t\t<div class=\"elementor-column elementor-col-50 elementor-inner-column elementor-element elementor-element-950f0d3\" data-id=\"950f0d3\" data-element_type=\"column\">\n\t\t\t<div class=\"elementor-widget-wrap elementor-element-populated\">\n\t\t\t\t\t\t<div class=\"elementor-element elementor-element-5b2ccae elementor-widget elementor-widget-heading\" data-id=\"5b2ccae\" data-element_type=\"widget\" data-widget_type=\"heading.default\">\n\t\t\t\t<div class=\"elementor-widget-container\">\n\t\t\t<h2 class=\"elementor-heading-title elementor-size-default\">Confira a s\u00e9rie \"Entre Rios\"<\/h2>\t\t<\/div>\n\t\t\t\t<\/div>\n\t\t\t\t<div class=\"elementor-element elementor-element-c157ea7 elementor-widget elementor-widget-text-editor\" data-id=\"c157ea7\" data-element_type=\"widget\" data-widget_type=\"text-editor.default\">\n\t\t\t\t<div class=\"elementor-widget-container\">\n\t\t\t\t\t\t\t<p>Entre Rios \u00e9 uma s\u00e9rie em formato webdoc\/doc TV, composta por tr\u00eas epis\u00f3dios que investigam a regi\u00e3o norte de Mato Grosso do Sul a partir de suas paisagens, de suas ocupa\u00e7\u00f5es humanas e de seus vest\u00edgios materiais e imag\u00e9ticos. Combinando anima\u00e7\u00f5es e entrevistas com especialistas, pesquisadores e moradores locais, a s\u00e9rie constr\u00f3i um percurso entre arqueologia, mem\u00f3ria, territ\u00f3rio e imagina\u00e7\u00e3o. Ao mesmo tempo em que mapeia s\u00edtios arqueol\u00f3gicos, din\u00e2micas de ocupa\u00e7\u00e3o e a riqueza h\u00eddrica da regi\u00e3o, Entre Rios tamb\u00e9m prop\u00f5e um olhar sens\u00edvel para as figuras inscritas nas rochas, cujos sentidos permanecem abertos. Em comum, os tr\u00eas epis\u00f3dios partem da ideia de que n\u00e3o \u00e9 poss\u00edvel dissociar as representa\u00e7\u00f5es rupestres das paisagens que as cercam: figuras e espa\u00e7os se entrela\u00e7am, compondo uma experi\u00eancia visual, hist\u00f3rica e simb\u00f3lica singular.<br \/>Assista atrav\u00e9s dos seguinte links:<br \/><a href=\"https:\/\/www.youtube.com\/watch?v=D53343rVtto\">Epis\u00f3dio 1<\/a> \/\u00a0<a href=\"https:\/\/www.youtube.com\/watch?v=RplniBNViHA\">Epis\u00f3dio 2<\/a> \/\u00a0<a href=\"https:\/\/www.youtube.com\/watch?v=oS4ePcN7zC0&amp;t=25s\">Epis\u00f3dio 3<\/a><\/p><p>\u00a0<\/p>\t\t\t\t\t\t<\/div>\n\t\t\t\t<\/div>\n\t\t\t\t\t<\/div>\n\t\t<\/div>\n\t\t\t\t\t<\/div>\n\t\t<\/section>\n\t\t\t\t\t<\/div>\n\t\t<\/div>\n\t\t\t\t\t<\/div>\n\t\t<\/section>\n\t\t\t\t<section class=\"elementor-section elementor-top-section elementor-element elementor-element-d226624 elementor-section-boxed elementor-section-height-default elementor-section-height-default\" data-id=\"d226624\" data-element_type=\"section\">\n\t\t\t\t\t\t<div class=\"elementor-container elementor-column-gap-default\">\n\t\t\t\t\t<div class=\"elementor-column elementor-col-50 elementor-top-column elementor-element elementor-element-473efb0\" data-id=\"473efb0\" data-element_type=\"column\">\n\t\t\t<div class=\"elementor-widget-wrap elementor-element-populated\">\n\t\t\t\t\t\t<div class=\"elementor-element elementor-element-336d07e elementor-widget elementor-widget-image\" data-id=\"336d07e\" data-element_type=\"widget\" data-widget_type=\"image.default\">\n\t\t\t\t<div class=\"elementor-widget-container\">\n\t\t\t\t\t\t\t\t\t\t\t\t\t<img decoding=\"async\" width=\"169\" height=\"300\" src=\"https:\/\/www.ufsm.br\/app\/uploads\/sites\/661\/2026\/02\/WhatsApp-Image-2026-02-27-at-13.06.52-169x300.jpeg\" class=\"attachment-medium size-medium wp-image-854\" alt=\"\" srcset=\"https:\/\/www.ufsm.br\/app\/uploads\/sites\/661\/2026\/02\/WhatsApp-Image-2026-02-27-at-13.06.52-169x300.jpeg 169w, https:\/\/www.ufsm.br\/app\/uploads\/sites\/661\/2026\/02\/WhatsApp-Image-2026-02-27-at-13.06.52-576x1024.jpeg 576w, https:\/\/www.ufsm.br\/app\/uploads\/sites\/661\/2026\/02\/WhatsApp-Image-2026-02-27-at-13.06.52-768x1365.jpeg 768w, https:\/\/www.ufsm.br\/app\/uploads\/sites\/661\/2026\/02\/WhatsApp-Image-2026-02-27-at-13.06.52-864x1536.jpeg 864w, https:\/\/www.ufsm.br\/app\/uploads\/sites\/661\/2026\/02\/WhatsApp-Image-2026-02-27-at-13.06.52.jpeg 900w\" sizes=\"(max-width: 169px) 100vw, 169px\" \/>\t\t\t\t\t\t\t\t\t\t\t\t\t<\/div>\n\t\t\t\t<\/div>\n\t\t\t\t<div class=\"elementor-element elementor-element-8f29469 elementor-shape-rounded elementor-grid-0 e-grid-align-center elementor-widget elementor-widget-social-icons\" data-id=\"8f29469\" data-element_type=\"widget\" data-widget_type=\"social-icons.default\">\n\t\t\t\t<div class=\"elementor-widget-container\">\n\t\t\t\t\t<div class=\"elementor-social-icons-wrapper elementor-grid\">\n\t\t\t\t\t\t\t<span class=\"elementor-grid-item\">\n\t\t\t\t\t<a class=\"elementor-icon elementor-social-icon elementor-social-icon-instagram elementor-repeater-item-471cbfa\" href=\"https:\/\/www.instagram.com\/lasca_ufsm?igsh=MXB1c2dmeDc0cXlnag==\" target=\"_blank\">\n\t\t\t\t\t\t<span class=\"elementor-screen-only\">Instagram<\/span>\n\t\t\t\t\t\t<i class=\"fab fa-instagram\"><\/i>\t\t\t\t\t<\/a>\n\t\t\t\t<\/span>\n\t\t\t\t\t<\/div>\n\t\t\t\t<\/div>\n\t\t\t\t<\/div>\n\t\t\t\t\t<\/div>\n\t\t<\/div>\n\t\t\t\t<div class=\"elementor-column elementor-col-50 elementor-top-column elementor-element elementor-element-050ee96\" data-id=\"050ee96\" data-element_type=\"column\">\n\t\t\t<div class=\"elementor-widget-wrap elementor-element-populated\">\n\t\t\t\t\t\t<section class=\"elementor-section elementor-inner-section elementor-element elementor-element-388fff8 elementor-section-boxed elementor-section-height-default elementor-section-height-default\" data-id=\"388fff8\" data-element_type=\"section\">\n\t\t\t\t\t\t<div class=\"elementor-container elementor-column-gap-default\">\n\t\t\t\t\t<div class=\"elementor-column elementor-col-100 elementor-inner-column elementor-element elementor-element-bfed098\" data-id=\"bfed098\" data-element_type=\"column\">\n\t\t\t<div class=\"elementor-widget-wrap elementor-element-populated\">\n\t\t\t\t\t\t<div class=\"elementor-element elementor-element-baa3f73 elementor-widget elementor-widget-heading\" data-id=\"baa3f73\" data-element_type=\"widget\" data-widget_type=\"heading.default\">\n\t\t\t\t<div class=\"elementor-widget-container\">\n\t\t\t<h2 class=\"elementor-heading-title elementor-size-default\">\"Do s\u00edtio para o laborat\u00f3rio\"<\/h2>\t\t<\/div>\n\t\t\t\t<\/div>\n\t\t\t\t\t<\/div>\n\t\t<\/div>\n\t\t\t\t\t<\/div>\n\t\t<\/section>\n\t\t\t\t<div class=\"elementor-element elementor-element-e60db38 elementor-widget elementor-widget-text-editor\" data-id=\"e60db38\" data-element_type=\"widget\" data-widget_type=\"text-editor.default\">\n\t\t\t\t<div class=\"elementor-widget-container\">\n\t\t\t\t\t\t\t<p>Confira a s\u00e9rie de v\u00eddeos, &#8220;Lari no Lab&#8221;, que visa divulgar o processo de higieniza\u00e7\u00e3o e cataloga\u00e7\u00e3o, de diferentes materiais, advindos da escava\u00e7\u00e3o realizada no Jardim do Museu Gama d&#8217;E\u00e7a e Victor Bersani.\u00a0<\/p><p>O conte\u00fado est\u00e1 dispon\u00edvel, no Instagram oficial do LASCA, &#8220;@lasca_ufsm&#8221;.<\/p>\t\t\t\t\t\t<\/div>\n\t\t\t\t<\/div>\n\t\t\t\t\t<\/div>\n\t\t<\/div>\n\t\t\t\t\t<\/div>\n\t\t<\/section>\n\t\t\t\t<section class=\"elementor-section elementor-top-section elementor-element elementor-element-cd7aca8 elementor-section-boxed elementor-section-height-default elementor-section-height-default\" data-id=\"cd7aca8\" data-element_type=\"section\">\n\t\t\t\t\t\t<div class=\"elementor-container elementor-column-gap-default\">\n\t\t\t\t\t<div class=\"elementor-column elementor-col-100 elementor-top-column elementor-element elementor-element-d2edaa8\" data-id=\"d2edaa8\" data-element_type=\"column\">\n\t\t\t<div class=\"elementor-widget-wrap elementor-element-populated\">\n\t\t\t\t\t\t<div class=\"elementor-element elementor-element-0ddb129 elementor-widget elementor-widget-heading\" data-id=\"0ddb129\" data-element_type=\"widget\" data-widget_type=\"heading.default\">\n\t\t\t\t<div class=\"elementor-widget-container\">\n\t\t\t<h2 class=\"elementor-heading-title elementor-size-default\"><p>3rd Archaeological Excavation at Alcinopolis, Mato Grosso do Sul, Brazil \u2014 Along with some sites with amazing rock art!<span><\/span><\/p><\/h2>\t\t<\/div>\n\t\t\t\t<\/div>\n\t\t\t\t\t<\/div>\n\t\t<\/div>\n\t\t\t\t\t<\/div>\n\t\t<\/section>\n\t\t\t\t<section class=\"elementor-section elementor-top-section elementor-element elementor-element-cbe2c65 elementor-section-boxed elementor-section-height-default elementor-section-height-default\" data-id=\"cbe2c65\" data-element_type=\"section\">\n\t\t\t\t\t\t<div class=\"elementor-container elementor-column-gap-default\">\n\t\t\t\t\t<div class=\"elementor-column elementor-col-100 elementor-top-column elementor-element elementor-element-572f509\" data-id=\"572f509\" data-element_type=\"column\">\n\t\t\t<div class=\"elementor-widget-wrap\">\n\t\t\t\t\t\t\t<\/div>\n\t\t<\/div>\n\t\t\t\t\t<\/div>\n\t\t<\/section>\n\t\t\t\t<section class=\"elementor-section elementor-top-section elementor-element elementor-element-bb2eabb elementor-section-boxed elementor-section-height-default elementor-section-height-default\" data-id=\"bb2eabb\" data-element_type=\"section\">\n\t\t\t\t\t\t<div class=\"elementor-container elementor-column-gap-default\">\n\t\t\t\t\t<div class=\"elementor-column elementor-col-100 elementor-top-column elementor-element elementor-element-2a2f713\" data-id=\"2a2f713\" data-element_type=\"column\">\n\t\t\t<div class=\"elementor-widget-wrap elementor-element-populated\">\n\t\t\t\t\t\t<div class=\"elementor-element elementor-element-917b5fe elementor-widget elementor-widget-text-editor\" data-id=\"917b5fe\" data-element_type=\"widget\" data-widget_type=\"text-editor.default\">\n\t\t\t\t<div class=\"elementor-widget-container\">\n\t\t\t\t\t\t\t<p><span style=\"color: #000000;font-size: 30.974px;font-weight: 600\">By Mischa de Guzman \u2013\u00a0<\/span><a style=\"color: #000000;font-size: 30.974px;font-weight: 600\" href=\"https:\/\/www.instagram.com\/mischa.dg\/\">@mischa.dg<\/a><\/p>\t\t\t\t\t\t<\/div>\n\t\t\t\t<\/div>\n\t\t\t\t<div class=\"elementor-element elementor-element-9f158b9 elementor-widget elementor-widget-video\" data-id=\"9f158b9\" data-element_type=\"widget\" data-settings=\"{&quot;youtube_url&quot;:&quot;https:\\\/\\\/youtu.be\\\/NfpGByrI5cw&quot;,&quot;autoplay&quot;:&quot;yes&quot;,&quot;mute&quot;:&quot;yes&quot;,&quot;video_type&quot;:&quot;youtube&quot;,&quot;controls&quot;:&quot;yes&quot;}\" data-widget_type=\"video.default\">\n\t\t\t\t<div class=\"elementor-widget-container\">\n\t\t\t\t\t<div class=\"elementor-wrapper elementor-open-inline\">\n\t\t\t<div class=\"elementor-video\"><\/div>\t\t<\/div>\n\t\t\t\t<\/div>\n\t\t\t\t<\/div>\n\t\t\t\t\t<\/div>\n\t\t<\/div>\n\t\t\t\t\t<\/div>\n\t\t<\/section>\n\t\t\t\t<section class=\"elementor-section elementor-top-section elementor-element elementor-element-edf3dd9 elementor-section-boxed elementor-section-height-default elementor-section-height-default\" data-id=\"edf3dd9\" data-element_type=\"section\">\n\t\t\t\t\t\t<div class=\"elementor-container elementor-column-gap-default\">\n\t\t\t\t\t<div class=\"elementor-column elementor-col-100 elementor-top-column elementor-element elementor-element-483467b\" data-id=\"483467b\" data-element_type=\"column\">\n\t\t\t<div class=\"elementor-widget-wrap elementor-element-populated\">\n\t\t\t\t\t\t<div class=\"elementor-element elementor-element-7f2adeb elementor-widget elementor-widget-heading\" data-id=\"7f2adeb\" data-element_type=\"widget\" data-widget_type=\"heading.default\">\n\t\t\t\t<div class=\"elementor-widget-container\">\n\t\t\t<h2 class=\"elementor-heading-title elementor-size-default\"><h1>Mini- document\u00e1rio: Vozes da Gruta da Mesa - Di\u00e1logos interdisciplinares no s\u00edtio arqueol\u00f3gico.<\/h1><\/h2>\t\t<\/div>\n\t\t\t\t<\/div>\n\t\t\t\t<div class=\"elementor-element elementor-element-babf1ee elementor-widget elementor-widget-text-editor\" data-id=\"babf1ee\" data-element_type=\"widget\" data-widget_type=\"text-editor.default\">\n\t\t\t\t<div class=\"elementor-widget-container\">\n\t\t\t\t\t\t\t<p><br \/>Produ\u00e7\u00e3o e Edi\u00e7\u00e3o R\u00e9gis Orlando Rasia. Projeto &#8220;Cria\u00e7\u00e3o de um n\u00facleo audiovisual para divulga\u00e7\u00e3o cient\u00edfica sobre grafismos rupestres no Mato Grosso do Sul&#8221;. Projeto de Extens\u00e3o UFMS e aprovado pela Chamada Fundect\/SEMADESC\/SEAF 12\/2023 \u2013 Extens\u00e3o Tecnol\u00f3gica para Agricultores Familiares, Povos Origin\u00e1rios e Comunidades Tradicionais.\u00a0<\/p>\t\t\t\t\t\t<\/div>\n\t\t\t\t<\/div>\n\t\t\t\t\t<\/div>\n\t\t<\/div>\n\t\t\t\t\t<\/div>\n\t\t<\/section>\n\t\t\t\t<section class=\"elementor-section elementor-top-section elementor-element elementor-element-65e1814 elementor-section-boxed elementor-section-height-default elementor-section-height-default\" data-id=\"65e1814\" data-element_type=\"section\">\n\t\t\t\t\t\t<div class=\"elementor-container elementor-column-gap-default\">\n\t\t\t\t\t<div class=\"elementor-column elementor-col-100 elementor-top-column elementor-element elementor-element-33d6208\" data-id=\"33d6208\" data-element_type=\"column\">\n\t\t\t<div class=\"elementor-widget-wrap elementor-element-populated\">\n\t\t\t\t\t\t<div class=\"elementor-element elementor-element-a8d7fa8 elementor-widget elementor-widget-video\" data-id=\"a8d7fa8\" data-element_type=\"widget\" data-settings=\"{&quot;youtube_url&quot;:&quot;https:\\\/\\\/www.youtube.com\\\/watch?v=p-Eyxrw_NM8&quot;,&quot;video_type&quot;:&quot;youtube&quot;,&quot;controls&quot;:&quot;yes&quot;}\" data-widget_type=\"video.default\">\n\t\t\t\t<div class=\"elementor-widget-container\">\n\t\t\t\t\t<div class=\"elementor-wrapper elementor-open-inline\">\n\t\t\t<div class=\"elementor-video\"><\/div>\t\t<\/div>\n\t\t\t\t<\/div>\n\t\t\t\t<\/div>\n\t\t\t\t\t<\/div>\n\t\t<\/div>\n\t\t\t\t\t<\/div>\n\t\t<\/section>\n\t\t\t\t<section class=\"elementor-section elementor-top-section elementor-element elementor-element-65fdbc1 elementor-section-boxed elementor-section-height-default elementor-section-height-default\" data-id=\"65fdbc1\" data-element_type=\"section\">\n\t\t\t\t\t\t<div class=\"elementor-container elementor-column-gap-default\">\n\t\t\t\t\t<div class=\"elementor-column elementor-col-100 elementor-top-column elementor-element elementor-element-b779983\" data-id=\"b779983\" data-element_type=\"column\">\n\t\t\t<div class=\"elementor-widget-wrap elementor-element-populated\">\n\t\t\t\t\t\t<div class=\"elementor-element elementor-element-7960d07 elementor-widget elementor-widget-text-editor\" data-id=\"7960d07\" data-element_type=\"widget\" data-widget_type=\"text-editor.default\">\n\t\t\t\t<div class=\"elementor-widget-container\">\n\t\t\t\t\t\t\t<p>Entre os dias 17 e 30 de julho de 2025, a Universidade Federal de Mato Grosso do Sul (UFMS), atrav\u00e9s do Programa Trilha Rupestre, conduziu a terceira campanha de escava\u00e7\u00f5es na Gruta da Mesa, localizada no Parque Natural Municipal Templo dos Pilares, em Alcin\u00f3polis (MS). O v\u00eddeo conecta a pesquisa cient\u00edfica com a dimens\u00e3o humana, hist\u00f3rica e at\u00e9 simb\u00f3lica do s\u00edtio arqueol\u00f3gico. Evoca a multiplicidade de camadas, ou seja, as vozes dos pesquisadores, as vozes dos vest\u00edgios materiais e as vozes ancestrais que ecoam nas paredes da gruta. Participam do registro os pesquisadores Lia Raquel Toledo Brambilla Gasques, Patr\u00edcia Colombo Mescolotti e Andr\u00e9 Luis Ramos Soares, que explicam os procedimentos metodol\u00f3gicos e compartilham suas experi\u00eancias de investiga\u00e7\u00e3o neste s\u00edtio arqueol\u00f3gico. A iniciativa reuniu uma equipe multidisciplinar de pesquisadores e estudantes, tanto do Brasil quanto do exterior, em uma arquitetura investigativa que abra\u00e7a a arqueologia como uma disciplina integradora, entrela\u00e7ando m\u00e9todos, saberes e olhares. No campo, realizou-se a escava\u00e7\u00e3o, triagem, curadoria e an\u00e1lise, com destaque \u00e0 atua\u00e7\u00e3o dos alunos como parte ativa do processo, e por isso o s\u00edtio \u00e9 chamado de \u201cs\u00edtio-laborat\u00f3rio\u201d para a experimenta\u00e7\u00e3o de pr\u00e1ticas cient\u00edficas. A arqueologia e a geologia, neste local, atuam como campos de di\u00e1logo interdisciplinares, promovendo a troca de saberes entre diferentes institui\u00e7\u00f5es. Em um contexto que ilumina padr\u00f5es de ocupa\u00e7\u00e3o, mobilidade, simbolismo, uso do fogo e habita\u00e7\u00e3o em abrigos rochosos, a pesquisa \u00e9 catalisadora de m\u00faltiplas frentes: consolida\u00e7\u00e3o do acervo do MuArq, fortalecimento da educa\u00e7\u00e3o patrimonial e est\u00edmulo ao turismo comunit\u00e1rio, ressaltando a integra\u00e7\u00e3o entre ci\u00eancia, territ\u00f3rio e sociedade.<\/p>\t\t\t\t\t\t<\/div>\n\t\t\t\t<\/div>\n\t\t\t\t\t<\/div>\n\t\t<\/div>\n\t\t\t\t\t<\/div>\n\t\t<\/section>\n\t\t\t\t<section class=\"elementor-section elementor-top-section elementor-element elementor-element-3e23881 elementor-section-boxed elementor-section-height-default elementor-section-height-default\" data-id=\"3e23881\" data-element_type=\"section\">\n\t\t\t\t\t\t<div class=\"elementor-container elementor-column-gap-default\">\n\t\t\t\t\t<div class=\"elementor-column elementor-col-100 elementor-top-column elementor-element elementor-element-8614557\" data-id=\"8614557\" data-element_type=\"column\">\n\t\t\t<div class=\"elementor-widget-wrap elementor-element-populated\">\n\t\t\t\t\t\t<div class=\"elementor-element elementor-element-f5d777f elementor-widget elementor-widget-text-editor\" data-id=\"f5d777f\" data-element_type=\"widget\" data-widget_type=\"text-editor.default\">\n\t\t\t\t<div class=\"elementor-widget-container\">\n\t\t\t\t\t\t\t<p><span style=\"color: #000000;font-size: 16px\">A equipe formada pelos pesquisadores da UFMS, UFSM e UNESC recebeu a equipe da prefeitura de\u00a0<\/span><span style=\"font-size: 16px\">Alcin\u00f3polis durante os trabalhos de escava\u00e7\u00e3o arqueol\u00f3gica na Gruta da Mesa, no Parque Municipal Templo dos Pilares. Na ocasi\u00e3o, tamb\u00e9m tivemos oportunidade de receber a estudante de Mestrado do Instituto Polit\u00e9cnico de Tomar, Portugal, a arquiteta Mischa de Guzm\u00e1n, da Indon\u00e9sia.<\/span><\/p><p><span style=\"font-size: 16px\">O projeto, vinculado ao Programa Institucional Trilha Rupestre, da UFMS, tem como coordenador de campo o prof. Andr\u00e9 Soares, da UFSM. Atrav\u00e9s do conv\u00eanio entre as institui\u00e7\u00f5es do Brasil e o IPT, as atividades da Gruta da Mesa s\u00e3o reconhecidas internacionalmente como &#8220;s\u00edtio Escola Internacional de Arqueololgia&#8221;. Nesta terceira etapa de campo reunimos pesquisadores de diversas institui\u00e7\u00f5es para as atividades pr\u00e1ticas em arqueologia brasileira.<\/span><\/p>\t\t\t\t\t\t<\/div>\n\t\t\t\t<\/div>\n\t\t\t\t\t<\/div>\n\t\t<\/div>\n\t\t\t\t\t<\/div>\n\t\t<\/section>\n\t\t\t\t<\/div>\n\t\t","protected":false},"excerpt":{"rendered":"<p>Confira a s\u00e9rie &#8220;Entre Rios&#8221; Entre Rios \u00e9 uma s\u00e9rie em formato webdoc\/doc TV, composta por tr\u00eas epis\u00f3dios que investigam a regi\u00e3o norte de Mato Grosso do Sul a partir de suas paisagens, de suas ocupa\u00e7\u00f5es humanas e de seus vest\u00edgios materiais e imag\u00e9ticos. Combinando anima\u00e7\u00f5es e entrevistas com especialistas, pesquisadores e moradores locais, a [&hellip;]<\/p>\n","protected":false},"author":2538,"featured_media":0,"parent":0,"menu_order":0,"comment_status":"closed","ping_status":"closed","template":"","meta":{"footnotes":""},"categories":[],"tags":[],"class_list":["post-847","page","type-page","status-publish","hentry"],"acf":[],"_links":{"self":[{"href":"https:\/\/www.ufsm.br\/laboratorios\/lasca\/wp-json\/wp\/v2\/pages\/847","targetHints":{"allow":["GET"]}}],"collection":[{"href":"https:\/\/www.ufsm.br\/laboratorios\/lasca\/wp-json\/wp\/v2\/pages"}],"about":[{"href":"https:\/\/www.ufsm.br\/laboratorios\/lasca\/wp-json\/wp\/v2\/types\/page"}],"author":[{"embeddable":true,"href":"https:\/\/www.ufsm.br\/laboratorios\/lasca\/wp-json\/wp\/v2\/users\/2538"}],"replies":[{"embeddable":true,"href":"https:\/\/www.ufsm.br\/laboratorios\/lasca\/wp-json\/wp\/v2\/comments?post=847"}],"version-history":[{"count":0,"href":"https:\/\/www.ufsm.br\/laboratorios\/lasca\/wp-json\/wp\/v2\/pages\/847\/revisions"}],"wp:attachment":[{"href":"https:\/\/www.ufsm.br\/laboratorios\/lasca\/wp-json\/wp\/v2\/media?parent=847"}],"wp:term":[{"taxonomy":"category","embeddable":true,"href":"https:\/\/www.ufsm.br\/laboratorios\/lasca\/wp-json\/wp\/v2\/categories?post=847"},{"taxonomy":"post_tag","embeddable":true,"href":"https:\/\/www.ufsm.br\/laboratorios\/lasca\/wp-json\/wp\/v2\/tags?post=847"}],"curies":[{"name":"wp","href":"https:\/\/api.w.org\/{rel}","templated":true}]}}