{"id":192,"date":"2019-07-29T13:59:39","date_gmt":"2019-07-29T16:59:39","guid":{"rendered":"https:\/\/www.ufsm.br\/laboratorios\/laserg\/?page_id=192"},"modified":"2019-07-29T13:59:42","modified_gmt":"2019-07-29T16:59:42","slug":"livros-a-venda","status":"publish","type":"page","link":"https:\/\/www.ufsm.br\/laboratorios\/laserg\/livros-a-venda","title":{"rendered":"Livros \u00e0 venda"},"content":{"rendered":"\n<p>Aqui est\u00e3o expostos alguns livros que tiveram a participa\u00e7\u00e3o do L\u00edder do Grupo de Pesquisa, professor\u00a0<strong>Dr. Airton dos Santos Alon\u00e7o<\/strong>. Clique nas imagens para obter informa\u00e7\u00f5es como pre\u00e7os forma de envio. Para qualquer d\u00favida, entre em contato conosco atrav\u00e9s do\u00a0<a href=\"http:\/\/w3.ufsm.br\/laserg\/laserg.ufsm.br\/contato\" target=\"_blank\" rel=\"noopener noreferrer\">formul\u00e1rio de contato<\/a>\u00a0do site.<\/p>\n<p><img decoding=\"async\" class=\"alignnone wp-image-193\" src=\"https:\/\/www.ufsm.br\/laboratorios\/laserg\/wp-content\/uploads\/sites\/689\/2019\/07\/LIVRO_1peq-150x150.jpg\" alt=\"\" width=\"160\" height=\"230\" \/><\/p>\n<p><strong>PERDAS NA COLHEITA MEC\u00c2NICA DE GRAOS<\/strong><\/p>\n<p>S\u00e9rie Documentos n\u00ba 35, publicada pela EMBRAPA em 1997. Possui a co-autoria do Prof. Dr. \u00c2ngelo Vieira dos Reis (UFPel), e trata sobre a origem e avalia\u00e7\u00e3o das perdas na colheita de gr\u00e3os e regulagens que dever\u00e3o sofrer as colhedoras, principalmente, na colheita de arroz irrigado.<\/p>\n<p><strong>Dispon\u00edvel para venda.<\/strong><\/p>\n<p>Valor:\u00a0<strong>R$ 15,00 + R$ 10,00<\/strong>\u00a0(para despesas com correio).<\/p>\n<p><strong>Como efetuar a compra<\/strong>:<\/p>\n<ul>\n<li>\n<ul>\n<li>Depositar o valor na conta corrente n\u00ba 01006531-7, Banco n\u00ba 104, Ag\u00eancia n\u00ba 1366-7;<\/li>\n<li>Enviar para o endere\u00e7o eletr\u00f4nico\u00a0<strong>alon\u00e7<span id=\"cloak24102\"><a href=\"mailto:o@ccr.ufsm.br\">o@ccr.ufsm.br<\/a><\/span><\/strong>\u00a0c\u00f3pia do comprovante de dep\u00f3sito e endere\u00e7o completo para correspond\u00eancia do comprador a fim de que possamos enviar imediatamente o material adquirido.<\/li>\n<\/ul>\n<\/li>\n<\/ul>\n<p><img decoding=\"async\" class=\"alignnone size-thumbnail wp-image-194\" src=\"https:\/\/www.ufsm.br\/laboratorios\/laserg\/wp-content\/uploads\/sites\/689\/2019\/07\/LIVRO_2_SEGUNDA_EDICAO_2005-150x150.jpg\" alt=\"\" width=\"150\" height=\"150\" \/><\/p>\n<p><strong>M\u00c1QUINAS PARA PREPARO DO SOLO, SEMEADURA, ADUBA\u00c7AO E TRATAMENTOS CULTURAIS &#8211; 2\u00aa edi\u00e7\u00e3o\/2005<\/strong><\/p>\n<p>O presente livro surgiu da necessidade existente no mercado de material bibliogr\u00e1fico que suprisse os alunos da disciplina de M\u00e1quinas Agr\u00edcolas, de Cursos vinculados a UFPel, UFSM e UNISC, com um texto did\u00e1tico espec\u00edfico. Desta forma, coloca-se, \u00e0 disposi\u00e7\u00e3o dos alunos, informa\u00e7\u00f5es que, encontram-se dispersas em outras obras, muitas delas em l\u00edngua estrangeira ou j\u00e1 bastante antigas.<br \/>Por ser um livro did\u00e1tico, n\u00e3o pretende esgotar as quest\u00f5es t\u00e9cnicas de cada assunto. N\u00e3o obstante, oferece meios para que o leitor mais interessado busque informa\u00e7\u00f5es adicionais mais aprofundadas sobre v\u00e1rios t\u00f3picos.<br \/>Neste livro, s\u00e3o abordados apenas os temas referentes \u00e0s m\u00e1quinas para preparo do solo, semeadura, aduba\u00e7\u00e3o e tratamentos culturais.<\/p>\n<p>\u00a0\u00a0\u00a0\u00a0Exemplar Esgotado<\/p>\n<p><img decoding=\"async\" class=\"alignleft wp-image-195\" src=\"https:\/\/www.ufsm.br\/laboratorios\/laserg\/wp-content\/uploads\/sites\/689\/2019\/07\/LIVRO_3_REIMPRESSAO_2002.jpg\" alt=\"\" width=\"150\" height=\"221\" \/><\/p>\n<p><img loading=\"lazy\" decoding=\"async\" class=\"alignnone wp-image-196\" src=\"https:\/\/www.ufsm.br\/laboratorios\/laserg\/wp-content\/uploads\/sites\/689\/2019\/07\/LIVRO3_SEGUNDA_EDICAO.jpg\" alt=\"\" width=\"150\" height=\"221\" \/><\/p>\n<p>\u00a0<\/p>\n<p><strong>MOTORES, TRATORES, COMBUST\u00cdVEIS E LUBRIFICANTES &#8211; 2\u00aa edi\u00e7\u00e3o\/2005<\/strong><\/p>\n<p>O presente livro surgiu da necessidade existente no mercado de material bibliogr\u00e1fico que suprisse os alunos da disciplina de M\u00e1quinas Agr\u00edcolas, de Cursos vinculados a UFPel, UFSM e UNISC, com um texto did\u00e1tico espec\u00edfico. Desta forma, coloca-se, \u00e0 disposi\u00e7\u00e3o dos alunos, informa\u00e7\u00f5es que, encontram-se dispersas em outras obras, muitas delas em l\u00edngua estrangeira ou j\u00e1 bastante antigas.<br \/>Por ser um livro did\u00e1tico, n\u00e3o pretende esgotar as quest\u00f5es t\u00e9cnicas de cada assunto. N\u00e3o obstante, oferece meios para que o leitor mais interessado busque informa\u00e7\u00f5es adicionais mais aprofundadas sobre v\u00e1rios t\u00f3picos.<br \/>S\u00e3o autores do livro, os Professores \u00c2ngelo Vieira dos Reis (Dr. Eng. \u2013 UFPel); Ant\u00f4nio Lilles Tavares Machado (Dr. \u2013 UFPel); Carlos Ant\u00f4nio da Costa Tillmann (M.Sc. \u2013 UNISC) e Manuel Luiz Brenner de Moraes (Dr. \u2013 UFPel).<br \/>Neste livro, o Prof. Airton dos Santos Alon\u00e7o (Dr. Eng.) \u00e9 o autor do Cap\u00edtulo 4 da Parte II sobre NO\u00c7\u00d5ES DE SEGURAN\u00c7A E OPERA\u00c7\u00c3O DE TRATORES.<\/p>\n<p>\u00a0\u00a0\u00a0\u00a0Exemplar Esgotado<\/p>\n<p>\u00a0<\/p>\n<p><img loading=\"lazy\" decoding=\"async\" class=\"alignnone wp-image-197\" src=\"https:\/\/www.ufsm.br\/laboratorios\/laserg\/wp-content\/uploads\/sites\/689\/2019\/07\/LIVRO_4-150x150.jpg\" alt=\"\" width=\"150\" height=\"221\" \/><\/p>\n<div id=\"livro04\">\n<div id=\"cont04\">\n<p><strong>M\u00c1QUINAS PARA SILAGEM<\/strong><\/p>\n<p>Este livro, lan\u00e7ado em 2003, \u00e9 o primeiro de uma trilogia que possui como obras complementares um volume sobre\u00a0<strong>m\u00e1quinas para fena\u00e7\u00e3o<\/strong>\u00a0e outro sobre\u00a0<strong>m\u00e1quinas auxiliares para silagem e fena\u00e7\u00e3o<\/strong>.<br \/>O mesmo foi escrito com o objetivo de fornecer a zootecnistas, agr\u00f4nomos, engenheiros agr\u00edcolas e demais envolvidos no processo produtivo rural, informa\u00e7\u00f5es sobre as m\u00e1quinas existentes para silagem, suas regulagens, manuten\u00e7\u00e3o, forma correta de opera\u00e7\u00e3o e, enfim, maneiras para se obter o m\u00e1ximo proveito destas m\u00e1quinas.<br \/>Por ser um livro eminentemente did\u00e1tico, n\u00e3o pretende esgotar o assunto em si. Entretanto, permite a possibilidade de o leitor, venha a buscar informa\u00e7\u00f5es complementares e mais aprofundadas sobre os t\u00f3picos nele tratados.<\/p>\n<p><strong>Dispon\u00edvel para venda.<\/strong><\/p>\n<p>Valor:\u00a0<strong>R$ 35,00 + R$ 15,00<\/strong>\u00a0(para despesas com correio).<\/p>\n<p><strong>Como efetuar a compra<\/strong>:<\/p>\n<ul>\n<li>\n<ul>\n<li>Depositar o valor na conta corrente n\u00ba 01006531-7, Banco n\u00ba 104, Ag\u00eancia n\u00ba 1366-7;<\/li>\n<li>Enviar para o endere\u00e7o eletr\u00f4nico\u00a0<strong>alon\u00e7<span id=\"cloak74578\"><a href=\"mailto:o@ccr.ufsm.br\">o@ccr.ufsm.br<\/a><\/span><\/strong>\u00a0c\u00f3pia do comprovante de dep\u00f3sito e endere\u00e7o completo para correspond\u00eancia do comprador a fim de que possamos enviar imediatamente o material adquirido.<\/li>\n<\/ul>\n<\/li>\n<\/ul>\n<p><img loading=\"lazy\" decoding=\"async\" class=\"alignnone wp-image-198\" src=\"https:\/\/www.ufsm.br\/laboratorios\/laserg\/wp-content\/uploads\/sites\/689\/2019\/07\/LIVRO_5-150x150.jpg\" alt=\"\" width=\"150\" height=\"218\" \/><\/p>\n<p><strong>M\u00c1QUINAS PARA FENA\u00c7AO<\/strong><\/p>\n<p>Este livro, lan\u00e7ado em 2004, \u00e9 o segundo de uma trilogia que possui como obras complementares um volume sobre\u00a0<strong>m\u00e1quinas para silagem<\/strong>\u00a0e outro sobre\u00a0<strong>m\u00e1quinas auxiliares para silagem e fena\u00e7\u00e3o<\/strong>.<br \/>O mesmo foi escrito com o objetivo de fornecer a zootecnistas, agr\u00f4nomos, engenheiros agr\u00edcolas e demais envolvidos no processo produtivo rural, informa\u00e7\u00f5es sobre as m\u00e1quinas existentes para fena\u00e7\u00e3o, suas regulagens, manuten\u00e7\u00e3o, forma correta de opera\u00e7\u00e3o e, enfim, maneiras para se obter o m\u00e1ximo proveito destas m\u00e1quinas.<br \/>Por ser um livro eminentemente did\u00e1tico, n\u00e3o pretende esgotar o assunto em si. Entretanto, permite a possibilidade de o leitor, venha a buscar informa\u00e7\u00f5es complementares e mais aprofundadas sobre os t\u00f3picos nele tratados.<\/p>\n<p>\u00a0\u00a0\u00a0\u00a0Exemplar Esgotado<\/p>\n<\/div>\n<p><img loading=\"lazy\" decoding=\"async\" class=\"alignnone wp-image-199\" src=\"https:\/\/www.ufsm.br\/laboratorios\/laserg\/wp-content\/uploads\/sites\/689\/2019\/07\/LIVRO_6-150x150.jpg\" alt=\"\" width=\"150\" height=\"218\" \/><\/p>\n<p><strong>M\u00c1QUINAS AUXILIARES PARA SILAGEM E FENA\u00c7AO<\/strong><\/p>\n<p>Este livro, lan\u00e7ado em 2005, \u00e9 o terceiro de uma trilogia que possui como obras complementares um volume sobre\u00a0<strong>m\u00e1quinas para fena\u00e7\u00e3o<\/strong>\u00a0e outro sobre\u00a0<strong>m\u00e1quinas para silagem<\/strong>.<br \/>O mesmo foi escrito com o objetivo de fornecer a zootecnistas, agr\u00f4nomos, engenheiros agr\u00edcolas e demais envolvidos no processo produtivo rural, informa\u00e7\u00f5es sobre as m\u00e1quinas auxiliares para silagem e fena\u00e7\u00e3o existentes, suas regulagens, manuten\u00e7\u00e3o, forma correta de opera\u00e7\u00e3o e, enfim, maneiras para se obter o m\u00e1ximo proveito destas m\u00e1quinas.<br \/>Por ser um livro eminentemente did\u00e1tico, n\u00e3o pretende esgotar o assunto em si. Entretanto, permite a possibilidade de o leitor, venha a buscar informa\u00e7\u00f5es complementares e mais aprofundadas sobre os t\u00f3picos nele tratados.<\/p>\n<p><strong>Dispon\u00edvel para venda.<\/strong><\/p>\n<p>Valor:\u00a0<strong>R$ 50,00 + R$ 15,00<\/strong>\u00a0(para despesas com correio).<\/p>\n<p><strong>Como efetuar a compra<\/strong>:<\/p>\n<ul>\n<li>\n<ul>\n<li>Depositar o valor na conta corrente n\u00ba 01006531-7, Banco n\u00ba 104, Ag\u00eancia n\u00ba 1366-7;<\/li>\n<li>Enviar para o endere\u00e7o eletr\u00f4nico\u00a0<strong>alon\u00e7<span id=\"cloak67124\"><a href=\"mailto:o@ccr.ufsm.br\">o@ccr.ufsm.br<\/a><\/span><\/strong>\u00a0c\u00f3pia do comprovante de dep\u00f3sito e endere\u00e7o completo para correspond\u00eancia do comprador a fim de que possamos enviar imediatamente o material adquirido.<\/li>\n<\/ul>\n<\/li>\n<\/ul>\n<p>\u00a0<\/p>\n<\/div>\n<p><img loading=\"lazy\" decoding=\"async\" class=\"alignnone wp-image-200\" src=\"https:\/\/www.ufsm.br\/laboratorios\/laserg\/wp-content\/uploads\/sites\/689\/2019\/07\/LIVRO_7-150x150.jpg\" alt=\"\" width=\"150\" height=\"213\" \/><\/p>\n<p><strong>A CULTURA DO PESSEGUEIRO<\/strong><\/p>\n<p>Este livro, lan\u00e7ado em 1998, tem o Prof.\u00a0<strong>Airton dos Santos Alon\u00e7o<\/strong>\u00a0(Dr. Eng.) como autor do Cap\u00edtulo 12, EQUIPAMENTOS E TECNOLOGIA DE APLICA\u00c7\u00c3O DE DEFENSIVOS AGR\u00cdCOLAS.<\/p>\n<p><strong>\u00a0<\/strong><\/p>\n<p><strong>Dispon\u00edvel para venda.<\/strong><br \/>Exemplares desta obra podem ser adquiridos na:<\/p>\n<p><strong>Embrapa Produ\u00e7\u00e3o de Informa\u00e7\u00e3o<\/strong><br \/>SAIN Parque Rural \u2013 Av. W3 Norte (final)<br \/>Caixa Postal 040315<br \/>CEP: 70770-901 \u2013 Bras\u00edlia DF.<br \/>Fone: (061) 33484155 \/ 33484236<br \/>Fax: (061) 3272 4168<\/p>\n<p>\u00a0<\/p>\n<p><img loading=\"lazy\" decoding=\"async\" class=\"alignnone wp-image-201\" src=\"https:\/\/www.ufsm.br\/laboratorios\/laserg\/wp-content\/uploads\/sites\/689\/2019\/07\/LIVRO_8-150x150.jpg\" alt=\"\" width=\"150\" height=\"203\" \/><\/p>\n<div class=\"item-page\">\n<div>\n<div id=\"content\" class=\"fonte_rodape\">\n<div id=\"livro08\">\n<div id=\"cont08\">\n<p><strong>ARROZ IRRIGADO NO SUL DO BRASIL<\/strong><\/p>\n<p>Este livro, lan\u00e7ado em 2004, tem o Prof.\u00a0<strong>Airton dos Santos Alon\u00e7o<\/strong>\u00a0(Dr. Eng.) como co-autor do Cap\u00edtulo 21, COLHEITA DO ARROZ IRRIGADO. Os outros autores deste cap\u00edtulo s\u00e3o: Dr. Daniel Fernandez Franco (EMBRAPA-CPACT) e Dr. Jos\u00e9 Alceu Infeld (EMBRAPA-CPACT).<\/p>\n<p><strong>\u00a0<\/strong><\/p>\n<p><strong>Dispon\u00edvel para venda.<\/strong><br \/>Exemplares desta obra podem ser adquiridos na:<\/p>\n<p><strong>Embrapa Produ\u00e7\u00e3o de Informa\u00e7\u00e3o<\/strong><br \/>SAIN Parque Rural \u2013 Av. W3 Norte (final)<br \/>Caixa Postal 040315<br \/>CEP: 70770-901 \u2013 Bras\u00edlia DF.<br \/>Fone: (061) 33484155 \/ 33484236<br \/>Fax: (061) 3272 4168<\/p>\n<\/div>\n<\/div>\n<\/div>\n<\/div>\n<\/div>\n<p>\u00a0<\/p>\n","protected":false},"excerpt":{"rendered":"<p>Aqui est\u00e3o expostos alguns livros que tiveram a participa\u00e7\u00e3o do L\u00edder do Grupo de Pesquisa, professor\u00a0Dr. Airton dos Santos Alon\u00e7o. Clique nas imagens para obter informa\u00e7\u00f5es como pre\u00e7os forma de envio. Para qualquer d\u00favida, entre em contato conosco atrav\u00e9s do\u00a0formul\u00e1rio de contato\u00a0do site. PERDAS NA COLHEITA MEC\u00c2NICA DE GRAOS S\u00e9rie Documentos n\u00ba 35, publicada pela [&hellip;]<\/p>\n","protected":false},"author":115,"featured_media":0,"parent":0,"menu_order":0,"comment_status":"closed","ping_status":"closed","template":"","meta":{"footnotes":""},"categories":[],"tags":[],"class_list":["post-192","page","type-page","status-publish","hentry"],"acf":[],"_links":{"self":[{"href":"https:\/\/www.ufsm.br\/laboratorios\/laserg\/wp-json\/wp\/v2\/pages\/192","targetHints":{"allow":["GET"]}}],"collection":[{"href":"https:\/\/www.ufsm.br\/laboratorios\/laserg\/wp-json\/wp\/v2\/pages"}],"about":[{"href":"https:\/\/www.ufsm.br\/laboratorios\/laserg\/wp-json\/wp\/v2\/types\/page"}],"author":[{"embeddable":true,"href":"https:\/\/www.ufsm.br\/laboratorios\/laserg\/wp-json\/wp\/v2\/users\/115"}],"replies":[{"embeddable":true,"href":"https:\/\/www.ufsm.br\/laboratorios\/laserg\/wp-json\/wp\/v2\/comments?post=192"}],"version-history":[{"count":0,"href":"https:\/\/www.ufsm.br\/laboratorios\/laserg\/wp-json\/wp\/v2\/pages\/192\/revisions"}],"wp:attachment":[{"href":"https:\/\/www.ufsm.br\/laboratorios\/laserg\/wp-json\/wp\/v2\/media?parent=192"}],"wp:term":[{"taxonomy":"category","embeddable":true,"href":"https:\/\/www.ufsm.br\/laboratorios\/laserg\/wp-json\/wp\/v2\/categories?post=192"},{"taxonomy":"post_tag","embeddable":true,"href":"https:\/\/www.ufsm.br\/laboratorios\/laserg\/wp-json\/wp\/v2\/tags?post=192"}],"curies":[{"name":"wp","href":"https:\/\/api.w.org\/{rel}","templated":true}]}}