{"id":2,"date":"2019-05-14T15:59:30","date_gmt":"2019-05-14T18:59:30","guid":{"rendered":"https:\/\/www.ufsm.br\/laboratorios-larp\/?page_id=2"},"modified":"2019-10-23T17:22:43","modified_gmt":"2019-10-23T20:22:43","slug":"pagina-inicial","status":"publish","type":"page","link":"https:\/\/www.ufsm.br\/laboratorios\/laserg\/","title":{"rendered":"P\u00e1gina inicial"},"content":{"rendered":"\t\t<div data-elementor-type=\"wp-post\" data-elementor-id=\"2\" class=\"elementor elementor-2\">\n\t\t\t\t\t\t<section class=\"elementor-section elementor-top-section elementor-element elementor-element-6e6b627 elementor-section-boxed elementor-section-height-default elementor-section-height-default\" data-id=\"6e6b627\" data-element_type=\"section\">\n\t\t\t\t\t\t<div class=\"elementor-container elementor-column-gap-default\">\n\t\t\t\t\t<div class=\"elementor-column elementor-col-100 elementor-top-column elementor-element elementor-element-e6a3f8d\" data-id=\"e6a3f8d\" data-element_type=\"column\">\n\t\t\t<div class=\"elementor-widget-wrap elementor-element-populated\">\n\t\t\t\t\t\t<div class=\"elementor-element elementor-element-e48e5ed elementor-widget elementor-widget-wp-widget-ufsm_noticias_widget\" data-id=\"e48e5ed\" data-element_type=\"widget\" data-widget_type=\"wp-widget-ufsm_noticias_widget.default\">\n\t\t\t\t<div class=\"elementor-widget-container\">\n\t\t\t<div id='ufsm-carousel-1775322705-1230537321' class='carousel slide carousel-ufsm' data-bs-ride='carousel' aria-hidden='true'>\n    <div class='carousel-inner'>\n                    \n\n            <div class='carousel-item active' data-bs-interval='4000'>\n                                    <!-- Slider Image -->\n                    <img class='w-100'  style='max-height:250px; object-fit:cover;' alt=\"\" srcset=\"https:\/\/www.ufsm.br\/app\/uploads\/sites\/689\/2019\/07\/1170x308-crop-90-images_album_laserg14-300x79.jpg 300w, https:\/\/www.ufsm.br\/app\/uploads\/sites\/689\/2019\/07\/1170x308-crop-90-images_album_laserg14-768x202.jpg 768w, https:\/\/www.ufsm.br\/app\/uploads\/sites\/689\/2019\/07\/1170x308-crop-90-images_album_laserg14-1024x270.jpg 1024w, https:\/\/www.ufsm.br\/app\/uploads\/sites\/689\/2019\/07\/1170x308-crop-90-images_album_laserg14.jpg 1170w\">\n                \n                \n                                                            <\/div>\n                    \n\n            <div class='carousel-item ' data-bs-interval='4000'>\n                                    <!-- Slider Image -->\n                    <img class='w-100'  style='max-height:250px; object-fit:cover;' alt=\"\" srcset=\"https:\/\/www.ufsm.br\/app\/uploads\/sites\/689\/2019\/07\/1170x308-crop-90-images_album_laserg10-300x79.jpg 300w, https:\/\/www.ufsm.br\/app\/uploads\/sites\/689\/2019\/07\/1170x308-crop-90-images_album_laserg10-768x202.jpg 768w, https:\/\/www.ufsm.br\/app\/uploads\/sites\/689\/2019\/07\/1170x308-crop-90-images_album_laserg10-1024x270.jpg 1024w, https:\/\/www.ufsm.br\/app\/uploads\/sites\/689\/2019\/07\/1170x308-crop-90-images_album_laserg10.jpg 1170w\">\n                \n                \n                                                            <\/div>\n                    \n\n            <div class='carousel-item ' data-bs-interval='4000'>\n                                    <!-- Slider Image -->\n                    <img class='w-100'  style='max-height:250px; object-fit:cover;' alt=\"\" srcset=\"https:\/\/www.ufsm.br\/app\/uploads\/sites\/689\/2019\/07\/1170x308-crop-90-images_album_laserg5-300x79.jpg 300w, https:\/\/www.ufsm.br\/app\/uploads\/sites\/689\/2019\/07\/1170x308-crop-90-images_album_laserg5-768x202.jpg 768w, https:\/\/www.ufsm.br\/app\/uploads\/sites\/689\/2019\/07\/1170x308-crop-90-images_album_laserg5-1024x270.jpg 1024w, https:\/\/www.ufsm.br\/app\/uploads\/sites\/689\/2019\/07\/1170x308-crop-90-images_album_laserg5.jpg 1170w\">\n                \n                \n                                                            <\/div>\n                    \n\n            <div class='carousel-item ' data-bs-interval='4000'>\n                                    <!-- Slider Image -->\n                    <img class='w-100'  style='max-height:250px; object-fit:cover;' alt=\"\" srcset=\"https:\/\/www.ufsm.br\/app\/uploads\/sites\/689\/2019\/07\/1170x308-crop-90-images_album_laserg2-300x79.jpg 300w, https:\/\/www.ufsm.br\/app\/uploads\/sites\/689\/2019\/07\/1170x308-crop-90-images_album_laserg2-768x202.jpg 768w, https:\/\/www.ufsm.br\/app\/uploads\/sites\/689\/2019\/07\/1170x308-crop-90-images_album_laserg2-1024x270.jpg 1024w, https:\/\/www.ufsm.br\/app\/uploads\/sites\/689\/2019\/07\/1170x308-crop-90-images_album_laserg2.jpg 1170w\">\n                \n                \n                                                            <\/div>\n                    \n\n            <div class='carousel-item ' data-bs-interval='4000'>\n                                    <!-- Slider Image -->\n                    <img class='w-100'  style='max-height:250px; object-fit:cover;' alt=\"\" srcset=\"https:\/\/www.ufsm.br\/app\/uploads\/sites\/689\/2019\/07\/1170x308-crop-90-images_album_dsc00715-300x79.jpg 300w, https:\/\/www.ufsm.br\/app\/uploads\/sites\/689\/2019\/07\/1170x308-crop-90-images_album_dsc00715-768x202.jpg 768w, https:\/\/www.ufsm.br\/app\/uploads\/sites\/689\/2019\/07\/1170x308-crop-90-images_album_dsc00715-1024x270.jpg 1024w, https:\/\/www.ufsm.br\/app\/uploads\/sites\/689\/2019\/07\/1170x308-crop-90-images_album_dsc00715.jpg 1170w\">\n                \n                \n                                                            <\/div>\n                    <!-- Exibi Indicadores -->\n                    <ol class='carousel-indicators carousel-indicators-numbers d-none d-md-flex align-self-end m-0'>\n                <li data-bs-target='#ufsm-carousel-1775322705-1230537321' data-bs-slide-to='0' class='d-flex rounded-circle active'><span class='m-auto fw-bold'>1<\/span><\/li><li data-bs-target='#ufsm-carousel-1775322705-1230537321' data-bs-slide-to='1' class='d-flex rounded-circle '><span class='m-auto fw-bold'>2<\/span><\/li><li data-bs-target='#ufsm-carousel-1775322705-1230537321' data-bs-slide-to='2' class='d-flex rounded-circle '><span class='m-auto fw-bold'>3<\/span><\/li><li data-bs-target='#ufsm-carousel-1775322705-1230537321' data-bs-slide-to='3' class='d-flex rounded-circle '><span class='m-auto fw-bold'>4<\/span><\/li><li data-bs-target='#ufsm-carousel-1775322705-1230537321' data-bs-slide-to='4' class='d-flex rounded-circle '><span class='m-auto fw-bold'>5<\/span><\/li>            <\/ol>\n            <a class='carousel-control-prev' href='#ufsm-carousel-1775322705-1230537321' role='button' data-bs-slide='prev'>\n                <span class='carousel-control-prev-icon' aria-hidden='true'><\/span>\n                <span class='visually-hidden'>Previous<\/span>\n            <\/a>\n            <a class='carousel-control-next' href='#ufsm-carousel-1775322705-1230537321' role='button' data-bs-slide='next'>\n                <span class='carousel-control-next-icon' aria-hidden='true'><\/span>\n                <span class='visually-hidden'>Next<\/span>\n            <\/a>\n            <\/div>\n<\/div>\n<!-- Acessibilidade, apenas leitor de tela -->\n<ul class='visually-hidden'>\n    <li><a href='https:\/\/www.ufsm.br\/laboratorios\/laserg\/2019\/07\/29\/banner5'>banner5<\/a><\/li><li><a href='https:\/\/www.ufsm.br\/laboratorios\/laserg\/2019\/07\/29\/banner4'>banner4<\/a><\/li><li><a href='https:\/\/www.ufsm.br\/laboratorios\/laserg\/2019\/07\/29\/banner3'>banner3<\/a><\/li><li><a href='https:\/\/www.ufsm.br\/laboratorios\/laserg\/2019\/07\/29\/banner2'>banner2<\/a><\/li><li><a href='https:\/\/www.ufsm.br\/laboratorios\/laserg\/2019\/07\/29\/banner1-2'>banner1<\/a><\/li><\/ul>\n\t\t<\/div>\n\t\t\t\t<\/div>\n\t\t\t\t\t<\/div>\n\t\t<\/div>\n\t\t\t\t\t<\/div>\n\t\t<\/section>\n\t\t\t\t<section class=\"elementor-section elementor-top-section elementor-element elementor-element-31fda3f1 elementor-section-boxed elementor-section-height-default elementor-section-height-default\" data-id=\"31fda3f1\" data-element_type=\"section\">\n\t\t\t\t\t\t<div class=\"elementor-container elementor-column-gap-default\">\n\t\t\t\t\t<div class=\"elementor-column elementor-col-100 elementor-top-column elementor-element elementor-element-7c1b024\" data-id=\"7c1b024\" data-element_type=\"column\">\n\t\t\t<div class=\"elementor-widget-wrap elementor-element-populated\">\n\t\t\t\t\t\t<div class=\"elementor-element elementor-element-8d9b83a elementor-widget elementor-widget-heading\" data-id=\"8d9b83a\" data-element_type=\"widget\" data-widget_type=\"heading.default\">\n\t\t\t\t<div class=\"elementor-widget-container\">\n\t\t\t<h5 class=\"elementor-heading-title elementor-size-default\">Apresenta\u00e7\u00e3o<\/h5>\t\t<\/div>\n\t\t\t\t<\/div>\n\t\t\t\t<div class=\"elementor-element elementor-element-c8da605 elementor-widget elementor-widget-text-editor\" data-id=\"c8da605\" data-element_type=\"widget\" data-widget_type=\"text-editor.default\">\n\t\t\t\t<div class=\"elementor-widget-container\">\n\t\t\t\t\t\t\t<p>O\u00a0<strong>Laborat\u00f3rio de Pesquisa e Desenvolvimento de M\u00e1quinas Agr\u00edcolas\u00a0<\/strong>tem como miss\u00e3o apoiar os alunos e professores na elabora\u00e7\u00e3o e execu\u00e7\u00e3o de trabalhos, tendo em vista a necessidade de colocar em pr\u00e1tica os conhecimentos te\u00f3ricos adquiridos nas disciplinas ministradas nos cursos de gradua\u00e7\u00e3o (<strong>Engenharia Florestal, Agronomia, Zootecnia, Engenharia Mec\u00e2nica, Engenharia El\u00e9trica\u00a0<\/strong>e outros) e de P\u00f3s-Gradua\u00e7\u00e3o (<strong>Engenharia Agr\u00edcola e Engenharia de Produ\u00e7\u00e3o<\/strong>), n\u00e3o obstante, poder servir tamb\u00e9m de apoio para outras disciplinas e\/ou projetos de pesquisa em conson\u00e2ncia com as necessidades da ind\u00fastria e\/ou dos usu\u00e1rios de m\u00e1quinas agr\u00edcolas.<\/p>\t\t\t\t\t\t<\/div>\n\t\t\t\t<\/div>\n\t\t\t\t\t<\/div>\n\t\t<\/div>\n\t\t\t\t\t<\/div>\n\t\t<\/section>\n\t\t\t\t<section class=\"elementor-section elementor-top-section elementor-element elementor-element-7416eee elementor-section-boxed elementor-section-height-default elementor-section-height-default\" data-id=\"7416eee\" data-element_type=\"section\">\n\t\t\t\t\t\t<div class=\"elementor-container elementor-column-gap-default\">\n\t\t\t\t\t<div class=\"elementor-column elementor-col-100 elementor-top-column elementor-element elementor-element-fff47c8\" data-id=\"fff47c8\" data-element_type=\"column\">\n\t\t\t<div class=\"elementor-widget-wrap elementor-element-populated\">\n\t\t\t\t\t\t<div class=\"elementor-element elementor-element-203a095 elementor-widget elementor-widget-wp-widget-ufsm_utilidades\" data-id=\"203a095\" data-element_type=\"widget\" data-widget_type=\"wp-widget-ufsm_utilidades.default\">\n\t\t\t\t<div class=\"elementor-widget-container\">\n\t\t\t\t\t<h5 class=\"card-title titulo-conteudos\">Utilidades<\/h5>\n\t\t\t\t\n\t\t<div class=\"row d-flex justify-content-around\">\n\t\t\t\t\t\t\t<div class=\"col-12 col-sm-6 col-md-2 mt-4 text-center\">\n\t\t\t\t\t\t\t\t\t\t\t<a href=\"https:\/\/www.ufsm.br\/laboratorios\/laserg\/equipe\" class=\"item-utilidades d-block\">\n\t\t\t\t\t\t\t\t\t\t<i class=\"fa fa-group animation-pulse\" aria-hidden=\"true\"><\/i><b>Equipe<\/b><\/a>\n\t\t\t\t<\/div>\n\t\t\t\t\t\t\t<div class=\"col-12 col-sm-6 col-md-2 mt-4 text-center\">\n\t\t\t\t\t\t\t\t\t\t\t<a href=\"https:\/\/www.ufsm.br\/laboratorios\/laserg\/producao-cientifica\" class=\"item-utilidades d-block\">\n\t\t\t\t\t\t\t\t\t\t<i class=\"fa fa-quote-right animation-pulse\" aria-hidden=\"true\"><\/i><b>Produ\u00e7\u00e3o Cient\u00edfica<\/b><\/a>\n\t\t\t\t<\/div>\n\t\t\t\t\t\t\t<div class=\"col-12 col-sm-6 col-md-2 mt-4 text-center\">\n\t\t\t\t\t\t\t\t\t\t\t<a href=\"https:\/\/www.ufsm.br\/laboratorios\/laserg\/projetos\" class=\"item-utilidades d-block\">\n\t\t\t\t\t\t\t\t\t\t<i class=\"fa fa-thumb-tack animation-pulse\" aria-hidden=\"true\"><\/i><b>Projetos<\/b><\/a>\n\t\t\t\t<\/div>\n\t\t\t\t\t\t\t<div class=\"col-12 col-sm-6 col-md-2 mt-4 text-center\">\n\t\t\t\t\t\t\t\t\t\t\t<a href=\"https:\/\/www.ufsm.br\/laboratorios\/laserg\/infraestrutura\" class=\"item-utilidades d-block\">\n\t\t\t\t\t\t\t\t\t\t<i class=\"fa fa-university animation-pulse\" aria-hidden=\"true\"><\/i><b>Infraestrutura<\/b><\/a>\n\t\t\t\t<\/div>\n\t\t\t\t\t<\/div>\n\t\t\t\t<\/div>\n\t\t\t\t<\/div>\n\t\t\t\t\t<\/div>\n\t\t<\/div>\n\t\t\t\t\t<\/div>\n\t\t<\/section>\n\t\t\t\t<section class=\"elementor-section elementor-top-section elementor-element elementor-element-399195b elementor-section-boxed elementor-section-height-default elementor-section-height-default\" data-id=\"399195b\" data-element_type=\"section\">\n\t\t\t\t\t\t<div class=\"elementor-container elementor-column-gap-default\">\n\t\t\t\t\t<div class=\"elementor-column elementor-col-100 elementor-top-column elementor-element elementor-element-8759219\" data-id=\"8759219\" data-element_type=\"column\">\n\t\t\t<div class=\"elementor-widget-wrap elementor-element-populated\">\n\t\t\t\t\t\t<div class=\"elementor-element elementor-element-b327021 elementor-widget elementor-widget-wp-widget-ufsm_noticias_widget\" data-id=\"b327021\" data-element_type=\"widget\" data-widget_type=\"wp-widget-ufsm_noticias_widget.default\">\n\t\t\t\t<div class=\"elementor-widget-container\">\n\t\t\t<h5 class='titulo-conteudos'>Not\u00edcias<\/h5><div class='widget-noticias-inside'>\n                        <div class=\"row\">\n                                    <div class=\"col-12 col-lg-12 pb-4\">\n                                        \n                                        \n                    \n                    <a class=\"noticias-widget-title d-block \"  title=\"Ol\u00e1, mundo!\" href=\"https:\/\/www.ufsm.br\/laboratorios\/laserg\/2019\/05\/14\/ola-mundo\">\n                                                Ol\u00e1, mundo!                    <\/a>\n                    \n                                            <div class=\"noticias-widget-introtext\">\n                            Bem-vindo ao UFSM. Esse \u00e9 o seu primeiro post. Edite-o ou exclua-o, e ent\u00e3o comece a escrever!                        <\/div>\n                    \n                                        \n                                        \n                                            \n                                                    <div title=\"Publicado em 14\/05\/2019 \" class=\"data-publicacao-widget\">\n                                <i  class=\"far fa-clock\"><\/i>\n                                14\/05\/2019                             <\/div>\n                                                                <\/div>\n                            <\/div>\n                    <div class=\"row\">\n                                    <div class=\"col-12 col-lg-12 pb-4\">\n                                        \n                                        \n                    \n                    <a class=\"noticias-widget-title d-block \"  title=\"Defesa de Mestrado\" href=\"https:\/\/www.ufsm.br\/laboratorios\/laserg\/2019\/04\/29\/defesa-de-mestrado\">\n                                                Defesa de Mestrado                    <\/a>\n                    \n                                            <div class=\"noticias-widget-introtext\">\n                            No dia 29 de Abril de 2019 o Engenheiro Mec\u00e2nico Bruno Christiano Correa Ruiz Zart, discente do Programa de P\u00f3s-Gradua\u00e7\u00e3o em Engenharia Agr\u00edcola da Universidade Federal de Santa Maria - UFSM, realizou a defesa de mestrado (Desenvolvimento e avalia\u00e7\u00e3o de&hellip;                        <\/div>\n                    \n                                        \n                                        \n                                            \n                                                    <div title=\"Publicado em 29\/04\/2019 \" class=\"data-publicacao-widget\">\n                                <i  class=\"far fa-clock\"><\/i>\n                                29\/04\/2019                             <\/div>\n                                                                <\/div>\n                            <\/div>\n                    <div class=\"row\">\n                                    <div class=\"col-12 col-lg-12 pb-4\">\n                                        \n                                        \n                    \n                    <a class=\"noticias-widget-title d-block \"  title=\"Defesa de Doutorado\" href=\"https:\/\/www.ufsm.br\/laboratorios\/laserg\/2019\/04\/22\/defesa-de-doutorado\">\n                                                Defesa de Doutorado                    <\/a>\n                    \n                                            <div class=\"noticias-widget-introtext\">\n                            No dia 22 de Abril de 2019 o Engenheiro Agr\u00f4nomo, MSc. Dauto Pivetta Carpes, discente do Programa de P\u00f3s-Gradua\u00e7\u00e3o em Engenharia Agr\u00edcola da Universidade Federal de Santa Maria - UFSM, realizou a defesa de doutorado (Desenvolvimento e avalia\u00e7\u00e3o de um&hellip;                        <\/div>\n                    \n                                        \n                                        \n                                            \n                                                    <div title=\"Publicado em 22\/04\/2019 \" class=\"data-publicacao-widget\">\n                                <i  class=\"far fa-clock\"><\/i>\n                                22\/04\/2019                             <\/div>\n                                                                <\/div>\n                            <\/div>\n                    <div class=\"row\">\n                                    <div class=\"col-12 col-lg-12 pb-4\">\n                                        \n                                        \n                    \n                    <a class=\"noticias-widget-title d-block \"  title=\"Participa\u00e7\u00e3o de Comiss\u00e3o Julgadora de Concurso P\u00fablico (UFC)\" href=\"https:\/\/www.ufsm.br\/laboratorios\/laserg\/2019\/03\/15\/participacao-de-comissao-julgadora-de-concurso-publico-ufc\">\n                                                Participa\u00e7\u00e3o de Comiss\u00e3o Julgadora de Concurso P\u00fablico (UFC)                    <\/a>\n                    \n                                            <div class=\"noticias-widget-introtext\">\n                            O Professor Dr. Airton dos Santos Alon\u00e7o participou, do dia 24 a 31 de mar\u00e7o de 2019, na cidade de Fortaleza - CE, como membro Presidente da comiss\u00e3o julgadora do concurso p\u00fablico para o cargo de professor da carreira do&hellip;                        <\/div>\n                    \n                                        \n                                        \n                                            \n                                                    <div title=\"Publicado em 15\/03\/2019 \" class=\"data-publicacao-widget\">\n                                <i  class=\"far fa-clock\"><\/i>\n                                15\/03\/2019                             <\/div>\n                                                                <\/div>\n                            <\/div>\n                    <div class=\"row\">\n                                    <div class=\"col-12 col-lg-12 pb-4\">\n                                        \n                                        \n                    \n                    <a class=\"noticias-widget-title d-block \"  title=\"Defesa de Mestrado\" href=\"https:\/\/www.ufsm.br\/laboratorios\/laserg\/2019\/02\/21\/defesa-de-mestrado-2\">\n                                                Defesa de Mestrado                    <\/a>\n                    \n                                            <div class=\"noticias-widget-introtext\">\n                            No dia 21 de fevereiro de 2019 o Engenheiro Agr\u00edcola Tiago Gon\u00e7alves Lopes, discente do Programa de P\u00f3s-Gradua\u00e7\u00e3o em Engenharia Agr\u00edcola da Universidade Federal de Santa Maria - UFSM, realizou a defesa de disserta\u00e7\u00e3o de mestrado (Comportamento de um sistema&hellip;                        <\/div>\n                    \n                                        \n                                        \n                                            \n                                                    <div title=\"Publicado em 21\/02\/2019 \" class=\"data-publicacao-widget\">\n                                <i  class=\"far fa-clock\"><\/i>\n                                21\/02\/2019                             <\/div>\n                                                                <\/div>\n                            <\/div>\n            <\/div>\n<div class=\"leia-mais p-1\">\n                <a href=\"https:\/\/www.ufsm.br\/laboratorios\/laserg\/busca\/?q=&area=post&orderby=date&sites%5B%5D=689\">\n            LEIA MAIS            <span class=\"icon-box\">\n                <span class=\"bg-ufsm-widget-icon\">\n                    <i class=\"fas fa-chevron-right\" aria-hidden=\"true\"><\/i>\n                <\/span>\n            <\/span>\n        <\/a>\n    <\/div>\n\t\t<\/div>\n\t\t\t\t<\/div>\n\t\t\t\t\t<\/div>\n\t\t<\/div>\n\t\t\t\t\t<\/div>\n\t\t<\/section>\n\t\t\t\t<\/div>\n\t\t","protected":false},"excerpt":{"rendered":"<p>Apresenta\u00e7\u00e3o O\u00a0Laborat\u00f3rio de Pesquisa e Desenvolvimento de M\u00e1quinas Agr\u00edcolas\u00a0tem como miss\u00e3o apoiar os alunos e professores na elabora\u00e7\u00e3o e execu\u00e7\u00e3o de trabalhos, tendo em vista a necessidade de colocar em pr\u00e1tica os conhecimentos te\u00f3ricos adquiridos nas disciplinas ministradas nos cursos de gradua\u00e7\u00e3o (Engenharia Florestal, Agronomia, Zootecnia, Engenharia Mec\u00e2nica, Engenharia El\u00e9trica\u00a0e outros) e de P\u00f3s-Gradua\u00e7\u00e3o (Engenharia [&hellip;]<\/p>\n","protected":false},"author":26,"featured_media":0,"parent":0,"menu_order":0,"comment_status":"closed","ping_status":"open","template":"","meta":{"footnotes":""},"categories":[],"tags":[],"class_list":["post-2","page","type-page","status-publish","hentry"],"acf":[],"_links":{"self":[{"href":"https:\/\/www.ufsm.br\/laboratorios\/laserg\/wp-json\/wp\/v2\/pages\/2","targetHints":{"allow":["GET"]}}],"collection":[{"href":"https:\/\/www.ufsm.br\/laboratorios\/laserg\/wp-json\/wp\/v2\/pages"}],"about":[{"href":"https:\/\/www.ufsm.br\/laboratorios\/laserg\/wp-json\/wp\/v2\/types\/page"}],"author":[{"embeddable":true,"href":"https:\/\/www.ufsm.br\/laboratorios\/laserg\/wp-json\/wp\/v2\/users\/26"}],"replies":[{"embeddable":true,"href":"https:\/\/www.ufsm.br\/laboratorios\/laserg\/wp-json\/wp\/v2\/comments?post=2"}],"version-history":[{"count":0,"href":"https:\/\/www.ufsm.br\/laboratorios\/laserg\/wp-json\/wp\/v2\/pages\/2\/revisions"}],"wp:attachment":[{"href":"https:\/\/www.ufsm.br\/laboratorios\/laserg\/wp-json\/wp\/v2\/media?parent=2"}],"wp:term":[{"taxonomy":"category","embeddable":true,"href":"https:\/\/www.ufsm.br\/laboratorios\/laserg\/wp-json\/wp\/v2\/categories?post=2"},{"taxonomy":"post_tag","embeddable":true,"href":"https:\/\/www.ufsm.br\/laboratorios\/laserg\/wp-json\/wp\/v2\/tags?post=2"}],"curies":[{"name":"wp","href":"https:\/\/api.w.org\/{rel}","templated":true}]}}