{"id":202,"date":"2019-07-29T14:02:10","date_gmt":"2019-07-29T17:02:10","guid":{"rendered":"https:\/\/www.ufsm.br\/laboratorios\/laserg\/?page_id=202"},"modified":"2019-07-29T14:02:13","modified_gmt":"2019-07-29T17:02:13","slug":"links","status":"publish","type":"page","link":"https:\/\/www.ufsm.br\/laboratorios\/laserg\/links","title":{"rendered":"Links"},"content":{"rendered":"\n<h2>M\u00e1quinas Agr\u00edcolas<\/h2>\n<ul>\n<li style=\"list-style-type: none\">\n<ul>\n<li class=\"linksx\"><a href=\"http:\/\/www.agcocorp.com\/\" target=\"_blank\" rel=\"noopener noreferrer\">AGCO do Brasil Com\u00e9rcio e Ind\u00fastria Ltda.<\/a><\/li>\n<\/ul>\n<\/li>\n<\/ul>\n<ul>\n<li style=\"list-style-type: none\">\n<ul>\n<li class=\"linksx\"><a href=\"http:\/\/www.baldan.com.br\/\" target=\"_blank\" rel=\"noopener noreferrer\">Baldan<\/a><\/li>\n<\/ul>\n<\/li>\n<\/ul>\n<ul>\n<li style=\"list-style-type: none\">\n<ul>\n<li class=\"linksx\"><a href=\"http:\/\/www.cat.com\/brasil\" target=\"_blank\" rel=\"noopener noreferrer\">Caterpillar<\/a><\/li>\n<\/ul>\n<\/li>\n<\/ul>\n<ul>\n<li style=\"list-style-type: none\">\n<ul>\n<li class=\"linksx\"><a href=\"http:\/\/www.fankhauser.com.br\/\" target=\"_blank\" rel=\"noopener noreferrer\">Fankhauser<\/a><\/li>\n<\/ul>\n<\/li>\n<\/ul>\n<ul>\n<li style=\"list-style-type: none\">\n<ul>\n<li class=\"linksx\"><a href=\"http:\/\/www.melhoresdaterra.com.br\/\" target=\"_blank\" rel=\"noopener noreferrer\">GERDAU &#8211; Pr\u00eamio Gerdau Melhores da Terra<\/a><\/li>\n<\/ul>\n<\/li>\n<\/ul>\n<ul>\n<li style=\"list-style-type: none\">\n<ul>\n<li class=\"linksx\"><a href=\"http:\/\/www.imasa.com.br\/\" target=\"_blank\" rel=\"noopener noreferrer\">Imasa- Ind\u00fastria de M\u00e1quinas Agr\u00edcolas Fuchs S\/A<\/a><\/li>\n<\/ul>\n<\/li>\n<\/ul>\n<ul>\n<li style=\"list-style-type: none\">\n<ul>\n<li class=\"linksx\"><a href=\"http:\/\/www.deere.com.br\/pt_BR\/\" target=\"_blank\" rel=\"noopener noreferrer\">John Deere Brasil<\/a><\/li>\n<\/ul>\n<\/li>\n<\/ul>\n<ul>\n<li style=\"list-style-type: none\">\n<ul>\n<li class=\"linksx\"><a href=\"http:\/\/www.jumil.com.br\/\" target=\"_blank\" rel=\"noopener noreferrer\">Jumil<\/a><\/li>\n<\/ul>\n<\/li>\n<\/ul>\n<ul>\n<li style=\"list-style-type: none\">\n<ul>\n<li class=\"linksx\"><a href=\"http:\/\/www.kohler.ind.br\/\" target=\"_blank\" rel=\"noopener noreferrer\">KOHLER IND. DE M\u00c1QUINAS AGR\u00cdCOLAS<\/a><\/li>\n<\/ul>\n<\/li>\n<\/ul>\n<ul>\n<li style=\"list-style-type: none\">\n<ul>\n<li class=\"linksx\"><a href=\"http:\/\/www.kuhnmetasa.com\/\" target=\"_blank\" rel=\"noopener noreferrer\">Kunh BR<\/a><\/li>\n<\/ul>\n<\/li>\n<\/ul>\n<ul>\n<li style=\"list-style-type: none\">\n<ul>\n<li class=\"linksx\"><a href=\"http:\/\/www.marchesan.com.br\/\" target=\"_blank\" rel=\"noopener noreferrer\">Marchesan Tatu<\/a><\/li>\n<\/ul>\n<\/li>\n<\/ul>\n<ul>\n<li style=\"list-style-type: none\">\n<ul>\n<li class=\"linksx\"><a href=\"http:\/\/www.massey.com.br\/portugues\/\" target=\"_blank\" rel=\"noopener noreferrer\">Massey Ferguson<\/a><\/li>\n<\/ul>\n<\/li>\n<\/ul>\n<ul>\n<li style=\"list-style-type: none\">\n<ul>\n<li class=\"linksx\"><a href=\"http:\/\/www.newholland.com\/br\/index.htm\" target=\"_blank\" rel=\"noopener noreferrer\">New Holland Brasil<\/a><\/li>\n<\/ul>\n<\/li>\n<\/ul>\n<ul>\n<li style=\"list-style-type: none\">\n<ul>\n<li class=\"linksx\"><a href=\"http:\/\/www.creadigital.com.br\/rs\/ulissesbb\" target=\"_blank\" rel=\"noopener noreferrer\">P\u00e1gina pessoal &#8211; Eng. Ulisses Benedetti Baumhardt<\/a><\/li>\n<\/ul>\n<\/li>\n<\/ul>\n<ul>\n<li style=\"list-style-type: none\">\n<ul>\n<li class=\"linksx\"><a href=\"http:\/\/www.gruma.ufsm.br\/\" target=\"_blank\" rel=\"noopener noreferrer\">PREVIS\u00c3O DO TEMPO<\/a><\/li>\n<\/ul>\n<\/li>\n<\/ul>\n<ul>\n<li style=\"list-style-type: none\">\n<ul>\n<li class=\"linksx\"><a href=\"http:\/\/www.semeato.com.br\/\" target=\"_blank\" rel=\"noopener noreferrer\">Semeato<\/a><\/li>\n<\/ul>\n<\/li>\n<\/ul>\n<ul>\n<li style=\"list-style-type: none\">\n<ul>\n<li class=\"linksx\"><a href=\"http:\/\/www.stara.com.br\/\" target=\"_blank\" rel=\"noopener noreferrer\">Stara S\/A Ind\u00fastria de Implementos Agr\u00edcolas<\/a><\/li>\n<\/ul>\n<\/li>\n<\/ul>\n<ul>\n<li style=\"list-style-type: none\">\n<ul>\n<li class=\"linksx\"><a href=\"http:\/\/www.stihl.com.br\/\" target=\"_blank\" rel=\"noopener noreferrer\">Stihl Brasil<\/a><\/li>\n<\/ul>\n<\/li>\n<\/ul>\n<ul>\n<li style=\"list-style-type: none\">\n<ul>\n<li class=\"linksx\"><a href=\"http:\/\/www.tratoresfarmer.com.br\/\" target=\"_blank\" rel=\"noopener noreferrer\">TRATORES FARMER<\/a><\/li>\n<\/ul>\n<\/li>\n<\/ul>\n<ul>\n<li style=\"list-style-type: none\">\n<ul>\n<li class=\"linksx\"><a href=\"http:\/\/www.valtravalmet.com.br\/\" target=\"_blank\" rel=\"noopener noreferrer\">Valtra Valmet<\/a><\/li>\n<\/ul>\n<\/li>\n<\/ul>\n<ul>\n<li style=\"list-style-type: none\">\n<ul>\n<li class=\"linksx\"><a href=\"http:\/\/www.vencetudo.ind.br\/\" target=\"_blank\" rel=\"noopener noreferrer\">Vence Tudo- Ind\u00fastria de Implementos Agr\u00edcolas<\/a><\/li>\n<\/ul>\n<\/li>\n<\/ul>\n<ul>\n<li style=\"list-style-type: none\">\n<ul>\n<li class=\"linksx\"><a href=\"http:\/\/www.yanmar.com.br\/\" target=\"_blank\" rel=\"noopener noreferrer\">Yanmar do Brasil S.A.<\/a><\/li>\n<\/ul>\n<\/li>\n<\/ul>\n<p><br \/><br \/><\/p>\n<h2>Escolas \/ Universidades<\/h2>\n<ul>\n<li style=\"list-style-type: none\">\n<ul>\n<li class=\"linksx\"><a href=\"http:\/\/www.teses.usp.br\/\" target=\"_blank\" rel=\"noopener noreferrer\">Banco de Teses da USP<\/a><\/li>\n<\/ul>\n<\/li>\n<\/ul>\n<p class=\"linksx\"><span class=\"links_texto\">(Banco de teses e disserta\u00e7\u00f5es da Universidade de S\u00e3o Paulo.)<\/span><\/p>\n<ul>\n<li>\n<ul>\n<li class=\"linksx\"><a href=\"http:\/\/www.ufsm.br\/ccr\" target=\"_blank\" rel=\"noopener noreferrer\">CCR &#8211; Centro de Ci\u00eancias Rurais (UFSM)<\/a><\/li>\n<\/ul>\n<\/li>\n<\/ul>\n<ul>\n<li style=\"list-style-type: none\">\n<ul>\n<li class=\"linksx\"><a href=\"http:\/\/www.esalq.usp.br\/\" target=\"_blank\" rel=\"noopener noreferrer\">ESALQ &#8211; Escola Superior de Agricultura<\/a><\/li>\n<\/ul>\n<\/li>\n<\/ul>\n<ul>\n<li style=\"list-style-type: none\">\n<ul>\n<li class=\"linksx\"><a href=\"http:\/\/www.fateciens.org.br\/\" target=\"_blank\" rel=\"noopener noreferrer\">FATEC &#8211; Funda\u00e7\u00e3o de Apoio a Tecnologia e Ci\u00eancia<\/a><\/li>\n<\/ul>\n<\/li>\n<\/ul>\n<ul>\n<li style=\"list-style-type: none\">\n<ul>\n<li class=\"linksx\"><a href=\"http:\/\/fea.ufpel.edu.br\/\" target=\"_blank\" rel=\"noopener noreferrer\">FEA &#8211; Faculdade de Engenharia Agr\u00edcola (UFPel)<\/a><\/li>\n<\/ul>\n<\/li>\n<\/ul>\n<ul>\n<li style=\"list-style-type: none\">\n<ul>\n<li class=\"linksx\"><a href=\"http:\/\/www.ufsm.br\/gapccr\" target=\"_blank\" rel=\"noopener noreferrer\">GAP &#8211; Gabinete de Apoio a Projetos &#8211; CCR<\/a><\/li>\n<\/ul>\n<\/li>\n<\/ul>\n<ul>\n<li style=\"list-style-type: none\">\n<ul>\n<li class=\"linksx\"><a href=\"http:\/\/www.bento.ifrs.edu.br\/site\/\" target=\"_blank\" rel=\"noopener noreferrer\">Instituto Federal de Educa\u00e7\u00e3o, Ci\u00eancia e tecnologia do RS<\/a><\/li>\n<\/ul>\n<\/li>\n<\/ul>\n<ul>\n<li style=\"list-style-type: none\">\n<ul>\n<li class=\"linksx\"><a href=\"http:\/\/www.ufsm.br\/nema\" target=\"_blank\" rel=\"noopener noreferrer\">NEMA &#8211; N\u00facleo de Ensaios de M\u00e1quinas Agr\u00edcolas (UFSM)<\/a><\/li>\n<\/ul>\n<\/li>\n<\/ul>\n<ul>\n<li style=\"list-style-type: none\">\n<ul>\n<li class=\"linksx\"><a href=\"http:\/\/www.esalq.usp.br\/pg\/\" target=\"_blank\" rel=\"noopener noreferrer\">P\u00f3s-Gradua\u00e7\u00e3o ESALQ\/USP<\/a><\/li>\n<\/ul>\n<\/li>\n<\/ul>\n<ul>\n<li style=\"list-style-type: none\">\n<ul>\n<li class=\"linksx\"><a href=\"http:\/\/www.ufsm.br\/ppgea\" target=\"_blank\" rel=\"noopener noreferrer\">PPGEA &#8211; Programa de P\u00f3s-Gradua\u00e7\u00e3o em Engenharia Agr\u00edcola (UFSM)<\/a><\/li>\n<\/ul>\n<\/li>\n<\/ul>\n<ul>\n<li style=\"list-style-type: none\">\n<ul>\n<li class=\"linksx\"><a href=\"http:\/\/www.ufpr.br\/portal\/\" target=\"_blank\" rel=\"noopener noreferrer\">UFPR &#8211; Universidade Federal do Paran\u00e1<\/a><\/li>\n<\/ul>\n<\/li>\n<\/ul>\n<ul>\n<li style=\"list-style-type: none\">\n<ul>\n<li class=\"linksx\"><a href=\"http:\/\/www.ufrgs.br\/\" target=\"_blank\" rel=\"noopener noreferrer\">UFRGS &#8211; Universidade Federal do Rio Grande do Sul<\/a><\/li>\n<\/ul>\n<\/li>\n<\/ul>\n<ul>\n<li style=\"list-style-type: none\">\n<ul>\n<li class=\"linksx\"><a href=\"http:\/\/www.nedip.ufsc.br\/\" target=\"_blank\" rel=\"noopener noreferrer\">UFSC &#8211; N\u00facleo de Deselvolvimento Integrado de Produtos (Nedip)<\/a><\/li>\n<\/ul>\n<\/li>\n<\/ul>\n<ul>\n<li style=\"list-style-type: none\">\n<ul>\n<li class=\"linksx\"><a href=\"http:\/\/www.posmec.ufsc.br\/\" target=\"_blank\" rel=\"noopener noreferrer\">UFSC &#8211; Programa de P\u00f3s-Gradua\u00e7\u00e3o em Engenharia Mec\u00e2nica<\/a><\/li>\n<\/ul>\n<\/li>\n<\/ul>\n<ul>\n<li style=\"list-style-type: none\">\n<ul>\n<li class=\"linksx\"><a href=\"http:\/\/www.ufsm.br\/\" target=\"_blank\" rel=\"noopener noreferrer\">UFSM &#8211; Universidade Federal de Santa Maria<\/a><\/li>\n<\/ul>\n<\/li>\n<\/ul>\n<ul>\n<li style=\"list-style-type: none\">\n<ul>\n<li class=\"linksx\"><a href=\"http:\/\/www.unisc.br\/cursos\/graduacao\/eng_agricola\/\" target=\"_blank\" rel=\"noopener noreferrer\">UNISC &#8211; Universidade de Santa Cruz do Sul<\/a><\/li>\n<\/ul>\n<\/li>\n<\/ul>\n<p><br \/><br \/><\/p>\n<h2>Seguran\u00e7a do Trabalho<\/h2>\n<ul>\n<li style=\"list-style-type: none\">\n<ul>\n<li class=\"linksx\"><a href=\"http:\/\/br.groups.yahoo.com\/group\/sesmt\/\" target=\"_blank\" rel=\"noopener noreferrer\">GRUPO DE ESTUDOS DE SEGURAN\u00c7A E SAUDE NO TRABALHO<\/a><\/li>\n<\/ul>\n<\/li>\n<\/ul>\n<p><span class=\"links_texto\">(A comunidade SESMT \u00e9 composta por pessoas interessadas em disseminar e popularizar os conceitos b\u00e1sicos para a preven\u00e7\u00e3o de acidentes. Ao mesmo tempo &#8211; uma outra carateristica desta comunidade \u00e9 FAVORECER o desenvolvimento da rela\u00e7\u00e3o fraterna entre seus membros. PORTANTO, SE voc\u00ea \u00c9 UMA DESTAS PESSOAS MUITO OCUPADAS, MUITO IMPORTANTES E POR ISSO SEM TEMPO, N\u00c3O JUNTE-SE A ESTA COMUNIDADE. ACREDITAMOS: QUE AS SEMENTES DA PREVEN\u00c7\u00c3O GERAM FRUTOS DE SEGURAN\u00c7A QUE NENHUM SER HUMANO DEVA VENDER SUA SAUDE OU VIDA PARA TER DIREITO A SOBREVIVENCIA. QUE TODO ACIDENTE E DOEN\u00c7A E EVIT\u00c1VEL DESDE QUE SE PREZE A VERDADEIRA PREVEN\u00c7\u00c3O)<\/span><\/p>\n<ul>\n<li style=\"list-style-type: none\">\n<ul>\n<li class=\"linksx\"><a href=\"http:\/\/www.uol.com.br\/prevler\/ong.html\" target=\"_blank\" rel=\"noopener noreferrer\">Instituto Nacional de Preven\u00e7\u00e3o \u00e0s LER \/ DORT<\/a><\/li>\n<\/ul>\n<\/li>\n<\/ul>\n<ul>\n<li style=\"list-style-type: none\">\n<ul>\n<li class=\"linksx\"><a href=\"http:\/\/www.saudeetrabalho.com.br\/\" target=\"_blank\" rel=\"noopener noreferrer\">PORTAL SA\u00daDE &amp; TRABALHO<\/a><\/li>\n<\/ul>\n<\/li>\n<\/ul>\n<ul>\n<li style=\"list-style-type: none\">\n<ul>\n<li class=\"linksx\"><a href=\"http:\/\/www.produtosperigosos.com.br\/\" target=\"_blank\" rel=\"noopener noreferrer\">Produtos Perigosos<\/a><\/li>\n<\/ul>\n<\/li>\n<\/ul>\n<ul>\n<li style=\"list-style-type: none\">\n<ul>\n<li class=\"linksx\"><a href=\"http:\/\/www.sobes.org.br\/\" target=\"_blank\" rel=\"noopener noreferrer\">SOBES \u2013 Sociedade Brasileira de Engenharia de Seguran\u00e7a<\/a><\/li>\n<\/ul>\n<\/li>\n<\/ul>\n<p><br \/><br \/><\/p>\n<h2>Organiza\u00e7\u00f5es Governamentais<\/h2>\n<ul>\n<li style=\"list-style-type: none\">\n<ul>\n<li class=\"linksx\"><a href=\"http:\/\/www.abnt.org.br\/default.asp?resolucao=1024X768\" target=\"_blank\" rel=\"noopener noreferrer\">ABNT &#8211; Associa\u00e7\u00e3o Brasileira de Normas T\u00e9cnicas<\/a><\/li>\n<\/ul>\n<\/li>\n<\/ul>\n<ul>\n<li style=\"list-style-type: none\">\n<ul>\n<li class=\"linksx\"><a href=\"http:\/\/www.capes.gov.br\/\" target=\"_blank\" rel=\"noopener noreferrer\">CAPES &#8211; Coordena\u00e7\u00e3o de Aperfei\u00e7oamento de pessoal de N\u00edvel Superior.<\/a><\/li>\n<\/ul>\n<\/li>\n<\/ul>\n<ul>\n<li style=\"list-style-type: none\">\n<ul>\n<li class=\"linksx\"><a href=\"http:\/\/www.cnpq.br\/\" target=\"_blank\" rel=\"noopener noreferrer\">CNPq &#8211; Conselho Nacional de Desenvolvimento Cient\u00edfico e tecnol\u00f3gico.<\/a><\/li>\n<\/ul>\n<\/li>\n<\/ul>\n<ul>\n<li style=\"list-style-type: none\">\n<ul>\n<li class=\"linksx\"><a href=\"http:\/\/www.correios.com.br\/\" target=\"_blank\" rel=\"noopener noreferrer\">Correios<\/a><\/li>\n<\/ul>\n<\/li>\n<\/ul>\n<ul>\n<li style=\"list-style-type: none\">\n<ul>\n<li class=\"linksx\"><a href=\"http:\/\/www.fapergs.tche.br\/\" target=\"_blank\" rel=\"noopener noreferrer\">FAPERGS &#8211; Funda\u00e7\u00e3o de Amparo \u00e0 Pesquisa do estado do Rio Grande do Sul.<\/a><\/li>\n<\/ul>\n<\/li>\n<\/ul>\n<ul>\n<li style=\"list-style-type: none\">\n<ul>\n<li class=\"linksx\"><a href=\"http:\/\/www.finep.gov.br\/\" target=\"_blank\" rel=\"noopener noreferrer\">FINEP &#8211; Financiadora de Estudos e Projetos<\/a><\/li>\n<\/ul>\n<\/li>\n<\/ul>\n<ul>\n<li style=\"list-style-type: none\">\n<ul>\n<li class=\"linksx\"><a href=\"http:\/\/www.fundacentro.gov.br\/\" target=\"_blank\" rel=\"noopener noreferrer\">FUNDACENTRO<\/a><\/li>\n<\/ul>\n<\/li>\n<\/ul>\n<ul>\n<li style=\"list-style-type: none\">\n<ul>\n<li class=\"linksx\"><a href=\"http:\/\/www.ibama.gov.br\/\" target=\"_blank\" rel=\"noopener noreferrer\">IBAMA &#8211; Instituto Brasileiro do Meio Ambiente e dos Recursos Naturais Renov\u00e1veis (IBAMA)<\/a><\/li>\n<\/ul>\n<\/li>\n<\/ul>\n<ul>\n<li style=\"list-style-type: none\">\n<ul>\n<li class=\"linksx\"><a href=\"http:\/\/www.ibge.net\/home\/default.php\" target=\"_blank\" rel=\"noopener noreferrer\">IBGE &#8211; Instituto Brasileiro de Geografia e Estat\u00edstica<\/a><\/li>\n<\/ul>\n<\/li>\n<\/ul>\n<p><span class=\"links_texto\">(O IBGE tem por finalidade b\u00e1sica a produ\u00e7\u00e3o, a an\u00e1lise, a pesquisa e a dissemina\u00e7\u00e3o de informa\u00e7\u00f5es de natureza estat\u00edstica (demogr\u00e1fica, social e econ\u00f4mica), geogr\u00e1fica, cartogr\u00e1fica, geod\u00e9sica e ambiental. Respons\u00e1vel por indicadores b\u00e1sicos sobre Trabalho e Educa\u00e7\u00e3o.)<\/span><\/p>\n<ul>\n<li style=\"list-style-type: none\">\n<ul>\n<li class=\"linksx\"><a href=\"http:\/\/www.inmetro.gov.br\/\" target=\"_blank\" rel=\"noopener noreferrer\">INMETRO &#8211; INSTITUTO NACIONAL DE METROLOGIA, NORMALIZA\u00c7\u00c3O E QUALIDADE INDUSTRIAL<\/a><\/li>\n<\/ul>\n<\/li>\n<\/ul>\n<ul>\n<li style=\"list-style-type: none\">\n<ul>\n<li class=\"linksx\"><a href=\"http:\/\/www6.inpi.gov.br\/\" target=\"_blank\" rel=\"noopener noreferrer\">INPI &#8211; Instituto Nacional de propriedade Industrial<\/a><\/li>\n<\/ul>\n<\/li>\n<\/ul>\n<ul>\n<li style=\"list-style-type: none\">\n<ul>\n<li class=\"linksx\"><a href=\"http:\/\/www.portalinovacao.mct.gov.br\/pi\" target=\"_blank\" rel=\"noopener noreferrer\">Portal da Inova\u00e7\u00e3o<\/a><\/li>\n<\/ul>\n<\/li>\n<\/ul>\n<ul>\n<li style=\"list-style-type: none\">\n<ul>\n<li class=\"linksx\"><a href=\"http:\/\/www.receita.fazenda.gov.br\/\" target=\"_blank\" rel=\"noopener noreferrer\">Receita Federal<\/a><\/li>\n<\/ul>\n<\/li>\n<\/ul>\n<p><br \/><br \/><\/p>\n<h2>Revistas e Informativos<\/h2>\n<ul>\n<li style=\"list-style-type: none\">\n<ul>\n<li class=\"linksx\"><a href=\"http:\/\/www.ct.unicamp.br\/bioeng.php\" target=\"_blank\" rel=\"noopener noreferrer\">Brazilian Journal of Biosystems Engineering<\/a><\/li>\n<\/ul>\n<\/li>\n<\/ul>\n<ul>\n<li style=\"list-style-type: none\">\n<ul>\n<li class=\"linksx\"><a href=\"http:\/\/www.grupocultivar.com.br\/\" target=\"_blank\" rel=\"noopener noreferrer\">Cultivar M\u00e1quinas<\/a><\/li>\n<\/ul>\n<\/li>\n<\/ul>\n<ul>\n<li style=\"list-style-type: none\">\n<ul>\n<li class=\"linksx\"><a href=\"http:\/\/proteus.mcca.ep.usp.br\/jbsmse\/index.php\/JBSMSE\" target=\"_blank\" rel=\"noopener noreferrer\">Journal of the Brazilian Society of Mechanical Sciences and Engineering<\/a><\/li>\n<\/ul>\n<\/li>\n<\/ul>\n<ul>\n<li style=\"list-style-type: none\">\n<ul>\n<li class=\"linksx\"><a href=\"http:\/\/qualis.capes.gov.br\/arquivos\/avaliacao\/webqualis\/listacompletaperiodicos\/Periodicos_Qualis_42.xls\" target=\"_blank\" rel=\"noopener noreferrer\">QUALIS DE PERI\u00d3DICOS DA \u00c1REA DE CI\u00caNCIAS AGR\u00c1RIAS<\/a><\/li>\n<\/ul>\n<\/li>\n<\/ul>\n<p><span class=\"links_texto\">(Classifica\u00e7\u00e3o dos peri\u00f3dicos utilizados na \u00e1rea de Ci\u00eancias Agr\u00e1rias)<\/span><\/p>\n<ul>\n<li style=\"list-style-type: none\">\n<ul>\n<li class=\"linksx\"><a href=\"http:\/\/www.fundacentro.gov.br\/rbso\" target=\"_blank\" rel=\"noopener noreferrer\">RBSO- FUNDACENTRO<\/a><\/li>\n<\/ul>\n<\/li>\n<\/ul>\n<ul>\n<li style=\"list-style-type: none\">\n<ul>\n<li class=\"linksx\"><a href=\"http:\/\/www.sbea.org.br\/rea\/index.htm\" target=\"_blank\" rel=\"noopener noreferrer\">REA &#8211; Revista Engenharia Agr\u00edcola<\/a><\/li>\n<\/ul>\n<\/li>\n<\/ul>\n<ul>\n<li style=\"list-style-type: none\">\n<ul>\n<li class=\"linksx\"><a href=\"http:\/\/www.deag.ufcg.edu.br\/rbpa\" target=\"_blank\" rel=\"noopener noreferrer\">Revista Brasileira de Produtos Agroindustriais<\/a><\/li>\n<\/ul>\n<\/li>\n<\/ul>\n<p><span class=\"links_texto\">(Revista Oficial da Asociaci\u00f3n Latinoamericana e del Caribe de Ingenieria Agr\u00edcola (ALIA).)<\/span><\/p>\n<ul>\n<li style=\"list-style-type: none\">\n<ul>\n<li class=\"linksx\"><a href=\"http:\/\/www.ufsm.br\/ccr\/revista\/\" target=\"_blank\" rel=\"noopener noreferrer\">Revista Ci\u00eancia Rural<\/a><\/li>\n<\/ul>\n<\/li>\n<\/ul>\n<ul>\n<li style=\"list-style-type: none\">\n<ul>\n<li class=\"linksx\"><a href=\"http:\/\/www.cipanet.com.br\/\" target=\"_blank\" rel=\"noopener noreferrer\">Revista CIPA<\/a><\/li>\n<\/ul>\n<\/li>\n<\/ul>\n<ul>\n<li style=\"list-style-type: none\">\n<ul>\n<li class=\"linksx\"><a href=\"http:\/\/www.meioambienteindustrial.com.br\/\" target=\"_blank\" rel=\"noopener noreferrer\">Revista Meio Ambiente Industrial<\/a><\/li>\n<\/ul>\n<\/li>\n<\/ul>\n<ul>\n<li style=\"list-style-type: none\">\n<ul>\n<li class=\"linksx\"><a href=\"http:\/\/www.sct.embrapa.br\/pab\/\" target=\"_blank\" rel=\"noopener noreferrer\">Revista Pesquisa Agropecu\u00e1ria Brasileira &#8211; PAB<\/a><\/li>\n<\/ul>\n<\/li>\n<\/ul>\n<ul>\n<li style=\"list-style-type: none\">\n<ul>\n<li class=\"linksx\"><a href=\"http:\/\/www.protecao.com.br\/\" target=\"_blank\" rel=\"noopener noreferrer\">Revista Prote\u00e7\u00e3o<\/a><\/li>\n<\/ul>\n<\/li>\n<\/ul>\n<ul>\n<li style=\"list-style-type: none\">\n<ul>\n<li class=\"linksx\"><a href=\"http:\/\/online.unisc.br\/seer\/index.php\/tecnologica\" target=\"_blank\" rel=\"noopener noreferrer\">Revista Tecno &#8211; L\u00f3gica &#8211; UNISC<\/a><\/li>\n<\/ul>\n<\/li>\n<\/ul>\n<ul>\n<li style=\"list-style-type: none\">\n<ul>\n<li class=\"linksx\"><a href=\"http:\/\/www.simbologia.hpg.com.br\/\" target=\"_blank\" rel=\"noopener noreferrer\">Simbologia &#8211; Produtos Qu\u00edmicos<\/a><\/li>\n<\/ul>\n<\/li>\n<\/ul>\n<p><br \/><br \/><\/p>\n<h2>Associa\u00e7\u00f5es<\/h2>\n<ul>\n<li style=\"list-style-type: none\">\n<ul>\n<li class=\"linksx\"><a href=\"http:\/\/www.abimaq.org.br\/\" target=\"_blank\" rel=\"noopener noreferrer\">Associa\u00e7\u00e3o Brasileira da Ind\u00fastria de M\u00e1quinas e Equipamentos- ABIMAQ<\/a><\/li>\n<\/ul>\n<\/li>\n<\/ul>\n<ul>\n<li style=\"list-style-type: none\">\n<ul>\n<li class=\"linksx\"><a href=\"http:\/\/www.abergo.org.br\/\" target=\"_blank\" rel=\"noopener noreferrer\">Associa\u00e7\u00e3o Brasileira de Ergonomia (ABERGO)<\/a><\/li>\n<\/ul>\n<\/li>\n<\/ul>\n<ul>\n<li style=\"list-style-type: none\">\n<ul>\n<li class=\"linksx\"><a href=\"http:\/\/www.abraseg.com.br\/\" target=\"_blank\" rel=\"noopener noreferrer\">Associa\u00e7\u00e3o Brasileira dos Distribuidores de Equipamentos e Produtos de Seguran\u00e7a e Prote\u00e7\u00e3o ao Trabalho (ABRASEG)<\/a><\/li>\n<\/ul>\n<\/li>\n<\/ul>\n<ul>\n<li style=\"list-style-type: none\">\n<ul>\n<li class=\"linksx\"><a href=\"http:\/\/www.abraphiset.com.br\/\" target=\"_blank\" rel=\"noopener noreferrer\">Associa\u00e7\u00e3o Brasileira dos Profissionais de Higiene e Seguran\u00e7a do Trabalho (ABRAPHISET)<\/a><\/li>\n<\/ul>\n<\/li>\n<\/ul>\n<ul>\n<li style=\"list-style-type: none\">\n<ul>\n<li class=\"linksx\"><a href=\"http:\/\/www.abpa.org.br\/\" target=\"_blank\" rel=\"noopener noreferrer\">Associa\u00e7\u00e3o Brasileira para Preven\u00e7\u00e3o de Acidentes (ABPA)<\/a><\/li>\n<\/ul>\n<\/li>\n<\/ul>\n<ul>\n<li style=\"list-style-type: none\">\n<ul>\n<li class=\"linksx\"><a href=\"http:\/\/www.animaseg.com.br\/\" target=\"_blank\" rel=\"noopener noreferrer\">Associa\u00e7\u00e3o Nacional da Ind\u00fastria de Materiais de Seguran\u00e7a e Prote\u00e7\u00e3o ao Trabalho (ANIMASEG)<\/a><\/li>\n<\/ul>\n<\/li>\n<\/ul>\n<ul>\n<li style=\"list-style-type: none\">\n<ul>\n<li class=\"linksx\"><a href=\"http:\/\/www.anest.cjb.net\/\" target=\"_blank\" rel=\"noopener noreferrer\">Associa\u00e7\u00e3o Nacional de Engenharia de Seguran\u00e7a do Trabalho (ANEST)<\/a><\/li>\n<\/ul>\n<\/li>\n<\/ul>\n<ul>\n<li style=\"list-style-type: none\">\n<ul>\n<li class=\"linksx\"><a href=\"http:\/\/www.anfavea.com.br\/\" target=\"_blank\" rel=\"noopener noreferrer\">Associa\u00e7\u00e3o Nacional dos Fabricantes de Ve\u00edculos Automotores- ANFAVEA<\/a><\/li>\n<\/ul>\n<\/li>\n<\/ul>\n<ul>\n<li style=\"list-style-type: none\">\n<ul>\n<li class=\"linksx\"><a href=\"http:\/\/www.fenatest.org.br\/\" target=\"_blank\" rel=\"noopener noreferrer\">FENATEST &#8211; Federa\u00e7\u00e3o Nacional dos T\u00e9cnicos de Seguran\u00e7a do Trabalho<\/a><\/li>\n<\/ul>\n<\/li>\n<\/ul>\n<ul>\n<li style=\"list-style-type: none\">\n<ul>\n<li class=\"linksx\"><a href=\"http:\/\/www.sbea.org.br\/\" target=\"_blank\" rel=\"noopener noreferrer\">SBEA &#8211; Associa\u00e7\u00e3o Brasileira de Engenharia Agr\u00edcola<\/a><\/li>\n<\/ul>\n<\/li>\n<\/ul>\n<ul>\n<li style=\"list-style-type: none\">\n<ul>\n<li class=\"linksx\"><a href=\"http:\/\/www.simers.com.br\/\" target=\"_blank\" rel=\"noopener noreferrer\">SIMERS &#8211; Sindicato das Ind\u00fastrias de M\u00e1quinas e Implementos Agr\u00edcolas do Estado do RS<\/a><\/li>\n<\/ul>\n<\/li>\n<\/ul>\n","protected":false},"excerpt":{"rendered":"<p>M\u00e1quinas Agr\u00edcolas AGCO do Brasil Com\u00e9rcio e Ind\u00fastria Ltda. Baldan Caterpillar Fankhauser GERDAU &#8211; Pr\u00eamio Gerdau Melhores da Terra Imasa- Ind\u00fastria de M\u00e1quinas Agr\u00edcolas Fuchs S\/A John Deere Brasil Jumil KOHLER IND. DE M\u00c1QUINAS AGR\u00cdCOLAS Kunh BR Marchesan Tatu Massey Ferguson New Holland Brasil P\u00e1gina pessoal &#8211; Eng. Ulisses Benedetti Baumhardt PREVIS\u00c3O DO TEMPO Semeato [&hellip;]<\/p>\n","protected":false},"author":115,"featured_media":0,"parent":0,"menu_order":0,"comment_status":"closed","ping_status":"closed","template":"","meta":{"footnotes":""},"categories":[],"tags":[],"class_list":["post-202","page","type-page","status-publish","hentry"],"acf":[],"_links":{"self":[{"href":"https:\/\/www.ufsm.br\/laboratorios\/laserg\/wp-json\/wp\/v2\/pages\/202","targetHints":{"allow":["GET"]}}],"collection":[{"href":"https:\/\/www.ufsm.br\/laboratorios\/laserg\/wp-json\/wp\/v2\/pages"}],"about":[{"href":"https:\/\/www.ufsm.br\/laboratorios\/laserg\/wp-json\/wp\/v2\/types\/page"}],"author":[{"embeddable":true,"href":"https:\/\/www.ufsm.br\/laboratorios\/laserg\/wp-json\/wp\/v2\/users\/115"}],"replies":[{"embeddable":true,"href":"https:\/\/www.ufsm.br\/laboratorios\/laserg\/wp-json\/wp\/v2\/comments?post=202"}],"version-history":[{"count":0,"href":"https:\/\/www.ufsm.br\/laboratorios\/laserg\/wp-json\/wp\/v2\/pages\/202\/revisions"}],"wp:attachment":[{"href":"https:\/\/www.ufsm.br\/laboratorios\/laserg\/wp-json\/wp\/v2\/media?parent=202"}],"wp:term":[{"taxonomy":"category","embeddable":true,"href":"https:\/\/www.ufsm.br\/laboratorios\/laserg\/wp-json\/wp\/v2\/categories?post=202"},{"taxonomy":"post_tag","embeddable":true,"href":"https:\/\/www.ufsm.br\/laboratorios\/laserg\/wp-json\/wp\/v2\/tags?post=202"}],"curies":[{"name":"wp","href":"https:\/\/api.w.org\/{rel}","templated":true}]}}