{"id":22,"date":"2019-05-14T17:01:42","date_gmt":"2019-05-14T20:01:42","guid":{"rendered":"https:\/\/www.ufsm.br\/template-laboratprio\/?page_id=22"},"modified":"2019-07-29T15:45:58","modified_gmt":"2019-07-29T18:45:58","slug":"informacoes-gerais","status":"publish","type":"page","link":"https:\/\/www.ufsm.br\/laboratorios\/laserg\/informacoes-gerais","title":{"rendered":"Sobre"},"content":{"rendered":"\n<h5>Miss\u00e3o\/Objetivos<\/h5>\n<p>ANTECEDENTES<\/p>\n<p>O&nbsp;<strong>Laborat\u00f3rio de Pesquisa e Desenvolvimento de M\u00e1quinas Agr\u00edcolas<\/strong>, at\u00e9 abril de 2009 denominado Laborat\u00f3rio de Seguran\u00e7a e Ergonomia, com total vincula\u00e7\u00e3o ao Processo de Projeto e Utiliza\u00e7\u00e3o de M\u00e1quinas Agr\u00edcolas, foi oficialmente criado em setembro de 2005.<\/p>\n<p>Do trabalho deste grupo que o criou e de outros profissionais que a ele se juntaram, muitos s\u00e3o os bons resultados obtidos e v\u00e1rios foram os artigos cient\u00edficos, disserta\u00e7\u00f5es e teses produzidas que trouxeram \u00e0 sociedade contribui\u00e7\u00f5es significativas.<\/p>\n<p>A raz\u00e3o da cria\u00e7\u00e3o deste laborat\u00f3rio tem origem na tese de doutoramento do&nbsp;<strong>Prof. Dr. Airton dos Santos Alon\u00e7o<\/strong>&nbsp;sobre o&nbsp;<strong>desenvolvimento de metodologia de projeto para a concep\u00e7\u00e3o de m\u00e1quinas agr\u00edcolas seguras<\/strong>(methodology of design for the conception in the safe agricultural machines) e na cria\u00e7\u00e3o o Grupo de trabalho&nbsp;<strong>Pesquisa e desenvolvimento de m\u00e1quinas e implementos agro-silvo-pastoris<\/strong>, certificado pela institui\u00e7\u00e3o, possuindo as seguintes linhas de pesquisa (research lines): a) Agricultura de precis\u00e3o; b) Ensaios de m\u00e1quinas agro-silvo-pastoris; c) Estudo das perdas na colheira agro-silvo-pastoril; d) Estudo de processos que envolvam a rela\u00e7\u00e3o m\u00e1quina\/solo\/planta; e) Modelagem e simula\u00e7\u00e3o de aspectos inerentes \u00e0 m\u00e1quinas agro-silvo-pastor\u00eds; f) Planejamento da mecaniza\u00e7\u00e3o agro-silvo-pastoril; g) Processos de instrumenta\u00e7\u00e3o de m\u00e1quinas agro-silvo-pastor\u00eds; h) Processos e m\u00e1quinas para semeadura, plantio e transplantio; i) Processos e m\u00e1quinas para tratamentos culturais; j) Processos que envolvam energiza\u00e7\u00e3o de m\u00e1quinas agro-silvo-pastor\u00eds; l) Processos sobre a manuten\u00e7\u00e3o de m\u00e1quinas agro-silvo-pastor\u00eds; m) Projeto e concep\u00e7\u00e3o de m\u00e1quinas agro-silvo-pastor\u00eds; n) Seguran\u00e7a e ergonomia em m\u00e1quinas agro-silvo-pastor\u00eds; o) Zootecnia de precis\u00e3o.<\/p>\n<p>MISS\u00c3O<\/p>\n<p>O&nbsp;<strong>Laborat\u00f3rio de Pesquisa e Desenvolvimento de M\u00e1quinas Agr\u00edcolas&nbsp;<\/strong>tem como miss\u00e3o apoiar os alunos e professores na elabora\u00e7\u00e3o e execu\u00e7\u00e3o de trabalhos, tendo em vista a necessidade de colocar em pr\u00e1tica os conhecimentos te\u00f3ricos adquiridos nas disciplinas ministradas nos cursos de gradua\u00e7\u00e3o (<strong>Engenharia Florestal, Agronomia, Zootecnia, Engenharia Mec\u00e2nica, Engenharia El\u00e9trica&nbsp;<\/strong>e outros) e de P\u00f3s-Gradua\u00e7\u00e3o (<strong>Engenharia Agr\u00edcola e Engenharia de Produ\u00e7\u00e3o<\/strong>), n\u00e3o obstante, poder servir tamb\u00e9m de apoio para outras disciplinas e\/ou projetos de pesquisa em conson\u00e2ncia com as necessidades da ind\u00fastria e\/ou dos usu\u00e1rios de m\u00e1quinas agr\u00edcolas.<\/p>\n<p>As atividades desenvolvidas com os equipamentos dispon\u00edveis v\u00eam ao encontro ao papel do ensino polit\u00e9cnico de procurar solu\u00e7\u00f5es que permitam gerar conhecimentos de qualidade, com capacidade suficiente para transferi-los de forma eficaz \u00e0 sociedade.<\/p>\n<p>OBJETIVOS<\/p>\n<ul>\n<li>Realizar estudos e ensaios que forne\u00e7am embasamento e complementem as disciplinas lecionadas na UFSM;<\/li>\n<li>Prestar apoio instrumental e t\u00e9cnico \u00e0s disciplinas de Projeto, Ergonomia e Seguran\u00e7a em m\u00e1quinas agr\u00edcolas;<\/li>\n<li>Prestar apoio instrumental e experimental a outras disciplinas e projetos de investiga\u00e7\u00e3o que dele necessitem para as suas atividades, em conson\u00e2ncia com as necessidades da ind\u00fastria e\/ou dos usu\u00e1rios de m\u00e1quinas agr\u00edcolas;<\/li>\n<\/ul>\n","protected":false},"excerpt":{"rendered":"<p>Miss\u00e3o\/Objetivos ANTECEDENTES O&nbsp;Laborat\u00f3rio de Pesquisa e Desenvolvimento de M\u00e1quinas Agr\u00edcolas, at\u00e9 abril de 2009 denominado Laborat\u00f3rio de Seguran\u00e7a e Ergonomia, com total vincula\u00e7\u00e3o ao Processo de Projeto e Utiliza\u00e7\u00e3o de M\u00e1quinas Agr\u00edcolas, foi oficialmente criado em setembro de 2005. Do trabalho deste grupo que o criou e de outros profissionais que a ele se juntaram, [&hellip;]<\/p>\n","protected":false},"author":124,"featured_media":0,"parent":0,"menu_order":0,"comment_status":"closed","ping_status":"closed","template":"","meta":{"footnotes":""},"categories":[],"tags":[],"class_list":["post-22","page","type-page","status-publish","hentry"],"acf":[],"_links":{"self":[{"href":"https:\/\/www.ufsm.br\/laboratorios\/laserg\/wp-json\/wp\/v2\/pages\/22","targetHints":{"allow":["GET"]}}],"collection":[{"href":"https:\/\/www.ufsm.br\/laboratorios\/laserg\/wp-json\/wp\/v2\/pages"}],"about":[{"href":"https:\/\/www.ufsm.br\/laboratorios\/laserg\/wp-json\/wp\/v2\/types\/page"}],"author":[{"embeddable":true,"href":"https:\/\/www.ufsm.br\/laboratorios\/laserg\/wp-json\/wp\/v2\/users\/124"}],"replies":[{"embeddable":true,"href":"https:\/\/www.ufsm.br\/laboratorios\/laserg\/wp-json\/wp\/v2\/comments?post=22"}],"version-history":[{"count":0,"href":"https:\/\/www.ufsm.br\/laboratorios\/laserg\/wp-json\/wp\/v2\/pages\/22\/revisions"}],"wp:attachment":[{"href":"https:\/\/www.ufsm.br\/laboratorios\/laserg\/wp-json\/wp\/v2\/media?parent=22"}],"wp:term":[{"taxonomy":"category","embeddable":true,"href":"https:\/\/www.ufsm.br\/laboratorios\/laserg\/wp-json\/wp\/v2\/categories?post=22"},{"taxonomy":"post_tag","embeddable":true,"href":"https:\/\/www.ufsm.br\/laboratorios\/laserg\/wp-json\/wp\/v2\/tags?post=22"}],"curies":[{"name":"wp","href":"https:\/\/api.w.org\/{rel}","templated":true}]}}