{"id":23,"date":"2019-05-14T17:02:03","date_gmt":"2019-05-14T20:02:03","guid":{"rendered":"https:\/\/www.ufsm.br\/template-laboratprio\/?page_id=23"},"modified":"2019-07-29T10:21:23","modified_gmt":"2019-07-29T13:21:23","slug":"equipe","status":"publish","type":"page","link":"https:\/\/www.ufsm.br\/laboratorios\/laserg\/equipe","title":{"rendered":"Equipe"},"content":{"rendered":"\n<p>L\u00edder do grupo:<\/p>\n<p><a title=\"Curr\u00edculo lattes\" href=\"http:\/\/lattes.cnpq.br\/9734276321240323\" target=\"_blank\" rel=\"noopener noreferrer\">Airton dos Santos Alon\u00e7o<\/a>\u00a0(<a href=\"http:\/\/w3.ufsm.br\/laserg\/index.php\/publicacoes\/67-airton\">Mais informa\u00e7\u00f5es clique aqui<\/a>)\u00a0<br \/>E-mail:\u00a0<span id=\"cloak2235\"><a href=\"mailto:alonco@ccr.ufsm.br\">alonco@ccr.ufsm.br<\/a><\/span><br \/><strong>Engenheiro Agr\u00edcola &#8211; M.Sc. em Engenharia Agr\u00edcola &#8211; Doutor em Engenharia Mec\u00e2nica<\/strong><\/p>\n<p>\u00a0<\/p>\n<p>Professores Associados:<\/p>\n<p><a title=\"Curr\u00edculo lattes\" href=\"http:\/\/lattes.cnpq.br\/0131275281658328\" target=\"_blank\" rel=\"noopener noreferrer\">Tiago Rodrigo Francetto<\/a>\u00a0(<a href=\"http:\/\/w3.ufsm.br\/laserg\/index.php\/publicacoes\/64-tiago-rodrigo-francetto\">Mais informa\u00e7\u00f5es clique aqui<\/a>)\u00a0\u00a0<br \/>E-mail:\u00a0<span id=\"cloak33023\"><a href=\"mailto:tiago.francetto@ufsm.br\">tiago.francetto@ufsm.br<\/a><\/span><br \/><strong>Engenheiro Agr\u00edcola &#8211; M.Sc. em Engenharia Agr\u00edcola &#8211; Doutor em Engenharia Agr\u00edcola<\/strong><\/p>\n<p>\u00a0<\/p>\n<p>Doutorandos:<\/p>\n<p><a href=\"http:\/\/lattes.cnpq.br\/2823355175466883\" target=\"_blank\" rel=\"noopener noreferrer\">Gessieli Possebom<\/a><br \/>E-mail:\u00a0<span id=\"cloak73518\"><a href=\"mailto:gessielip@hotmail.com\">gessielip@hotmail.com<\/a><\/span><br \/><strong>Engenheira Florestal &#8211; M.Sc. em Engenharia Agr\u00edcola<\/strong><\/p>\n<p><a href=\"http:\/\/lattes.cnpq.br\/1890361768935488\" target=\"_blank\" rel=\"noopener noreferrer\">Tiago Gon\u00e7alves Lopes<\/a><br \/>E-mail:\u00a0<span id=\"cloak23216\"><a href=\"mailto:tiagoglopes@yahoo.com.br\">tiagoglopes@yahoo.com.br<\/a><\/span><br \/><strong>Engenheiro Agr\u00edcola\u00a0<\/strong><strong>&#8211; M.Sc. em Engenharia Agr\u00edcola<\/strong><\/p>\n<p>\u00a0<\/p>\n<p>Mestrandos:<\/p>\n<p><a href=\"http:\/\/lattes.cnpq.br\/7893615305165210\" target=\"_blank\" rel=\"noopener noreferrer\">Rafael Sobroza Becker<\/a><br \/>E-mail:\u00a0<span id=\"cloak15600\"><a href=\"mailto:rafaelsobrozabecker@gmail.com\">rafaelsobrozabecker@gmail.com<\/a><\/span><br \/><strong>Engenheiro Agr\u00f4nomo<\/strong><\/p>\n<p><a href=\"http:\/\/lattes.cnpq.br\/2869163826808218\" target=\"_blank\" rel=\"noopener noreferrer\">Eder Dornelles Pinheiro<\/a><br \/>E-mail:\u00a0<span id=\"cloak86564\"><a href=\"mailto:eder.pinheiro@agcocorp.com\">eder.pinheiro@agcocorp.com<\/a><\/span><br \/><strong>Engenheiro Agr\u00f4nomo<\/strong><\/p>\n<p><a href=\"http:\/\/lattes.cnpq.br\/1368834629885575\" target=\"_blank\" rel=\"noopener noreferrer\">Luana Freitas Knierim<\/a><br \/>E-mail:\u00a0<span id=\"cloak91359\"><a href=\"mailto:luanaknierim@gmail.com\">luanaknierim@gmail.com<\/a><\/span><br \/><strong>Engenheira Agr\u00edcola<\/strong><\/p>\n<p>\u00a0<\/p>\n<p>T\u00e9cnico de n\u00edvel superior:<\/p>\n<p><a href=\"http:\/\/lattes.cnpq.br\/3643530150608660\" target=\"_blank\" rel=\"noopener noreferrer\">Wagner Alexandre Silveira da Cruz<\/a><br \/>E-mail:\u00a0<span id=\"cloak96274\"><a href=\"mailto:wagnercasca@hotmail.com\">wagnercasca@hotmail.com<\/a><\/span><br \/><strong>Engenheiro Agr\u00edcola<\/strong><\/p>\n<p>\u00a0<\/p>\n<p>Graduandos:<\/p>\n<p><a href=\"http:\/\/lattes.cnpq.br\/5690373610947907\" target=\"_blank\" rel=\"noopener noreferrer\">Pablo do Amaral Alon\u00e7o<\/a><br \/>E-mail:\u00a0<span id=\"cloak91861\"><a href=\"mailto:aloncopablo@gmail.com\">aloncopablo@gmail.com<\/a><\/span><br \/><strong>Acad. de Eng. Agron\u00f4mica<\/strong><\/p>\n<p><a href=\"http:\/\/lattes.cnpq.br\/9878493973551130\" target=\"_blank\" rel=\"noopener noreferrer\">Vitor Pires Scherer<\/a><br \/>E-mail:\u00a0<span id=\"cloak6641\"><a href=\"mailto:vitorpiresscherer@hotmail.com\">vitorpiresscherer@hotmail.com<\/a><\/span><br \/><strong>Acad. de Eng. Agron\u00f4mica<\/strong><\/p>\n<p>\u00a0<\/p>\n<p>Egressos:<\/p>\n<ol>\n<li>\n<p><a href=\"http:\/\/lattes.cnpq.br\/5723630117536940\" target=\"_blank\" rel=\"noopener noreferrer\">Bruno Christiano Correa Ruiz Zart<\/a><br \/>E-mail:\u00a0<span id=\"cloak15109\"><a href=\"mailto:brunozart@gmail.com\">brunozart@gmail.com<\/a><\/span><br \/><strong>Engenheiro Mec\u00e2nico\u00a0<\/strong><strong>&#8211; M.Sc. em Engenharia Agr\u00edcola<\/strong><\/p>\n<\/li>\n<li>\n<p><a href=\"http:\/\/lattes.cnpq.br\/3854059900297298\" target=\"_blank\" rel=\"noopener noreferrer\">Dauto Pivetta Carpes<\/a><br \/>E-mail:\u00a0<span id=\"cloak74818\"><a href=\"mailto:dautocarpes@gmail.com\">dautocarpes@gmail.com<\/a><\/span><br \/><strong>Engenheiro Agr\u00f4nomo &#8211; M.Sc. em Engenharia Agr\u00edcola<\/strong><strong>\u00a0&#8211; Doutor em Engenharia Agr\u00edcola<\/strong><\/p>\n<\/li>\n<li>\n<p><a href=\"http:\/\/lattes.cnpq.br\/8373012477952538\" target=\"_blank\" rel=\"noopener noreferrer\">Antonio Robson Moreira<\/a><br \/>E-mail:\u00a0<span id=\"cloak55007\"><a href=\"mailto:robson.n.13@hotmail.com\">robson.n.13@hotmail.com<\/a><\/span><br \/><strong>Eng. Agr\u00f4nomo &#8211; M.Sc. em Engenharia Agr\u00edcola<\/strong><\/p>\n<\/li>\n<li>\n<p><a href=\"http:\/\/lattes.cnpq.br\/8897290187425442\" target=\"_blank\" rel=\"noopener noreferrer\">J\u00fanior Ant\u00f4nio Pazinatto<\/a><br \/>E-mail:\u00a0<span id=\"cloak28378\"><a href=\"mailto:jr.pazinatto@gmail.com\">jr.pazinatto@gmail.com<\/a><\/span><br \/><strong>Acad. de Eng.de Automa\u00e7\u00e3o Industrial<\/strong><\/p>\n<\/li>\n<li>\n<p><strong><a href=\"http:\/\/lattes.cnpq.br\/5275834681598788\" target=\"_blank\" rel=\"noopener noreferrer\">Mateus Potrich Bell\u00e9<\/a><\/strong><br \/>E-mail:\u00a0<span id=\"cloak20938\"><a href=\"mailto:mateus2010@hotmail.com\">mateus2010@hotmail.com<\/a><\/span><br \/><strong>Eng. Agr\u00f4nomo &#8211; M.Sc. em Engenharia Agr\u00edcola &#8211; Doutor em Engenharia Agr\u00edcola<\/strong><\/p>\n<\/li>\n<li>\n<p><a href=\"http:\/\/buscatextual.cnpq.br\/buscatextual\/visualizacv.jsp?id=K4742992U2\" target=\"_blank\" rel=\"noopener noreferrer\">Danilo Franchini<\/a><br \/>E-mail:\u00a0<span id=\"cloak44410\"><a href=\"mailto:eng_danilo_franchini@yahoo.com.br\">eng_danilo_franchini@yahoo.com.br<\/a><\/span><br \/><strong>Eng. Agr\u00edcola &#8211; Mestre em Eng. Agr\u00edcola<\/strong><\/p>\n<\/li>\n<li>\n<p><a href=\"http:\/\/buscatextual.cnpq.br\/buscatextual\/visualizacv.jsp?id=K4533070E6\" target=\"_blank\" rel=\"noopener noreferrer\">Fabr\u00edcio Ardais Medeiros<\/a><br \/>E-mail:\u00a0<span id=\"cloak19384\"><a href=\"mailto:medeiros_f@terra.com.br\">medeiros_f@terra.com.br<\/a><\/span><br \/><strong>Eng. Agr\u00edcola &#8211; Mestre em Eng. Agr\u00edcola<\/strong><\/p>\n<\/li>\n<li>\n<p><a href=\"http:\/\/buscatextual.cnpq.br\/buscatextual\/visualizacv.jsp?id=K4269082A9\" target=\"_blank\" rel=\"noopener noreferrer\">Jaider Catelan<\/a><br \/>E-mail:\u00a0<span id=\"cloak11185\"><a href=\"mailto:jcatelan@gmail.com\">jcatelan@gmail.com<\/a><\/span><br \/><strong>Eng. Mec\u00e2nico<\/strong><\/p>\n<\/li>\n<li>\n<p><a href=\"http:\/\/lattes.cnpq.br\/0966711323737951\" target=\"_blank\" rel=\"noopener noreferrer\">Patrick da Rosa Guidolin<\/a><br \/>E-mail:\u00a0<span id=\"cloak65393\"><a href=\"mailto:nirvana_patrick@hotmail.com\">nirvana_patrick@hotmail.com<\/a><\/span><br \/><strong>Ensino M\u00e9dio &#8211; Escola de Ensino M\u00e9dio Paulo Lauda<\/strong><\/p>\n<\/li>\n<li>\n<p><a href=\"http:\/\/buscatextual.cnpq.br\/buscatextual\/visualizacv.jsp?id=K4776639E6\" target=\"_blank\" rel=\"noopener noreferrer\">Mario Luiz Landerdahl Junior<\/a><br \/>E-mail:\u00a0<span id=\"cloak22964\"><a href=\"mailto:mlanderdahl@gmail.com\">mlanderdahl@gmail.com<\/a><\/span><br \/><strong>Acad\u00eamico do Curso de Engenharia El\u00e9trica<\/strong><\/p>\n<\/li>\n<li>\n<p><a href=\"http:\/\/lattes.cnpq.br\/8894551662976891\" target=\"_blank\" rel=\"noopener noreferrer\">Samira Sabo<\/a><br \/>E-mail:\u00a0<span id=\"cloak77749\"><a href=\"mailto:ssmissabo@zipmail.com.br\">ssmissabo@zipmail.com.br<\/a><\/span><br \/><strong>Zootecnista<\/strong><\/p>\n<\/li>\n<li>\n<p><a target=\"_blank\" rel=\"noopener noreferrer\">Aline Tatiane Nunes da Rosa<\/a><br \/>E-mail:\u00a0<span id=\"cloak90568\"><a href=\"mailto:anunesdarosa@yahoo.com.br\">anunesdarosa@yahoo.com.br<\/a><\/span><br \/><strong>Acad\u00eamica do Curso de Zootecnia<\/strong><\/p>\n<\/li>\n<li>\n<p><a href=\"http:\/\/buscatextual.cnpq.br\/buscatextual\/visualizacv.jsp?id=K4509962E3\" target=\"_blank\" rel=\"noopener noreferrer\">Camila Ardais Medeiros<\/a><br \/>E-mail:\u00a0<span id=\"cloak24635\"><a href=\"mailto:cardais@terra.com.br\">cardais@terra.com.br<\/a><\/span><br \/><strong>Desenhista Industrial<\/strong><\/p>\n<\/li>\n<li>\n<p><a href=\"http:\/\/buscatextual.cnpq.br\/buscatextual\/visualizacv.jsp?id=K4167333U4\" target=\"_blank\" rel=\"noopener noreferrer\">M\u00f4nica Regina Gonzatti Balestra<\/a><br \/>E-mail:\u00a0<span id=\"cloak62207\"><a href=\"mailto:monicabalestra@gmail.com\">monicabalestra@gmail.com<\/a><\/span><br \/><strong>Engenheira Florestal &#8211; Mestre em Engenharia Agr\u00edcola<\/strong><\/p>\n<\/li>\n<li>\n<p><a href=\"http:\/\/buscatextual.cnpq.br\/buscatextual\/visualizacv.jsp?id=K4506337P3\" target=\"_blank\" rel=\"noopener noreferrer\">Wilson Valente da Costa Neto<\/a><br \/>E-mail:\u00a0<span id=\"cloak15665\"><a href=\"mailto:wivacone@yahoo.com.br\">wivacone@yahoo.com.br<\/a><\/span><br \/><strong>Eng. Agr\u00edcola &#8211; Mestre em Eng. Agr\u00edcola<\/strong><\/p>\n<\/li>\n<li>\n<p><a target=\"_blank\" rel=\"noopener noreferrer\">Gianlouis Zuchettto Belmonte<\/a><br \/>E-mail:\u00a0<span id=\"cloak62953\"><a href=\"mailto:santiagozb@yahoo.com.br\">santiagozb@yahoo.com.br<\/a><\/span><br \/><strong>Eng. Florestal<\/strong><\/p>\n<\/li>\n<li>\n<p><a href=\"http:\/\/buscatextual.cnpq.br\/buscatextual\/visualizacv.jsp?id=K4775316A3\" target=\"_blank\" rel=\"noopener noreferrer\">Alessandro de Franceschi<\/a><br \/>E-mail:\u00a0<span id=\"cloak32637\"><a href=\"mailto:frfr@terra.com.br\">frfr@terra.com.br<\/a><\/span><br \/><strong>Eng. Mec\u00e2nico &#8211; Mestre em Eng. de Produ\u00e7\u00e3o<\/strong><\/p>\n<\/li>\n<li>\n<p><a href=\"http:\/\/lattes.cnpq.br\/1797326285335887\" target=\"_blank\" rel=\"noopener noreferrer\">Guidiane Moro<\/a><br \/>E-mail:\u00a0<span id=\"cloak96510\"><a href=\"mailto:guidiane@yahoo.com.br\">guidiane@yahoo.com.br<\/a><\/span><br \/><strong>Acad\u00eamica do Curso de Zootecnia<\/strong><\/p>\n<\/li>\n<li>\n<p><a href=\"http:\/\/buscatextual.cnpq.br\/buscatextual\/visualizacv.jsp?id=K4162425H6\" target=\"_blank\" rel=\"noopener noreferrer\">Daniel Biazus Massoco<\/a><br \/>E-mail:\u00a0<span id=\"cloak13056\"><a href=\"mailto:dbmassoco@mail.ufsm.br\">dbmassoco@mail.ufsm.br<\/a><\/span><br \/><strong>Eng. Agr\u00f4nomo &#8211; M. Sc. em Engenharia Agr\u00edcola<\/strong><\/p>\n<\/li>\n<li>\n<p><a href=\"http:\/\/lattes.cnpq.br\/0966454329092371\" target=\"_blank\" rel=\"noopener noreferrer\">Vilnei de Oliveira Dias<\/a><br \/>E-mail:\u00a0<span id=\"cloak41205\"><a href=\"mailto:vilneidias@yahoo.com.br\">vilneidias@yahoo.com.br<\/a><\/span><br \/><strong>Eng. Agr\u00f4nomo &#8211; M.Sc. em Engenharia Agr\u00edcola<\/strong><\/p>\n<\/li>\n<li>\n<p><a href=\"http:\/\/lattes.cnpq.br\/7667571885238096\" target=\"_blank\" rel=\"noopener noreferrer\">Ulisses Benedetti Baumhardt<\/a><br \/>E-mail:\u00a0<span id=\"cloak27164\"><a href=\"mailto:ulissesbb@brturbo.com.br\">ulissesbb@brturbo.com.br<\/a><\/span><br \/><strong>Eng. Mec\u00e2nico &#8211; M.Sc. em Engenharia Agr\u00edcola<\/strong><\/p>\n<\/li>\n<li>\n<p><a href=\"http:\/\/lattes.cnpq.br\/5249505354513753\" target=\"_blank\" rel=\"noopener noreferrer\">Airton dos Santos Alon\u00e7o J\u00fanior<\/a><br \/>E-mail:\u00a0<span id=\"cloak2096\"><a href=\"mailto:airtonalonca@yahoo.com.br\">airtonalonca@yahoo.com.br<\/a><\/span><br \/><strong>Acad\u00eamico do Curso de Geografia &#8211; Licenciatura Plena &#8211; UFSM<\/strong><\/p>\n<\/li>\n<li>\n<p><a href=\"http:\/\/lattes.cnpq.br\/3057813934412219\" target=\"_blank\" rel=\"noopener noreferrer\">Gustavo Jos\u00e9 Bonotto<\/a><br \/>E-mail:\u00a0<span id=\"cloak43439\"><a href=\"mailto:gustavobonotto@yahoo.com.br\">gustavobonotto@yahoo.com.br<\/a><\/span><br \/><strong>Engenheiro Agr\u00f4nomo<\/strong><\/p>\n<\/li>\n<li>\n<p><a href=\"http:\/\/lattes.cnpq.br\/3527235916942301\" target=\"_blank\" rel=\"noopener noreferrer\">Rolnei Vicente Coradini<\/a><br \/>E-mail:\u00a0<span id=\"cloak60187\"><a href=\"mailto:rolneic@hotmail.com\">rolneic@hotmail.com<\/a><\/span><br \/><strong>Acad\u00eamico do Curso de Agronomia<\/strong><\/p>\n<\/li>\n<li>\n<p><a href=\"http:\/\/lattes.cnpq.br\/8721757173222242\" target=\"_blank\" rel=\"noopener noreferrer\">Marlos Evandro Wollmann<\/a><br \/>E-mail:\u00a0<span id=\"cloak75613\"><a href=\"mailto:marlos_wolmann@yahoo.com.br\">marlos_wolmann@yahoo.com.br<\/a><\/span><br \/><strong>Acad\u00eamico do Curso de Agronomia<\/strong><\/p>\n<\/li>\n<li>\n<p><a href=\"http:\/\/lattes.cnpq.br\/8858969121846599\" target=\"_blank\" rel=\"noopener noreferrer\">Josiane Ramos Ribeiro<\/a><br \/>E-mail:\u00a0<span id=\"cloak66655\"><a href=\"mailto:josifisio@yahoo.com.br\">josifisio@yahoo.com.br<\/a><\/span><br \/><strong>Fisioterapeuta<\/strong><\/p>\n<\/li>\n<li>\n<p><a href=\"http:\/\/lattes.cnpq.br\/7349500383043618\" target=\"_blank\" rel=\"noopener noreferrer\">Ana Paula Comassetto da Silva<\/a><br \/>E-mail:\u00a0<span id=\"cloak75787\"><a href=\"mailto:paula.comassetto@gmail.com\">paula.comassetto@gmail.com<\/a><\/span><br \/><strong>Artista Visual<\/strong><\/p>\n<\/li>\n<li>\n<p><a href=\"http:\/\/lattes.cnpq.br\/5543385872576088\" target=\"_blank\" rel=\"noopener noreferrer\">Lucimara Rocha<\/a><br \/>E-mail:\u00a0<span id=\"cloak62176\"><a href=\"mailto:lucimarazz@hotmail.com\">lucimarazz@hotmail.com<\/a><\/span><br \/><strong>Acad\u00eamica do Curso de Enfermagem<\/strong><\/p>\n<\/li>\n<li>\n<p><a href=\"http:\/\/lattes.cnpq.br\/4642260117145294\" target=\"_blank\" rel=\"noopener noreferrer\">Amanda Guedes Tambara<\/a><br \/>E-mail:\u00a0<span id=\"cloak58013\"><a href=\"mailto:amandinhatambara@hotmail.com\">amandinhatambara@hotmail.com<\/a><\/span><br \/><strong>Ensino M\u00e9dio &#8211; Col\u00e9gio Centen\u00e1rio<\/strong><\/p>\n<\/li>\n<li>\n<p><a href=\"http:\/\/lattes.cnpq.br\/5896866095884758\" target=\"_blank\" rel=\"noopener noreferrer\">Dirceu Junior Ferri<\/a><br \/>E-mail:\u00a0<span id=\"cloak72060\"><a href=\"mailto:dirceuferri@gmail.com\">dirceuferri@gmail.com<\/a><\/span><br \/><strong>Eng. Agr\u00f4nomo<\/strong><\/p>\n<\/li>\n<li>\n<p><a href=\"http:\/\/lattes.cnpq.br\/0668849543145773\" target=\"_blank\" rel=\"noopener noreferrer\">Jos\u00e9 Ren\u00ea Freitas Gassen<\/a><br \/>E-mail:\u00a0<span id=\"cloak54037\"><a href=\"mailto:jrgassen@gmail.com\">jrgassen@gmail.com<\/a><\/span><br \/><strong>Eng. Mec\u00e2nico &#8211; M.Sc. em Eng. Agr\u00edcola &#8211; Dr. em Eng. Agr\u00edcola<\/strong><\/p>\n<\/li>\n<li>\n<p><a href=\"http:\/\/lattes.cnpq.br\/0614420524444390\" target=\"_blank\" rel=\"noopener noreferrer\">Higor Patta Butzke<\/a><br \/>E-mail:\u00a0<span id=\"cloak64653\"><a href=\"mailto:hpbutzke@yahoo.com.br\">hpbutzke@yahoo.com.br<\/a><\/span><br \/><strong>Acad\u00eamico do Curso de Engenharia Agr\u00edcola &#8211; UNISC<\/strong><\/p>\n<\/li>\n<li>\n<p><a href=\"http:\/\/lattes.cnpq.br\/6082462278916791\" target=\"_blank\" rel=\"noopener noreferrer\">Maur\u00edcio Andrade Mousquer<\/a><br \/>E-mail:\u00a0<span id=\"cloak87169\"><a href=\"mailto:mauricioamousquer@hotmail.com\">mauricioamousquer@hotmail.com<\/a><\/span><br \/><strong>Acad\u00eamico do Curso de Agronomia<\/strong><\/p>\n<\/li>\n<li>\n<p><a href=\"http:\/\/lattes.cnpq.br\/8237544379706746\" target=\"_blank\" rel=\"noopener noreferrer\">Anderson Ba\u00fa<\/a><br \/>E-mail:\u00a0<span id=\"cloak28855\"><a href=\"mailto:anderson.bau@hotmail.com\">anderson.bau@hotmail.com<\/a><\/span><br \/><strong>Acad\u00eamico do Curso de Agronomia<\/strong><\/p>\n<\/li>\n<li>\n<p><a href=\"http:\/\/lattes.cnpq.br\/3267285322345495\" target=\"_blank\" rel=\"noopener noreferrer\">Let\u00edcia Aveline<\/a><br \/>E-mail:\u00a0<span id=\"cloak19660\"><a href=\"mailto:leticia@aveline.com.br\">leticia@aveline.com.br<\/a><\/span><br \/><strong>Acad\u00eamica do Curso de Engenharia Mec\u00e2nica<\/strong><\/p>\n<\/li>\n<li>\n<p><a href=\"http:\/\/lattes.cnpq.br\/4986396164438452\" target=\"_blank\" rel=\"noopener noreferrer\">Juliana Zottis<\/a><br \/>E-mail:\u00a0<span id=\"cloak15546\"><a href=\"mailto:juzottis@hotmail.com\">juzottis@hotmail.com<\/a><\/span><br \/><strong>Acad\u00eamica do Curso de Engenharia Mec\u00e2nica<\/strong><\/p>\n<\/li>\n<li>\n<p><a href=\"http:\/\/lattes.cnpq.br\/5150227679779894\" target=\"_blank\" rel=\"noopener noreferrer\">Francisco Carlos Mulazzani<\/a><br \/>E-mail:\u00a0<span id=\"cloak49792\"><a href=\"mailto:mulazzani_eng@yahoo.com.br\">mulazzani_eng@yahoo.com.br<\/a><\/span><br \/><strong>Acad\u00eamico do Curso de Engenharia Mec\u00e2nica<\/strong><\/p>\n<\/li>\n<li>\n<p><a href=\"http:\/\/lattes.cnpq.br\/2986369031665530\" target=\"_blank\" rel=\"noopener noreferrer\">\u00cdria Brucker Roggia<\/a><br \/>E-mail:\u00a0<span id=\"cloak64070\"><a href=\"mailto:roggia@inf.ufsm.br\">roggia@inf.ufsm.br<\/a><\/span><br \/><strong>Licenciatura Plena em Matem\u00e1tica &#8211; M.Sc. em Ci\u00eancias da Computa\u00e7\u00e3o<\/strong><\/p>\n<\/li>\n<li>\n<p><a href=\"http:\/\/lattes.cnpq.br\/7491434875614845\" target=\"_blank\" rel=\"noopener noreferrer\">Hendrigo Alberto Torchelsen da Silveira<\/a><br \/>E-mail:\u00a0<span id=\"cloak34930\"><a href=\"mailto:hendrigo.eng@gmail.com\">hendrigo.eng@gmail.com<\/a><\/span><br \/><strong>Engenheiro Agr\u00edcola<\/strong><\/p>\n<\/li>\n<li>\n<p><a href=\"http:\/\/lattes.cnpq.br\/5794665596303705\" target=\"_blank\" rel=\"noopener noreferrer\">Ricardo Benetti Rosso<\/a><br \/>E-mail:\u00a0<span id=\"cloak60976\"><a href=\"mailto:cadorosso@gmail.com\">cadorosso@gmail.com<\/a><\/span><br \/><strong>Acad\u00eamico do Curso de Agronomia<\/strong><\/p>\n<\/li>\n<li>\n<p><a href=\"http:\/\/lattes.cnpq.br\/2004496490031080\" target=\"_blank\" rel=\"noopener noreferrer\">Luciano Bolzan<\/a><br \/>E-mail:\u00a0<span id=\"cloak29462\"><a href=\"mailto:lucianolbz@yahoo.com.br\">lucianolbz@yahoo.com.br<\/a><\/span><br \/><strong>Acad\u00eamico do Curso de Eng. Mec\u00e2nica<\/strong><\/p>\n<\/li>\n<li>\n<p><a href=\"http:\/\/lattes.cnpq.br\/6322690081849134\" target=\"_blank\" rel=\"noopener noreferrer\">Marcelo Silveira de Farias<\/a><br \/>E-mail:\u00a0<span id=\"cloak57894\"><a href=\"mailto:silveira_farias@hotmail.com\">silveira_farias@hotmail.com<\/a><\/span><br \/><strong>Acad\u00eamico do Curso de Agronomia<\/strong><\/p>\n<\/li>\n<li>\n<p><a href=\"http:\/\/lattes.cnpq.br\/2546649465845606\" target=\"_blank\" rel=\"noopener noreferrer\">Gilceu dos Santos Cardoso<\/a><br \/>E-mail:\u00a0<span id=\"cloak38725\"><a href=\"mailto:gilceucardoso@hotmail.com\">gilceucardoso@hotmail.com<\/a><\/span><br \/><strong>Acad\u00eamico do Curso de Engenharia Mec\u00e2nica<\/strong><\/p>\n<\/li>\n<li>\n<p><a href=\"http:\/\/lattes.cnpq.br\/6673239987203933\" target=\"_blank\" rel=\"noopener noreferrer\">K\u00e1tia Maria Cardinal<\/a><br \/>E-mail:\u00a0<span id=\"cloak20029\"><a href=\"mailto:darkeesgirl@hotmail.com\">darkeesgirl@hotmail.com<\/a><\/span><br \/><strong>Acad\u00eamica do Curso de Zootecnia<\/strong><\/p>\n<\/li>\n<li>\n<p><a href=\"http:\/\/lattes.cnpq.br\/7020330544081207\" target=\"_blank\" rel=\"noopener noreferrer\">Paula Graziela Lassen<\/a><br \/>E-mail:\u00a0<span id=\"cloak82529\"><a href=\"mailto:p.g.lassen@gmail.com\">p.g.lassen@gmail.com<\/a><\/span><br \/><strong>Acad\u00eamica do Curso de Zootecnia<\/strong><\/p>\n<\/li>\n<li>\n<p><a href=\"http:\/\/lattes.cnpq.br\/2731442679535228\" target=\"_blank\" rel=\"noopener noreferrer\">Ver\u00f4nica Gindri Manzoni<\/a><br \/>E-mail:\u00a0<span id=\"cloak932\"><a href=\"mailto:vemanzoni@hotmail.com\">vemanzoni@hotmail.com<\/a><\/span><br \/><strong>Acad\u00eamica do Curso de Zootecnia<\/strong><\/p>\n<\/li>\n<li>\n<p><a href=\"http:\/\/lattes.cnpq.br\/3711813621016745\" target=\"_blank\" rel=\"noopener noreferrer\">Paulo Roberto Bedin<\/a><br \/>E-mail:\u00a0<span id=\"cloak35694\"><a href=\"mailto:paulorobertobedin@yahoo.com.br\">paulorobertobedin@yahoo.com.br<\/a><\/span><br \/><strong>Acad\u00eamico do Curso de Agronomia<\/strong><\/p>\n<\/li>\n<li>\n<p><a href=\"http:\/\/lattes.cnpq.br\/9755499926260821\" target=\"_blank\" rel=\"noopener noreferrer\">Benhur da Silva Ries<\/a><br \/>E-mail:\u00a0<span id=\"cloak45482\"><a href=\"mailto:benhur_ries@hotmail.com\">benhur_ries@hotmail.com<\/a><\/span><br \/><strong>Acad\u00eamico do Curso de Zootecnia<\/strong><\/p>\n<\/li>\n<li>\n<p><a href=\"http:\/\/lattes.cnpq.br\/7105675851147155\" target=\"_blank\" rel=\"noopener noreferrer\">Michele da Silva Santos<\/a><br \/>E-mail:\u00a0<span id=\"cloak97441\"><a href=\"mailto:micheleagricola@yahoo.com.br\">micheleagricola@yahoo.com.br<\/a><\/span><br \/><strong>Eng. Agr\u00f4noma &#8211; M.Sc. em Agronomia &#8211; M.Sc. em Eng. Agr\u00edcola<\/strong><\/p>\n<\/li>\n<li>\n<p><a href=\"http:\/\/lattes.cnpq.br\/2766371239615581\" target=\"_blank\" rel=\"noopener noreferrer\">Giovanna Peres Rist<\/a><br \/>E-mail:\u00a0<span id=\"cloak48749\"><a href=\"mailto:giovannarist@yahoo.com.br\">giovannarist@yahoo.com.br<\/a><\/span><br \/><strong>Acad\u00eamica do Curso de Zootecnia<\/strong><\/p>\n<\/li>\n<li>\n<p><a href=\"http:\/\/lattes.cnpq.br\/2012766698967504\" target=\"_blank\" rel=\"noopener noreferrer\">Alexandre Siqueira Altmann<\/a><br \/>E-mail:\u00a0<span id=\"cloak86686\"><a href=\"mailto:alexandre.altmann@hotmail.com\">alexandre.altmann@hotmail.com<\/a><\/span><br \/><strong>Acad\u00eamico do Curso de Agronomia<\/strong><\/p>\n<\/li>\n<li>\n<p><a href=\"http:\/\/lattes.cnpq.br\/3672634695726314\" target=\"_blank\" rel=\"noopener noreferrer\">Denise Andr\u00e9ia Szymczak<\/a><br \/>E-mail:\u00a0<span id=\"cloak24605\"><a href=\"mailto:deniseszymczak@gmail.com\">deniseszymczak@gmail.com<\/a><\/span><br \/><strong>Acad\u00eamica do Curso de Engenharia Florestal<\/strong><\/p>\n<\/li>\n<li>\n<p><a href=\"http:\/\/lattes.cnpq.br\/1984106127392759\" target=\"_blank\" rel=\"noopener noreferrer\">Leod\u00e1rio Montemezzo J\u00fanior<\/a><br \/>E-mail:\u00a0<span id=\"cloak50844\"><a href=\"mailto:leodariomontemezzo@hotmail.com\">leodariomontemezzo@hotmail.com<\/a><\/span><br \/><strong>Engenheiro Agr\u00f4nomo<\/strong><\/p>\n<\/li>\n<li>\n<p><a href=\"http:\/\/lattes.cnpq.br\/1336303973665740\" target=\"_blank\" rel=\"noopener noreferrer\">Danilo Boanerges Souza<\/a><br \/>E-mail:\u00a0<span id=\"cloak30124\"><a href=\"mailto:daniloboanerges@gmail.com\">daniloboanerges@gmail.com<\/a><\/span><br \/><strong>Acad. de Engenharia Florestal<\/strong><\/p>\n<\/li>\n<li>\n<p><a href=\"http:\/\/lattes.cnpq.br\/3807963621309005\" target=\"_blank\" rel=\"noopener noreferrer\">Mariana Weber Rodrigues<\/a><br \/>E-mail:\u00a0<span id=\"cloak84791\"><a href=\"mailto:mariana_rodriguezz@hotmail.com\">mariana_rodriguezz@hotmail.com<\/a><\/span><br \/><strong>Acad. de Zootecnia<\/strong><\/p>\n<\/li>\n<li>\n<p><a href=\"http:\/\/lattes.cnpq.br\/7500603099929500\" target=\"_blank\" rel=\"noopener noreferrer\">Ot\u00e1vio Dias da Costa Machado<\/a><br \/>E-mail:\u00a0<span id=\"cloak26457\"><a href=\"mailto:otavio.machado@hotmail.com\">otavio.machado@hotmail.com<\/a><\/span><br \/><strong>Eng. Agr\u00f4nomo &#8211; M.Sc. em Engenharia Agr\u00edcola<\/strong><\/p>\n<\/li>\n<li>\n<p><a href=\"http:\/\/lattes.cnpq.br\/4805908335554388\" target=\"_blank\" rel=\"noopener noreferrer\">Lauri J\u00fanior de Biasi Moreira<\/a><br \/>E-mail:\u00a0<span id=\"cloak96778\"><a href=\"mailto:laurijuniormoreira@gmail.com\">laurijuniormoreira@gmail.com<\/a><\/span><br \/><strong>Acad. de Engenharia Mec\u00e2nica<\/strong><\/p>\n<\/li>\n<li>\n<p><a href=\"http:\/\/lattes.cnpq.br\/6597413953310868\" target=\"_blank\" rel=\"noopener noreferrer\">Fernando Pissetti Rossato<\/a><br \/>E-mail:\u00a0<span id=\"cloak60578\"><a href=\"mailto:rossato77@hotmail.com\">rossato77@hotmail.com<\/a><\/span><br \/><strong>Acad. de Agronomia<\/strong><\/p>\n<\/li>\n<li>\n<p><a href=\"http:\/\/lattes.cnpq.br\/6242415046037921\" target=\"_blank\" rel=\"noopener noreferrer\">Cristian Josu\u00e9 Franck<\/a><br \/>E-mail:\u00a0<span id=\"cloak88633\"><a href=\"mailto:cristian_franck@yahoo.com.br\">cristian_franck@yahoo.com.br<\/a><\/span><br \/><strong>Engenheiro Agr\u00edcola &#8211; M.Sc. em Engenharia Agr\u00edcola<\/strong><\/p>\n<\/li>\n<li>\n<p><a href=\"http:\/\/lattes.cnpq.br\/6917385216177979\" target=\"_blank\" rel=\"noopener noreferrer\">Sabrina Dalla Corte Bellochio<\/a><br \/>E-mail:\u00a0<span id=\"cloak54790\"><a href=\"mailto:bellochiosabrinad@hotmail.com\">bellochiosabrinad@hotmail.com<\/a><\/span><br \/><strong>Engenheira Agr\u00f4noma &#8211; M.Sc. em Engenharia Agr\u00edcola<\/strong><\/p>\n<\/li>\n<\/ol>\n","protected":false},"excerpt":{"rendered":"<p>L\u00edder do grupo: Airton dos Santos Alon\u00e7o\u00a0(Mais informa\u00e7\u00f5es clique aqui)\u00a0E-mail:\u00a0alonco@ccr.ufsm.brEngenheiro Agr\u00edcola &#8211; M.Sc. em Engenharia Agr\u00edcola &#8211; Doutor em Engenharia Mec\u00e2nica \u00a0 Professores Associados: Tiago Rodrigo Francetto\u00a0(Mais informa\u00e7\u00f5es clique aqui)\u00a0\u00a0E-mail:\u00a0tiago.francetto@ufsm.brEngenheiro Agr\u00edcola &#8211; M.Sc. em Engenharia Agr\u00edcola &#8211; Doutor em Engenharia Agr\u00edcola \u00a0 Doutorandos: Gessieli PossebomE-mail:\u00a0gessielip@hotmail.comEngenheira Florestal &#8211; M.Sc. em Engenharia Agr\u00edcola Tiago Gon\u00e7alves LopesE-mail:\u00a0tiagoglopes@yahoo.com.brEngenheiro Agr\u00edcola\u00a0&#8211; [&hellip;]<\/p>\n","protected":false},"author":124,"featured_media":0,"parent":0,"menu_order":0,"comment_status":"closed","ping_status":"closed","template":"","meta":{"footnotes":""},"categories":[],"tags":[],"class_list":["post-23","page","type-page","status-publish","hentry"],"acf":[],"_links":{"self":[{"href":"https:\/\/www.ufsm.br\/laboratorios\/laserg\/wp-json\/wp\/v2\/pages\/23","targetHints":{"allow":["GET"]}}],"collection":[{"href":"https:\/\/www.ufsm.br\/laboratorios\/laserg\/wp-json\/wp\/v2\/pages"}],"about":[{"href":"https:\/\/www.ufsm.br\/laboratorios\/laserg\/wp-json\/wp\/v2\/types\/page"}],"author":[{"embeddable":true,"href":"https:\/\/www.ufsm.br\/laboratorios\/laserg\/wp-json\/wp\/v2\/users\/124"}],"replies":[{"embeddable":true,"href":"https:\/\/www.ufsm.br\/laboratorios\/laserg\/wp-json\/wp\/v2\/comments?post=23"}],"version-history":[{"count":0,"href":"https:\/\/www.ufsm.br\/laboratorios\/laserg\/wp-json\/wp\/v2\/pages\/23\/revisions"}],"wp:attachment":[{"href":"https:\/\/www.ufsm.br\/laboratorios\/laserg\/wp-json\/wp\/v2\/media?parent=23"}],"wp:term":[{"taxonomy":"category","embeddable":true,"href":"https:\/\/www.ufsm.br\/laboratorios\/laserg\/wp-json\/wp\/v2\/categories?post=23"},{"taxonomy":"post_tag","embeddable":true,"href":"https:\/\/www.ufsm.br\/laboratorios\/laserg\/wp-json\/wp\/v2\/tags?post=23"}],"curies":[{"name":"wp","href":"https:\/\/api.w.org\/{rel}","templated":true}]}}