{"id":26,"date":"2019-05-14T17:03:27","date_gmt":"2019-05-14T20:03:27","guid":{"rendered":"https:\/\/www.ufsm.br\/template-laboratprio\/?page_id=26"},"modified":"2019-07-29T14:03:45","modified_gmt":"2019-07-29T17:03:45","slug":"contato","status":"publish","type":"page","link":"https:\/\/www.ufsm.br\/laboratorios\/laserg\/contato","title":{"rendered":"Contato"},"content":{"rendered":"\n<p>LASERG &#8211; Laborat\u00f3rio de Pesquisa e Desenvolvimento de M\u00e1quinas Agr\u00edcolas<br \/>UFSM &#8211; Universidade Federal de Santa Maria<br \/>CCR &#8211; Centro de Ci\u00eancias Rurais<br \/>DER &#8211; Departamento de Engenharia Rural<br \/>NEMA &#8211; N\u00facleo de Ensaios de M\u00e1quinas Agr\u00edcolas<br \/>Avenida Roraima, n\u00ba 1000 &#8211; Cidade Universit\u00e1ria, Bairro Camobi, Santa Maria &#8211; RS<br \/>CEP: 97105-900<\/p>\n<p>Telefone: 55 3220.9429<\/p>\n<p>\u00a0<\/p>\n<p>Professor Dr. Airton dos Santos Alon\u00e7o<\/p>\n<p>E-mail:\u00a0<span id=\"cloak84159\"><\/span><a href=\"mailto:alonco@ccr.ufsm.br\">alonco@ccr.ufsm.br<\/a><\/p>\n<p>\u00a0<\/p>\n<p>Professor Dr. Tiago Rodrigo Francetto<\/p>\n<p>E-mail:\u00a0<span id=\"cloak29134\"><a href=\"mailto:tiago.francetto@ufsm.br\">tiago.francetto@ufsm.br<\/a><\/span><\/p>\n","protected":false},"excerpt":{"rendered":"<p>LASERG &#8211; Laborat\u00f3rio de Pesquisa e Desenvolvimento de M\u00e1quinas Agr\u00edcolasUFSM &#8211; Universidade Federal de Santa MariaCCR &#8211; Centro de Ci\u00eancias RuraisDER &#8211; Departamento de Engenharia RuralNEMA &#8211; N\u00facleo de Ensaios de M\u00e1quinas Agr\u00edcolasAvenida Roraima, n\u00ba 1000 &#8211; Cidade Universit\u00e1ria, Bairro Camobi, Santa Maria &#8211; RSCEP: 97105-900 Telefone: 55 3220.9429 \u00a0 Professor Dr. Airton dos Santos [&hellip;]<\/p>\n","protected":false},"author":124,"featured_media":0,"parent":0,"menu_order":0,"comment_status":"closed","ping_status":"closed","template":"","meta":{"footnotes":""},"categories":[],"tags":[],"class_list":["post-26","page","type-page","status-publish","hentry"],"acf":[],"_links":{"self":[{"href":"https:\/\/www.ufsm.br\/laboratorios\/laserg\/wp-json\/wp\/v2\/pages\/26","targetHints":{"allow":["GET"]}}],"collection":[{"href":"https:\/\/www.ufsm.br\/laboratorios\/laserg\/wp-json\/wp\/v2\/pages"}],"about":[{"href":"https:\/\/www.ufsm.br\/laboratorios\/laserg\/wp-json\/wp\/v2\/types\/page"}],"author":[{"embeddable":true,"href":"https:\/\/www.ufsm.br\/laboratorios\/laserg\/wp-json\/wp\/v2\/users\/124"}],"replies":[{"embeddable":true,"href":"https:\/\/www.ufsm.br\/laboratorios\/laserg\/wp-json\/wp\/v2\/comments?post=26"}],"version-history":[{"count":0,"href":"https:\/\/www.ufsm.br\/laboratorios\/laserg\/wp-json\/wp\/v2\/pages\/26\/revisions"}],"wp:attachment":[{"href":"https:\/\/www.ufsm.br\/laboratorios\/laserg\/wp-json\/wp\/v2\/media?parent=26"}],"wp:term":[{"taxonomy":"category","embeddable":true,"href":"https:\/\/www.ufsm.br\/laboratorios\/laserg\/wp-json\/wp\/v2\/categories?post=26"},{"taxonomy":"post_tag","embeddable":true,"href":"https:\/\/www.ufsm.br\/laboratorios\/laserg\/wp-json\/wp\/v2\/tags?post=26"}],"curies":[{"name":"wp","href":"https:\/\/api.w.org\/{rel}","templated":true}]}}