{"id":32,"date":"2019-05-24T15:38:39","date_gmt":"2019-05-24T18:38:39","guid":{"rendered":"https:\/\/www.ufsm.br\/template-laboratprio\/?page_id=32"},"modified":"2019-07-29T10:31:07","modified_gmt":"2019-07-29T13:31:07","slug":"projetos","status":"publish","type":"page","link":"https:\/\/www.ufsm.br\/laboratorios\/laserg\/projetos","title":{"rendered":"Projetos"},"content":{"rendered":"\n<p>Pesquisa e desenvolvimento de m\u00e1quinas e implementos agro-silvo-pastor\u00eds<\/p>\n<p>O grupo tem como miss\u00e3o apoiar os alunos e professores na elabora\u00e7\u00e3o e execu\u00e7\u00e3o de trabalhos, tendo em vista a necessidade de colocar em pr\u00e1tica os conhecimentos te\u00f3ricos adquiridos nas disciplinas ministradas nos cursos de gradua\u00e7\u00e3o (Engenharia Agr\u00edcola, Florestal, Agronomia, Zootecnia, Engenharia Mec\u00e2nica, Engenharia El\u00e9trica e outros) e de P\u00f3s-Gradua\u00e7\u00e3o (Engenharia Agr\u00edcola e Engenharia de Produ\u00e7\u00e3o). N\u00e3o obstante, poder servir tamb\u00e9m de apoio para outras disciplinas e\/ou projetos de pesquisa em conson\u00e2ncia com as necessidades da ind\u00fastria e\/ou dos usu\u00e1rios de m\u00e1quinas e implementos agro-silvo-pastor\u00eds. As atividades desenvolvidas com os equipamentos dispon\u00edveis v\u00eam ao encontro ao papel do ensino polit\u00e9cnico de procurar solu\u00e7\u00f5es que permitam gerar conhecimentos de qualidade, com capacidade suficiente para transferi-los de forma eficaz \u00e0 sociedade.<\/p>\n<p>Objetivos<\/p>\n<p>&#8211; Realizar estudos e ensaios que forne\u00e7am embasamento e complementem as disciplinas lecionadas na UFSM;<\/p>\n<p>&#8211; Prestar apoio instrumental e t\u00e9cnico \u00e0s disciplinas de Projeto, Ergonomia e Seguran\u00e7a em m\u00e1quinas e implementos agro-silvo-pastor\u00eds;<\/p>\n<p>&#8211; Prestar apoio instrumental e experimental a outras disciplinas e projetos de investiga\u00e7\u00e3o que dele necessitem para as suas atividades, em conson\u00e2ncia com as necessidades da ind\u00fastria e\/ou dos usu\u00e1rios de m\u00e1quinas e implementos agro-silvo-pastor\u00eds.<\/p>\n<p><a href=\"http:\/\/dgp.cnpq.br\/dgp\/espelhogrupo\/7952223001383917\"><img decoding=\"async\" class=\"alignnone size-medium wp-image-49\" src=\"https:\/\/www.ufsm.br\/laboratorios\/laserg\/wp-content\/uploads\/sites\/689\/2019\/07\/img_5953c1201f674-300x95.png\" alt=\"\" width=\"300\" height=\"95\" srcset=\"https:\/\/www.ufsm.br\/app\/uploads\/sites\/689\/2019\/07\/img_5953c1201f674-300x95.png 300w, https:\/\/www.ufsm.br\/app\/uploads\/sites\/689\/2019\/07\/img_5953c1201f674.png 737w\" sizes=\"(max-width: 300px) 100vw, 300px\" \/><\/a><\/p>\n<p>Acesse o grupo no diret\u00f3rio dos grupos de pesquisa no Brasil<\/p>\n<p>\u00a0<\/p>\n","protected":false},"excerpt":{"rendered":"<p>Pesquisa e desenvolvimento de m\u00e1quinas e implementos agro-silvo-pastor\u00eds O grupo tem como miss\u00e3o apoiar os alunos e professores na elabora\u00e7\u00e3o e execu\u00e7\u00e3o de trabalhos, tendo em vista a necessidade de colocar em pr\u00e1tica os conhecimentos te\u00f3ricos adquiridos nas disciplinas ministradas nos cursos de gradua\u00e7\u00e3o (Engenharia Agr\u00edcola, Florestal, Agronomia, Zootecnia, Engenharia Mec\u00e2nica, Engenharia El\u00e9trica e outros) [&hellip;]<\/p>\n","protected":false},"author":25,"featured_media":0,"parent":0,"menu_order":0,"comment_status":"closed","ping_status":"closed","template":"","meta":{"footnotes":""},"categories":[],"tags":[],"class_list":["post-32","page","type-page","status-publish","hentry"],"acf":[],"_links":{"self":[{"href":"https:\/\/www.ufsm.br\/laboratorios\/laserg\/wp-json\/wp\/v2\/pages\/32","targetHints":{"allow":["GET"]}}],"collection":[{"href":"https:\/\/www.ufsm.br\/laboratorios\/laserg\/wp-json\/wp\/v2\/pages"}],"about":[{"href":"https:\/\/www.ufsm.br\/laboratorios\/laserg\/wp-json\/wp\/v2\/types\/page"}],"author":[{"embeddable":true,"href":"https:\/\/www.ufsm.br\/laboratorios\/laserg\/wp-json\/wp\/v2\/users\/25"}],"replies":[{"embeddable":true,"href":"https:\/\/www.ufsm.br\/laboratorios\/laserg\/wp-json\/wp\/v2\/comments?post=32"}],"version-history":[{"count":0,"href":"https:\/\/www.ufsm.br\/laboratorios\/laserg\/wp-json\/wp\/v2\/pages\/32\/revisions"}],"wp:attachment":[{"href":"https:\/\/www.ufsm.br\/laboratorios\/laserg\/wp-json\/wp\/v2\/media?parent=32"}],"wp:term":[{"taxonomy":"category","embeddable":true,"href":"https:\/\/www.ufsm.br\/laboratorios\/laserg\/wp-json\/wp\/v2\/categories?post=32"},{"taxonomy":"post_tag","embeddable":true,"href":"https:\/\/www.ufsm.br\/laboratorios\/laserg\/wp-json\/wp\/v2\/tags?post=32"}],"curies":[{"name":"wp","href":"https:\/\/api.w.org\/{rel}","templated":true}]}}